{"id":377782,"date":"2022-11-04T19:34:17","date_gmt":"2022-11-04T19:34:17","guid":{"rendered":"https:\/\/starvac-group.com\/join-us\/"},"modified":"2023-03-01T10:42:14","modified_gmt":"2023-03-01T10:42:14","slug":"join-us","status":"publish","type":"page","link":"https:\/\/starvac-group.com\/en\/join-us\/","title":{"rendered":"Join us"},"content":{"rendered":"<p>[et_pb_section fb_built=&#8221;1&#8243; fullwidth=&#8221;on&#8221; admin_label=&#8221;Hero&#8221; _builder_version=&#8221;4.19.4&#8243; background_image=&#8221;https:\/\/starvac.exo-corp.com\/wp-content\/uploads\/2023\/02\/Team-Starvac-scaled.jpg&#8221; parallax=&#8221;on&#8221; hover_enabled=&#8221;0&#8243; global_colors_info=&#8221;{}&#8221; title_text=&#8221;Team-Starvac&#8221; sticky_enabled=&#8221;0&#8243;][et_pb_fullwidth_header title=&#8221;Our job offers&#8221; button_one_url=&#8221;\/contact\/&#8221; button_two_url=&#8221;#infos&#8221; content_max_width=&#8221;800px&#8221; _builder_version=&#8221;4.19.4&#8243; title_font=&#8221;|700|||||||&#8221; title_font_size=&#8221;48px&#8221; title_line_height=&#8221;1.3em&#8221; content_font=&#8221;Nunito|600|||||||&#8221; content_font_size=&#8221;20px&#8221; subhead_font=&#8221;||||||||&#8221; subhead_font_size=&#8221;30px&#8221; subhead_line_height=&#8221;1.8em&#8221; background_color=&#8221;RGBA(255,255,255,0)&#8221; use_background_color_gradient=&#8221;on&#8221; background_color_gradient_direction=&#8221;220deg&#8221; background_color_gradient_stops=&#8221;rgba(77,107,147,0) 0%|#4d6b93 97%&#8221; background_color_gradient_overlays_image=&#8221;on&#8221; background_color_gradient_start=&#8221;rgba(53,80,160,0.27)&#8221; background_color_gradient_end=&#8221;  0%&#8221; custom_button_one=&#8221;on&#8221; button_one_text_size=&#8221;16px&#8221; button_one_text_color=&#8221;#4D6B93&#8243; button_one_bg_color=&#8221;#ffffff&#8221; button_one_border_width=&#8221;4px&#8221; button_one_border_color=&#8221;rgba(210,159,104,0)&#8221; button_one_border_radius=&#8221;100px&#8221; button_one_font=&#8221;||||||||&#8221; button_one_use_icon=&#8221;off&#8221; custom_button_two=&#8221;on&#8221; button_two_text_size=&#8221;16px&#8221; button_two_text_color=&#8221;#ffffff&#8221; button_two_bg_color=&#8221;rgba(255,255,255,0.15)&#8221; button_two_border_width=&#8221;4px&#8221; button_two_border_color=&#8221;rgba(210,159,104,0)&#8221; button_two_border_radius=&#8221;100px&#8221; button_two_font=&#8221;||||||||&#8221; button_two_use_icon=&#8221;off&#8221; custom_margin=&#8221;0px||||false|false&#8221; custom_padding=&#8221;13vw||4vw||false|false&#8221; custom_padding_tablet=&#8221;20vw||20vw||true&#8221; custom_padding_phone=&#8221;8vw||8vw||true|false&#8221; custom_padding_last_edited=&#8221;on|desktop&#8221; hover_enabled=&#8221;0&#8243; title_font_size_tablet=&#8221;50px&#8221; title_font_size_phone=&#8221;24px&#8221; title_font_size_last_edited=&#8221;on|tablet&#8221; button_one_text_color_hover=&#8221;#3550a0&#8243; button_two_text_color_hover=&#8221;#ffffff&#8221; button_one_bg_color_hover=&#8221;rgba(255,255,255,0.8)&#8221; button_two_bg_color_hover=&#8221;rgba(255,255,255,0.3)&#8221; global_colors_info=&#8221;{}&#8221; button_one_text_size__hover_enabled=&#8221;off&#8221; button_two_text_size__hover_enabled=&#8221;off&#8221; button_one_text_color__hover_enabled=&#8221;on&#8221; button_one_text_color__hover=&#8221;#4D6B93&#8243; button_two_text_color__hover_enabled=&#8221;on&#8221; button_two_text_color__hover=&#8221;#ffffff&#8221; button_one_border_width__hover_enabled=&#8221;off&#8221; button_two_border_width__hover_enabled=&#8221;off&#8221; button_one_border_color__hover_enabled=&#8221;on|hover&#8221; button_two_border_color__hover_enabled=&#8221;on|hover&#8221; button_one_border_radius__hover_enabled=&#8221;off&#8221; button_two_border_radius__hover_enabled=&#8221;off&#8221; button_one_letter_spacing__hover_enabled=&#8221;off&#8221; button_two_letter_spacing__hover_enabled=&#8221;off&#8221; button_one_bg_color__hover_enabled=&#8221;on|hover&#8221; button_two_bg_color__hover_enabled=&#8221;on|hover&#8221; button_two_bg_color__hover=&#8221;rgba(255,255,255,0.3)&#8221; button_one_border_color__hover=&#8221;rgba(255,255,255,0.7)&#8221; button_one_bg_enable_color__hover=&#8221;on&#8221; button_two_border_color__hover=&#8221;rgba(255,255,255,0.3)&#8221; button_one_bg_color__hover=&#8221;rgba(255,255,255,0.7)&#8221; sticky_enabled=&#8221;0&#8243;][\/et_pb_fullwidth_header][\/et_pb_section][et_pb_section fb_built=&#8221;1&#8243; _builder_version=&#8221;4.16&#8243; _module_preset=&#8221;default&#8221; global_colors_info=&#8221;{}&#8221;][et_pb_row disabled_on=&#8221;off|off|off&#8221; _builder_version=&#8221;4.16&#8243; _module_preset=&#8221;a2f5993a-2fa2-4480-a2fc-6a7725aa33c6&#8243; custom_margin=&#8221;|auto|-55px|auto||&#8221; global_colors_info=&#8221;{}&#8221;][et_pb_column type=&#8221;4_4&#8243; _builder_version=&#8221;4.16&#8243; _module_preset=&#8221;default&#8221; global_colors_info=&#8221;{}&#8221;][et_pb_text _builder_version=&#8221;4.19.4&#8243; _module_preset=&#8221;default&#8221; header_2_font=&#8221;Roboto||||||||&#8221; header_2_text_color=&#8221;#59585c&#8221; header_2_font_size=&#8221;40px&#8221; global_colors_info=&#8221;{}&#8221;][\/et_pb_text][et_pb_text _builder_version=&#8221;4.19.4&#8243; _module_preset=&#8221;default&#8221; header_2_font=&#8221;Roboto||||||||&#8221; header_2_text_color=&#8221;#59585c&#8221; header_2_font_size=&#8221;40px&#8221; global_colors_info=&#8221;{}&#8221;]<\/p>\n<h2>Sales Executive &#8211; Auvergne-Rh\u00f4ne-Alpes Region<\/h2>\n<p>[\/et_pb_text][et_pb_divider color=&#8221;#4d6b93&#8243; divider_weight=&#8221;6px&#8221; _builder_version=&#8221;4.16&#8243; _module_preset=&#8221;default&#8221; width=&#8221;15%&#8221; global_colors_info=&#8221;{}&#8221;][\/et_pb_divider][\/et_pb_column][\/et_pb_row][et_pb_row _builder_version=&#8221;4.16&#8243; _module_preset=&#8221;a2f5993a-2fa2-4480-a2fc-6a7725aa33c6&#8243; global_colors_info=&#8221;{}&#8221;][et_pb_column type=&#8221;4_4&#8243; _builder_version=&#8221;4.16&#8243; _module_preset=&#8221;default&#8221; global_colors_info=&#8221;{}&#8221;][et_pb_text _builder_version=&#8221;4.19.4&#8243; _module_preset=&#8221;default&#8221; global_colors_info=&#8221;{}&#8221;]<\/p>\n<p><span>STARVAC GROUP is a French company located in Toulouse and founded in 1972.<br \/>It designs, manufactures and markets equipment for the medical, beauty and wellness sectors. It is a family business that maintains its original values:  <\/span><span style=\"font-size: 14px;\">100% French manufacturing and medical ISO certification. Research and innovation are its priorities and have led to a large number of patents being filed at <\/span><span>to date. Its products are currently marketed in more than 20 countries on 5 continents.<br aria-hidden=\"true\">We design, manufacture and market high value-added electro-medical devices for the medical and aesthetic sectors. The Starvac Group Sales team is growing and looking for Sales Executives.<\/span><span data-ogsc=\"black\"><\/span><\/p>\n<p><span data-ogsc=\"black\"><\/span><\/p>\n<p><span data-ogsc=\"black\">REGIONS:<\/span><\/p>\n<ul>\n<li>Region Auvergne-Rh\u00f4ne-Alpes (departments: 69\/63\/42\/43\/01\/26\/07\/73\/74\/38).<span data-ogsc=\"black\"><\/span><\/li>\n<\/ul>\n<p><span data-ogsc=\"black\">MISSIONS:<\/span><\/p>\n<ul>\n<li><span data-ogsc=\"black\">Prospecting and winning new customers through visits and appointments in the field: aesthetic and physical therapy market<\/span><\/li>\n<li><span data-ogsc=\"black\">Identify potential targets (field, files, directories, professional networks)<\/span><\/li>\n<li><span data-ogsc=\"black\">Develop commercial proposals and adapted financing solutions.<\/span><\/li>\n<li><span data-ogsc=\"black\">Follow up on business and customers to build loyalty and develop their equipment.<\/span><\/li>\n<\/ul>\n<p><span data-ogsc=\"black\">Desired Skills and Experience:<\/span><\/p>\n<ul>\n<li><span data-ogsc=\"black\">Minimum 5 years experience in a similar position<\/span><\/li>\n<li>Knowledge of the Beauty\/Health markets is a plus<\/li>\n<\/ul>\n<p><span data-ogsc=\"black\"><\/span><\/p>\n<p><span data-ogsc=\"black\">Job type : Full time, permanent contract<\/span><\/p>\n<p>Status : Executive<span data-ogsc=\"black\"><\/span><\/p>\n<p>Salary: 26-60k per year.<\/p>\n<p>&nbsp;<\/p>\n<p>Benefits: RTT, work from home, company car.<\/p>\n<p>Type of bonuses and gratuities: commissions, bonuses and quarterly bonuses.<\/p>\n<p><span data-ogsc=\"black\">Please contact us at this address and attach your CV and cover letter:<br \/><a href=\"mailto:camille@starvac-group.com\" target=\"_blank\" rel=\"noopener noreferrer\" data-auth=\"NotApplicable\" data-linkindex=\"0\" data-ogsc=\"\">camille@starvac-group.com<\/a> <\/span><\/p>\n<p>[\/et_pb_text][\/et_pb_column][\/et_pb_row][\/et_pb_section]<\/p>\n","protected":false},"excerpt":{"rendered":"<p>Sales Executive &#8211; Auvergne-Rh\u00f4ne-Alpes RegionSTARVAC GROUP is a French company located in Toulouse and founded in 1972.It designs, manufactures and markets equipment for the medical, beauty and wellness sectors. It is a family business that maintains its original values: 100% French manufacturing and medical ISO certification. Research and innovation are its priorities and have led [&hellip;]<\/p>\n","protected":false},"author":115,"featured_media":0,"parent":0,"menu_order":0,"comment_status":"closed","ping_status":"closed","template":"","meta":{"_et_pb_use_builder":"on","_et_pb_old_content":"","_et_gb_content_width":"","content-type":"","footnotes":""},"class_list":["post-377782","page","type-page","status-publish","hentry"],"yoast_head":"<!-- This site is optimized with the Yoast SEO plugin v25.9 - https:\/\/yoast.com\/wordpress\/plugins\/seo\/ -->\n<title>Join the STARVAC group<\/title>\n<meta name=\"description\" content=\"Discover the job offers of the STARVAC group and join our passionate teams\" \/>\n<meta name=\"robots\" content=\"noindex, follow\" \/>\n<meta property=\"og:locale\" content=\"en_US\" \/>\n<meta property=\"og:type\" content=\"article\" \/>\n<meta property=\"og:title\" content=\"Join the STARVAC group\" \/>\n<meta property=\"og:description\" content=\"Discover the job offers of the STARVAC group and join our passionate teams\" \/>\n<meta property=\"og:url\" content=\"https:\/\/starvac-group.com\/en\/join-us\/\" \/>\n<meta property=\"og:site_name\" content=\"STARVAC\u00ae- Minceur et anti-\u00e2ge : les cl\u00e9s du succ\u00e8s\" \/>\n<meta property=\"article:publisher\" content=\"https:\/\/www.facebook.com\/Starvac\/\" \/>\n<meta property=\"article:modified_time\" content=\"2023-03-01T10:42:14+00:00\" \/>\n<meta name=\"twitter:card\" content=\"summary_large_image\" \/>\n<meta name=\"twitter:label1\" content=\"Est. reading time\" \/>\n\t<meta name=\"twitter:data1\" content=\"4 minutes\" \/>\n<script type=\"application\/ld+json\" class=\"yoast-schema-graph\">{\"@context\":\"https:\/\/schema.org\",\"@graph\":[{\"@type\":\"WebPage\",\"@id\":\"https:\/\/starvac-group.com\/en\/join-us\/\",\"url\":\"https:\/\/starvac-group.com\/en\/join-us\/\",\"name\":\"Join the STARVAC group\",\"isPartOf\":{\"@id\":\"https:\/\/starvac-group.com\/en\/#website\"},\"datePublished\":\"2022-11-04T19:34:17+00:00\",\"dateModified\":\"2023-03-01T10:42:14+00:00\",\"description\":\"Discover the job offers of the STARVAC group and join our passionate teams\",\"breadcrumb\":{\"@id\":\"https:\/\/starvac-group.com\/en\/join-us\/#breadcrumb\"},\"inLanguage\":\"en-US\",\"potentialAction\":[{\"@type\":\"ReadAction\",\"target\":[\"https:\/\/starvac-group.com\/en\/join-us\/\"]}]},{\"@type\":\"BreadcrumbList\",\"@id\":\"https:\/\/starvac-group.com\/en\/join-us\/#breadcrumb\",\"itemListElement\":[{\"@type\":\"ListItem\",\"position\":1,\"name\":\"Accueil\",\"item\":\"https:\/\/starvac-group.com\/en\/\"},{\"@type\":\"ListItem\",\"position\":2,\"name\":\"Join us\"}]},{\"@type\":\"WebSite\",\"@id\":\"https:\/\/starvac-group.com\/en\/#website\",\"url\":\"https:\/\/starvac-group.com\/en\/\",\"name\":\"STARVAC\u00ae- Minceur et anti-\u00e2ge : les cl\u00e9s du succ\u00e8s\",\"description\":\"\",\"publisher\":{\"@id\":\"https:\/\/starvac-group.com\/en\/#organization\"},\"potentialAction\":[{\"@type\":\"SearchAction\",\"target\":{\"@type\":\"EntryPoint\",\"urlTemplate\":\"https:\/\/starvac-group.com\/en\/?s={search_term_string}\"},\"query-input\":{\"@type\":\"PropertyValueSpecification\",\"valueRequired\":true,\"valueName\":\"search_term_string\"}}],\"inLanguage\":\"en-US\"},{\"@type\":\"Organization\",\"@id\":\"https:\/\/starvac-group.com\/en\/#organization\",\"name\":\"Starvac Group\",\"alternateName\":\"Starvac\",\"url\":\"https:\/\/starvac-group.com\/en\/\",\"logo\":{\"@type\":\"ImageObject\",\"inLanguage\":\"en-US\",\"@id\":\"https:\/\/starvac-group.com\/en\/#\/schema\/logo\/image\/\",\"url\":\"https:\/\/starvac-group.com\/wp-content\/uploads\/2023\/11\/STARVAC-GROUP-CARRE.jpg\",\"contentUrl\":\"https:\/\/starvac-group.com\/wp-content\/uploads\/2023\/11\/STARVAC-GROUP-CARRE.jpg\",\"width\":283,\"height\":282,\"caption\":\"Starvac Group\"},\"image\":{\"@id\":\"https:\/\/starvac-group.com\/en\/#\/schema\/logo\/image\/\"},\"sameAs\":[\"https:\/\/www.facebook.com\/Starvac\/\",\"https:\/\/www.instagram.com\/starvac.beauty\/\"]}]}<\/script>\n<!-- \/ Yoast SEO plugin. -->","yoast_head_json":{"title":"Join the STARVAC group","description":"Discover the job offers of the STARVAC group and join our passionate teams","robots":{"index":"noindex","follow":"follow"},"og_locale":"en_US","og_type":"article","og_title":"Join the STARVAC group","og_description":"Discover the job offers of the STARVAC group and join our passionate teams","og_url":"https:\/\/starvac-group.com\/en\/join-us\/","og_site_name":"STARVAC\u00ae- Minceur et anti-\u00e2ge : les cl\u00e9s du succ\u00e8s","article_publisher":"https:\/\/www.facebook.com\/Starvac\/","article_modified_time":"2023-03-01T10:42:14+00:00","twitter_card":"summary_large_image","twitter_misc":{"Est. reading time":"4 minutes"},"schema":{"@context":"https:\/\/schema.org","@graph":[{"@type":"WebPage","@id":"https:\/\/starvac-group.com\/en\/join-us\/","url":"https:\/\/starvac-group.com\/en\/join-us\/","name":"Join the STARVAC group","isPartOf":{"@id":"https:\/\/starvac-group.com\/en\/#website"},"datePublished":"2022-11-04T19:34:17+00:00","dateModified":"2023-03-01T10:42:14+00:00","description":"Discover the job offers of the STARVAC group and join our passionate teams","breadcrumb":{"@id":"https:\/\/starvac-group.com\/en\/join-us\/#breadcrumb"},"inLanguage":"en-US","potentialAction":[{"@type":"ReadAction","target":["https:\/\/starvac-group.com\/en\/join-us\/"]}]},{"@type":"BreadcrumbList","@id":"https:\/\/starvac-group.com\/en\/join-us\/#breadcrumb","itemListElement":[{"@type":"ListItem","position":1,"name":"Accueil","item":"https:\/\/starvac-group.com\/en\/"},{"@type":"ListItem","position":2,"name":"Join us"}]},{"@type":"WebSite","@id":"https:\/\/starvac-group.com\/en\/#website","url":"https:\/\/starvac-group.com\/en\/","name":"STARVAC\u00ae- Minceur et anti-\u00e2ge : les cl\u00e9s du succ\u00e8s","description":"","publisher":{"@id":"https:\/\/starvac-group.com\/en\/#organization"},"potentialAction":[{"@type":"SearchAction","target":{"@type":"EntryPoint","urlTemplate":"https:\/\/starvac-group.com\/en\/?s={search_term_string}"},"query-input":{"@type":"PropertyValueSpecification","valueRequired":true,"valueName":"search_term_string"}}],"inLanguage":"en-US"},{"@type":"Organization","@id":"https:\/\/starvac-group.com\/en\/#organization","name":"Starvac Group","alternateName":"Starvac","url":"https:\/\/starvac-group.com\/en\/","logo":{"@type":"ImageObject","inLanguage":"en-US","@id":"https:\/\/starvac-group.com\/en\/#\/schema\/logo\/image\/","url":"https:\/\/starvac-group.com\/wp-content\/uploads\/2023\/11\/STARVAC-GROUP-CARRE.jpg","contentUrl":"https:\/\/starvac-group.com\/wp-content\/uploads\/2023\/11\/STARVAC-GROUP-CARRE.jpg","width":283,"height":282,"caption":"Starvac Group"},"image":{"@id":"https:\/\/starvac-group.com\/en\/#\/schema\/logo\/image\/"},"sameAs":["https:\/\/www.facebook.com\/Starvac\/","https:\/\/www.instagram.com\/starvac.beauty\/"]}]}},"_links":{"self":[{"href":"https:\/\/starvac-group.com\/en\/wp-json\/wp\/v2\/pages\/377782","targetHints":{"allow":["GET"]}}],"collection":[{"href":"https:\/\/starvac-group.com\/en\/wp-json\/wp\/v2\/pages"}],"about":[{"href":"https:\/\/starvac-group.com\/en\/wp-json\/wp\/v2\/types\/page"}],"author":[{"embeddable":true,"href":"https:\/\/starvac-group.com\/en\/wp-json\/wp\/v2\/users\/115"}],"replies":[{"embeddable":true,"href":"https:\/\/starvac-group.com\/en\/wp-json\/wp\/v2\/comments?post=377782"}],"version-history":[{"count":2,"href":"https:\/\/starvac-group.com\/en\/wp-json\/wp\/v2\/pages\/377782\/revisions"}],"predecessor-version":[{"id":388531,"href":"https:\/\/starvac-group.com\/en\/wp-json\/wp\/v2\/pages\/377782\/revisions\/388531"}],"wp:attachment":[{"href":"https:\/\/starvac-group.com\/en\/wp-json\/wp\/v2\/media?parent=377782"}],"curies":[{"name":"wp","href":"https:\/\/api.w.org\/{rel}","templated":true}]}}