{"id":377783,"date":"2022-11-04T19:34:17","date_gmt":"2022-11-04T19:34:17","guid":{"rendered":"https:\/\/starvac-group.com\/guides\/"},"modified":"2023-06-20T21:10:53","modified_gmt":"2023-06-20T21:10:53","slug":"guides","status":"publish","type":"page","link":"https:\/\/starvac-group.com\/en\/guides\/","title":{"rendered":"Guides"},"content":{"rendered":"<p>[et_pb_section fb_built=&#8221;1&#8243; fullwidth=&#8221;on&#8221; admin_label=&#8221;Hero&#8221; _builder_version=&#8221;4.18.1&#8243; background_image=&#8221;https:\/\/starvac-group.com\/wp-content\/uploads\/2022\/12\/header-guides2.jpg&#8221; parallax=&#8221;on&#8221; global_colors_info=&#8221;{}&#8221;][et_pb_fullwidth_header title=&#8221;Our guides&#8221; button_one_url=&#8221;\/contact\/&#8221; button_two_url=&#8221;#infos&#8221; content_max_width=&#8221;800px&#8221; _builder_version=&#8221;4.18.0&#8243; title_font=&#8221;|700|||||||&#8221; title_font_size=&#8221;48px&#8221; title_line_height=&#8221;1.3em&#8221; content_font=&#8221;Nunito|600|||||||&#8221; content_font_size=&#8221;20px&#8221; subhead_font=&#8221;||||||||&#8221; subhead_font_size=&#8221;30px&#8221; subhead_line_height=&#8221;1.8em&#8221; background_color=&#8221;rgba(0,0,0,0)&#8221; custom_button_one=&#8221;on&#8221; button_one_text_size=&#8221;16px&#8221; button_one_text_color=&#8221;#4D6B93&#8243; button_one_bg_color=&#8221;#ffffff&#8221; button_one_border_width=&#8221;4px&#8221; button_one_border_color=&#8221;rgba(210,159,104,0)&#8221; button_one_border_radius=&#8221;100px&#8221; button_one_font=&#8221;||||||||&#8221; button_one_use_icon=&#8221;off&#8221; custom_button_two=&#8221;on&#8221; button_two_text_size=&#8221;16px&#8221; button_two_text_color=&#8221;#ffffff&#8221; button_two_bg_color=&#8221;rgba(255,255,255,0.15)&#8221; button_two_border_width=&#8221;4px&#8221; button_two_border_color=&#8221;rgba(210,159,104,0)&#8221; button_two_border_radius=&#8221;100px&#8221; button_two_font=&#8221;||||||||&#8221; button_two_use_icon=&#8221;off&#8221; custom_margin=&#8221;|||&#8221; custom_padding=&#8221;10vw||4vw||false|&#8221; custom_padding_tablet=&#8221;20vw||20vw||true&#8221; custom_padding_phone=&#8221;8vw||8vw||true|false&#8221; custom_padding_last_edited=&#8221;on|desktop&#8221; title_font_size_tablet=&#8221;50px&#8221; title_font_size_phone=&#8221;24px&#8221; title_font_size_last_edited=&#8221;on|tablet&#8221; title_text_shadow_style=&#8221;preset3&#8243; button_one_text_color_hover=&#8221;#3550a0&#8243; button_two_text_color_hover=&#8221;#ffffff&#8221; button_one_bg_color_hover=&#8221;rgba(255,255,255,0.8)&#8221; button_two_bg_color_hover=&#8221;rgba(255,255,255,0.3)&#8221; global_colors_info=&#8221;{}&#8221; button_one_text_size__hover_enabled=&#8221;off&#8221; button_two_text_size__hover_enabled=&#8221;off&#8221; button_one_text_color__hover_enabled=&#8221;on&#8221; button_one_text_color__hover=&#8221;#4D6B93&#8243; button_two_text_color__hover_enabled=&#8221;on&#8221; button_two_text_color__hover=&#8221;#ffffff&#8221; button_one_border_width__hover_enabled=&#8221;off&#8221; button_two_border_width__hover_enabled=&#8221;off&#8221; button_one_border_color__hover_enabled=&#8221;on|hover&#8221; button_two_border_color__hover_enabled=&#8221;on|hover&#8221; button_one_border_radius__hover_enabled=&#8221;off&#8221; button_two_border_radius__hover_enabled=&#8221;off&#8221; button_one_letter_spacing__hover_enabled=&#8221;off&#8221; button_two_letter_spacing__hover_enabled=&#8221;off&#8221; button_one_bg_color__hover_enabled=&#8221;on|hover&#8221; button_two_bg_color__hover_enabled=&#8221;on|hover&#8221; button_two_bg_color__hover=&#8221;rgba(255,255,255,0.3)&#8221; button_one_border_color__hover=&#8221;rgba(255,255,255,0.7)&#8221; button_one_bg_enable_color__hover=&#8221;on&#8221; button_two_border_color__hover=&#8221;rgba(255,255,255,0.3)&#8221; button_one_bg_color__hover=&#8221;rgba(255,255,255,0.7)&#8221;][\/et_pb_fullwidth_header][\/et_pb_section][et_pb_section fb_built=&#8221;1&#8243; disabled_on=&#8221;off|off|off&#8221; _builder_version=&#8221;4.20.1&#8243; custom_margin=&#8221;-50px||||false|false&#8221; custom_padding=&#8221;0px||3px||false|false&#8221; global_module=&#8221;375924&#8243; global_colors_info=&#8221;{}&#8221;][et_pb_row _builder_version=&#8221;4.17.4&#8243; custom_padding=&#8221;0px||0px|||&#8221; global_colors_info=&#8221;{}&#8221;][et_pb_column type=&#8221;4_4&#8243; _builder_version=&#8221;4.16&#8243; global_colors_info=&#8221;{}&#8221;][et_pb_dmb_breadcrumbs font_icon=&#8221;%%36%%&#8221; use_home_icon=&#8221;off&#8221; _builder_version=&#8221;4.19.5&#8243; body_text_color=&#8221;#666666&#8243; body_font_size=&#8221;16px&#8221; separator_text_color=&#8221;#666666&#8243; link_text_color=&#8221;#DEC79B&#8221; global_colors_info=&#8221;{}&#8221;][\/et_pb_dmb_breadcrumbs][\/et_pb_column][\/et_pb_row][\/et_pb_section][et_pb_section fb_built=&#8221;1&#8243; custom_padding_last_edited=&#8221;on|phone&#8221; admin_label=&#8221;Straighten Blurbs &#8211; Grace&#8221; module_id=&#8221;straighten&#8221; module_class=&#8221;grace_blurbs_straighten&#8221; _builder_version=&#8221;4.20.0&#8243; custom_padding=&#8221;30px||60px||false|false&#8221; custom_padding_tablet=&#8221;30px||30px||true|false&#8221; custom_padding_phone=&#8221;30px||30px||true|false&#8221; custom_css_main_element=&#8221;     counter-reset: section;&#8221; saved_tabs=&#8221;all&#8221; locked=&#8221;off&#8221; collapsed=&#8221;off&#8221; global_colors_info=&#8221;{}&#8221;][et_pb_row column_structure=&#8221;1_3,1_3,1_3&#8243; use_custom_gutter=&#8221;on&#8221; admin_label=&#8221;Straighten Blurbs &#8211; Grace &#8211; Row&#8221; _builder_version=&#8221;4.16&#8243; max_width=&#8221;1175px&#8221; custom_padding=&#8221;||10px||false|false&#8221; use_custom_width=&#8221;on&#8221; custom_width_px=&#8221;1175px&#8221; saved_tabs=&#8221;all&#8221; global_colors_info=&#8221;{}&#8221;][et_pb_column type=&#8221;1_3&#8243; _builder_version=&#8221;4.16&#8243; custom_padding=&#8221;|||&#8221; global_colors_info=&#8221;{}&#8221; custom_padding__hover=&#8221;|||&#8221;][et_pb_blurb title=&#8221;Lymphatic drainage&#8221; url=&#8221;\/en\/guides\/aesthetic-or-therapeutic-starvac-reinvents-lymphatic-drainage\/&#8221; image=&#8221;https:\/\/starvac.exo-corp.com\/wp-content\/uploads\/2022\/11\/kinesitherapeute-drainage-lymphatique.jpg&#8221; content_max_width=&#8221;100%&#8221; admin_label=&#8221;Straighten Blurbs &#8211; Grace &#8211; Massages &#8211; Image size:558x330px&#8221; _builder_version=&#8221;4.20.1&#8243; header_font=&#8221;||||||||&#8221; header_text_color=&#8221;#000000&#8243; header_font_size=&#8221;24px&#8221; header_line_height=&#8221;120%&#8221; body_font=&#8221;||||||||&#8221; body_text_color=&#8221;#b7b7b7&#8243; body_font_size=&#8221;16px&#8221; body_line_height=&#8221;180%&#8221; animation=&#8221;off&#8221; link_option_url=&#8221;\/en\/guides\/aesthetic-or-therapeutic-starvac-reinvents-lymphatic-drainage\/&#8221; hover_enabled=&#8221;0&#8243; header_font_size_tablet=&#8221;22px&#8221; header_font_size_phone=&#8221;20px&#8221; header_font_size_last_edited=&#8221;on|phone&#8221; custom_css_main_element=&#8221;font-weight: 400;&#8221; custom_css_blurb_image=&#8221;  margin-bottom: 41px;||position: relative;&#8221; custom_css_blurb_title=&#8221;font-weight: 400;||padding-bottom: 12px;&#8221; custom_css_blurb_content=&#8221;font-weight:400 !important;&#8221; global_colors_info=&#8221;{}&#8221; sticky_enabled=&#8221;0&#8243;]<\/p>\n<p>Aesthetic or therapeutic: Starvac reinvents lymphatic drainage<\/p>\n<p>[\/et_pb_blurb][\/et_pb_column][et_pb_column type=&#8221;1_3&#8243; _builder_version=&#8221;4.16&#8243; custom_padding=&#8221;|||&#8221; global_colors_info=&#8221;{}&#8221; custom_padding__hover=&#8221;|||&#8221;][et_pb_blurb title=&#8221;Red stretch-marks&#8221; url=&#8221;\/en\/guides\/red-stretch-mark-a-gentle-and-effective-solution-with-starvac\/&#8221; image=&#8221;https:\/\/starvac.exo-corp.com\/wp-content\/uploads\/2023\/02\/vergetures-rouges.jpg&#8221; content_max_width=&#8221;100%&#8221; admin_label=&#8221;Straighten Blurbs &#8211; Grace &#8211; Body treatments &#8211; Image size:558x330px&#8221; _builder_version=&#8221;4.20.1&#8243; header_font=&#8221;||||||||&#8221; header_text_color=&#8221;#000000&#8243; header_font_size=&#8221;24px&#8221; header_line_height=&#8221;120%&#8221; body_font=&#8221;||||||||&#8221; body_text_color=&#8221;#b7b7b7&#8243; body_font_size=&#8221;16px&#8221; body_line_height=&#8221;180%&#8221; animation=&#8221;off&#8221; link_option_url=&#8221;\/en\/guides\/red-stretch-mark-a-gentle-and-effective-solution-with-starvac\/&#8221; hover_enabled=&#8221;0&#8243; header_font_size_tablet=&#8221;22px&#8221; header_font_size_phone=&#8221;20px&#8221; header_font_size_last_edited=&#8221;on|phone&#8221; custom_css_main_element=&#8221;font-weight: 400;&#8221; custom_css_blurb_image=&#8221;  margin-bottom: 41px;||position: relative;&#8221; custom_css_blurb_title=&#8221;font-weight: 400;||padding-bottom: 12px;&#8221; custom_css_blurb_content=&#8221;font-weight:400 !important;&#8221; global_colors_info=&#8221;{}&#8221; sticky_enabled=&#8221;0&#8243;]<\/p>\n<p>A gentle and efficient solution with Starvac<\/p>\n<p>[\/et_pb_blurb][\/et_pb_column][et_pb_column type=&#8221;1_3&#8243; _builder_version=&#8221;4.16&#8243; custom_padding=&#8221;|||&#8221; global_colors_info=&#8221;{}&#8221; custom_padding__hover=&#8221;|||&#8221;][et_pb_blurb title=&#8221;Granular skin&#8221; url=&#8221;\/en\/guides\/granular-skin-cellular-stretching-an-all-in-one-treatment\/&#8221; image=&#8221;https:\/\/starvac.exo-corp.com\/wp-content\/uploads\/2022\/11\/peau-granuleuse.jpg&#8221; content_max_width=&#8221;100%&#8221; admin_label=&#8221;Straighten Blurbs &#8211; Grace &#8211; Facial Treatments &#8211; Image size:558x330px&#8221; _builder_version=&#8221;4.20.1&#8243; header_font=&#8221;||||||||&#8221; header_text_color=&#8221;#000000&#8243; header_font_size=&#8221;24px&#8221; header_line_height=&#8221;120%&#8221; body_font=&#8221;||||||||&#8221; body_text_color=&#8221;#b7b7b7&#8243; body_font_size=&#8221;16px&#8221; body_line_height=&#8221;180%&#8221; animation=&#8221;off&#8221; link_option_url=&#8221;\/en\/guides\/granular-skin-cellular-stretching-an-all-in-one-treatment\/&#8221; hover_enabled=&#8221;0&#8243; header_font_size_tablet=&#8221;22px&#8221; header_font_size_phone=&#8221;20px&#8221; header_font_size_last_edited=&#8221;on|phone&#8221; custom_css_main_element=&#8221;font-weight: 400;&#8221; custom_css_blurb_image=&#8221;  margin-bottom: 41px;||position: relative;&#8221; custom_css_blurb_title=&#8221;font-weight: 400;||padding-bottom: 12px;&#8221; custom_css_blurb_content=&#8221;font-weight:400 !important;&#8221; global_colors_info=&#8221;{}&#8221; sticky_enabled=&#8221;0&#8243;]<\/p>\n<p>Stretching Cellulaire\u00ae, an all-in-one treatment<\/p>\n<p>[\/et_pb_blurb][\/et_pb_column][\/et_pb_row][et_pb_row column_structure=&#8221;1_3,1_3,1_3&#8243; use_custom_gutter=&#8221;on&#8221; admin_label=&#8221;Straighten Blurbs &#8211; Grace &#8211; Row&#8221; _builder_version=&#8221;4.20.0&#8243; max_width=&#8221;1175px&#8221; use_custom_width=&#8221;on&#8221; custom_width_px=&#8221;1175px&#8221; saved_tabs=&#8221;all&#8221; global_colors_info=&#8221;{}&#8221;][et_pb_column type=&#8221;1_3&#8243; _builder_version=&#8221;4.16&#8243; custom_padding=&#8221;|||&#8221; global_colors_info=&#8221;{}&#8221; custom_padding__hover=&#8221;|||&#8221;][et_pb_blurb title=&#8221;Orange peel&#8221; url=&#8221;\/en\/guides\/capitons-offer-your-clients-effective-care\/&#8221; image=&#8221;https:\/\/starvac.exo-corp.com\/wp-content\/uploads\/2022\/11\/capitons.jpg&#8221; content_max_width=&#8221;100%&#8221; admin_label=&#8221;Straighten Blurbs &#8211; Grace &#8211; Treatments for men &#8211; Image size:558x330px&#8221; _builder_version=&#8221;4.20.1&#8243; header_font=&#8221;||||||||&#8221; header_text_color=&#8221;#000000&#8243; header_font_size=&#8221;24px&#8221; header_line_height=&#8221;120%&#8221; body_font=&#8221;||||||||&#8221; body_text_color=&#8221;#b7b7b7&#8243; body_font_size=&#8221;16px&#8221; body_line_height=&#8221;180%&#8221; animation=&#8221;off&#8221; link_option_url=&#8221;\/en\/guides\/capitons-offer-your-clients-effective-care\/&#8221; hover_enabled=&#8221;0&#8243; header_font_size_tablet=&#8221;22px&#8221; header_font_size_phone=&#8221;20px&#8221; header_font_size_last_edited=&#8221;on|phone&#8221; custom_css_main_element=&#8221;font-weight: 400;&#8221; custom_css_blurb_image=&#8221;  margin-bottom: 41px;||position: relative;&#8221; custom_css_blurb_title=&#8221;font-weight: 400;||padding-bottom: 12px;&#8221; custom_css_blurb_content=&#8221;font-weight:400 !important;&#8221; global_colors_info=&#8221;{}&#8221; sticky_enabled=&#8221;0&#8243;]<\/p>\n<p>Offer your clients an efficient care<\/p>\n<p>[\/et_pb_blurb][\/et_pb_column][et_pb_column type=&#8221;1_3&#8243; _builder_version=&#8221;4.16&#8243; custom_padding=&#8221;|||&#8221; global_colors_info=&#8221;{}&#8221; custom_padding__hover=&#8221;|||&#8221;][et_pb_blurb title=&#8221;The buttocks push up&#8221; url=&#8221;\/en\/guides\/aesthetics-what-if-you-offered-a-real-buttock-push-up-treatment\/&#8221; image=&#8221;https:\/\/starvac.exo-corp.com\/wp-content\/uploads\/2022\/11\/push-up.jpg&#8221; content_max_width=&#8221;100%&#8221; admin_label=&#8221;Straighten Blurbs &#8211; Grace &#8211; Hands and feet &#8211; Image size:558x330px&#8221; _builder_version=&#8221;4.20.1&#8243; header_font=&#8221;||||||||&#8221; header_text_color=&#8221;#000000&#8243; header_font_size=&#8221;24px&#8221; header_line_height=&#8221;120%&#8221; body_font=&#8221;||||||||&#8221; body_text_color=&#8221;#b7b7b7&#8243; body_font_size=&#8221;16px&#8221; body_line_height=&#8221;180%&#8221; animation=&#8221;off&#8221; link_option_url=&#8221;\/en\/guides\/aesthetics-what-if-you-offered-a-real-buttock-push-up-treatment\/&#8221; hover_enabled=&#8221;0&#8243; header_font_size_tablet=&#8221;22px&#8221; header_font_size_phone=&#8221;20px&#8221; header_font_size_last_edited=&#8221;on|phone&#8221; custom_css_main_element=&#8221;font-weight: 400;&#8221; custom_css_blurb_image=&#8221;  margin-bottom: 41px;||position: relative;&#8221; custom_css_blurb_title=&#8221;font-weight: 400;||padding-bottom: 12px;&#8221; custom_css_blurb_content=&#8221;font-weight:400 !important;&#8221; global_colors_info=&#8221;{}&#8221; sticky_enabled=&#8221;0&#8243;]<\/p>\n<p>Aesthetics: what if you offered a real buttock push up treatment?<\/p>\n<p>[\/et_pb_blurb][\/et_pb_column][et_pb_column type=&#8221;1_3&#8243; _builder_version=&#8221;4.16&#8243; custom_padding=&#8221;|||&#8221; global_colors_info=&#8221;{}&#8221; custom_padding__hover=&#8221;|||&#8221;][\/et_pb_column][\/et_pb_row][\/et_pb_section]<\/p>\n","protected":false},"excerpt":{"rendered":"<p>Aesthetic or therapeutic: Starvac reinvents lymphatic drainageA gentle and efficient solution with StarvacStretching Cellulaire\u00ae, an all-in-one treatmentOffer your clients an efficient careAesthetics: what if you offered a real buttock push up treatment?<\/p>\n","protected":false},"author":115,"featured_media":0,"parent":0,"menu_order":0,"comment_status":"closed","ping_status":"closed","template":"","meta":{"_et_pb_use_builder":"on","_et_pb_old_content":"","_et_gb_content_width":"","content-type":"","footnotes":""},"class_list":["post-377783","page","type-page","status-publish","hentry"],"yoast_head":"<!-- This site is optimized with the Yoast SEO plugin v25.9 - https:\/\/yoast.com\/wordpress\/plugins\/seo\/ -->\n<title>STARVAC Guides on wellness for Professionals<\/title>\n<meta name=\"description\" content=\"With the STARVAC guides, learn more about the different issues that STARVAC equipment can help you with\" \/>\n<meta name=\"robots\" content=\"index, follow, max-snippet:-1, max-image-preview:large, max-video-preview:-1\" \/>\n<link rel=\"canonical\" href=\"https:\/\/starvac-group.com\/en\/guides\/\" \/>\n<meta property=\"og:locale\" content=\"en_US\" \/>\n<meta property=\"og:type\" content=\"article\" \/>\n<meta property=\"og:title\" content=\"STARVAC Guides on wellness for Professionals\" \/>\n<meta property=\"og:description\" content=\"With the STARVAC guides, learn more about the different issues that STARVAC equipment can help you with\" \/>\n<meta property=\"og:url\" content=\"https:\/\/starvac-group.com\/en\/guides\/\" \/>\n<meta property=\"og:site_name\" content=\"STARVAC\u00ae- Minceur et anti-\u00e2ge : les cl\u00e9s du succ\u00e8s\" \/>\n<meta property=\"article:publisher\" content=\"https:\/\/www.facebook.com\/Starvac\/\" \/>\n<meta property=\"article:modified_time\" content=\"2023-06-20T21:10:53+00:00\" \/>\n<meta name=\"twitter:card\" content=\"summary_large_image\" \/>\n<meta name=\"twitter:label1\" content=\"Est. reading time\" \/>\n\t<meta name=\"twitter:data1\" content=\"7 minutes\" \/>\n<script type=\"application\/ld+json\" class=\"yoast-schema-graph\">{\"@context\":\"https:\/\/schema.org\",\"@graph\":[{\"@type\":\"WebPage\",\"@id\":\"https:\/\/starvac-group.com\/en\/guides\/\",\"url\":\"https:\/\/starvac-group.com\/en\/guides\/\",\"name\":\"STARVAC Guides on wellness for Professionals\",\"isPartOf\":{\"@id\":\"https:\/\/starvac-group.com\/en\/#website\"},\"datePublished\":\"2022-11-04T19:34:17+00:00\",\"dateModified\":\"2023-06-20T21:10:53+00:00\",\"description\":\"With the STARVAC guides, learn more about the different issues that STARVAC equipment can help you with\",\"breadcrumb\":{\"@id\":\"https:\/\/starvac-group.com\/en\/guides\/#breadcrumb\"},\"inLanguage\":\"en-US\",\"potentialAction\":[{\"@type\":\"ReadAction\",\"target\":[\"https:\/\/starvac-group.com\/en\/guides\/\"]}]},{\"@type\":\"BreadcrumbList\",\"@id\":\"https:\/\/starvac-group.com\/en\/guides\/#breadcrumb\",\"itemListElement\":[{\"@type\":\"ListItem\",\"position\":1,\"name\":\"Accueil\",\"item\":\"https:\/\/starvac-group.com\/en\/\"},{\"@type\":\"ListItem\",\"position\":2,\"name\":\"Guides\"}]},{\"@type\":\"WebSite\",\"@id\":\"https:\/\/starvac-group.com\/en\/#website\",\"url\":\"https:\/\/starvac-group.com\/en\/\",\"name\":\"STARVAC\u00ae- Minceur et anti-\u00e2ge : les cl\u00e9s du succ\u00e8s\",\"description\":\"\",\"publisher\":{\"@id\":\"https:\/\/starvac-group.com\/en\/#organization\"},\"potentialAction\":[{\"@type\":\"SearchAction\",\"target\":{\"@type\":\"EntryPoint\",\"urlTemplate\":\"https:\/\/starvac-group.com\/en\/?s={search_term_string}\"},\"query-input\":{\"@type\":\"PropertyValueSpecification\",\"valueRequired\":true,\"valueName\":\"search_term_string\"}}],\"inLanguage\":\"en-US\"},{\"@type\":\"Organization\",\"@id\":\"https:\/\/starvac-group.com\/en\/#organization\",\"name\":\"Starvac Group\",\"alternateName\":\"Starvac\",\"url\":\"https:\/\/starvac-group.com\/en\/\",\"logo\":{\"@type\":\"ImageObject\",\"inLanguage\":\"en-US\",\"@id\":\"https:\/\/starvac-group.com\/en\/#\/schema\/logo\/image\/\",\"url\":\"https:\/\/starvac-group.com\/wp-content\/uploads\/2023\/11\/STARVAC-GROUP-CARRE.jpg\",\"contentUrl\":\"https:\/\/starvac-group.com\/wp-content\/uploads\/2023\/11\/STARVAC-GROUP-CARRE.jpg\",\"width\":283,\"height\":282,\"caption\":\"Starvac Group\"},\"image\":{\"@id\":\"https:\/\/starvac-group.com\/en\/#\/schema\/logo\/image\/\"},\"sameAs\":[\"https:\/\/www.facebook.com\/Starvac\/\",\"https:\/\/www.instagram.com\/starvac.beauty\/\"]}]}<\/script>\n<!-- \/ Yoast SEO plugin. -->","yoast_head_json":{"title":"STARVAC Guides on wellness for Professionals","description":"With the STARVAC guides, learn more about the different issues that STARVAC equipment can help you with","robots":{"index":"index","follow":"follow","max-snippet":"max-snippet:-1","max-image-preview":"max-image-preview:large","max-video-preview":"max-video-preview:-1"},"canonical":"https:\/\/starvac-group.com\/en\/guides\/","og_locale":"en_US","og_type":"article","og_title":"STARVAC Guides on wellness for Professionals","og_description":"With the STARVAC guides, learn more about the different issues that STARVAC equipment can help you with","og_url":"https:\/\/starvac-group.com\/en\/guides\/","og_site_name":"STARVAC\u00ae- Minceur et anti-\u00e2ge : les cl\u00e9s du succ\u00e8s","article_publisher":"https:\/\/www.facebook.com\/Starvac\/","article_modified_time":"2023-06-20T21:10:53+00:00","twitter_card":"summary_large_image","twitter_misc":{"Est. reading time":"7 minutes"},"schema":{"@context":"https:\/\/schema.org","@graph":[{"@type":"WebPage","@id":"https:\/\/starvac-group.com\/en\/guides\/","url":"https:\/\/starvac-group.com\/en\/guides\/","name":"STARVAC Guides on wellness for Professionals","isPartOf":{"@id":"https:\/\/starvac-group.com\/en\/#website"},"datePublished":"2022-11-04T19:34:17+00:00","dateModified":"2023-06-20T21:10:53+00:00","description":"With the STARVAC guides, learn more about the different issues that STARVAC equipment can help you with","breadcrumb":{"@id":"https:\/\/starvac-group.com\/en\/guides\/#breadcrumb"},"inLanguage":"en-US","potentialAction":[{"@type":"ReadAction","target":["https:\/\/starvac-group.com\/en\/guides\/"]}]},{"@type":"BreadcrumbList","@id":"https:\/\/starvac-group.com\/en\/guides\/#breadcrumb","itemListElement":[{"@type":"ListItem","position":1,"name":"Accueil","item":"https:\/\/starvac-group.com\/en\/"},{"@type":"ListItem","position":2,"name":"Guides"}]},{"@type":"WebSite","@id":"https:\/\/starvac-group.com\/en\/#website","url":"https:\/\/starvac-group.com\/en\/","name":"STARVAC\u00ae- Minceur et anti-\u00e2ge : les cl\u00e9s du succ\u00e8s","description":"","publisher":{"@id":"https:\/\/starvac-group.com\/en\/#organization"},"potentialAction":[{"@type":"SearchAction","target":{"@type":"EntryPoint","urlTemplate":"https:\/\/starvac-group.com\/en\/?s={search_term_string}"},"query-input":{"@type":"PropertyValueSpecification","valueRequired":true,"valueName":"search_term_string"}}],"inLanguage":"en-US"},{"@type":"Organization","@id":"https:\/\/starvac-group.com\/en\/#organization","name":"Starvac Group","alternateName":"Starvac","url":"https:\/\/starvac-group.com\/en\/","logo":{"@type":"ImageObject","inLanguage":"en-US","@id":"https:\/\/starvac-group.com\/en\/#\/schema\/logo\/image\/","url":"https:\/\/starvac-group.com\/wp-content\/uploads\/2023\/11\/STARVAC-GROUP-CARRE.jpg","contentUrl":"https:\/\/starvac-group.com\/wp-content\/uploads\/2023\/11\/STARVAC-GROUP-CARRE.jpg","width":283,"height":282,"caption":"Starvac Group"},"image":{"@id":"https:\/\/starvac-group.com\/en\/#\/schema\/logo\/image\/"},"sameAs":["https:\/\/www.facebook.com\/Starvac\/","https:\/\/www.instagram.com\/starvac.beauty\/"]}]}},"_links":{"self":[{"href":"https:\/\/starvac-group.com\/en\/wp-json\/wp\/v2\/pages\/377783","targetHints":{"allow":["GET"]}}],"collection":[{"href":"https:\/\/starvac-group.com\/en\/wp-json\/wp\/v2\/pages"}],"about":[{"href":"https:\/\/starvac-group.com\/en\/wp-json\/wp\/v2\/types\/page"}],"author":[{"embeddable":true,"href":"https:\/\/starvac-group.com\/en\/wp-json\/wp\/v2\/users\/115"}],"replies":[{"embeddable":true,"href":"https:\/\/starvac-group.com\/en\/wp-json\/wp\/v2\/comments?post=377783"}],"version-history":[{"count":5,"href":"https:\/\/starvac-group.com\/en\/wp-json\/wp\/v2\/pages\/377783\/revisions"}],"predecessor-version":[{"id":397406,"href":"https:\/\/starvac-group.com\/en\/wp-json\/wp\/v2\/pages\/377783\/revisions\/397406"}],"wp:attachment":[{"href":"https:\/\/starvac-group.com\/en\/wp-json\/wp\/v2\/media?parent=377783"}],"curies":[{"name":"wp","href":"https:\/\/api.w.org\/{rel}","templated":true}]}}