{"id":377787,"date":"2022-11-04T19:34:19","date_gmt":"2022-11-04T19:34:19","guid":{"rendered":"https:\/\/starvac-group.com\/food-supplements\/"},"modified":"2023-07-10T11:57:24","modified_gmt":"2023-07-10T11:57:24","slug":"food-supplements","status":"publish","type":"page","link":"https:\/\/starvac-group.com\/en\/food-supplements\/","title":{"rendered":"Food Supplements"},"content":{"rendered":"<p>[et_pb_section fb_built=&#8221;1&#8243; fullwidth=&#8221;on&#8221; module_class=&#8221;reglage-home&#8221; _builder_version=&#8221;4.16&#8243; _module_preset=&#8221;default&#8221; custom_padding=&#8221;0px||0px|&#8221; global_colors_info=&#8221;{}&#8221;][\/et_pb_section][et_pb_section fb_built=&#8221;1&#8243; fullwidth=&#8221;on&#8221; _builder_version=&#8221;4.16&#8243; _module_preset=&#8221;default&#8221; global_colors_info=&#8221;{}&#8221;][et_pb_fullwidth_image src=&#8221;https:\/\/starvac-group.com\/wp-content\/uploads\/2020\/09\/accueil-complement-scaled-1.jpeg&#8221; title_text=&#8221;accueil-compl\u00e9ment&#8221; _builder_version=&#8221;4.16&#8243; _module_preset=&#8221;default&#8221; global_colors_info=&#8221;{}&#8221;][\/et_pb_fullwidth_image][\/et_pb_section][et_pb_section fb_built=&#8221;1&#8243; disabled_on=&#8221;on|on|on&#8221; _builder_version=&#8221;4.20.1&#8243; custom_margin=&#8221;-50px||||false|false&#8221; custom_padding=&#8221;0px||3px||false|false&#8221; global_module=&#8221;375924&#8243; global_colors_info=&#8221;{}&#8221;][et_pb_row _builder_version=&#8221;4.17.4&#8243; custom_padding=&#8221;0px||0px|||&#8221; global_colors_info=&#8221;{}&#8221;][et_pb_column type=&#8221;4_4&#8243; _builder_version=&#8221;4.16&#8243; global_colors_info=&#8221;{}&#8221;][et_pb_dmb_breadcrumbs font_icon=&#8221;%%36%%&#8221; use_home_icon=&#8221;off&#8221; _builder_version=&#8221;4.19.5&#8243; body_text_color=&#8221;#666666&#8243; body_font_size=&#8221;16px&#8221; separator_text_color=&#8221;#666666&#8243; link_text_color=&#8221;#DEC79B&#8221; global_colors_info=&#8221;{}&#8221;][\/et_pb_dmb_breadcrumbs][\/et_pb_column][\/et_pb_row][\/et_pb_section][et_pb_section fb_built=&#8221;1&#8243; _builder_version=&#8221;4.16&#8243; _module_preset=&#8221;default&#8221; custom_padding=&#8221;0px||0px|&#8221; global_colors_info=&#8221;{}&#8221;][et_pb_row _builder_version=&#8221;4.16&#8243; _module_preset=&#8221;2ad13300-7203-4b13-8698-455495790b97&#8243; custom_margin=&#8221;0px||0px|&#8221; global_colors_info=&#8221;{}&#8221;][et_pb_column type=&#8221;4_4&#8243; _builder_version=&#8221;4.16&#8243; _module_preset=&#8221;default&#8221; custom_padding=&#8221;|||&#8221; global_colors_info=&#8221;{}&#8221; custom_padding__hover=&#8221;|||&#8221;][et_pb_image src=&#8221;https:\/\/starvac-group.com\/wp-content\/uploads\/2022\/08\/Logo_Starvac_Complements.png&#8221; title_text=&#8221;Logo_Starvac_Compl\u00e9ments&#8221; align=&#8221;center&#8221; _builder_version=&#8221;4.20.1&#8243; _module_preset=&#8221;default&#8221; width=&#8221;25%&#8221; max_width=&#8221;30%&#8221; animation_style=&#8221;fade&#8221; hover_enabled=&#8221;0&#8243; global_colors_info=&#8221;{}&#8221; sticky_enabled=&#8221;0&#8243;][\/et_pb_image][\/et_pb_column][\/et_pb_row][et_pb_row _builder_version=&#8221;4.16&#8243; _module_preset=&#8221;2ad13300-7203-4b13-8698-455495790b97&#8243; global_colors_info=&#8221;{}&#8221;][et_pb_column type=&#8221;4_4&#8243; _builder_version=&#8221;4.16&#8243; _module_preset=&#8221;default&#8221; global_colors_info=&#8221;{}&#8221;][et_pb_text _builder_version=&#8221;4.18.0&#8243; _module_preset=&#8221;default&#8221; text_text_color=&#8221;#000000&#8243; text_orientation=&#8221;center&#8221; width=&#8221;800px&#8221; module_alignment=&#8221;center&#8221; global_colors_info=&#8221;{}&#8221;]<\/p>\n<p><span style=\"font-size: large;\">Our body is our most precious possession.<\/span><\/p>\n<p>We must preserve it by providing a gentle, effective and appropriate response to the small signals it sends us:<\/p>\n<p>digestion problems, circulation problems, dull complexion, stress, lack of energy&#8230;<\/p>\n<p>At STARVAC\u00ae, we have designed a range of food supplements based on natural plant extracts that nourish the cells from within and deeply stimulate your metabolism. Our Slimming and Draining nutricosmetic cares help controlling weight and our Lifting care helps getting firmer and toned skin. In a course of treatment, our food supplements will bring a natural solution to your problems of energy and well-being. They optimize the effects of the beauty salon cares and boost your results.<\/p>\n<p>Our supplements are made with natural plant extracts, which provide complete and natural solutions to your problems of energy and well-being.<\/p>\n<p>[\/et_pb_text][\/et_pb_column][\/et_pb_row][\/et_pb_section][et_pb_section fb_built=&#8221;1&#8243; _builder_version=&#8221;4.18.0&#8243; _module_preset=&#8221;default&#8221; global_colors_info=&#8221;{}&#8221;][et_pb_row column_structure=&#8221;1_2,1_2&#8243; _builder_version=&#8221;4.18.0&#8243; _module_preset=&#8221;default&#8221; global_colors_info=&#8221;{}&#8221;][et_pb_column type=&#8221;1_2&#8243; _builder_version=&#8221;4.18.0&#8243; _module_preset=&#8221;default&#8221; global_colors_info=&#8221;{}&#8221;][et_pb_text admin_label=&#8221;Le serum redensifiant&#8221; _builder_version=&#8221;4.19.4&#8243; _module_preset=&#8221;default&#8221; custom_css_main_element=&#8221;margin-right:5%;&#8221; border_style=&#8221;solid&#8221; global_colors_info=&#8221;{}&#8221;]<\/p>\n<div>\n<h3>#BURN<\/h3>\n<h3>THE SLIMMER<\/h3>\n<h4>Your ally against fat.<\/h4>\n<p><span data-contrast=\"auto\">Are you tired of this fat on your thighs, hips and stomach that just won&#8217;t go away?<\/span><span data-ccp-props=\"{\"> <\/span><\/p>\n<p><span data-contrast=\"auto\">Le Minceur is the ideal fat burner, especially for fat reserves. The alliance of 3 dry extracts of plants: green tea, guarana and Col\u00e9us Forskolii; works on thinness and helps with weight control, to reduce the appetite and to regulate fat riddance.<\/span><span data-ccp-props=\"{\"> <\/span><\/p>\n<\/div>\n<div>\n<p>&nbsp;<\/p>\n<div class=\"et_pb_column et_pb_column_1_2\">\n<p class=\"actifs\"><span class=\"title-principe\">ACTIVE INGREDIENTS<\/span><br \/><span class=\"soustitre\">GREEN TEA<\/span>: stimulates the breakdown of fats.<br \/><span class=\"soustitre\" style=\"font-size: 13px;\">GUARANA :<\/span><span style=\"font-size: 13px;\"> contributes to the reduction of body fat.<br \/><\/span><span class=\"soustitre\" style=\"font-size: 13px;\">COLEUS FORSKOLII :<\/span><span style=\"font-size: 13px;\"> regulates the destocking of fat reserves.<\/span><\/p>\n<\/div>\n<\/div>\n<p>[\/et_pb_text][\/et_pb_column][et_pb_column type=&#8221;1_2&#8243; _builder_version=&#8221;4.18.0&#8243; _module_preset=&#8221;default&#8221; global_colors_info=&#8221;{}&#8221;][et_pb_image src=&#8221;https:\/\/starvac-group.com\/wp-content\/uploads\/2022\/08\/burn-le-minceur-stravac-complement-alimentaire-visuel-V21-scaled-1.jpg&#8221; title_text=&#8221;burn-le-minceur-stravac-complement-alimentaire-visuel-V21-scaled-1&#8243; _builder_version=&#8221;4.18.0&#8243; _module_preset=&#8221;default&#8221; global_colors_info=&#8221;{}&#8221;][\/et_pb_image][\/et_pb_column][\/et_pb_row][et_pb_row _builder_version=&#8221;4.16&#8243; _module_preset=&#8221;2ad13300-7203-4b13-8698-455495790b97&#8243; background_size=&#8221;initial&#8221; background_position=&#8221;top_left&#8221; background_repeat=&#8221;repeat&#8221; global_colors_info=&#8221;{}&#8221;][et_pb_column type=&#8221;4_4&#8243; _builder_version=&#8221;4.16&#8243; _module_preset=&#8221;default&#8221; custom_padding=&#8221;|||&#8221; global_colors_info=&#8221;{}&#8221; custom_padding__hover=&#8221;|||&#8221;][et_pb_divider color=&#8221;#c8c8c8&#8243; divider_position=&#8221;center&#8221; module_class=&#8221;divider&#8221; _builder_version=&#8221;4.16&#8243; _module_preset=&#8221;default&#8221; height=&#8221;2px&#8221; hide_on_mobile=&#8221;off&#8221; global_colors_info=&#8221;{}&#8221;][\/et_pb_divider][\/et_pb_column][\/et_pb_row][\/et_pb_section][et_pb_section fb_built=&#8221;1&#8243; _builder_version=&#8221;4.18.0&#8243; _module_preset=&#8221;default&#8221; global_colors_info=&#8221;{}&#8221;][et_pb_row column_structure=&#8221;1_2,1_2&#8243; _builder_version=&#8221;4.18.0&#8243; _module_preset=&#8221;default&#8221; global_colors_info=&#8221;{}&#8221;][et_pb_column type=&#8221;1_2&#8243; _builder_version=&#8221;4.18.0&#8243; _module_preset=&#8221;default&#8221; global_colors_info=&#8221;{}&#8221;][et_pb_image src=&#8221;https:\/\/starvac-group.com\/wp-content\/uploads\/2022\/08\/detox-le-draineur-stravac-complement-alimentaire-visuel-V1-scaled-1.jpg&#8221; title_text=&#8221;detox-le-draineur-stravac-complement-alimentaire-visuel-V1-scaled-1&#8243; _builder_version=&#8221;4.18.0&#8243; _module_preset=&#8221;default&#8221; global_colors_info=&#8221;{}&#8221;][\/et_pb_image][\/et_pb_column][et_pb_column type=&#8221;1_2&#8243; _builder_version=&#8221;4.18.0&#8243; _module_preset=&#8221;default&#8221; global_colors_info=&#8221;{}&#8221;][et_pb_text admin_label=&#8221;La cr\u00e8me r\u00e9g\u00e9n\u00e9rante&#8221; _builder_version=&#8221;4.20.1&#8243; _module_preset=&#8221;default&#8221; hover_enabled=&#8221;0&#8243; border_style=&#8221;solid&#8221; global_colors_info=&#8221;{}&#8221; sticky_enabled=&#8221;0&#8243;]<\/p>\n<div>\n<h3><\/h3>\n<h3>#DETOX<br \/>THE DRAINER<\/h3>\n<h4>Light as a feather.<\/h4>\n<p data-ogsb=\"white\"><span data-ogsc=\"black\">Do you feel a sensation of heaviness and bloating, particularly in the legs? Le Draineur improves excess water elimination thanks to its 10 extracts of plants. <\/span><span data-ogsc=\"black\"> <\/span><span data-ogsc=\"black\">The fennel, the dandelion and the Melilot improve the elimination of water and contribute to the normal operation of the urinary system; While the artichoke, associated with the Papaya, helps with the reduction of lipids in the blood and loss of weight. <\/span><span data-ogsc=\"black\"> <\/span><span data-ogsc=\"black\">The draining action of the Ash Tree and the Orthosiphon complete these actions by improving the renal elimination and is boosted by the detoxifying and decongesting virtues of the Fumeterre, the Rosemary and the Hamamelis.<\/span><span data-ogsc=\"black\"> <\/span><\/p>\n<p data-ogsb=\"white\"><span data-ogsc=\"black\">Contrary to popular belief, it is necessary to drink a lot of water, especially in case of retention, to boost its elimination, so don&#8217;t hesitate!<\/span><span data-ogsc=\"black\"><\/span><\/p>\n<p><span class=\"soustitre\"><strong><\/strong><\/span><span class=\"soustitre\"><\/span><span class=\"title-principe\">ACTIVE INGREDIENTS<\/span><br \/><span class=\"soustitre\">FENNEL: promotes the detoxification systems of the body<\/span><\/p>\n<p><span class=\"soustitre\"> ORTHOPHISON: facilitates weight loss in addition to dietary measures.<\/span><\/p>\n<p>ARTICHAUD : draining, it facilitates the urinary elimination.<span class=\"soustitre\"><\/span><\/p>\n<p><span class=\"soustitre\">EXTRACT OF FUMITORY, PAPAYA, MELILOT, ROMARIN, HAMAMELIS, DANDELION and FRENCH<\/span><\/p>\n<\/div>\n<p>[\/et_pb_text][\/et_pb_column][\/et_pb_row][et_pb_row _builder_version=&#8221;4.16&#8243; _module_preset=&#8221;2ad13300-7203-4b13-8698-455495790b97&#8243; background_size=&#8221;initial&#8221; background_position=&#8221;top_left&#8221; background_repeat=&#8221;repeat&#8221; global_colors_info=&#8221;{}&#8221;][et_pb_column type=&#8221;4_4&#8243; _builder_version=&#8221;4.16&#8243; _module_preset=&#8221;default&#8221; custom_padding=&#8221;|||&#8221; global_colors_info=&#8221;{}&#8221; custom_padding__hover=&#8221;|||&#8221;][et_pb_divider color=&#8221;#c8c8c8&#8243; divider_position=&#8221;center&#8221; module_class=&#8221;divider&#8221; _builder_version=&#8221;4.16&#8243; _module_preset=&#8221;default&#8221; height=&#8221;2px&#8221; hide_on_mobile=&#8221;off&#8221; global_colors_info=&#8221;{}&#8221;][\/et_pb_divider][\/et_pb_column][\/et_pb_row][\/et_pb_section][et_pb_section fb_built=&#8221;1&#8243; _builder_version=&#8221;4.18.0&#8243; _module_preset=&#8221;default&#8221; global_colors_info=&#8221;{}&#8221;][et_pb_row column_structure=&#8221;1_2,1_2&#8243; _builder_version=&#8221;4.18.0&#8243; _module_preset=&#8221;default&#8221; global_colors_info=&#8221;{}&#8221;][et_pb_column type=&#8221;1_2&#8243; _builder_version=&#8221;4.18.0&#8243; _module_preset=&#8221;default&#8221; global_colors_info=&#8221;{}&#8221;][et_pb_text admin_label=&#8221;LA LOTION RELAXANTE&#8221; _builder_version=&#8221;4.19.4&#8243; _module_preset=&#8221;default&#8221; border_style=&#8221;solid&#8221; global_colors_info=&#8221;{}&#8221;]<\/p>\n<h3>#SKIN<br \/>THE LIFTER<\/h3>\n<h4>The guardian angel of your skin.<\/h4>\n<p>Do you dream of regaining a beautiful skin? Le Lifteur is perfect to fight against wrinkles and fine lines, dehydration, loss of radiance or lack of skin flexibility. Collagen and hyaluronic acid are essential to maintain the elasticity and moisture of the skin.<br \/>Did you know that their production decreases with age: -50% from the age of 50 and there is only 10% left after 60 years.<\/p>\n<p><span class=\"title-principe\">ACTIVE INGREDIENTS<\/span><\/p>\n<p><span class=\"soustitre\">MARINE COLLAGEN <\/span>: protects cells against oxidative stress<br \/><span class=\"soustitre\">HYALURONIC ACID <\/span>: a natural component of connective tissue, it is the best moisturizing and anti-aging ally for all skin types.<br \/><span class=\"soustitre\">CURCUMIN<\/span>: helps fight against oxidative stress.<br \/><span class=\"soustitre\">COENZYME Q10 <\/span>: renowned for its antioxidant action.<br \/><span class=\"soustitre\">ZINC OXIDE<\/span>: known for its protective and purifying properties.<\/p>\n<div><\/div>\n<p>[\/et_pb_text][\/et_pb_column][et_pb_column type=&#8221;1_2&#8243; _builder_version=&#8221;4.18.0&#8243; _module_preset=&#8221;default&#8221; global_colors_info=&#8221;{}&#8221;][et_pb_image src=&#8221;https:\/\/starvac-group.com\/wp-content\/uploads\/2022\/08\/skin-le-lifteur-stravac-complement-alimentaire-visuel-V1-scaled-1.jpg&#8221; title_text=&#8221;skin-le-lifteur-stravac-complement-alimentaire-visuel-V1-scaled-1&#8243; _builder_version=&#8221;4.18.0&#8243; _module_preset=&#8221;default&#8221; global_colors_info=&#8221;{}&#8221;][\/et_pb_image][\/et_pb_column][\/et_pb_row][et_pb_row _builder_version=&#8221;4.16&#8243; _module_preset=&#8221;2ad13300-7203-4b13-8698-455495790b97&#8243; background_size=&#8221;initial&#8221; background_position=&#8221;top_left&#8221; background_repeat=&#8221;repeat&#8221; global_colors_info=&#8221;{}&#8221;][et_pb_column type=&#8221;4_4&#8243; _builder_version=&#8221;4.16&#8243; _module_preset=&#8221;default&#8221; custom_padding=&#8221;|||&#8221; global_colors_info=&#8221;{}&#8221; custom_padding__hover=&#8221;|||&#8221;][et_pb_divider color=&#8221;#c8c8c8&#8243; divider_position=&#8221;center&#8221; module_class=&#8221;divider&#8221; _builder_version=&#8221;4.16&#8243; _module_preset=&#8221;default&#8221; height=&#8221;2px&#8221; hide_on_mobile=&#8221;off&#8221; global_colors_info=&#8221;{}&#8221;][\/et_pb_divider][\/et_pb_column][\/et_pb_row][\/et_pb_section][et_pb_section fb_built=&#8221;1&#8243; _builder_version=&#8221;4.18.0&#8243; _module_preset=&#8221;default&#8221; global_colors_info=&#8221;{}&#8221;][et_pb_row column_structure=&#8221;1_2,1_2&#8243; _builder_version=&#8221;4.18.0&#8243; _module_preset=&#8221;default&#8221; global_colors_info=&#8221;{}&#8221;][et_pb_column type=&#8221;1_2&#8243; _builder_version=&#8221;4.18.0&#8243; _module_preset=&#8221;default&#8221; global_colors_info=&#8221;{}&#8221;][et_pb_image src=&#8221;https:\/\/starvac-group.com\/wp-content\/uploads\/2022\/08\/sos-le-sauveur-stravac-complement-alimentaire-visuel-V21-scaled-1.jpg&#8221; title_text=&#8221;sos-le-sauveur-stravac-complement-alimentaire-visuel-V21-scaled-1&#8243; _builder_version=&#8221;4.18.0&#8243; _module_preset=&#8221;default&#8221; global_colors_info=&#8221;{}&#8221;][\/et_pb_image][\/et_pb_column][et_pb_column type=&#8221;1_2&#8243; _builder_version=&#8221;4.18.0&#8243; _module_preset=&#8221;default&#8221; global_colors_info=&#8221;{}&#8221;][et_pb_text disabled_on=&#8221;off|off|off&#8221; admin_label=&#8221;Le Gel Illuminant&#8221; _builder_version=&#8221;4.16&#8243; _module_preset=&#8221;default&#8221; custom_padding=&#8221;||11px|||&#8221; border_style=&#8221;solid&#8221; inline_fonts=&#8221;Roboto&#8221; global_colors_info=&#8221;{}&#8221;]<\/p>\n<h3>#SOS<\/h3>\n<h3>THE SAVIOR<\/h3>\n<h4>The partner of good meals<\/h4>\n<p><span data-contrast=\"auto\">Don&#8217;t want to feel guilty after a night out with friends or a big meal? <\/span><\/p>\n<p><span data-contrast=\"auto\">Le Sauveur is your best ally against excess and perfect to help absorb and eliminate excess sugar and fat.<\/span><span data-ccp-props=\"{\"> <\/span><\/p>\n<p><span data-contrast=\"auto\">For more effectiveness, Le Sauveur should be taken between 15 and 45 minutes after the meal. Thus, it acts as a real sensor and reduces the absorption of fats and sugars by the body while accelerating their elimination and decreasing the appetite.<\/span><\/p>\n<p><span style=\"font-size: 14px;\">ACTIVE INGREDIENTS<\/span><\/p>\n<div class=\"et_pb_column et_pb_column_1_2\">\n<p class=\"actifs\"><span class=\"soustitre\" style=\"font-size: small;\">NEOPUNTA (prickly pear): pure cactus powder, ideal as a slimming product for natural weight management.<\/span><br \/><span class=\"soustitre\" style=\"font-size: small;\">CHOLINE: eliminates fats and inhibits its storage, it is essential to the metabolism of lipids.<\/span><\/p>\n<\/div>\n<p><span data-contrast=\"auto\"><\/span><\/p>\n<p><span data-contrast=\"auto\"><\/span><\/p>\n<div><\/div>\n<p>[\/et_pb_text][\/et_pb_column][\/et_pb_row][et_pb_row _builder_version=&#8221;4.16&#8243; _module_preset=&#8221;2ad13300-7203-4b13-8698-455495790b97&#8243; background_size=&#8221;initial&#8221; background_position=&#8221;top_left&#8221; background_repeat=&#8221;repeat&#8221; global_colors_info=&#8221;{}&#8221;][et_pb_column type=&#8221;4_4&#8243; _builder_version=&#8221;4.16&#8243; _module_preset=&#8221;default&#8221; custom_padding=&#8221;|||&#8221; global_colors_info=&#8221;{}&#8221; custom_padding__hover=&#8221;|||&#8221;][et_pb_divider color=&#8221;#c8c8c8&#8243; divider_position=&#8221;center&#8221; module_class=&#8221;divider&#8221; _builder_version=&#8221;4.16&#8243; _module_preset=&#8221;default&#8221; height=&#8221;2px&#8221; hide_on_mobile=&#8221;off&#8221; global_colors_info=&#8221;{}&#8221;][\/et_pb_divider][\/et_pb_column][\/et_pb_row][\/et_pb_section]<\/p>\n","protected":false},"excerpt":{"rendered":"<p>Our body is our most precious possession.We must preserve it by providing a gentle, effective and appropriate response to the small signals it sends us:digestion problems, circulation problems, dull complexion, stress, lack of energy&#8230; At STARVAC\u00ae, we have designed a range of food supplements based on natural plant extracts that nourish the cells from within [&hellip;]<\/p>\n","protected":false},"author":115,"featured_media":0,"parent":0,"menu_order":0,"comment_status":"closed","ping_status":"closed","template":"","meta":{"_et_pb_use_builder":"on","_et_pb_old_content":"","_et_gb_content_width":"","content-type":"","footnotes":""},"class_list":["post-377787","page","type-page","status-publish","hentry"],"yoast_head":"<!-- This site is optimized with the Yoast SEO plugin v25.9 - https:\/\/yoast.com\/wordpress\/plugins\/seo\/ -->\n<title>STARVAC food supplements for professionals<\/title>\n<meta name=\"description\" content=\"Our range of natural cosmetics used during the care was elaborated for an optimized effectiveness and accelerated results.\" \/>\n<meta name=\"robots\" content=\"index, follow, max-snippet:-1, max-image-preview:large, max-video-preview:-1\" \/>\n<link rel=\"canonical\" href=\"https:\/\/starvac-group.com\/en\/food-supplements\/\" \/>\n<meta property=\"og:locale\" content=\"en_US\" \/>\n<meta property=\"og:type\" content=\"article\" \/>\n<meta property=\"og:title\" content=\"STARVAC food supplements for professionals\" \/>\n<meta property=\"og:description\" content=\"Our range of natural cosmetics used during the care was elaborated for an optimized effectiveness and accelerated results.\" \/>\n<meta property=\"og:url\" content=\"https:\/\/starvac-group.com\/en\/food-supplements\/\" \/>\n<meta property=\"og:site_name\" content=\"STARVAC\u00ae- Minceur et anti-\u00e2ge : les cl\u00e9s du succ\u00e8s\" \/>\n<meta property=\"article:publisher\" content=\"https:\/\/www.facebook.com\/Starvac\/\" \/>\n<meta property=\"article:modified_time\" content=\"2023-07-10T11:57:24+00:00\" \/>\n<meta name=\"twitter:card\" content=\"summary_large_image\" \/>\n<meta name=\"twitter:label1\" content=\"Est. reading time\" \/>\n\t<meta name=\"twitter:data1\" content=\"9 minutes\" \/>\n<script type=\"application\/ld+json\" class=\"yoast-schema-graph\">{\"@context\":\"https:\/\/schema.org\",\"@graph\":[{\"@type\":\"WebPage\",\"@id\":\"https:\/\/starvac-group.com\/en\/food-supplements\/\",\"url\":\"https:\/\/starvac-group.com\/en\/food-supplements\/\",\"name\":\"STARVAC food supplements for professionals\",\"isPartOf\":{\"@id\":\"https:\/\/starvac-group.com\/en\/#website\"},\"datePublished\":\"2022-11-04T19:34:19+00:00\",\"dateModified\":\"2023-07-10T11:57:24+00:00\",\"description\":\"Our range of natural cosmetics used during the care was elaborated for an optimized effectiveness and accelerated results.\",\"breadcrumb\":{\"@id\":\"https:\/\/starvac-group.com\/en\/food-supplements\/#breadcrumb\"},\"inLanguage\":\"en-US\",\"potentialAction\":[{\"@type\":\"ReadAction\",\"target\":[\"https:\/\/starvac-group.com\/en\/food-supplements\/\"]}]},{\"@type\":\"BreadcrumbList\",\"@id\":\"https:\/\/starvac-group.com\/en\/food-supplements\/#breadcrumb\",\"itemListElement\":[{\"@type\":\"ListItem\",\"position\":1,\"name\":\"Accueil\",\"item\":\"https:\/\/starvac-group.com\/en\/\"},{\"@type\":\"ListItem\",\"position\":2,\"name\":\"Food Supplements\"}]},{\"@type\":\"WebSite\",\"@id\":\"https:\/\/starvac-group.com\/en\/#website\",\"url\":\"https:\/\/starvac-group.com\/en\/\",\"name\":\"STARVAC\u00ae- Minceur et anti-\u00e2ge : les cl\u00e9s du succ\u00e8s\",\"description\":\"\",\"publisher\":{\"@id\":\"https:\/\/starvac-group.com\/en\/#organization\"},\"potentialAction\":[{\"@type\":\"SearchAction\",\"target\":{\"@type\":\"EntryPoint\",\"urlTemplate\":\"https:\/\/starvac-group.com\/en\/?s={search_term_string}\"},\"query-input\":{\"@type\":\"PropertyValueSpecification\",\"valueRequired\":true,\"valueName\":\"search_term_string\"}}],\"inLanguage\":\"en-US\"},{\"@type\":\"Organization\",\"@id\":\"https:\/\/starvac-group.com\/en\/#organization\",\"name\":\"Starvac Group\",\"alternateName\":\"Starvac\",\"url\":\"https:\/\/starvac-group.com\/en\/\",\"logo\":{\"@type\":\"ImageObject\",\"inLanguage\":\"en-US\",\"@id\":\"https:\/\/starvac-group.com\/en\/#\/schema\/logo\/image\/\",\"url\":\"https:\/\/starvac-group.com\/wp-content\/uploads\/2023\/11\/STARVAC-GROUP-CARRE.jpg\",\"contentUrl\":\"https:\/\/starvac-group.com\/wp-content\/uploads\/2023\/11\/STARVAC-GROUP-CARRE.jpg\",\"width\":283,\"height\":282,\"caption\":\"Starvac Group\"},\"image\":{\"@id\":\"https:\/\/starvac-group.com\/en\/#\/schema\/logo\/image\/\"},\"sameAs\":[\"https:\/\/www.facebook.com\/Starvac\/\",\"https:\/\/www.instagram.com\/starvac.beauty\/\"]}]}<\/script>\n<!-- \/ Yoast SEO plugin. -->","yoast_head_json":{"title":"STARVAC food supplements for professionals","description":"Our range of natural cosmetics used during the care was elaborated for an optimized effectiveness and accelerated results.","robots":{"index":"index","follow":"follow","max-snippet":"max-snippet:-1","max-image-preview":"max-image-preview:large","max-video-preview":"max-video-preview:-1"},"canonical":"https:\/\/starvac-group.com\/en\/food-supplements\/","og_locale":"en_US","og_type":"article","og_title":"STARVAC food supplements for professionals","og_description":"Our range of natural cosmetics used during the care was elaborated for an optimized effectiveness and accelerated results.","og_url":"https:\/\/starvac-group.com\/en\/food-supplements\/","og_site_name":"STARVAC\u00ae- Minceur et anti-\u00e2ge : les cl\u00e9s du succ\u00e8s","article_publisher":"https:\/\/www.facebook.com\/Starvac\/","article_modified_time":"2023-07-10T11:57:24+00:00","twitter_card":"summary_large_image","twitter_misc":{"Est. reading time":"9 minutes"},"schema":{"@context":"https:\/\/schema.org","@graph":[{"@type":"WebPage","@id":"https:\/\/starvac-group.com\/en\/food-supplements\/","url":"https:\/\/starvac-group.com\/en\/food-supplements\/","name":"STARVAC food supplements for professionals","isPartOf":{"@id":"https:\/\/starvac-group.com\/en\/#website"},"datePublished":"2022-11-04T19:34:19+00:00","dateModified":"2023-07-10T11:57:24+00:00","description":"Our range of natural cosmetics used during the care was elaborated for an optimized effectiveness and accelerated results.","breadcrumb":{"@id":"https:\/\/starvac-group.com\/en\/food-supplements\/#breadcrumb"},"inLanguage":"en-US","potentialAction":[{"@type":"ReadAction","target":["https:\/\/starvac-group.com\/en\/food-supplements\/"]}]},{"@type":"BreadcrumbList","@id":"https:\/\/starvac-group.com\/en\/food-supplements\/#breadcrumb","itemListElement":[{"@type":"ListItem","position":1,"name":"Accueil","item":"https:\/\/starvac-group.com\/en\/"},{"@type":"ListItem","position":2,"name":"Food Supplements"}]},{"@type":"WebSite","@id":"https:\/\/starvac-group.com\/en\/#website","url":"https:\/\/starvac-group.com\/en\/","name":"STARVAC\u00ae- Minceur et anti-\u00e2ge : les cl\u00e9s du succ\u00e8s","description":"","publisher":{"@id":"https:\/\/starvac-group.com\/en\/#organization"},"potentialAction":[{"@type":"SearchAction","target":{"@type":"EntryPoint","urlTemplate":"https:\/\/starvac-group.com\/en\/?s={search_term_string}"},"query-input":{"@type":"PropertyValueSpecification","valueRequired":true,"valueName":"search_term_string"}}],"inLanguage":"en-US"},{"@type":"Organization","@id":"https:\/\/starvac-group.com\/en\/#organization","name":"Starvac Group","alternateName":"Starvac","url":"https:\/\/starvac-group.com\/en\/","logo":{"@type":"ImageObject","inLanguage":"en-US","@id":"https:\/\/starvac-group.com\/en\/#\/schema\/logo\/image\/","url":"https:\/\/starvac-group.com\/wp-content\/uploads\/2023\/11\/STARVAC-GROUP-CARRE.jpg","contentUrl":"https:\/\/starvac-group.com\/wp-content\/uploads\/2023\/11\/STARVAC-GROUP-CARRE.jpg","width":283,"height":282,"caption":"Starvac Group"},"image":{"@id":"https:\/\/starvac-group.com\/en\/#\/schema\/logo\/image\/"},"sameAs":["https:\/\/www.facebook.com\/Starvac\/","https:\/\/www.instagram.com\/starvac.beauty\/"]}]}},"_links":{"self":[{"href":"https:\/\/starvac-group.com\/en\/wp-json\/wp\/v2\/pages\/377787","targetHints":{"allow":["GET"]}}],"collection":[{"href":"https:\/\/starvac-group.com\/en\/wp-json\/wp\/v2\/pages"}],"about":[{"href":"https:\/\/starvac-group.com\/en\/wp-json\/wp\/v2\/types\/page"}],"author":[{"embeddable":true,"href":"https:\/\/starvac-group.com\/en\/wp-json\/wp\/v2\/users\/115"}],"replies":[{"embeddable":true,"href":"https:\/\/starvac-group.com\/en\/wp-json\/wp\/v2\/comments?post=377787"}],"version-history":[{"count":7,"href":"https:\/\/starvac-group.com\/en\/wp-json\/wp\/v2\/pages\/377787\/revisions"}],"predecessor-version":[{"id":397921,"href":"https:\/\/starvac-group.com\/en\/wp-json\/wp\/v2\/pages\/377787\/revisions\/397921"}],"wp:attachment":[{"href":"https:\/\/starvac-group.com\/en\/wp-json\/wp\/v2\/media?parent=377787"}],"curies":[{"name":"wp","href":"https:\/\/api.w.org\/{rel}","templated":true}]}}