{"id":377965,"date":"2022-11-04T19:59:17","date_gmt":"2022-11-04T19:59:17","guid":{"rendered":"https:\/\/starvac-group.com\/guias\/"},"modified":"2023-07-11T09:32:13","modified_gmt":"2023-07-11T09:32:13","slug":"guias","status":"publish","type":"page","link":"https:\/\/starvac-group.com\/es\/guias\/","title":{"rendered":"Gu\u00edas"},"content":{"rendered":"<p>[et_pb_section fb_built=\u00bb1&#8243; fullwidth=\u00bbon\u00bb admin_label=\u00bbHero\u00bb _builder_version=\u00bb4.18.1&#8243; background_image=\u00bbhttps:\/\/starvac-group.com\/wp-content\/uploads\/2022\/12\/header-guides2.jpg\u00bb parallax=\u00bbon\u00bb global_colors_info=\u00bb{}\u00bb][et_pb_fullwidth_header title=\u00bbNuestros gu\u00edas\u00bb button_one_url=\u00bb\/contact\/\u00bb button_two_url=\u00bb#infos\u00bb content_max_width=\u00bb800px\u00bb _builder_version=\u00bb4.18.0&#8243; title_font=\u00bb|700|||||||\u00bb title_font_size=\u00bb48px\u00bb title_line_height=\u00bb1.3em\u00bb content_font=\u00bbNunito|600|||||||\u00bb content_font_size=\u00bb20px\u00bb subhead_font=\u00bb||||||||\u00bb subhead_font_size=\u00bb30px\u00bb subhead_line_height=\u00bb1.8em\u00bb background_color=\u00bbrgba(0,0,0,0)\u00bb custom_button_one=\u00bbon\u00bb button_one_text_size=\u00bb16px\u00bb button_one_text_color=\u00bb#4D6B93&#8243; button_one_bg_color=\u00bb#ffffff\u00bb button_one_border_width=\u00bb4px\u00bb button_one_border_color=\u00bbrgba(210,159,104,0)\u00bb button_one_border_radius=\u00bb100px\u00bb button_one_font=\u00bb||||||||\u00bb button_one_use_icon=\u00bboff\u00bb custom_button_two=\u00bbon\u00bb button_two_text_size=\u00bb16px\u00bb button_two_text_color=\u00bb#ffffff\u00bb button_two_bg_color=\u00bbrgba(255,255,255,0.15)\u00bb button_two_border_width=\u00bb4px\u00bb button_two_border_color=\u00bbrgba(210,159,104,0)\u00bb button_two_border_radius=\u00bb100px\u00bb button_two_font=\u00bb||||||||\u00bb button_two_use_icon=\u00bboff\u00bb custom_margin=\u00bb|||\u00bb custom_padding=\u00bb10vw||4vw||false|\u00bb custom_padding_tablet=\u00bb20vw||20vw||true\u00bb custom_padding_phone=\u00bb8vw||8vw||true|false\u00bb custom_padding_last_edited=\u00bbon|desktop\u00bb title_font_size_tablet=\u00bb50px\u00bb title_font_size_phone=\u00bb24px\u00bb title_font_size_last_edited=\u00bbon|tablet\u00bb title_text_shadow_style=\u00bbpreset3&#8243; button_one_text_color_hover=\u00bb#3550a0&#8243; button_two_text_color_hover=\u00bb#ffffff\u00bb button_one_bg_color_hover=\u00bbrgba(255,255,255,0.8)\u00bb button_two_bg_color_hover=\u00bbrgba(255,255,255,0.3)\u00bb global_colors_info=\u00bb{}\u00bb button_one_text_size__hover_enabled=\u00bboff\u00bb button_two_text_size__hover_enabled=\u00bboff\u00bb button_one_text_color__hover_enabled=\u00bbon\u00bb button_one_text_color__hover=\u00bb#4D6B93&#8243; button_two_text_color__hover_enabled=\u00bbon\u00bb button_two_text_color__hover=\u00bb#ffffff\u00bb button_one_border_width__hover_enabled=\u00bboff\u00bb button_two_border_width__hover_enabled=\u00bboff\u00bb button_one_border_color__hover_enabled=\u00bbon|hover\u00bb button_two_border_color__hover_enabled=\u00bbon|hover\u00bb button_one_border_radius__hover_enabled=\u00bboff\u00bb button_two_border_radius__hover_enabled=\u00bboff\u00bb button_one_letter_spacing__hover_enabled=\u00bboff\u00bb button_two_letter_spacing__hover_enabled=\u00bboff\u00bb button_one_bg_color__hover_enabled=\u00bbon|hover\u00bb button_two_bg_color__hover_enabled=\u00bbon|hover\u00bb button_two_bg_color__hover=\u00bbrgba(255,255,255,0.3)\u00bb button_one_border_color__hover=\u00bbrgba(255,255,255,0.7)\u00bb button_one_bg_enable_color__hover=\u00bbon\u00bb button_two_border_color__hover=\u00bbrgba(255,255,255,0.3)\u00bb button_one_bg_color__hover=\u00bbrgba(255,255,255,0.7)\u00bb][\/et_pb_fullwidth_header][\/et_pb_section][et_pb_section fb_built=\u00bb1&#8243; disabled_on=\u00bbon|on|on\u00bb _builder_version=\u00bb4.20.1&#8243; custom_margin=\u00bb-50px||||false|false\u00bb custom_padding=\u00bb0px||3px||false|false\u00bb global_module=\u00bb375924&#8243; global_colors_info=\u00bb{}\u00bb][et_pb_row _builder_version=\u00bb4.17.4&#8243; custom_padding=\u00bb0px||0px|||\u00bb global_colors_info=\u00bb{}\u00bb][et_pb_column type=\u00bb4_4&#8243; _builder_version=\u00bb4.16&#8243; global_colors_info=\u00bb{}\u00bb][et_pb_dmb_breadcrumbs font_icon=\u00bb%%36%%\u00bb use_home_icon=\u00bboff\u00bb _builder_version=\u00bb4.19.5&#8243; body_text_color=\u00bb#666666&#8243; body_font_size=\u00bb16px\u00bb separator_text_color=\u00bb#666666&#8243; link_text_color=\u00bb#DEC79B\u00bb global_colors_info=\u00bb{}\u00bb][\/et_pb_dmb_breadcrumbs][\/et_pb_column][\/et_pb_row][\/et_pb_section][et_pb_section fb_built=\u00bb1&#8243; custom_padding_last_edited=\u00bbon|phone\u00bb admin_label=\u00bbStraighten Blurbs &#8211; Grace\u00bb module_id=\u00bbstraighten\u00bb module_class=\u00bbgrace_blurbs_straighten\u00bb _builder_version=\u00bb4.20.0&#8243; custom_padding=\u00bb30px||60px||false|false\u00bb custom_padding_tablet=\u00bb30px||30px||true|false\u00bb custom_padding_phone=\u00bb30px||30px||true|false\u00bb custom_css_main_element=\u00bb     counter-reset: section;\u00bb saved_tabs=\u00bball\u00bb locked=\u00bboff\u00bb collapsed=\u00bboff\u00bb global_colors_info=\u00bb{}\u00bb][et_pb_row column_structure=\u00bb1_3,1_3,1_3&#8243; use_custom_gutter=\u00bbon\u00bb admin_label=\u00bbStraighten Blurbs &#8211; Grace &#8211; Row\u00bb _builder_version=\u00bb4.16&#8243; max_width=\u00bb1175px\u00bb custom_padding=\u00bb||10px||false|false\u00bb use_custom_width=\u00bbon\u00bb custom_width_px=\u00bb1175px\u00bb saved_tabs=\u00bball\u00bb global_colors_info=\u00bb{}\u00bb][et_pb_column type=\u00bb1_3&#8243; _builder_version=\u00bb4.16&#8243; custom_padding=\u00bb|||\u00bb global_colors_info=\u00bb{}\u00bb custom_padding__hover=\u00bb|||\u00bb][et_pb_blurb title=\u00bbDrenaje linf\u00e1tico\u00bb url=\u00bb\/es\/guias\/estetico-o-terapeutico-starvac-reinventa-el-drenaje-linfatico\/\u00bb image=\u00bbhttps:\/\/starvac.exo-corp.com\/wp-content\/uploads\/2022\/11\/kinesitherapeute-drainage-lymphatique.jpg\u00bb content_max_width=\u00bb100%\u00bb admin_label=\u00bbStraighten Blurbs &#8211; Grace &#8211; Massages &#8211; Image size:558x330px\u00bb _builder_version=\u00bb4.20.1&#8243; header_font=\u00bb||||||||\u00bb header_text_color=\u00bb#000000&#8243; header_font_size=\u00bb24px\u00bb header_line_height=\u00bb120%\u00bb body_font=\u00bb||||||||\u00bb body_text_color=\u00bb#b7b7b7&#8243; body_font_size=\u00bb16px\u00bb body_line_height=\u00bb180%\u00bb animation=\u00bboff\u00bb link_option_url=\u00bb\/es\/guias\/estetico-o-terapeutico-starvac-reinventa-el-drenaje-linfatico\/\u00bb header_font_size_tablet=\u00bb22px\u00bb header_font_size_phone=\u00bb20px\u00bb header_font_size_last_edited=\u00bbon|phone\u00bb custom_css_main_element=\u00bbfont-weight: 400;\u00bb custom_css_blurb_image=\u00bb  margin-bottom: 41px;||position: relative;\u00bb custom_css_blurb_title=\u00bbfont-weight: 400;||padding-bottom: 12px;\u00bb custom_css_blurb_content=\u00bbfont-weight:400 !important;\u00bb global_colors_info=\u00bb{}\u00bb]<\/p>\n<p>Est\u00e9tico o terap\u00e9utico: Starvac reinventa el drenaje linf\u00e1tico<\/p>\n<p>[\/et_pb_blurb][\/et_pb_column][et_pb_column type=\u00bb1_3&#8243; _builder_version=\u00bb4.16&#8243; custom_padding=\u00bb|||\u00bb global_colors_info=\u00bb{}\u00bb custom_padding__hover=\u00bb|||\u00bb][et_pb_blurb title=\u00bbEstr\u00edas rojas\u00bb url=\u00bbhttps:\/\/starvac-group.com\/es\/guias\/estrias-rojas-una-solucion-suave-y-eficaz-con-starvac\/\u00bb image=\u00bbhttps:\/\/starvac.exo-corp.com\/wp-content\/uploads\/2023\/02\/vergetures-rouges.jpg\u00bb content_max_width=\u00bb100%\u00bb admin_label=\u00bbStraighten Blurbs &#8211; Grace &#8211; Body treatments &#8211; Image size:558x330px\u00bb _builder_version=\u00bb4.20.1&#8243; header_font=\u00bb||||||||\u00bb header_text_color=\u00bb#000000&#8243; header_font_size=\u00bb24px\u00bb header_line_height=\u00bb120%\u00bb body_font=\u00bb||||||||\u00bb body_text_color=\u00bb#b7b7b7&#8243; body_font_size=\u00bb16px\u00bb body_line_height=\u00bb180%\u00bb animation=\u00bboff\u00bb link_option_url=\u00bbes\/guias\/estrias-rojas-una-solucion-suave-y-eficaz-con-starvac\/\u00bb hover_enabled=\u00bb0&#8243; header_font_size_tablet=\u00bb22px\u00bb header_font_size_phone=\u00bb20px\u00bb header_font_size_last_edited=\u00bbon|phone\u00bb custom_css_main_element=\u00bbfont-weight: 400;\u00bb custom_css_blurb_image=\u00bb  margin-bottom: 41px;||position: relative;\u00bb custom_css_blurb_title=\u00bbfont-weight: 400;||padding-bottom: 12px;\u00bb custom_css_blurb_content=\u00bbfont-weight:400 !important;\u00bb global_colors_info=\u00bb{}\u00bb sticky_enabled=\u00bb0&#8243;]<\/p>\n<p>Una soluci\u00f3n suave y eficaz con Starvac<\/p>\n<p>[\/et_pb_blurb][\/et_pb_column][et_pb_column type=\u00bb1_3&#8243; _builder_version=\u00bb4.16&#8243; custom_padding=\u00bb|||\u00bb global_colors_info=\u00bb{}\u00bb custom_padding__hover=\u00bb|||\u00bb][et_pb_blurb title=\u00bbPiel granulosa\u00bb url=\u00bb\/es\/guias\/pieles-granuladas-cellular-stretching-un-tratamiento-todo-en-uno\/\u00bb image=\u00bbhttps:\/\/starvac.exo-corp.com\/wp-content\/uploads\/2022\/11\/peau-granuleuse.jpg\u00bb content_max_width=\u00bb100%\u00bb admin_label=\u00bbStraighten Blurbs &#8211; Grace &#8211; Facial Treatments &#8211; Image size:558x330px\u00bb _builder_version=\u00bb4.20.1&#8243; header_font=\u00bb||||||||\u00bb header_text_color=\u00bb#000000&#8243; header_font_size=\u00bb24px\u00bb header_line_height=\u00bb120%\u00bb body_font=\u00bb||||||||\u00bb body_text_color=\u00bb#b7b7b7&#8243; body_font_size=\u00bb16px\u00bb body_line_height=\u00bb180%\u00bb animation=\u00bboff\u00bb link_option_url=\u00bb\/es\/guias\/pieles-granuladas-cellular-stretching-un-tratamiento-todo-en-uno\/\u00bb header_font_size_tablet=\u00bb22px\u00bb header_font_size_phone=\u00bb20px\u00bb header_font_size_last_edited=\u00bbon|phone\u00bb custom_css_main_element=\u00bbfont-weight: 400;\u00bb custom_css_blurb_image=\u00bb  margin-bottom: 41px;||position: relative;\u00bb custom_css_blurb_title=\u00bbfont-weight: 400;||padding-bottom: 12px;\u00bb custom_css_blurb_content=\u00bbfont-weight:400 !important;\u00bb global_colors_info=\u00bb{}\u00bb]<\/p>\n<p>El Stretching Cellulaire\u00ae, un tratamiento todo en uno<\/p>\n<p>[\/et_pb_blurb][\/et_pb_column][\/et_pb_row][et_pb_row column_structure=\u00bb1_3,1_3,1_3&#8243; use_custom_gutter=\u00bbon\u00bb admin_label=\u00bbStraighten Blurbs &#8211; Grace &#8211; Row\u00bb _builder_version=\u00bb4.20.0&#8243; max_width=\u00bb1175px\u00bb use_custom_width=\u00bbon\u00bb custom_width_px=\u00bb1175px\u00bb saved_tabs=\u00bball\u00bb global_colors_info=\u00bb{}\u00bb][et_pb_column type=\u00bb1_3&#8243; _builder_version=\u00bb4.16&#8243; custom_padding=\u00bb|||\u00bb global_colors_info=\u00bb{}\u00bb custom_padding__hover=\u00bb|||\u00bb][et_pb_blurb title=\u00bbCapitones\u00bb url=\u00bb\/es\/guias\/capitones-ofrezca-a-sus-clientes-una-atencion-eficaz\/\u00bb image=\u00bbhttps:\/\/starvac.exo-corp.com\/wp-content\/uploads\/2022\/11\/capitons.jpg\u00bb content_max_width=\u00bb100%\u00bb admin_label=\u00bbStraighten Blurbs &#8211; Grace &#8211; Treatments for men &#8211; Image size:558x330px\u00bb _builder_version=\u00bb4.20.1&#8243; header_font=\u00bb||||||||\u00bb header_text_color=\u00bb#000000&#8243; header_font_size=\u00bb24px\u00bb header_line_height=\u00bb120%\u00bb body_font=\u00bb||||||||\u00bb body_text_color=\u00bb#b7b7b7&#8243; body_font_size=\u00bb16px\u00bb body_line_height=\u00bb180%\u00bb animation=\u00bboff\u00bb link_option_url=\u00bb\/es\/guias\/capitones-ofrezca-a-sus-clientes-una-atencion-eficaz\/\u00bb header_font_size_tablet=\u00bb22px\u00bb header_font_size_phone=\u00bb20px\u00bb header_font_size_last_edited=\u00bbon|phone\u00bb custom_css_main_element=\u00bbfont-weight: 400;\u00bb custom_css_blurb_image=\u00bb  margin-bottom: 41px;||position: relative;\u00bb custom_css_blurb_title=\u00bbfont-weight: 400;||padding-bottom: 12px;\u00bb custom_css_blurb_content=\u00bbfont-weight:400 !important;\u00bb global_colors_info=\u00bb{}\u00bb]<\/p>\n<p>Ofrezca a sus clientes una soluci\u00f3n eficaz<\/p>\n<p>[\/et_pb_blurb][\/et_pb_column][et_pb_column type=\u00bb1_3&#8243; _builder_version=\u00bb4.16&#8243; custom_padding=\u00bb|||\u00bb global_colors_info=\u00bb{}\u00bb custom_padding__hover=\u00bb|||\u00bb][et_pb_blurb title=\u00bbPush Up de gl\u00fateos\u00bb url=\u00bb\/es\/guias\/estetica-y-si-se-ofreciera-un-verdadero-tratamiento-de-empuje-para-los-gluteos\/\u00bb image=\u00bbhttps:\/\/starvac.exo-corp.com\/wp-content\/uploads\/2022\/11\/push-up.jpg\u00bb content_max_width=\u00bb100%\u00bb admin_label=\u00bbStraighten Blurbs &#8211; Grace &#8211; Hands and feet &#8211; Image size:558x330px\u00bb _builder_version=\u00bb4.20.1&#8243; header_font=\u00bb||||||||\u00bb header_text_color=\u00bb#000000&#8243; header_font_size=\u00bb24px\u00bb header_line_height=\u00bb120%\u00bb body_font=\u00bb||||||||\u00bb body_text_color=\u00bb#b7b7b7&#8243; body_font_size=\u00bb16px\u00bb body_line_height=\u00bb180%\u00bb animation=\u00bboff\u00bb link_option_url=\u00bb\/es\/guias\/estetica-y-si-se-ofreciera-un-verdadero-tratamiento-de-empuje-para-los-gluteos\/\u00bb header_font_size_tablet=\u00bb22px\u00bb header_font_size_phone=\u00bb20px\u00bb header_font_size_last_edited=\u00bbon|phone\u00bb custom_css_main_element=\u00bbfont-weight: 400;\u00bb custom_css_blurb_image=\u00bb  margin-bottom: 41px;||position: relative;\u00bb custom_css_blurb_title=\u00bbfont-weight: 400;||padding-bottom: 12px;\u00bb custom_css_blurb_content=\u00bbfont-weight:400 !important;\u00bb global_colors_info=\u00bb{}\u00bb]<\/p>\n<p>Est\u00e9tica: \u00bfle gustar\u00eda ofrecer un tratamiento que realmente levante los gl\u00fateos?<\/p>\n<p>[\/et_pb_blurb][\/et_pb_column][et_pb_column type=\u00bb1_3&#8243; _builder_version=\u00bb4.16&#8243; custom_padding=\u00bb|||\u00bb global_colors_info=\u00bb{}\u00bb custom_padding__hover=\u00bb|||\u00bb][\/et_pb_column][\/et_pb_row][\/et_pb_section]<\/p>\n","protected":false},"excerpt":{"rendered":"<p>Est\u00e9tico o terap\u00e9utico: Starvac reinventa el drenaje linf\u00e1ticoUna soluci\u00f3n suave y eficaz con StarvacEl Stretching Cellulaire\u00ae, un tratamiento todo en unoOfrezca a sus clientes una soluci\u00f3n eficazEst\u00e9tica: \u00bfle gustar\u00eda ofrecer un tratamiento que realmente levante los gl\u00fateos?<\/p>\n","protected":false},"author":115,"featured_media":0,"parent":0,"menu_order":0,"comment_status":"closed","ping_status":"closed","template":"","meta":{"_et_pb_use_builder":"on","_et_pb_old_content":"","_et_gb_content_width":"","content-type":"","footnotes":""},"class_list":["post-377965","page","type-page","status-publish","hentry"],"yoast_head":"<!-- This site is optimized with the Yoast SEO plugin v25.9 - https:\/\/yoast.com\/wordpress\/plugins\/seo\/ -->\n<title>Gu\u00edas de bienestar STARVAC para profesionales<\/title>\n<meta name=\"description\" content=\"Con las gu\u00edas STARVAC, podr\u00e1 obtener m\u00e1s informaci\u00f3n sobre los diferentes temas en los que los equipos STARVAC pueden ayudarle\" \/>\n<meta name=\"robots\" content=\"index, follow, max-snippet:-1, max-image-preview:large, max-video-preview:-1\" \/>\n<link rel=\"canonical\" href=\"https:\/\/starvac-group.com\/es\/guias\/\" \/>\n<meta property=\"og:locale\" content=\"es_ES\" \/>\n<meta property=\"og:type\" content=\"article\" \/>\n<meta property=\"og:title\" content=\"Gu\u00edas de bienestar STARVAC para profesionales\" \/>\n<meta property=\"og:description\" content=\"Con las gu\u00edas STARVAC, podr\u00e1 obtener m\u00e1s informaci\u00f3n sobre los diferentes temas en los que los equipos STARVAC pueden ayudarle\" \/>\n<meta property=\"og:url\" content=\"https:\/\/starvac-group.com\/es\/guias\/\" \/>\n<meta property=\"og:site_name\" content=\"STARVAC\u00ae- Minceur et anti-\u00e2ge : les cl\u00e9s du succ\u00e8s\" \/>\n<meta property=\"article:publisher\" content=\"https:\/\/www.facebook.com\/Starvac\/\" \/>\n<meta property=\"article:modified_time\" content=\"2023-07-11T09:32:13+00:00\" \/>\n<meta name=\"twitter:card\" content=\"summary_large_image\" \/>\n<meta name=\"twitter:label1\" content=\"Tiempo de lectura\" \/>\n\t<meta name=\"twitter:data1\" content=\"7 minutos\" \/>\n<script type=\"application\/ld+json\" class=\"yoast-schema-graph\">{\"@context\":\"https:\/\/schema.org\",\"@graph\":[{\"@type\":\"WebPage\",\"@id\":\"https:\/\/starvac-group.com\/es\/guias\/\",\"url\":\"https:\/\/starvac-group.com\/es\/guias\/\",\"name\":\"Gu\u00edas de bienestar STARVAC para profesionales\",\"isPartOf\":{\"@id\":\"https:\/\/starvac-group.com\/es\/#website\"},\"datePublished\":\"2022-11-04T19:59:17+00:00\",\"dateModified\":\"2023-07-11T09:32:13+00:00\",\"description\":\"Con las gu\u00edas STARVAC, podr\u00e1 obtener m\u00e1s informaci\u00f3n sobre los diferentes temas en los que los equipos STARVAC pueden ayudarle\",\"breadcrumb\":{\"@id\":\"https:\/\/starvac-group.com\/es\/guias\/#breadcrumb\"},\"inLanguage\":\"es\",\"potentialAction\":[{\"@type\":\"ReadAction\",\"target\":[\"https:\/\/starvac-group.com\/es\/guias\/\"]}]},{\"@type\":\"BreadcrumbList\",\"@id\":\"https:\/\/starvac-group.com\/es\/guias\/#breadcrumb\",\"itemListElement\":[{\"@type\":\"ListItem\",\"position\":1,\"name\":\"Accueil\",\"item\":\"https:\/\/starvac-group.com\/es\/\"},{\"@type\":\"ListItem\",\"position\":2,\"name\":\"Gu\u00edas\"}]},{\"@type\":\"WebSite\",\"@id\":\"https:\/\/starvac-group.com\/es\/#website\",\"url\":\"https:\/\/starvac-group.com\/es\/\",\"name\":\"STARVAC\u00ae- Minceur et anti-\u00e2ge : les cl\u00e9s du succ\u00e8s\",\"description\":\"\",\"publisher\":{\"@id\":\"https:\/\/starvac-group.com\/es\/#organization\"},\"potentialAction\":[{\"@type\":\"SearchAction\",\"target\":{\"@type\":\"EntryPoint\",\"urlTemplate\":\"https:\/\/starvac-group.com\/es\/?s={search_term_string}\"},\"query-input\":{\"@type\":\"PropertyValueSpecification\",\"valueRequired\":true,\"valueName\":\"search_term_string\"}}],\"inLanguage\":\"es\"},{\"@type\":\"Organization\",\"@id\":\"https:\/\/starvac-group.com\/es\/#organization\",\"name\":\"Starvac Group\",\"alternateName\":\"Starvac\",\"url\":\"https:\/\/starvac-group.com\/es\/\",\"logo\":{\"@type\":\"ImageObject\",\"inLanguage\":\"es\",\"@id\":\"https:\/\/starvac-group.com\/es\/#\/schema\/logo\/image\/\",\"url\":\"https:\/\/starvac-group.com\/wp-content\/uploads\/2023\/11\/STARVAC-GROUP-CARRE.jpg\",\"contentUrl\":\"https:\/\/starvac-group.com\/wp-content\/uploads\/2023\/11\/STARVAC-GROUP-CARRE.jpg\",\"width\":283,\"height\":282,\"caption\":\"Starvac Group\"},\"image\":{\"@id\":\"https:\/\/starvac-group.com\/es\/#\/schema\/logo\/image\/\"},\"sameAs\":[\"https:\/\/www.facebook.com\/Starvac\/\",\"https:\/\/www.instagram.com\/starvac.beauty\/\"]}]}<\/script>\n<!-- \/ Yoast SEO plugin. -->","yoast_head_json":{"title":"Gu\u00edas de bienestar STARVAC para profesionales","description":"Con las gu\u00edas STARVAC, podr\u00e1 obtener m\u00e1s informaci\u00f3n sobre los diferentes temas en los que los equipos STARVAC pueden ayudarle","robots":{"index":"index","follow":"follow","max-snippet":"max-snippet:-1","max-image-preview":"max-image-preview:large","max-video-preview":"max-video-preview:-1"},"canonical":"https:\/\/starvac-group.com\/es\/guias\/","og_locale":"es_ES","og_type":"article","og_title":"Gu\u00edas de bienestar STARVAC para profesionales","og_description":"Con las gu\u00edas STARVAC, podr\u00e1 obtener m\u00e1s informaci\u00f3n sobre los diferentes temas en los que los equipos STARVAC pueden ayudarle","og_url":"https:\/\/starvac-group.com\/es\/guias\/","og_site_name":"STARVAC\u00ae- Minceur et anti-\u00e2ge : les cl\u00e9s du succ\u00e8s","article_publisher":"https:\/\/www.facebook.com\/Starvac\/","article_modified_time":"2023-07-11T09:32:13+00:00","twitter_card":"summary_large_image","twitter_misc":{"Tiempo de lectura":"7 minutos"},"schema":{"@context":"https:\/\/schema.org","@graph":[{"@type":"WebPage","@id":"https:\/\/starvac-group.com\/es\/guias\/","url":"https:\/\/starvac-group.com\/es\/guias\/","name":"Gu\u00edas de bienestar STARVAC para profesionales","isPartOf":{"@id":"https:\/\/starvac-group.com\/es\/#website"},"datePublished":"2022-11-04T19:59:17+00:00","dateModified":"2023-07-11T09:32:13+00:00","description":"Con las gu\u00edas STARVAC, podr\u00e1 obtener m\u00e1s informaci\u00f3n sobre los diferentes temas en los que los equipos STARVAC pueden ayudarle","breadcrumb":{"@id":"https:\/\/starvac-group.com\/es\/guias\/#breadcrumb"},"inLanguage":"es","potentialAction":[{"@type":"ReadAction","target":["https:\/\/starvac-group.com\/es\/guias\/"]}]},{"@type":"BreadcrumbList","@id":"https:\/\/starvac-group.com\/es\/guias\/#breadcrumb","itemListElement":[{"@type":"ListItem","position":1,"name":"Accueil","item":"https:\/\/starvac-group.com\/es\/"},{"@type":"ListItem","position":2,"name":"Gu\u00edas"}]},{"@type":"WebSite","@id":"https:\/\/starvac-group.com\/es\/#website","url":"https:\/\/starvac-group.com\/es\/","name":"STARVAC\u00ae- Minceur et anti-\u00e2ge : les cl\u00e9s du succ\u00e8s","description":"","publisher":{"@id":"https:\/\/starvac-group.com\/es\/#organization"},"potentialAction":[{"@type":"SearchAction","target":{"@type":"EntryPoint","urlTemplate":"https:\/\/starvac-group.com\/es\/?s={search_term_string}"},"query-input":{"@type":"PropertyValueSpecification","valueRequired":true,"valueName":"search_term_string"}}],"inLanguage":"es"},{"@type":"Organization","@id":"https:\/\/starvac-group.com\/es\/#organization","name":"Starvac Group","alternateName":"Starvac","url":"https:\/\/starvac-group.com\/es\/","logo":{"@type":"ImageObject","inLanguage":"es","@id":"https:\/\/starvac-group.com\/es\/#\/schema\/logo\/image\/","url":"https:\/\/starvac-group.com\/wp-content\/uploads\/2023\/11\/STARVAC-GROUP-CARRE.jpg","contentUrl":"https:\/\/starvac-group.com\/wp-content\/uploads\/2023\/11\/STARVAC-GROUP-CARRE.jpg","width":283,"height":282,"caption":"Starvac Group"},"image":{"@id":"https:\/\/starvac-group.com\/es\/#\/schema\/logo\/image\/"},"sameAs":["https:\/\/www.facebook.com\/Starvac\/","https:\/\/www.instagram.com\/starvac.beauty\/"]}]}},"_links":{"self":[{"href":"https:\/\/starvac-group.com\/es\/wp-json\/wp\/v2\/pages\/377965","targetHints":{"allow":["GET"]}}],"collection":[{"href":"https:\/\/starvac-group.com\/es\/wp-json\/wp\/v2\/pages"}],"about":[{"href":"https:\/\/starvac-group.com\/es\/wp-json\/wp\/v2\/types\/page"}],"author":[{"embeddable":true,"href":"https:\/\/starvac-group.com\/es\/wp-json\/wp\/v2\/users\/115"}],"replies":[{"embeddable":true,"href":"https:\/\/starvac-group.com\/es\/wp-json\/wp\/v2\/comments?post=377965"}],"version-history":[{"count":4,"href":"https:\/\/starvac-group.com\/es\/wp-json\/wp\/v2\/pages\/377965\/revisions"}],"predecessor-version":[{"id":397948,"href":"https:\/\/starvac-group.com\/es\/wp-json\/wp\/v2\/pages\/377965\/revisions\/397948"}],"wp:attachment":[{"href":"https:\/\/starvac-group.com\/es\/wp-json\/wp\/v2\/media?parent=377965"}],"curies":[{"name":"wp","href":"https:\/\/api.w.org\/{rel}","templated":true}]}}