{"id":377967,"date":"2022-11-04T19:59:17","date_gmt":"2022-11-04T19:59:17","guid":{"rendered":"https:\/\/starvac-group.com\/conexion\/"},"modified":"2022-11-04T19:59:17","modified_gmt":"2022-11-04T19:59:17","slug":"conexion","status":"publish","type":"page","link":"https:\/\/starvac-group.com\/es\/conexion\/","title":{"rendered":"Conexi\u00f3n"},"content":{"rendered":"<p>[et_pb_section fb_built=\u00bb1&#8243; _builder_version=\u00bb4.16&#8243; _module_preset=\u00bbdefault\u00bb background_color=\u00bb#f4f4f4&#8243; background_color_gradient_direction=\u00bb90deg\u00bb background_enable_image=\u00bboff\u00bb background_size=\u00bbcontain\u00bb custom_padding=\u00bb20vh||20vh||true|false\u00bb global_colors_info=\u00bb{}\u00bb][et_pb_row use_custom_gutter=\u00bbon\u00bb gutter_width=\u00bb1&#8243; _builder_version=\u00bb4.16&#8243; _module_preset=\u00bbdefault\u00bb background_color=\u00bb#FFFFFF\u00bb custom_padding=\u00bb0px||0px||true|false\u00bb box_shadow_style=\u00bbpreset1&#8243; box_shadow_color=\u00bbrgba(0,0,0,0.04)\u00bb global_colors_info=\u00bb{}\u00bb][et_pb_column type=\u00bb4_4&#8243; _builder_version=\u00bb4.16&#8243; _module_preset=\u00bbdefault\u00bb custom_padding=\u00bb200px|20%|200px|20%|true|true\u00bb custom_padding_tablet=\u00bb120px|10%|120px|10%|true|true\u00bb custom_padding_phone=\u00bb50px|8%|50px|8%|true|true\u00bb custom_padding_last_edited=\u00bbon|phone\u00bb border_width_all=\u00bb2vw\u00bb border_color_all=\u00bb#FFFFFF\u00bb box_shadow_style=\u00bbpreset6&#8243; box_shadow_blur=\u00bb0px\u00bb box_shadow_spread=\u00bb2px\u00bb box_shadow_color=\u00bb#000000&#8243; global_colors_info=\u00bb{}\u00bb][et_pb_text _builder_version=\u00bb4.18.0&#8243; _module_preset=\u00bbdefault\u00bb header_font=\u00bb||||||||\u00bb header_text_align=\u00bbleft\u00bb header_text_color=\u00bb#000000&#8243; header_font_size=\u00bb42px\u00bb background_color=\u00bb#FFFFFF\u00bb hover_enabled=\u00bb0&#8243; header_font_size_tablet=\u00bb35px\u00bb header_font_size_phone=\u00bb25px\u00bb header_font_size_last_edited=\u00bbon|phone\u00bb global_colors_info=\u00bb{}\u00bb sticky_enabled=\u00bb0&#8243;]<\/p>\n<h1>Acceso a la zona PRO<\/h1>\n<p>[\/et_pb_text][et_pb_divider color=\u00bb#000000&#8243; divider_weight=\u00bb2px\u00bb _builder_version=\u00bb4.16&#8243; _module_preset=\u00bbdefault\u00bb max_width=\u00bb80px\u00bb module_alignment=\u00bbleft\u00bb height=\u00bb2px\u00bb custom_margin=\u00bb20px||||false|false\u00bb global_colors_info=\u00bb{}\u00bb][\/et_pb_divider][et_pb_login _builder_version=\u00bb4.18.0&#8243; _module_preset=\u00bbdefault\u00bb body_font=\u00bb||on||||||\u00bb background_color=\u00bb#FFFFFF\u00bb custom_button=\u00bbon\u00bb button_text_size=\u00bb16px\u00bb button_text_color=\u00bb#FFFFFF\u00bb button_bg_color=\u00bb#454545&#8243; button_bg_color_gradient_direction=\u00bb111deg\u00bb button_bg_color_gradient_stops=\u00bb#27d89d 0%|#2bced1 100%\u00bb button_bg_color_gradient_start=\u00bb#27d89d\u00bb button_bg_color_gradient_end=\u00bb#2bced1&#8243; button_border_width=\u00bb0px\u00bb button_border_color=\u00bb#DEC79B\u00bb button_border_radius=\u00bb30px\u00bb button_letter_spacing=\u00bb0px\u00bb button_font=\u00bb||||||||\u00bb button_icon_placement=\u00bbleft\u00bb button_on_hover=\u00bboff\u00bb button_custom_margin=\u00bb||||false|false\u00bb button_custom_padding=\u00bb15px||15px||true|false\u00bb background_layout=\u00bblight\u00bb custom_margin=\u00bb30px||||false|false\u00bb custom_padding=\u00bb|0px||0px|false|true\u00bb custom_css_newsletter_form=\u00bbwidth: 100% !important;||padding: 0px !important;\u00bb custom_css_newsletter_fields=\u00bbpadding-top: 20px !important;||padding-bottom: 20px !important;\u00bb custom_css_newsletter_button=\u00bbmax-width: 300px;||text-align: left;||padding-left: 50px !important;||margin-top: 20px;\u00bb border_radii_fields=\u00bbon|0px|0px|0px|0px\u00bb border_color_all_fields=\u00bb#e6e6eb\u00bb border_width_bottom_fields=\u00bb2px\u00bb border_color_bottom_fields=\u00bb#ccceca\u00bb global_colors_info=\u00bb{}\u00bb][\/et_pb_login][\/et_pb_column][\/et_pb_row][\/et_pb_section]<\/p>\n","protected":false},"excerpt":{"rendered":"<p>Acceso a la zona PRO<\/p>\n","protected":false},"author":115,"featured_media":0,"parent":0,"menu_order":0,"comment_status":"closed","ping_status":"closed","template":"","meta":{"_et_pb_use_builder":"on","_et_pb_old_content":"","_et_gb_content_width":"","content-type":"","footnotes":""},"class_list":["post-377967","page","type-page","status-publish","hentry"],"yoast_head":"<!-- This site is optimized with the Yoast SEO plugin v25.9 - https:\/\/yoast.com\/wordpress\/plugins\/seo\/ -->\n<title>Conexi\u00f3n - STARVAC\u00ae- Minceur et anti-\u00e2ge : les cl\u00e9s du succ\u00e8s<\/title>\n<meta name=\"robots\" content=\"index, follow, max-snippet:-1, max-image-preview:large, max-video-preview:-1\" \/>\n<link rel=\"canonical\" href=\"https:\/\/starvac-group.com\/es\/conexion\/\" \/>\n<meta property=\"og:locale\" content=\"es_ES\" \/>\n<meta property=\"og:type\" content=\"article\" \/>\n<meta property=\"og:title\" content=\"Conexi\u00f3n - STARVAC\u00ae- Minceur et anti-\u00e2ge : les cl\u00e9s du succ\u00e8s\" \/>\n<meta property=\"og:description\" content=\"Acceso a la zona PRO\" \/>\n<meta property=\"og:url\" content=\"https:\/\/starvac-group.com\/es\/conexion\/\" \/>\n<meta property=\"og:site_name\" content=\"STARVAC\u00ae- Minceur et anti-\u00e2ge : les cl\u00e9s du succ\u00e8s\" \/>\n<meta property=\"article:publisher\" content=\"https:\/\/www.facebook.com\/Starvac\/\" \/>\n<meta name=\"twitter:card\" content=\"summary_large_image\" \/>\n<meta name=\"twitter:label1\" content=\"Tiempo de lectura\" \/>\n\t<meta name=\"twitter:data1\" content=\"2 minutos\" \/>\n<script type=\"application\/ld+json\" class=\"yoast-schema-graph\">{\"@context\":\"https:\/\/schema.org\",\"@graph\":[{\"@type\":\"WebPage\",\"@id\":\"https:\/\/starvac-group.com\/es\/conexion\/\",\"url\":\"https:\/\/starvac-group.com\/es\/conexion\/\",\"name\":\"Conexi\u00f3n - STARVAC\u00ae- Minceur et anti-\u00e2ge : les cl\u00e9s du succ\u00e8s\",\"isPartOf\":{\"@id\":\"https:\/\/starvac-group.com\/es\/#website\"},\"datePublished\":\"2022-11-04T19:59:17+00:00\",\"breadcrumb\":{\"@id\":\"https:\/\/starvac-group.com\/es\/conexion\/#breadcrumb\"},\"inLanguage\":\"es\",\"potentialAction\":[{\"@type\":\"ReadAction\",\"target\":[\"https:\/\/starvac-group.com\/es\/conexion\/\"]}]},{\"@type\":\"BreadcrumbList\",\"@id\":\"https:\/\/starvac-group.com\/es\/conexion\/#breadcrumb\",\"itemListElement\":[{\"@type\":\"ListItem\",\"position\":1,\"name\":\"Accueil\",\"item\":\"https:\/\/starvac-group.com\/es\/\"},{\"@type\":\"ListItem\",\"position\":2,\"name\":\"Conexi\u00f3n\"}]},{\"@type\":\"WebSite\",\"@id\":\"https:\/\/starvac-group.com\/es\/#website\",\"url\":\"https:\/\/starvac-group.com\/es\/\",\"name\":\"STARVAC\u00ae- Minceur et anti-\u00e2ge : les cl\u00e9s du succ\u00e8s\",\"description\":\"\",\"publisher\":{\"@id\":\"https:\/\/starvac-group.com\/es\/#organization\"},\"potentialAction\":[{\"@type\":\"SearchAction\",\"target\":{\"@type\":\"EntryPoint\",\"urlTemplate\":\"https:\/\/starvac-group.com\/es\/?s={search_term_string}\"},\"query-input\":{\"@type\":\"PropertyValueSpecification\",\"valueRequired\":true,\"valueName\":\"search_term_string\"}}],\"inLanguage\":\"es\"},{\"@type\":\"Organization\",\"@id\":\"https:\/\/starvac-group.com\/es\/#organization\",\"name\":\"Starvac Group\",\"alternateName\":\"Starvac\",\"url\":\"https:\/\/starvac-group.com\/es\/\",\"logo\":{\"@type\":\"ImageObject\",\"inLanguage\":\"es\",\"@id\":\"https:\/\/starvac-group.com\/es\/#\/schema\/logo\/image\/\",\"url\":\"https:\/\/starvac-group.com\/wp-content\/uploads\/2023\/11\/STARVAC-GROUP-CARRE.jpg\",\"contentUrl\":\"https:\/\/starvac-group.com\/wp-content\/uploads\/2023\/11\/STARVAC-GROUP-CARRE.jpg\",\"width\":283,\"height\":282,\"caption\":\"Starvac Group\"},\"image\":{\"@id\":\"https:\/\/starvac-group.com\/es\/#\/schema\/logo\/image\/\"},\"sameAs\":[\"https:\/\/www.facebook.com\/Starvac\/\",\"https:\/\/www.instagram.com\/starvac.beauty\/\"]}]}<\/script>\n<!-- \/ Yoast SEO plugin. -->","yoast_head_json":{"title":"Conexi\u00f3n - STARVAC\u00ae- Minceur et anti-\u00e2ge : les cl\u00e9s du succ\u00e8s","robots":{"index":"index","follow":"follow","max-snippet":"max-snippet:-1","max-image-preview":"max-image-preview:large","max-video-preview":"max-video-preview:-1"},"canonical":"https:\/\/starvac-group.com\/es\/conexion\/","og_locale":"es_ES","og_type":"article","og_title":"Conexi\u00f3n - STARVAC\u00ae- Minceur et anti-\u00e2ge : les cl\u00e9s du succ\u00e8s","og_description":"Acceso a la zona PRO","og_url":"https:\/\/starvac-group.com\/es\/conexion\/","og_site_name":"STARVAC\u00ae- Minceur et anti-\u00e2ge : les cl\u00e9s du succ\u00e8s","article_publisher":"https:\/\/www.facebook.com\/Starvac\/","twitter_card":"summary_large_image","twitter_misc":{"Tiempo de lectura":"2 minutos"},"schema":{"@context":"https:\/\/schema.org","@graph":[{"@type":"WebPage","@id":"https:\/\/starvac-group.com\/es\/conexion\/","url":"https:\/\/starvac-group.com\/es\/conexion\/","name":"Conexi\u00f3n - STARVAC\u00ae- Minceur et anti-\u00e2ge : les cl\u00e9s du succ\u00e8s","isPartOf":{"@id":"https:\/\/starvac-group.com\/es\/#website"},"datePublished":"2022-11-04T19:59:17+00:00","breadcrumb":{"@id":"https:\/\/starvac-group.com\/es\/conexion\/#breadcrumb"},"inLanguage":"es","potentialAction":[{"@type":"ReadAction","target":["https:\/\/starvac-group.com\/es\/conexion\/"]}]},{"@type":"BreadcrumbList","@id":"https:\/\/starvac-group.com\/es\/conexion\/#breadcrumb","itemListElement":[{"@type":"ListItem","position":1,"name":"Accueil","item":"https:\/\/starvac-group.com\/es\/"},{"@type":"ListItem","position":2,"name":"Conexi\u00f3n"}]},{"@type":"WebSite","@id":"https:\/\/starvac-group.com\/es\/#website","url":"https:\/\/starvac-group.com\/es\/","name":"STARVAC\u00ae- Minceur et anti-\u00e2ge : les cl\u00e9s du succ\u00e8s","description":"","publisher":{"@id":"https:\/\/starvac-group.com\/es\/#organization"},"potentialAction":[{"@type":"SearchAction","target":{"@type":"EntryPoint","urlTemplate":"https:\/\/starvac-group.com\/es\/?s={search_term_string}"},"query-input":{"@type":"PropertyValueSpecification","valueRequired":true,"valueName":"search_term_string"}}],"inLanguage":"es"},{"@type":"Organization","@id":"https:\/\/starvac-group.com\/es\/#organization","name":"Starvac Group","alternateName":"Starvac","url":"https:\/\/starvac-group.com\/es\/","logo":{"@type":"ImageObject","inLanguage":"es","@id":"https:\/\/starvac-group.com\/es\/#\/schema\/logo\/image\/","url":"https:\/\/starvac-group.com\/wp-content\/uploads\/2023\/11\/STARVAC-GROUP-CARRE.jpg","contentUrl":"https:\/\/starvac-group.com\/wp-content\/uploads\/2023\/11\/STARVAC-GROUP-CARRE.jpg","width":283,"height":282,"caption":"Starvac Group"},"image":{"@id":"https:\/\/starvac-group.com\/es\/#\/schema\/logo\/image\/"},"sameAs":["https:\/\/www.facebook.com\/Starvac\/","https:\/\/www.instagram.com\/starvac.beauty\/"]}]}},"_links":{"self":[{"href":"https:\/\/starvac-group.com\/es\/wp-json\/wp\/v2\/pages\/377967","targetHints":{"allow":["GET"]}}],"collection":[{"href":"https:\/\/starvac-group.com\/es\/wp-json\/wp\/v2\/pages"}],"about":[{"href":"https:\/\/starvac-group.com\/es\/wp-json\/wp\/v2\/types\/page"}],"author":[{"embeddable":true,"href":"https:\/\/starvac-group.com\/es\/wp-json\/wp\/v2\/users\/115"}],"replies":[{"embeddable":true,"href":"https:\/\/starvac-group.com\/es\/wp-json\/wp\/v2\/comments?post=377967"}],"version-history":[{"count":0,"href":"https:\/\/starvac-group.com\/es\/wp-json\/wp\/v2\/pages\/377967\/revisions"}],"wp:attachment":[{"href":"https:\/\/starvac-group.com\/es\/wp-json\/wp\/v2\/media?parent=377967"}],"curies":[{"name":"wp","href":"https:\/\/api.w.org\/{rel}","templated":true}]}}