{"id":377975,"date":"2022-11-04T19:59:18","date_gmt":"2022-11-04T19:59:18","guid":{"rendered":"https:\/\/starvac-group.com\/informacion-legal\/"},"modified":"2022-11-04T19:59:18","modified_gmt":"2022-11-04T19:59:18","slug":"informacion-legal","status":"publish","type":"page","link":"https:\/\/starvac-group.com\/es\/informacion-legal\/","title":{"rendered":"Informaci\u00f3n legal"},"content":{"rendered":"<p>[et_pb_section fb_built=\u00bb1&#8243; theme_builder_area=\u00bbpost_content\u00bb _builder_version=\u00bb4.18.0&#8243; _module_preset=\u00bbdefault\u00bb custom_margin=\u00bb80px||80px||true|false\u00bb hover_enabled=\u00bb0&#8243; sticky_enabled=\u00bb0&#8243;][et_pb_row _builder_version=\u00bb4.18.0&#8243; _module_preset=\u00bbdefault\u00bb theme_builder_area=\u00bbpost_content\u00bb][et_pb_column _builder_version=\u00bb4.18.0&#8243; _module_preset=\u00bbdefault\u00bb type=\u00bb4_4&#8243; theme_builder_area=\u00bbpost_content\u00bb][et_pb_text _builder_version=\u00bb4.18.0&#8243; _module_preset=\u00bbdefault\u00bb theme_builder_area=\u00bbpost_content\u00bb hover_enabled=\u00bb0&#8243; sticky_enabled=\u00bb0&#8243;]<\/p>\n<h1 style=\"text-align: center;\">Aviso legal del GRUPO STARVAC<\/h1>\n<p style=\"text-align: center;\"><strong>Versi\u00f3n del 12 de octubre de 2022<\/strong><\/p>\n<p>De conformidad con las disposiciones de los art\u00edculos 6-III y 19 de la Ley n\u00ba 2004-575 de 21 de junio de 2004 para la Confianza en la Econom\u00eda Digital, conocida como L.C.E.N., se informa a los usuarios y visitantes del sitio www.starvac-group.com del presente aviso legal.<\/p>\n<p>Estas condiciones generales determinan los t\u00e9rminos y condiciones de uso del sitio web de STARVAC que usted acepta por el mero hecho de consultar este sitio web. Si no est\u00e1 de acuerdo con ellos, se le pide que abandone este sitio. Si usted es menor de edad, se compromete a consultar este sitio s\u00f3lo en presencia de sus padres o de su tutor, que habr\u00e1n aceptado previamente estas condiciones. El uso y la consulta del sitio se limitan a fines personales y no comerciales.<br \/>Estas condiciones est\u00e1n sujetas a la legislaci\u00f3n francesa y pueden ser modificadas en cualquier momento sin previo aviso. A falta de un acuerdo amistoso, los tribunales franceses ser\u00e1n competentes para resolver cualquier litigio relacionado con el incumplimiento de estas condiciones.<\/p>\n<p>Estas condiciones est\u00e1n disponibles en el Sitio bajo el t\u00edtulo \u00abInformaci\u00f3n legal\u00bb.<\/p>\n<h2>ART\u00cdCULO 1 &#8211; EL EDITOR<\/h2>\n<p>La edici\u00f3n y la direcci\u00f3n de la publicaci\u00f3n del Sitio Web est\u00e1n aseguradas por Daniel Frajdenrajch, Presidente de la sociedad STARVAC GROUP y domiciliado en ZAC de, 29 Rue Paule Raymondis, 31200 Toulouse, cuyo n\u00famero de tel\u00e9fono es 0534250770, y direcci\u00f3n de correo electr\u00f3nico info@starvac-group.com.<\/p>\n<p>STARVAC GROUP, sociedad an\u00f3nima simplificada, inscrita con el n\u00famero SIREN 412260150, inscrita en el Registro Mercantil con el n\u00famero Toulouse B 412 260 150, lleva 25 a\u00f1os de actividad. Establecida en TOULOUSE (31200), est\u00e1 especializada en la fabricaci\u00f3n de equipos m\u00e9dicos y quir\u00fargicos y cuenta con un capital social de 240 360,00 euros.<\/p>\n<h2>ART\u00cdCULO 2 &#8211; EL ANFITRI\u00d3N<\/h2>\n<p>El anfitri\u00f3n del Sitio es la empresa O2SWITCH, una sociedad an\u00f3nima simplificada, registrada con el n\u00famero SIREN 510909807, que lleva 13 a\u00f1os en el mercado. Situada en CLERMONT-FERRAND (63000), est\u00e1 especializada en el sector de la inform\u00e1tica, el alojamiento y las actividades conexas<\/p>\n<h2>ART\u00cdCULO 3 &#8211; EL PROMOTOR<\/h2>\n<p>El desarrollador del Sitio es el colectivo EXOCORP, a trav\u00e9s de MF CONSULTING, una empresa aut\u00f3noma, registrada en el SIREN 822 031 373, ubicada en LYON (69003), especializada en la transformaci\u00f3n digital de las empresas.<\/p>\n<h2>ART\u00cdCULO 4 &#8211; FINALIDAD DEL SITIO<\/h2>\n<p>Este sitio ha sido creado para ofrecerle informaci\u00f3n sobre la empresa, su organizaci\u00f3n, su historia, sus productos y sus reivindicaciones.<br \/>Dado que la comunicaci\u00f3n relativa a los productos fabricados, distribuidos y comercializados por STARVAC est\u00e1 sometida a una normativa espec\u00edfica, el sitio web est\u00e1 separado en varias partes diferenciadas y claramente identificadas para el Usuario: aparatos con estatus de producto sanitario, cosm\u00e9ticos y complementos alimenticios.<br \/>La informaci\u00f3n que se encuentra en este sitio no debe utilizarse para proporcionar asesoramiento m\u00e9dico y no debe sustituir a una consulta con un profesional de la salud si su estado de salud lo requiere.<br \/>Asimismo, esta informaci\u00f3n no debe interpretarse como una recomendaci\u00f3n de uso de los productos sin el asesoramiento de un profesional de la salud o un experto de STARVAC.<\/p>\n<h2>ART\u00cdCULO 5 &#8211; GARANT\u00cdAS Y RESPONSABILIDADES<\/h2>\n<p>STARVAC GROUP se compromete a verificar que el contenido de este sitio web cumple con las disposiciones legales vigentes. En particular, se compromete a no difundir datos que violen los derechos de terceros, que sean de car\u00e1cter violento, pornogr\u00e1fico o difamatorio y a no difundir contenidos ilegales, en particular racistas, xen\u00f3fobos, ped\u00f3filos o que atenten contra la dignidad humana.<\/p>\n<p>No obstante, STARVAC GROUP no garantiza la exactitud, la actualidad ni la exhaustividad de la informaci\u00f3n contenida en este sitio web.<\/p>\n<p>STARVAC GROUP no se hace responsable:<br \/>Los da\u00f1os resultantes directa o indirectamente de la consulta de este sitio o del uso de la informaci\u00f3n disponible en \u00e9l;<br \/>Los da\u00f1os directos o indirectos resultantes del uso de este sitio web, y en particular cualquier p\u00e9rdida operativa, financiera o comercial o p\u00e9rdida de programas o datos en cualquier sistema de informaci\u00f3n, incluso si STARVAC GROUP ha sido informado de la posibilidad de tales da\u00f1os.<\/p>\n<p>STARVAC no asume ninguna responsabilidad por los enlaces a otros sitios web, que se proporcionan \u00fanicamente con fines informativos.<br \/>STARVAC se reserva el derecho, a su discreci\u00f3n, de modificar, interrumpir temporal o permanentemente todo o parte de este sitio web sin previo aviso ni compensaci\u00f3n. STARVAC no ser\u00e1 responsable ante usted ni ante ning\u00fan tercero por cualquier modificaci\u00f3n, interrupci\u00f3n o suspensi\u00f3n de este sitio web.<\/p>\n<h2>ART\u00cdCULO 6- ACCESO AL SITIO<\/h2>\n<p>El Sitio es accesible en todo momento, 7 d\u00edas a la semana, 24 horas al d\u00eda, excepto en caso de fuerza mayor, interrupci\u00f3n programada o no programada, y que puede ser resultado de una necesidad de mantenimiento.<\/p>\n<p>El Editor no ser\u00e1 responsable de ninguna modificaci\u00f3n, interrupci\u00f3n o suspensi\u00f3n del Sitio.<\/p>\n<h2>ART\u00cdCULO 7 &#8211; DERECHOS DE PROPIEDAD INTELECTUAL<\/h2>\n<p>Todos los logotipos, im\u00e1genes de productos y textos disponibles en este sitio web, as\u00ed como todos los nombres de productos o marcas comerciales mencionados son propiedad exclusiva de STARVAC GROUP o tienen licencia para ello.<br \/>Puede descargar, mostrar o imprimir la informaci\u00f3n disponible en este sitio para uso privado, con fines no comerciales, sin modificar ninguna menci\u00f3n, incluidas las relativas a los derechos de propiedad intelectual, y asegur\u00e1ndose de que se haga la siguiente menci\u00f3n en cada copia que se realice: \u00abEste documento procede del sitio web del Grupo Starvac (Starvac-Group). Todos los derechos reservados\u00bb.<br \/>Cualquier uso, reproducci\u00f3n, distribuci\u00f3n, comercializaci\u00f3n, modificaci\u00f3n de la totalidad o parte del sitio web, distinto del mencionado anteriormente, con la autorizaci\u00f3n previa y por escrito del GRUPO STARVAC est\u00e1 prohibido y puede dar lugar a acciones legales y procesales, tal y como se establece, en particular, en el C\u00f3digo de la Propiedad Intelectual y en el C\u00f3digo Civil.<\/p>\n<h2>ART\u00cdCULO 8 &#8211; RECOGIDA Y PROTECCI\u00d3N DE DATOS PERSONALES<\/h2>\n<p>El Sitio garantiza que la informaci\u00f3n personal del Usuario se recoge y se procesa respetando la privacidad de acuerdo con la ley francesa n\u00b078-17 del 6 de enero de 1978 relativa a la tecnolog\u00eda de la informaci\u00f3n, los archivos y las libertades.<\/p>\n<p>De acuerdo con la Ley de Protecci\u00f3n de Datos de 6 de enero de 1978, el usuario tiene derecho a acceder, rectificar, eliminar y oponerse a sus datos personales. El usuario puede ejercer este derecho enviando un correo electr\u00f3nico a la siguiente direcci\u00f3n: info@starvac-group.com<\/p>\n<p>Para m\u00e1s informaci\u00f3n, consulte nuestra pol\u00edtica de privacidad en la siguiente direcci\u00f3n Datos personales | Starvac (starvac-group.com)<\/p>\n<h2>ART\u00cdCULO 9- POL\u00cdTICA DE COOKIES<\/h2>\n<p>Para m\u00e1s informaci\u00f3n sobre el uso de cookies en el sitio web, STARVAC GROUP invita a los Usuarios a consultar nuestra pol\u00edtica de privacidad en la siguiente direcci\u00f3n Datos personales | Starvac (starvac-group.com)<\/p>\n<p>[\/et_pb_text][\/et_pb_column][\/et_pb_row][\/et_pb_section]<\/p>\n","protected":false},"excerpt":{"rendered":"<p>Aviso legal del GRUPO STARVAC Versi\u00f3n del 12 de octubre de 2022 De conformidad con las disposiciones de los art\u00edculos 6-III y 19 de la Ley n\u00ba 2004-575 de 21 de junio de 2004 para la Confianza en la Econom\u00eda Digital, conocida como L.C.E.N., se informa a los usuarios y visitantes del sitio www.starvac-group.com del [&hellip;]<\/p>\n","protected":false},"author":115,"featured_media":0,"parent":0,"menu_order":0,"comment_status":"closed","ping_status":"closed","template":"","meta":{"_et_pb_use_builder":"on","_et_pb_old_content":"","_et_gb_content_width":"","content-type":"","footnotes":""},"class_list":["post-377975","page","type-page","status-publish","hentry"],"yoast_head":"<!-- This site is optimized with the Yoast SEO plugin v25.9 - https:\/\/yoast.com\/wordpress\/plugins\/seo\/ -->\n<title>Informaci\u00f3n legal - STARVAC\u00ae- Minceur et anti-\u00e2ge : les cl\u00e9s du succ\u00e8s<\/title>\n<meta name=\"robots\" content=\"noindex, follow\" \/>\n<meta property=\"og:locale\" content=\"es_ES\" \/>\n<meta property=\"og:type\" content=\"article\" \/>\n<meta property=\"og:title\" content=\"Informaci\u00f3n legal - STARVAC\u00ae- Minceur et anti-\u00e2ge : les cl\u00e9s du succ\u00e8s\" \/>\n<meta property=\"og:description\" content=\"Aviso legal del GRUPO STARVAC Versi\u00f3n del 12 de octubre de 2022 De conformidad con las disposiciones de los art\u00edculos 6-III y 19 de la Ley n\u00ba 2004-575 de 21 de junio de 2004 para la Confianza en la Econom\u00eda Digital, conocida como L.C.E.N., se informa a los usuarios y visitantes del sitio www.starvac-group.com del [&hellip;]\" \/>\n<meta property=\"og:url\" content=\"https:\/\/starvac-group.com\/es\/informacion-legal\/\" \/>\n<meta property=\"og:site_name\" content=\"STARVAC\u00ae- Minceur et anti-\u00e2ge : les cl\u00e9s du succ\u00e8s\" \/>\n<meta property=\"article:publisher\" content=\"https:\/\/www.facebook.com\/Starvac\/\" \/>\n<meta name=\"twitter:card\" content=\"summary_large_image\" \/>\n<meta name=\"twitter:label1\" content=\"Tiempo de lectura\" \/>\n\t<meta name=\"twitter:data1\" content=\"6 minutos\" \/>\n<script type=\"application\/ld+json\" class=\"yoast-schema-graph\">{\"@context\":\"https:\/\/schema.org\",\"@graph\":[{\"@type\":\"WebPage\",\"@id\":\"https:\/\/starvac-group.com\/es\/informacion-legal\/\",\"url\":\"https:\/\/starvac-group.com\/es\/informacion-legal\/\",\"name\":\"Informaci\u00f3n legal - STARVAC\u00ae- Minceur et anti-\u00e2ge : les cl\u00e9s du succ\u00e8s\",\"isPartOf\":{\"@id\":\"https:\/\/starvac-group.com\/es\/#website\"},\"datePublished\":\"2022-11-04T19:59:18+00:00\",\"breadcrumb\":{\"@id\":\"https:\/\/starvac-group.com\/es\/informacion-legal\/#breadcrumb\"},\"inLanguage\":\"es\",\"potentialAction\":[{\"@type\":\"ReadAction\",\"target\":[\"https:\/\/starvac-group.com\/es\/informacion-legal\/\"]}]},{\"@type\":\"BreadcrumbList\",\"@id\":\"https:\/\/starvac-group.com\/es\/informacion-legal\/#breadcrumb\",\"itemListElement\":[{\"@type\":\"ListItem\",\"position\":1,\"name\":\"Accueil\",\"item\":\"https:\/\/starvac-group.com\/es\/\"},{\"@type\":\"ListItem\",\"position\":2,\"name\":\"Informaci\u00f3n legal\"}]},{\"@type\":\"WebSite\",\"@id\":\"https:\/\/starvac-group.com\/es\/#website\",\"url\":\"https:\/\/starvac-group.com\/es\/\",\"name\":\"STARVAC\u00ae- Minceur et anti-\u00e2ge : les cl\u00e9s du succ\u00e8s\",\"description\":\"\",\"publisher\":{\"@id\":\"https:\/\/starvac-group.com\/es\/#organization\"},\"potentialAction\":[{\"@type\":\"SearchAction\",\"target\":{\"@type\":\"EntryPoint\",\"urlTemplate\":\"https:\/\/starvac-group.com\/es\/?s={search_term_string}\"},\"query-input\":{\"@type\":\"PropertyValueSpecification\",\"valueRequired\":true,\"valueName\":\"search_term_string\"}}],\"inLanguage\":\"es\"},{\"@type\":\"Organization\",\"@id\":\"https:\/\/starvac-group.com\/es\/#organization\",\"name\":\"Starvac Group\",\"alternateName\":\"Starvac\",\"url\":\"https:\/\/starvac-group.com\/es\/\",\"logo\":{\"@type\":\"ImageObject\",\"inLanguage\":\"es\",\"@id\":\"https:\/\/starvac-group.com\/es\/#\/schema\/logo\/image\/\",\"url\":\"https:\/\/starvac-group.com\/wp-content\/uploads\/2023\/11\/STARVAC-GROUP-CARRE.jpg\",\"contentUrl\":\"https:\/\/starvac-group.com\/wp-content\/uploads\/2023\/11\/STARVAC-GROUP-CARRE.jpg\",\"width\":283,\"height\":282,\"caption\":\"Starvac Group\"},\"image\":{\"@id\":\"https:\/\/starvac-group.com\/es\/#\/schema\/logo\/image\/\"},\"sameAs\":[\"https:\/\/www.facebook.com\/Starvac\/\",\"https:\/\/www.instagram.com\/starvac.beauty\/\"]}]}<\/script>\n<!-- \/ Yoast SEO plugin. -->","yoast_head_json":{"title":"Informaci\u00f3n legal - STARVAC\u00ae- Minceur et anti-\u00e2ge : les cl\u00e9s du succ\u00e8s","robots":{"index":"noindex","follow":"follow"},"og_locale":"es_ES","og_type":"article","og_title":"Informaci\u00f3n legal - STARVAC\u00ae- Minceur et anti-\u00e2ge : les cl\u00e9s du succ\u00e8s","og_description":"Aviso legal del GRUPO STARVAC Versi\u00f3n del 12 de octubre de 2022 De conformidad con las disposiciones de los art\u00edculos 6-III y 19 de la Ley n\u00ba 2004-575 de 21 de junio de 2004 para la Confianza en la Econom\u00eda Digital, conocida como L.C.E.N., se informa a los usuarios y visitantes del sitio www.starvac-group.com del [&hellip;]","og_url":"https:\/\/starvac-group.com\/es\/informacion-legal\/","og_site_name":"STARVAC\u00ae- Minceur et anti-\u00e2ge : les cl\u00e9s du succ\u00e8s","article_publisher":"https:\/\/www.facebook.com\/Starvac\/","twitter_card":"summary_large_image","twitter_misc":{"Tiempo de lectura":"6 minutos"},"schema":{"@context":"https:\/\/schema.org","@graph":[{"@type":"WebPage","@id":"https:\/\/starvac-group.com\/es\/informacion-legal\/","url":"https:\/\/starvac-group.com\/es\/informacion-legal\/","name":"Informaci\u00f3n legal - STARVAC\u00ae- Minceur et anti-\u00e2ge : les cl\u00e9s du succ\u00e8s","isPartOf":{"@id":"https:\/\/starvac-group.com\/es\/#website"},"datePublished":"2022-11-04T19:59:18+00:00","breadcrumb":{"@id":"https:\/\/starvac-group.com\/es\/informacion-legal\/#breadcrumb"},"inLanguage":"es","potentialAction":[{"@type":"ReadAction","target":["https:\/\/starvac-group.com\/es\/informacion-legal\/"]}]},{"@type":"BreadcrumbList","@id":"https:\/\/starvac-group.com\/es\/informacion-legal\/#breadcrumb","itemListElement":[{"@type":"ListItem","position":1,"name":"Accueil","item":"https:\/\/starvac-group.com\/es\/"},{"@type":"ListItem","position":2,"name":"Informaci\u00f3n legal"}]},{"@type":"WebSite","@id":"https:\/\/starvac-group.com\/es\/#website","url":"https:\/\/starvac-group.com\/es\/","name":"STARVAC\u00ae- Minceur et anti-\u00e2ge : les cl\u00e9s du succ\u00e8s","description":"","publisher":{"@id":"https:\/\/starvac-group.com\/es\/#organization"},"potentialAction":[{"@type":"SearchAction","target":{"@type":"EntryPoint","urlTemplate":"https:\/\/starvac-group.com\/es\/?s={search_term_string}"},"query-input":{"@type":"PropertyValueSpecification","valueRequired":true,"valueName":"search_term_string"}}],"inLanguage":"es"},{"@type":"Organization","@id":"https:\/\/starvac-group.com\/es\/#organization","name":"Starvac Group","alternateName":"Starvac","url":"https:\/\/starvac-group.com\/es\/","logo":{"@type":"ImageObject","inLanguage":"es","@id":"https:\/\/starvac-group.com\/es\/#\/schema\/logo\/image\/","url":"https:\/\/starvac-group.com\/wp-content\/uploads\/2023\/11\/STARVAC-GROUP-CARRE.jpg","contentUrl":"https:\/\/starvac-group.com\/wp-content\/uploads\/2023\/11\/STARVAC-GROUP-CARRE.jpg","width":283,"height":282,"caption":"Starvac Group"},"image":{"@id":"https:\/\/starvac-group.com\/es\/#\/schema\/logo\/image\/"},"sameAs":["https:\/\/www.facebook.com\/Starvac\/","https:\/\/www.instagram.com\/starvac.beauty\/"]}]}},"_links":{"self":[{"href":"https:\/\/starvac-group.com\/es\/wp-json\/wp\/v2\/pages\/377975","targetHints":{"allow":["GET"]}}],"collection":[{"href":"https:\/\/starvac-group.com\/es\/wp-json\/wp\/v2\/pages"}],"about":[{"href":"https:\/\/starvac-group.com\/es\/wp-json\/wp\/v2\/types\/page"}],"author":[{"embeddable":true,"href":"https:\/\/starvac-group.com\/es\/wp-json\/wp\/v2\/users\/115"}],"replies":[{"embeddable":true,"href":"https:\/\/starvac-group.com\/es\/wp-json\/wp\/v2\/comments?post=377975"}],"version-history":[{"count":0,"href":"https:\/\/starvac-group.com\/es\/wp-json\/wp\/v2\/pages\/377975\/revisions"}],"wp:attachment":[{"href":"https:\/\/starvac-group.com\/es\/wp-json\/wp\/v2\/media?parent=377975"}],"curies":[{"name":"wp","href":"https:\/\/api.w.org\/{rel}","templated":true}]}}