{"id":377985,"date":"2022-11-04T19:59:19","date_gmt":"2022-11-04T19:59:19","guid":{"rendered":"https:\/\/starvac-group.com\/area-profesional\/"},"modified":"2023-03-01T10:42:29","modified_gmt":"2023-03-01T10:42:29","slug":"area-profesional","status":"publish","type":"page","link":"https:\/\/starvac-group.com\/es\/area-profesional\/","title":{"rendered":"\u00c1rea profesional"},"content":{"rendered":"<p>[et_pb_section fb_built=\u00bb1&#8243; custom_padding_last_edited=\u00bbon|tablet\u00bb admin_label=\u00bbCrazy Header &#8211; Tina &#8211; BG image 1900&#215;919 &#8211; NON LOGUE\u00bb module_class=\u00bbtina_header_crazy\u00bb _builder_version=\u00bb4.17.4&#8243; _module_preset=\u00bbdefault\u00bb background_image=\u00bbhttps:\/\/starvac.exo-corp.com\/wp-content\/uploads\/2022\/05\/tina-header-crazy-image-min.jpg\u00bb overflow-x=\u00bbhidden\u00bb overflow-y=\u00bbhidden\u00bb display_conditions=\u00bbW3siaWQiOiI3MDY5NDhkYS1hMDU0LTQwNmQtYjJmMy1kNDdiMzIyNTI4OGIiLCJjb25kaXRpb24iOiJsb2dnZWRJblN0YXR1cyIsImNvbmRpdGlvblNldHRpbmdzIjp7ImRpc3BsYXlSdWxlIjoibG9nZ2VkT3V0IiwiYWRtaW5MYWJlbCI6IkxvZ2dlZCBJbiBTdGF0dXMiLCJlbmFibGVDb25kaXRpb24iOiJvbiJ9LCJvcGVyYXRvciI6Ik9SIn1d\u00bb custom_padding=\u00bb119px||0px||false|false\u00bb custom_padding_tablet=\u00bb40px||||false|false\u00bb custom_padding_phone=\u00bb\u00bb global_colors_info=\u00bb{}\u00bb][et_pb_row column_structure=\u00bb3_5,2_5&#8243; custom_padding_last_edited=\u00bbon|tablet\u00bb admin_label=\u00bbCrazy Header &#8211; Tina &#8211; Row\u00bb _builder_version=\u00bb4.16&#8243; _module_preset=\u00bbdefault\u00bb width=\u00bb90%\u00bb custom_padding=\u00bb||101px||false|false\u00bb custom_padding_tablet=\u00bb||70px||false|false\u00bb custom_padding_phone=\u00bb\u00bb global_colors_info=\u00bb{}\u00bb][et_pb_column type=\u00bb3_5&#8243; _builder_version=\u00bb4.16&#8243; _module_preset=\u00bbdefault\u00bb custom_padding=\u00bb47px||||false|false\u00bb custom_padding_tablet=\u00bb10px||||false|false\u00bb custom_padding_phone=\u00bb0px||||false|false\u00bb custom_padding_last_edited=\u00bbon|phone\u00bb custom_css_main_element=\u00bb     width: 55% !important;||    margin-right: 4.5% !important;\u00bb global_colors_info=\u00bb{}\u00bb][et_pb_cta title=\u00bb\u00c1rea Pro\u00bb button_text=\u00bbClick Here\u00bb admin_label=\u00bbCrazy Header &#8211; Tina &#8211; Call To Action\u00bb _builder_version=\u00bb4.18.0&#8243; _module_preset=\u00bbdefault\u00bb header_font=\u00bbRoboto|||on|||||\u00bb header_text_color=\u00bb#18181e\u00bb header_font_size=\u00bb16px\u00bb header_line_height=\u00bb120%\u00bb body_font=\u00bb|600|||||||\u00bb body_text_color=\u00bb#1e1e26&#8243; body_font_size=\u00bb40px\u00bb body_line_height=\u00bb120%\u00bb use_background_color=\u00bboff\u00bb text_orientation=\u00bbleft\u00bb custom_margin=\u00bb||23px||false|false\u00bb header_font_size_tablet=\u00bb30px\u00bb header_font_size_phone=\u00bb24px\u00bb header_font_size_last_edited=\u00bboff|desktop\u00bb body_font_size_tablet=\u00bb36px\u00bb body_font_size_phone=\u00bb26px\u00bb body_font_size_last_edited=\u00bbon|phone\u00bb text_orientation_tablet=\u00bb\u00bb text_orientation_phone=\u00bbcenter\u00bb text_orientation_last_edited=\u00bbon|phone\u00bb custom_css_promo_description=\u00bbfont-weight: 400;||padding-bottom: 0 !important;\u00bb custom_css_promo_title=\u00bbfont-weight: 400;||    margin-right: -20px;\u00bb locked=\u00bboff\u00bb global_colors_info=\u00bb{}\u00bb]<\/p>\n<p>P\u00f3ngase en contacto con nuestro departamento comercial para obtener su acceso al espacio reservado a los profesionales.<\/p>\n<p>[\/et_pb_cta][et_pb_text ul_type=\u00bbnone\u00bb admin_label=\u00bbCrazy Header &#8211; Tina &#8211; Text\u00bb _builder_version=\u00bb4.18.0&#8243; _module_preset=\u00bbdefault\u00bb text_font=\u00bbRoboto||||||||\u00bb text_text_color=\u00bb#18181e\u00bb text_font_size=\u00bb16px\u00bb text_line_height=\u00bb120%\u00bb header_6_text_color=\u00bb#000000&#8243; text_orientation_tablet=\u00bb\u00bb text_orientation_phone=\u00bbcenter\u00bb text_orientation_last_edited=\u00bbon|phone\u00bb custom_css_main_element=\u00bbfont-weight: 400 !important;\u00bb locked=\u00bboff\u00bb global_colors_info=\u00bb{}\u00bb]<\/p>\n<ul>\n<li>Formaci\u00f3n certificada. Un equipo de profesionales a su servicio.<\/li>\n<li>Sitio web multiling\u00fce<\/li>\n<li>Certificaci\u00f3n sanitaria de productos con marcado CE<\/li>\n<\/ul>\n<p>[\/et_pb_text][\/et_pb_column][et_pb_column type=\u00bb2_5&#8243; _builder_version=\u00bb4.16&#8243; _module_preset=\u00bbdefault\u00bb custom_css_main_element=\u00bb     width: 40.5% !important;\u00bb global_colors_info=\u00bb{}\u00bb][et_pb_contact_form use_spam_service=\u00bbon\u00bb recaptcha_list=\u00bbDefault-0&#8243; title=\u00bbSolicitar acceso PRO\u00bb custom_message=\u00bbNouvelle demande d&#8217;acc\u00e8s \u00e0 l&#8217;Espace PRO sur le site starvac-group.com||et_pb_line_break_holder||||et_pb_line_break_holder||Civilit\u00e9 : %%Civilite%%||et_pb_line_break_holder||Nom : %%Nom%%||et_pb_line_break_holder||Pr\u00e9nom : %%Prenom%%||et_pb_line_break_holder||Raison sociale : %%Raison-social%%||et_pb_line_break_holder||Adresse : %%Adresse%%||et_pb_line_break_holder||Code postal : %%Code-postal%%||et_pb_line_break_holder||Adresse e-mail : %%Email%%||et_pb_line_break_holder||T\u00e9l\u00e9phone : %%Telephone%%||et_pb_line_break_holder||Groupe : %%Groupe%%||et_pb_line_break_holder||\u00bb use_redirect=\u00bbon\u00bb redirect_url=\u00bb\/merci-espace-pro\/\u00bb success_message=\u00bbNous avons re\u00e7u votre demande.\u00bb submit_button_text=\u00bbFAIRE LA DEMANDE\u00bb _builder_version=\u00bb4.19.5&#8243; _module_preset=\u00bbdefault\u00bb _unique_id=\u00bbb8dcd55b-b7bc-4afe-a14a-a45c6270d79e\u00bb form_field_background_color=\u00bb#f5f5f5&#8243; form_field_text_color=\u00bb#8F8F8F\u00bb form_field_focus_text_color=\u00bb#454545&#8243; form_field_custom_margin=\u00bb||||false|false\u00bb form_field_custom_padding=\u00bb||||false|false\u00bb title_text_align=\u00bbcenter\u00bb background_color=\u00bb#FFFFFF\u00bb custom_button=\u00bbon\u00bb button_text_color=\u00bb#454545&#8243; button_bg_color=\u00bb#DEC79B\u00bb button_border_width=\u00bb0px\u00bb button_border_radius=\u00bb30px\u00bb button_letter_spacing=\u00bb1px\u00bb button_font=\u00bb||||||||\u00bb custom_margin=\u00bb||||false|false\u00bb custom_padding=\u00bb80px|50px|50px|50px|false|true\u00bb hover_enabled=\u00bb0&#8243; global_colors_info=\u00bb{}\u00bb email=\u00bbinfo@starvac-group.com\u00bb sticky_enabled=\u00bb0&#8243;][et_pb_contact_field field_id=\u00bbCivilite\u00bb field_title=\u00bbCivilit\u00e9\u00bb field_type=\u00bbselect\u00bb select_options=%91{%%22:%22M%22,%22%22:0,%%22:-1},{%%22:%%22,%%22:0,%%22:0}%\u00bb fullwidth_field=\u00bbon\u00bb _builder_version=\u00bb4.19.4&#8243; _module_preset=\u00bbdefault\u00bb global_colors_info=\u00bb{}\u00bb][\/et_pb_contact_field][et_pb_contact_field field_id=\u00bbNom\u00bb field_title=\u00bbNom\u00bb _builder_version=\u00bb4.19.4&#8243; global_colors_info=\u00bb{}\u00bb button_text_size__hover_enabled=\u00bboff\u00bb button_one_text_size__hover_enabled=\u00bboff\u00bb button_two_text_size__hover_enabled=\u00bboff\u00bb button_text_color__hover_enabled=\u00bboff\u00bb button_one_text_color__hover_enabled=\u00bboff\u00bb button_two_text_color__hover_enabled=\u00bboff\u00bb button_border_width__hover_enabled=\u00bboff\u00bb button_one_border_width__hover_enabled=\u00bboff\u00bb button_two_border_width__hover_enabled=\u00bboff\u00bb button_border_color__hover_enabled=\u00bboff\u00bb button_one_border_color__hover_enabled=\u00bboff\u00bb button_two_border_color__hover_enabled=\u00bboff\u00bb button_border_radius__hover_enabled=\u00bboff\u00bb button_one_border_radius__hover_enabled=\u00bboff\u00bb button_two_border_radius__hover_enabled=\u00bboff\u00bb button_letter_spacing__hover_enabled=\u00bboff\u00bb button_one_letter_spacing__hover_enabled=\u00bboff\u00bb button_two_letter_spacing__hover_enabled=\u00bboff\u00bb button_bg_color__hover_enabled=\u00bboff\u00bb button_one_bg_color__hover_enabled=\u00bboff\u00bb button_two_bg_color__hover_enabled=\u00bboff\u00bb][\/et_pb_contact_field][et_pb_contact_field field_id=\u00bbPrenom\u00bb field_title=\u00bbPr\u00e9nom\u00bb _builder_version=\u00bb4.19.4&#8243; global_colors_info=\u00bb{}\u00bb button_text_size__hover_enabled=\u00bboff\u00bb button_one_text_size__hover_enabled=\u00bboff\u00bb button_two_text_size__hover_enabled=\u00bboff\u00bb button_text_color__hover_enabled=\u00bboff\u00bb button_one_text_color__hover_enabled=\u00bboff\u00bb button_two_text_color__hover_enabled=\u00bboff\u00bb button_border_width__hover_enabled=\u00bboff\u00bb button_one_border_width__hover_enabled=\u00bboff\u00bb button_two_border_width__hover_enabled=\u00bboff\u00bb button_border_color__hover_enabled=\u00bboff\u00bb button_one_border_color__hover_enabled=\u00bboff\u00bb button_two_border_color__hover_enabled=\u00bboff\u00bb button_border_radius__hover_enabled=\u00bboff\u00bb button_one_border_radius__hover_enabled=\u00bboff\u00bb button_two_border_radius__hover_enabled=\u00bboff\u00bb button_letter_spacing__hover_enabled=\u00bboff\u00bb button_one_letter_spacing__hover_enabled=\u00bboff\u00bb button_two_letter_spacing__hover_enabled=\u00bboff\u00bb button_bg_color__hover_enabled=\u00bboff\u00bb button_one_bg_color__hover_enabled=\u00bboff\u00bb button_two_bg_color__hover_enabled=\u00bboff\u00bb][\/et_pb_contact_field][et_pb_contact_field field_id=\u00bbRaison-sociale\u00bb field_title=\u00bbRaison sociale\u00bb fullwidth_field=\u00bbon\u00bb _builder_version=\u00bb4.19.4&#8243; _module_preset=\u00bbdefault\u00bb global_colors_info=\u00bb{}\u00bb][\/et_pb_contact_field][et_pb_contact_field field_id=\u00bbAdresse\u00bb field_title=\u00bbAdresse\u00bb _builder_version=\u00bb4.19.4&#8243; _module_preset=\u00bbdefault\u00bb global_colors_info=\u00bb{}\u00bb][\/et_pb_contact_field][et_pb_contact_field field_id=\u00bbCode-postal\u00bb field_title=\u00bbCode postal\u00bb _builder_version=\u00bb4.19.4&#8243; _module_preset=\u00bbdefault\u00bb global_colors_info=\u00bb{}\u00bb][\/et_pb_contact_field][et_pb_contact_field field_id=\u00bbEmail\u00bb field_title=\u00bbAdresse e-mail\u00bb field_type=\u00bbemail\u00bb _builder_version=\u00bb4.19.4&#8243; global_colors_info=\u00bb{}\u00bb button_text_size__hover_enabled=\u00bboff\u00bb button_one_text_size__hover_enabled=\u00bboff\u00bb button_two_text_size__hover_enabled=\u00bboff\u00bb button_text_color__hover_enabled=\u00bboff\u00bb button_one_text_color__hover_enabled=\u00bboff\u00bb button_two_text_color__hover_enabled=\u00bboff\u00bb button_border_width__hover_enabled=\u00bboff\u00bb button_one_border_width__hover_enabled=\u00bboff\u00bb button_two_border_width__hover_enabled=\u00bboff\u00bb button_border_color__hover_enabled=\u00bboff\u00bb button_one_border_color__hover_enabled=\u00bboff\u00bb button_two_border_color__hover_enabled=\u00bboff\u00bb button_border_radius__hover_enabled=\u00bboff\u00bb button_one_border_radius__hover_enabled=\u00bboff\u00bb button_two_border_radius__hover_enabled=\u00bboff\u00bb button_letter_spacing__hover_enabled=\u00bboff\u00bb button_one_letter_spacing__hover_enabled=\u00bboff\u00bb button_two_letter_spacing__hover_enabled=\u00bboff\u00bb button_bg_color__hover_enabled=\u00bboff\u00bb button_one_bg_color__hover_enabled=\u00bboff\u00bb button_two_bg_color__hover_enabled=\u00bboff\u00bb][\/et_pb_contact_field][et_pb_contact_field field_id=\u00bbTelephone\u00bb field_title=\u00bbT\u00e9l\u00e9phone\u00bb _builder_version=\u00bb4.19.4&#8243; _module_preset=\u00bbdefault\u00bb global_colors_info=\u00bb{}\u00bb][\/et_pb_contact_field][et_pb_contact_field field_id=\u00bbGrupo\u00bb field_title=\u00bbCampo de actividad\u00bb field_type=\u00bbselect\u00bb select_options=%91{%%22:%22Belleza22%22,%22checked22%22:0,%22dragID22%22:-1},{%%22:%22Salud \/ Deporte22%22,%22checked22%22:0,%22dragID22%22:0}%\u00bb fullwidth_field=\u00bbon\u00bb _builder_version=\u00bb4. 19.5&#8243; _module_preset=\u00bbdefault\u00bb hover_enabled=\u00bb0&#8243; global_colors_info=\u00bb{}\u00bb sticky_enabled=\u00bb0&#8243;].19.5&#8243; _module_preset=\u00bbdefault\u00bb hover_enabled=\u00bb0&#8243; global_colors_info=\u00bb{}\u00bb sticky_enabled=\u00bb0&#8243;][\/et_pb_contact_field][\/et_pb_contact_form][et_pb_text _builder_version=\u00bb4.18.0&#8243; _module_preset=\u00bbdefault\u00bb text_text_color=\u00bb#000000&#8243; text_font_size=\u00bb18px\u00bb link_font=\u00bb|||||||#4AA2EA|\u00bb link_text_color=\u00bb#4AA2EA\u00bb link_font_size=\u00bb18px\u00bb background_color=\u00bb#FFFFFF\u00bb custom_padding=\u00bb15px|20px|15px|20px|true|true\u00bb global_colors_info=\u00bb{}\u00bb]<\/p>\n<p style=\"text-align: center;\">\u00bfYa tiene acceso? <a href=\"\/connexion\/\">Acceda a<\/a><\/p>\n<p>[\/et_pb_text][\/et_pb_column][\/et_pb_row][et_pb_row column_structure=\u00bb1_5,1_5,1_5,1_5,1_5&#8243; custom_padding_last_edited=\u00bbon|phone\u00bb admin_label=\u00bbCrazy Header &#8211; Tina &#8211; Row\u00bb _builder_version=\u00bb4.16&#8243; _module_preset=\u00bbdefault\u00bb width=\u00bb90%\u00bb max_width=\u00bb1069px\u00bb custom_padding=\u00bb61px||58px||false|false\u00bb custom_padding_tablet=\u00bb\u00bb custom_padding_phone=\u00bb40px||40px||false|false\u00bb custom_css_before=\u00bbcontent: %22%22;||background-color: #f5f5f5;||position: absolute;||width: 500%; ||height: 100%;||top: 0;||left: -200%;\u00bb custom_css_main_element=\u00bb     overflow: visible !important;\u00bb locked=\u00bboff\u00bb global_colors_info=\u00bb{}\u00bb][et_pb_column type=\u00bb1_5&#8243; _builder_version=\u00bb4.16&#8243; _module_preset=\u00bbdefault\u00bb custom_css_main_element=\u00bb     width: 12% !important;||    margin-right: 10% !important;\u00bb global_colors_info=\u00bb{}\u00bb][et_pb_image src=\u00bbhttps:\/\/starvac.exo-corp.com\/wp-content\/uploads\/2022\/10\/nouvelles-esthetiques.jpg\u00bb title_text=\u00bbnouvelles-esthetiques\u00bb _builder_version=\u00bb4.18.0&#8243; _module_preset=\u00bbdefault\u00bb global_colors_info=\u00bb{}\u00bb][\/et_pb_image][\/et_pb_column][et_pb_column type=\u00bb1_5&#8243; _builder_version=\u00bb4.16&#8243; _module_preset=\u00bbdefault\u00bb custom_css_main_element=\u00bb     width: 12% !important;||    margin-right: 10% !important;\u00bb global_colors_info=\u00bb{}\u00bb][et_pb_image src=\u00bbhttps:\/\/starvac.exo-corp.com\/wp-content\/uploads\/2022\/10\/LOGO-VousKine-1.jpg\u00bb title_text=\u00bbLOGO-VousKine-1&#8243; admin_label=\u00bbCrazy Header &#8211; Tina &#8211; Image 192&#215;75&#8243; _builder_version=\u00bb4.18.0&#8243; _module_preset=\u00bbdefault\u00bb custom_margin=\u00bb||0px||false|false\u00bb locked=\u00bboff\u00bb global_colors_info=\u00bb{}\u00bb][\/et_pb_image][\/et_pb_column][et_pb_column type=\u00bb1_5&#8243; _builder_version=\u00bb4.16&#8243; _module_preset=\u00bbdefault\u00bb custom_css_main_element=\u00bb     width: 12% !important;||    margin-right: 10% !important;\u00bb global_colors_info=\u00bb{}\u00bb][et_pb_image src=\u00bbhttps:\/\/starvac.exo-corp.com\/wp-content\/uploads\/2022\/10\/Elle.jpg\u00bb title_text=\u00bbElle\u00bb admin_label=\u00bbCrazy Header &#8211; Tina &#8211; Image 192&#215;75&#8243; _builder_version=\u00bb4.18.0&#8243; _module_preset=\u00bbdefault\u00bb custom_margin=\u00bb||0px||false|false\u00bb locked=\u00bboff\u00bb global_colors_info=\u00bb{}\u00bb][\/et_pb_image][\/et_pb_column][et_pb_column type=\u00bb1_5&#8243; _builder_version=\u00bb4.16&#8243; _module_preset=\u00bbdefault\u00bb custom_css_main_element=\u00bb     width: 12% !important;||    margin-right: 10% !important;\u00bb global_colors_info=\u00bb{}\u00bb][et_pb_image src=\u00bbhttps:\/\/starvac.exo-corp.com\/wp-content\/uploads\/2022\/10\/Logo_Colomiers_Rugby_2008.jpg\u00bb title_text=\u00bbLogo_Colomiers_Rugby_2008&#8243; _builder_version=\u00bb4.18.0&#8243; _module_preset=\u00bbdefault\u00bb global_colors_info=\u00bb{}\u00bb][\/et_pb_image][\/et_pb_column][et_pb_column type=\u00bb1_5&#8243; _builder_version=\u00bb4.16&#8243; _module_preset=\u00bbdefault\u00bb custom_css_main_element=\u00bb     width: 12% !important;\u00bb global_colors_info=\u00bb{}\u00bb][et_pb_image src=\u00bbhttps:\/\/starvac.exo-corp.com\/wp-content\/uploads\/2022\/10\/Logo-BF.jpg\u00bb title_text=\u00bbLogo-BF\u00bb admin_label=\u00bbCrazy Header &#8211; Tina &#8211; Image 192&#215;75&#8243; _builder_version=\u00bb4.18.0&#8243; _module_preset=\u00bbdefault\u00bb custom_margin=\u00bb||0px||false|false\u00bb locked=\u00bboff\u00bb global_colors_info=\u00bb{}\u00bb][\/et_pb_image][\/et_pb_column][\/et_pb_row][\/et_pb_section][et_pb_section fb_built=\u00bb1&#8243; _builder_version=\u00bb4.18.0&#8243; display_conditions=\u00bbW3siaWQiOiI4NGIzMmYyYy0xNzhkLTQ1ZDEtODE1Zi00YmVhMzdhMjZlZDEiLCJjb25kaXRpb24iOiJsb2dnZWRJblN0YXR1cyIsImNvbmRpdGlvblNldHRpbmdzIjp7ImRpc3BsYXlSdWxlIjoibG9nZ2VkSW4iLCJhZG1pbkxhYmVsIjoiTG9nZ2VkIEluIFN0YXR1cyIsImVuYWJsZUNvbmRpdGlvbiI6Im9uIn0sIm9wZXJhdG9yIjoiT1IifV0=\u00bb custom_padding=\u00bb120px|||||\u00bb global_colors_info=\u00bb{}\u00bb][et_pb_row _builder_version=\u00bb4.16&#8243; background_size=\u00bbinitial\u00bb background_position=\u00bbtop_left\u00bb background_repeat=\u00bbrepeat\u00bb global_colors_info=\u00bb{}\u00bb][et_pb_column type=\u00bb4_4&#8243; _builder_version=\u00bb4.16&#8243; custom_padding=\u00bb|||\u00bb global_colors_info=\u00bb{}\u00bb custom_padding__hover=\u00bb|||\u00bb][et_pb_text _builder_version=\u00bb4.18.0&#8243; _module_preset=\u00bbdefault\u00bb global_colors_info=\u00bb{}\u00bb]<\/p>\n<p>Su \u00e1rea PRO estar\u00e1 disponible en breve.<\/p>\n<p>[\/et_pb_text][\/et_pb_column][\/et_pb_row][\/et_pb_section]<\/p>\n","protected":false},"excerpt":{"rendered":"<p>P\u00f3ngase en contacto con nuestro departamento comercial para obtener su acceso al espacio reservado a los profesionales. Formaci\u00f3n certificada. Un equipo de profesionales a su servicio. Sitio web multiling\u00fce Certificaci\u00f3n sanitaria de productos con marcado CE .19.5&#8243; _module_preset=\u00bbdefault\u00bb hover_enabled=\u00bb0&#8243; global_colors_info=\u00bb{}\u00bb sticky_enabled=\u00bb0&#8243;]\u00bfYa tiene acceso? Acceda a Su \u00e1rea PRO estar\u00e1 disponible en breve.<\/p>\n","protected":false},"author":115,"featured_media":0,"parent":0,"menu_order":0,"comment_status":"closed","ping_status":"closed","template":"","meta":{"_et_pb_use_builder":"on","_et_pb_old_content":"","_et_gb_content_width":"","content-type":"","footnotes":""},"class_list":["post-377985","page","type-page","status-publish","hentry"],"yoast_head":"<!-- This site is optimized with the Yoast SEO plugin v25.9 - https:\/\/yoast.com\/wordpress\/plugins\/seo\/ -->\n<title>\u00c1rea profesional - STARVAC\u00ae- Minceur et anti-\u00e2ge : les cl\u00e9s du succ\u00e8s<\/title>\n<meta name=\"robots\" content=\"noindex, nofollow\" \/>\n<meta property=\"og:locale\" content=\"es_ES\" \/>\n<meta property=\"og:type\" content=\"article\" \/>\n<meta property=\"og:title\" content=\"\u00c1rea profesional - STARVAC\u00ae- Minceur et anti-\u00e2ge : les cl\u00e9s du succ\u00e8s\" \/>\n<meta property=\"og:description\" content=\"P\u00f3ngase en contacto con nuestro departamento comercial para obtener su acceso al espacio reservado a los profesionales. Formaci\u00f3n certificada. Un equipo de profesionales a su servicio. Sitio web multiling\u00fce Certificaci\u00f3n sanitaria de productos con marcado CE .19.5&quot; _module_preset=&quot;default&quot; hover_enabled=&quot;0&quot; global_colors_info=&quot;{}&quot; sticky_enabled=&quot;0&quot;]\u00bfYa tiene acceso? Acceda a Su \u00e1rea PRO estar\u00e1 disponible en breve.\" \/>\n<meta property=\"og:url\" content=\"https:\/\/starvac-group.com\/es\/area-profesional\/\" \/>\n<meta property=\"og:site_name\" content=\"STARVAC\u00ae- Minceur et anti-\u00e2ge : les cl\u00e9s du succ\u00e8s\" \/>\n<meta property=\"article:publisher\" content=\"https:\/\/www.facebook.com\/Starvac\/\" \/>\n<meta property=\"article:modified_time\" content=\"2023-03-01T10:42:29+00:00\" \/>\n<meta name=\"twitter:card\" content=\"summary_large_image\" \/>\n<meta name=\"twitter:label1\" content=\"Tiempo de lectura\" \/>\n\t<meta name=\"twitter:data1\" content=\"9 minutos\" \/>\n<script type=\"application\/ld+json\" class=\"yoast-schema-graph\">{\"@context\":\"https:\/\/schema.org\",\"@graph\":[{\"@type\":\"WebPage\",\"@id\":\"https:\/\/starvac-group.com\/es\/area-profesional\/\",\"url\":\"https:\/\/starvac-group.com\/es\/area-profesional\/\",\"name\":\"\u00c1rea profesional - STARVAC\u00ae- Minceur et anti-\u00e2ge : les cl\u00e9s du succ\u00e8s\",\"isPartOf\":{\"@id\":\"https:\/\/starvac-group.com\/es\/#website\"},\"datePublished\":\"2022-11-04T19:59:19+00:00\",\"dateModified\":\"2023-03-01T10:42:29+00:00\",\"breadcrumb\":{\"@id\":\"https:\/\/starvac-group.com\/es\/area-profesional\/#breadcrumb\"},\"inLanguage\":\"es\",\"potentialAction\":[{\"@type\":\"ReadAction\",\"target\":[\"https:\/\/starvac-group.com\/es\/area-profesional\/\"]}]},{\"@type\":\"BreadcrumbList\",\"@id\":\"https:\/\/starvac-group.com\/es\/area-profesional\/#breadcrumb\",\"itemListElement\":[{\"@type\":\"ListItem\",\"position\":1,\"name\":\"Accueil\",\"item\":\"https:\/\/starvac-group.com\/es\/\"},{\"@type\":\"ListItem\",\"position\":2,\"name\":\"\u00c1rea profesional\"}]},{\"@type\":\"WebSite\",\"@id\":\"https:\/\/starvac-group.com\/es\/#website\",\"url\":\"https:\/\/starvac-group.com\/es\/\",\"name\":\"STARVAC\u00ae- Minceur et anti-\u00e2ge : les cl\u00e9s du succ\u00e8s\",\"description\":\"\",\"publisher\":{\"@id\":\"https:\/\/starvac-group.com\/es\/#organization\"},\"potentialAction\":[{\"@type\":\"SearchAction\",\"target\":{\"@type\":\"EntryPoint\",\"urlTemplate\":\"https:\/\/starvac-group.com\/es\/?s={search_term_string}\"},\"query-input\":{\"@type\":\"PropertyValueSpecification\",\"valueRequired\":true,\"valueName\":\"search_term_string\"}}],\"inLanguage\":\"es\"},{\"@type\":\"Organization\",\"@id\":\"https:\/\/starvac-group.com\/es\/#organization\",\"name\":\"Starvac Group\",\"alternateName\":\"Starvac\",\"url\":\"https:\/\/starvac-group.com\/es\/\",\"logo\":{\"@type\":\"ImageObject\",\"inLanguage\":\"es\",\"@id\":\"https:\/\/starvac-group.com\/es\/#\/schema\/logo\/image\/\",\"url\":\"https:\/\/starvac-group.com\/wp-content\/uploads\/2023\/11\/STARVAC-GROUP-CARRE.jpg\",\"contentUrl\":\"https:\/\/starvac-group.com\/wp-content\/uploads\/2023\/11\/STARVAC-GROUP-CARRE.jpg\",\"width\":283,\"height\":282,\"caption\":\"Starvac Group\"},\"image\":{\"@id\":\"https:\/\/starvac-group.com\/es\/#\/schema\/logo\/image\/\"},\"sameAs\":[\"https:\/\/www.facebook.com\/Starvac\/\",\"https:\/\/www.instagram.com\/starvac.beauty\/\"]}]}<\/script>\n<!-- \/ Yoast SEO plugin. -->","yoast_head_json":{"title":"\u00c1rea profesional - STARVAC\u00ae- Minceur et anti-\u00e2ge : les cl\u00e9s du succ\u00e8s","robots":{"index":"noindex","follow":"nofollow"},"og_locale":"es_ES","og_type":"article","og_title":"\u00c1rea profesional - STARVAC\u00ae- Minceur et anti-\u00e2ge : les cl\u00e9s du succ\u00e8s","og_description":"P\u00f3ngase en contacto con nuestro departamento comercial para obtener su acceso al espacio reservado a los profesionales. Formaci\u00f3n certificada. Un equipo de profesionales a su servicio. Sitio web multiling\u00fce Certificaci\u00f3n sanitaria de productos con marcado CE .19.5\" _module_preset=\"default\" hover_enabled=\"0\" global_colors_info=\"{}\" sticky_enabled=\"0\"]\u00bfYa tiene acceso? Acceda a Su \u00e1rea PRO estar\u00e1 disponible en breve.","og_url":"https:\/\/starvac-group.com\/es\/area-profesional\/","og_site_name":"STARVAC\u00ae- Minceur et anti-\u00e2ge : les cl\u00e9s du succ\u00e8s","article_publisher":"https:\/\/www.facebook.com\/Starvac\/","article_modified_time":"2023-03-01T10:42:29+00:00","twitter_card":"summary_large_image","twitter_misc":{"Tiempo de lectura":"9 minutos"},"schema":{"@context":"https:\/\/schema.org","@graph":[{"@type":"WebPage","@id":"https:\/\/starvac-group.com\/es\/area-profesional\/","url":"https:\/\/starvac-group.com\/es\/area-profesional\/","name":"\u00c1rea profesional - STARVAC\u00ae- Minceur et anti-\u00e2ge : les cl\u00e9s du succ\u00e8s","isPartOf":{"@id":"https:\/\/starvac-group.com\/es\/#website"},"datePublished":"2022-11-04T19:59:19+00:00","dateModified":"2023-03-01T10:42:29+00:00","breadcrumb":{"@id":"https:\/\/starvac-group.com\/es\/area-profesional\/#breadcrumb"},"inLanguage":"es","potentialAction":[{"@type":"ReadAction","target":["https:\/\/starvac-group.com\/es\/area-profesional\/"]}]},{"@type":"BreadcrumbList","@id":"https:\/\/starvac-group.com\/es\/area-profesional\/#breadcrumb","itemListElement":[{"@type":"ListItem","position":1,"name":"Accueil","item":"https:\/\/starvac-group.com\/es\/"},{"@type":"ListItem","position":2,"name":"\u00c1rea profesional"}]},{"@type":"WebSite","@id":"https:\/\/starvac-group.com\/es\/#website","url":"https:\/\/starvac-group.com\/es\/","name":"STARVAC\u00ae- Minceur et anti-\u00e2ge : les cl\u00e9s du succ\u00e8s","description":"","publisher":{"@id":"https:\/\/starvac-group.com\/es\/#organization"},"potentialAction":[{"@type":"SearchAction","target":{"@type":"EntryPoint","urlTemplate":"https:\/\/starvac-group.com\/es\/?s={search_term_string}"},"query-input":{"@type":"PropertyValueSpecification","valueRequired":true,"valueName":"search_term_string"}}],"inLanguage":"es"},{"@type":"Organization","@id":"https:\/\/starvac-group.com\/es\/#organization","name":"Starvac Group","alternateName":"Starvac","url":"https:\/\/starvac-group.com\/es\/","logo":{"@type":"ImageObject","inLanguage":"es","@id":"https:\/\/starvac-group.com\/es\/#\/schema\/logo\/image\/","url":"https:\/\/starvac-group.com\/wp-content\/uploads\/2023\/11\/STARVAC-GROUP-CARRE.jpg","contentUrl":"https:\/\/starvac-group.com\/wp-content\/uploads\/2023\/11\/STARVAC-GROUP-CARRE.jpg","width":283,"height":282,"caption":"Starvac Group"},"image":{"@id":"https:\/\/starvac-group.com\/es\/#\/schema\/logo\/image\/"},"sameAs":["https:\/\/www.facebook.com\/Starvac\/","https:\/\/www.instagram.com\/starvac.beauty\/"]}]}},"_links":{"self":[{"href":"https:\/\/starvac-group.com\/es\/wp-json\/wp\/v2\/pages\/377985","targetHints":{"allow":["GET"]}}],"collection":[{"href":"https:\/\/starvac-group.com\/es\/wp-json\/wp\/v2\/pages"}],"about":[{"href":"https:\/\/starvac-group.com\/es\/wp-json\/wp\/v2\/types\/page"}],"author":[{"embeddable":true,"href":"https:\/\/starvac-group.com\/es\/wp-json\/wp\/v2\/users\/115"}],"replies":[{"embeddable":true,"href":"https:\/\/starvac-group.com\/es\/wp-json\/wp\/v2\/comments?post=377985"}],"version-history":[{"count":3,"href":"https:\/\/starvac-group.com\/es\/wp-json\/wp\/v2\/pages\/377985\/revisions"}],"predecessor-version":[{"id":388574,"href":"https:\/\/starvac-group.com\/es\/wp-json\/wp\/v2\/pages\/377985\/revisions\/388574"}],"wp:attachment":[{"href":"https:\/\/starvac-group.com\/es\/wp-json\/wp\/v2\/media?parent=377985"}],"curies":[{"name":"wp","href":"https:\/\/api.w.org\/{rel}","templated":true}]}}