{"id":378047,"date":"2022-11-04T20:00:57","date_gmt":"2022-11-04T20:00:57","guid":{"rendered":"https:\/\/starvac-group.com\/contacte-con\/"},"modified":"2023-07-07T14:41:16","modified_gmt":"2023-07-07T14:41:16","slug":"contacte-con","status":"publish","type":"page","link":"https:\/\/starvac-group.com\/es\/contacte-con\/","title":{"rendered":"Contacte con"},"content":{"rendered":"<p>[et_pb_section fb_built=\u00bb1&#8243; custom_padding_last_edited=\u00bbon|desktop\u00bb _builder_version=\u00bb4.20.1&#8243; custom_padding=\u00bb0px||30px|\u00bb custom_padding_tablet=\u00bb50px||30px|\u00bb custom_padding_phone=\u00bb\u00bb hover_enabled=\u00bb0&#8243; global_colors_info=\u00bb{}\u00bb custom_margin=\u00bb90px||||false|false\u00bb sticky_enabled=\u00bb0&#8243;][et_pb_row _builder_version=\u00bb4.16&#8243; custom_padding=\u00bb||10px|\u00bb global_colors_info=\u00bb{}\u00bb][et_pb_column type=\u00bb4_4&#8243; _builder_version=\u00bb4.16&#8243; custom_padding=\u00bb|||\u00bb global_colors_info=\u00bb{}\u00bb custom_padding__hover=\u00bb|||\u00bb][et_pb_text admin_label=\u00bbDefault Header\u00bb module_class=\u00bbdefault-header\u00bb _builder_version=\u00bb4.17.4&#8243; module_alignment=\u00bbright\u00bb global_colors_info=\u00bb{}\u00bb]<\/p>\n<h1>Env\u00edenos un mensaje<\/h1>\n<p>Le responderemos lo antes posible.<\/p>\n<p>[\/et_pb_text][\/et_pb_column][\/et_pb_row][et_pb_row column_structure=\u00bb1_2,1_2&#8243; _builder_version=\u00bb4.16&#8243; global_colors_info=\u00bb{}\u00bb][et_pb_column type=\u00bb1_2&#8243; _builder_version=\u00bb4.16&#8243; custom_padding=\u00bb|||\u00bb global_colors_info=\u00bb{}\u00bb custom_padding__hover=\u00bb|||\u00bb][et_pb_code _builder_version=\u00bb4.20.1&#8243; _module_preset=\u00bbdefault\u00bb global_colors_info=\u00bb{}\u00bb]\n\t\t\t\t\t\t<script>\n\t\t\t\t\t\t\twindow.hsFormsOnReady = window.hsFormsOnReady || [];\n\t\t\t\t\t\t\twindow.hsFormsOnReady.push(()=>{\n\t\t\t\t\t\t\t\thbspt.forms.create({\n\t\t\t\t\t\t\t\t\tportalId: 26570125,\n\t\t\t\t\t\t\t\t\tformId: \"305e90c5-b616-4495-a391-1f02903053f4\",\n\t\t\t\t\t\t\t\t\ttarget: \"#hbspt-form-1777631084000-8498625604\",\n\t\t\t\t\t\t\t\t\tregion: \"eu1\",\n\t\t\t\t\t\t\t\t\t\n\t\t\t\t\t\t\t})});\n\t\t\t\t\t\t<\/script>\n\t\t\t\t\t\t<div class=\"hbspt-form\" id=\"hbspt-form-1777631084000-8498625604\"><\/div>[\/et_pb_code][\/et_pb_column][et_pb_column type=\u00bb1_2&#8243; _builder_version=\u00bb4.16&#8243; custom_padding=\u00bb|||\u00bb global_colors_info=\u00bb{}\u00bb custom_padding__hover=\u00bb|||\u00bb][et_pb_image src=\u00bbhttps:\/\/starvac.exo-corp.com\/wp-content\/uploads\/2022\/08\/contact.jpg\u00bb title_text=\u00bbcontact\u00bb align_tablet=\u00bbcenter\u00bb align_phone=\u00bb\u00bb align_last_edited=\u00bbon|desktop\u00bb _builder_version=\u00bb4.17.4&#8243; always_center_on_mobile=\u00bbon\u00bb global_colors_info=\u00bb{}\u00bb][\/et_pb_image][et_pb_text _builder_version=\u00bb4.18.0&#8243; global_colors_info=\u00bb{}\u00bb]<\/p>\n<p>Un equipo din\u00e1mico que le escucha y trabaja cada d\u00eda para satisfacerle y para ofrecer a sus clientes los mejores productos de cuidado natural adaptados a todo tipo de pieles para obtener resultados duraderos. <\/p>\n<p>[\/et_pb_text][\/et_pb_column][\/et_pb_row][et_pb_row column_structure=\u00bb1_3,1_3,1_3&#8243; use_custom_gutter=\u00bbon\u00bb gutter_width=\u00bb1&#8243; make_equal=\u00bbon\u00bb custom_padding_last_edited=\u00bbon|phone\u00bb module_class=\u00bbcontact-blurbs-row\u00bb _builder_version=\u00bb4.16&#8243; custom_padding=\u00bb0px|||\u00bb custom_padding_tablet=\u00bb30px|||\u00bb custom_padding_phone=\u00bb\u00bb global_colors_info=\u00bb{}\u00bb][et_pb_column type=\u00bb1_3&#8243; _builder_version=\u00bb4.16&#8243; custom_padding=\u00bb|||\u00bb global_colors_info=\u00bb{}\u00bb custom_padding__hover=\u00bb|||\u00bb][et_pb_blurb title=\u00bbSede de la empresa en Francia\u00bb use_icon=\u00bbon\u00bb font_icon=\u00bb&#xe01d;||divi||400&#8243; icon_color=\u00bb#DEC79B\u00bb icon_placement=\u00bbleft\u00bb admin_label=\u00bbContact Blurb &#8211; Location\u00bb module_class=\u00bbcontact-blurb\u00bb _builder_version=\u00bb4.20.1&#8243; hover_enabled=\u00bb0&#8243; global_colors_info=\u00bb{}\u00bb sticky_enabled=\u00bb0&#8243;]<\/p>\n<p>Calle Paule Raymondis, 29<br \/>31200 Toulouse<\/p>\n<p>[\/et_pb_blurb][\/et_pb_column][et_pb_column type=\u00bb1_3&#8243; _builder_version=\u00bb4.16&#8243; custom_padding=\u00bb|||\u00bb global_colors_info=\u00bb{}\u00bb custom_padding__hover=\u00bb|||\u00bb][et_pb_blurb title=\u00bbC\u00f3mo contactar con nosotros en Espa\u00f1a\u00bb use_icon=\u00bbon\u00bb font_icon=\u00bb&#xe010;||divi||400&#8243; icon_color=\u00bb#DEC79B\u00bb icon_placement=\u00bbleft\u00bb admin_label=\u00bbContact Blurb &#8211; Mail \/ Phone\u00bb module_class=\u00bbcontact-blurb\u00bb _builder_version=\u00bb4.20.1&#8243; hover_enabled=\u00bb0&#8243; global_colors_info=\u00bb{}\u00bb sticky_enabled=\u00bb0&#8243;]<\/p>\n<p><strong>T :<\/strong>0034 932802828<br \/><strong>M: <\/strong>info@starvac.es<\/p>\n<p>[\/et_pb_blurb][\/et_pb_column][et_pb_column type=\u00bb1_3&#8243; _builder_version=\u00bb4.16&#8243; custom_padding=\u00bb|||\u00bb global_colors_info=\u00bb{}\u00bb custom_padding__hover=\u00bb|||\u00bb][et_pb_blurb title=\u00bbHorarios de atenci\u00f3n telef\u00f3nica\u00bb use_icon=\u00bbon\u00bb font_icon=\u00bb&#x7d;||divi||400&#8243; icon_color=\u00bb#DEC79B\u00bb icon_placement=\u00bbleft\u00bb admin_label=\u00bbContact Blurb &#8211; Working Hours\u00bb module_class=\u00bbcontact-blurb\u00bb _builder_version=\u00bb4.20.1&#8243; hover_enabled=\u00bb0&#8243; global_colors_info=\u00bb{}\u00bb sticky_enabled=\u00bb0&#8243;]<\/p>\n<p>De lunes a viernes:<br \/>9:00-21:00<\/p>\n<p>[\/et_pb_blurb][\/et_pb_column][\/et_pb_row][\/et_pb_section][et_pb_section fb_built=\u00bb1&#8243; admin_label=\u00bbSection &#8211; Insta feed\u00bb _builder_version=\u00bb4.16&#8243; custom_padding=\u00bb0px||0px|\u00bb global_module=\u00bb286078&#8243; saved_tabs=\u00bball\u00bb global_colors_info=\u00bb{}\u00bb][et_pb_row admin_label=\u00bbLifetime Blurbs &#8211; Tina &#8211; Row\u00bb _builder_version=\u00bb4.16&#8243; width=\u00bb90%\u00bb custom_padding=\u00bb||17px||false|false\u00bb global_colors_info=\u00bb{}\u00bb][et_pb_column type=\u00bb4_4&#8243; _builder_version=\u00bb4.16&#8243; global_colors_info=\u00bb{}\u00bb][et_pb_cta title=\u00bbLa comunidad STARVAC\u00bb admin_label=\u00bbLifetime Blurbs &#8211; Tina &#8211; Call To Action\u00bb _builder_version=\u00bb4.18.0&#8243; header_font=\u00bbRoboto|||on|||||\u00bb header_text_color=\u00bb#dec79b\u00bb header_font_size=\u00bb16px\u00bb header_line_height=\u00bb120%\u00bb body_font=\u00bb||||||||\u00bb body_text_color=\u00bb#1b1a1a\u00bb body_font_size=\u00bb44px\u00bb body_line_height=\u00bb138%\u00bb use_background_color=\u00bboff\u00bb max_width=\u00bb910px\u00bb module_alignment=\u00bbcenter\u00bb body_font_size_tablet=\u00bb36px\u00bb body_font_size_phone=\u00bb26px\u00bb body_font_size_last_edited=\u00bbon|phone\u00bb custom_css_promo_description=\u00bb     padding-bottom: 0 !important;\u00bb custom_css_promo_title=\u00bbfont-weight: 400;||    padding-bottom: 12px;\u00bb global_colors_info=\u00bb{}\u00bb]<\/p>\n<p>\u00a1S\u00edganos en Instagram!<\/p>\n<p>[\/et_pb_cta][\/et_pb_column][\/et_pb_row][et_pb_row use_custom_gutter=\u00bbon\u00bb gutter_width=\u00bb1&#8243; module_class=\u00bb  et_pb_row_fullwidth\u00bb _builder_version=\u00bb4.17.4&#8243; width=\u00bb100%\u00bb width_tablet=\u00bb100%\u00bb width_phone=\u00bb\u00bb width_last_edited=\u00bbon|desktop\u00bb max_width=\u00bb100%\u00bb max_width_tablet=\u00bb100%\u00bb max_width_phone=\u00bb\u00bb max_width_last_edited=\u00bbon|desktop\u00bb custom_padding=\u00bb15px||40px||false|false\u00bb make_fullwidth=\u00bbon\u00bb global_colors_info=\u00bb{}\u00bb][et_pb_column type=\u00bb4_4&#8243; _builder_version=\u00bb4.16&#8243; custom_padding=\u00bb|||\u00bb global_colors_info=\u00bb{}\u00bb custom_padding__hover=\u00bb|||\u00bb][et_pb_code admin_label=\u00bbInstagram feed shortcode\u00bb _builder_version=\u00bb4.16&#8243; global_colors_info=\u00bb{}\u00bb][instagram-feed][\/et_pb_code][\/et_pb_column][\/et_pb_row][\/et_pb_section][et_pb_section fb_built=\u00bb1&#8243; disabled_on=\u00bbon|on|on\u00bb admin_label=\u00bbSection &#8211; Bottom Blurbs\u00bb module_class=\u00bbbottom-blurbs\u00bb _builder_version=\u00bb4.18.0&#8243; custom_margin=\u00bb10px||40px|\u00bb custom_padding=\u00bb0px||0px|\u00bb global_module=\u00bb2426&#8243; collapsed=\u00bboff\u00bb global_colors_info=\u00bb{}\u00bb][et_pb_row column_structure=\u00bb1_4,1_4,1_4,1_4&#8243; use_custom_gutter=\u00bbon\u00bb make_equal=\u00bbon\u00bb _builder_version=\u00bb4.17.4&#8243; custom_margin=\u00bb0px||0px|\u00bb custom_padding=\u00bb0px||0px|\u00bb global_colors_info=\u00bb{}\u00bb][et_pb_column type=\u00bb1_4&#8243; _builder_version=\u00bb4.16&#8243; custom_padding=\u00bb|||\u00bb global_colors_info=\u00bb{}\u00bb custom_padding__hover=\u00bb|||\u00bb][et_pb_blurb title=\u00bbFacilidades de pago.\u00bb use_icon=\u00bbon\u00bb font_icon=\u00bb&#xe014;||divi||400&#8243; icon_color=\u00bb#777777&#8243; icon_placement=\u00bbleft\u00bb image_icon_width=\u00bb30px\u00bb admin_label=\u00bbBlurb &#8211; Secure Payment\u00bb _builder_version=\u00bb4.17.1&#8243; header_font=\u00bb|600||on|||||\u00bb header_text_color=\u00bb#111111&#8243; header_font_size=\u00bb16&#8243; body_font=\u00bb|300|||||||\u00bb body_line_height=\u00bb1.5&#8243; animation=\u00bboff\u00bb icon_font_size=\u00bb30px\u00bb global_colors_info=\u00bb{}\u00bb]<\/p>\n<p>Realice los pagos con confianza<\/p>\n<p>[\/et_pb_blurb][\/et_pb_column][et_pb_column type=\u00bb1_4&#8243; _builder_version=\u00bb4.16&#8243; custom_padding=\u00bb|||\u00bb global_colors_info=\u00bb{}\u00bb custom_padding__hover=\u00bb|||\u00bb][et_pb_blurb title=\u00bbEntrega de los equipos inclu\u00edda en el precio\u00bb use_icon=\u00bbon\u00bb font_icon=\u00bb&#xe015;||divi||400&#8243; icon_color=\u00bb#777777&#8243; icon_placement=\u00bbleft\u00bb image_icon_width=\u00bb30px\u00bb admin_label=\u00bbBlurb &#8211; Free Shipping\u00bb _builder_version=\u00bb4.17.1&#8243; header_font=\u00bb|600||on|||||\u00bb header_text_color=\u00bb#111111&#8243; header_font_size=\u00bb16px\u00bb body_font=\u00bb|300|||||||\u00bb body_line_height=\u00bb1.5&#8243; icon_font_size=\u00bb30px\u00bb global_colors_info=\u00bb{}\u00bb]<\/p>\n<p>Para todos los pedidos en Espa\u00f1a, p\u00f3ngase en contacto con info@starvac.es<\/p>\n<p>[\/et_pb_blurb][\/et_pb_column][et_pb_column type=\u00bb1_4&#8243; _builder_version=\u00bb4.16&#8243; custom_padding=\u00bb|||\u00bb global_colors_info=\u00bb{}\u00bb custom_padding__hover=\u00bb|||\u00bb][et_pb_blurb title=\u00bbGarant\u00eda\u00bb use_icon=\u00bbon\u00bb font_icon=\u00bb&#xf00c;||fa||900&#8243; icon_color=\u00bb#777777&#8243; icon_placement=\u00bbleft\u00bb image_icon_width=\u00bb30px\u00bb admin_label=\u00bbBlurb &#8211; Money Guarantee\u00bb _builder_version=\u00bb4.17.1&#8243; header_font=\u00bb|600||on|||||\u00bb header_text_color=\u00bb#111111&#8243; header_font_size=\u00bb16&#8243; body_font=\u00bb|300|||||||\u00bb body_line_height=\u00bb1.5&#8243; animation=\u00bboff\u00bb icon_font_size=\u00bb30px\u00bb global_colors_info=\u00bb{}\u00bb]<\/p>\n<p>Satisfacci\u00f3n garantizada<\/p>\n<p>[\/et_pb_blurb][\/et_pb_column][et_pb_column type=\u00bb1_4&#8243; _builder_version=\u00bb4.16&#8243; custom_padding=\u00bb|||\u00bb global_colors_info=\u00bb{}\u00bb custom_padding__hover=\u00bb|||\u00bb][et_pb_blurb title=\u00bbSERVICIO POSTVENTA\u00bb use_icon=\u00bbon\u00bb font_icon=\u00bb&#xf590;||fa||900&#8243; icon_color=\u00bb#777777&#8243; icon_placement=\u00bbleft\u00bb image_icon_width=\u00bb30px\u00bb disabled_on=\u00bbon|on|on\u00bb admin_label=\u00bbBlurb &#8211; Online Support\u00bb _builder_version=\u00bb4.17.4&#8243; header_font=\u00bb|600||on|||||\u00bb header_text_color=\u00bb#111111&#8243; header_font_size=\u00bb16&#8243; body_font=\u00bb|300|||||||\u00bb body_line_height=\u00bb1.5&#8243; animation=\u00bboff\u00bb icon_font_size=\u00bb30px\u00bb global_colors_info=\u00bb{}\u00bb]<\/p>\n<p>Respondemos a todas sus preguntas<\/p>\n<p>[\/et_pb_blurb][\/et_pb_column][\/et_pb_row][\/et_pb_section]<\/p>\n","protected":false},"excerpt":{"rendered":"<p>Env\u00edenos un mensaje Le responderemos lo antes posible.\n\t\t\t\t\t\t<script>\n\t\t\t\t\t\t\twindow.hsFormsOnReady = window.hsFormsOnReady || [];\n\t\t\t\t\t\t\twindow.hsFormsOnReady.push(()=>{\n\t\t\t\t\t\t\t\thbspt.forms.create({\n\t\t\t\t\t\t\t\t\tportalId: 26570125,\n\t\t\t\t\t\t\t\t\tformId: \"305e90c5-b616-4495-a391-1f02903053f4\",\n\t\t\t\t\t\t\t\t\ttarget: \"#hbspt-form-1777631084000-1244905983\",\n\t\t\t\t\t\t\t\t\tregion: \"eu1\",\n\t\t\t\t\t\t\t\t\t\n\t\t\t\t\t\t\t})});\n\t\t\t\t\t\t<\/script>\n\t\t\t\t\t\t<div class=\"hbspt-form\" id=\"hbspt-form-1777631084000-1244905983\"><\/div>Un equipo din\u00e1mico que le escucha y trabaja cada d\u00eda para satisfacerle y para ofrecer a sus clientes los mejores productos de cuidado natural adaptados a todo tipo de pieles para obtener resultados duraderos. Calle Paule Raymondis, 2931200 ToulouseT :0034 932802828M: info@starvac.esDe lunes a viernes:9:00-21:00\u00a1S\u00edganos [&hellip;]<\/p>\n","protected":false},"author":115,"featured_media":0,"parent":0,"menu_order":0,"comment_status":"closed","ping_status":"closed","template":"","meta":{"_et_pb_use_builder":"on","_et_pb_old_content":"","_et_gb_content_width":"","content-type":"","footnotes":""},"class_list":["post-378047","page","type-page","status-publish","hentry"],"yoast_head":"<!-- This site is optimized with the Yoast SEO plugin v25.9 - https:\/\/yoast.com\/wordpress\/plugins\/seo\/ -->\n<title>Contacte con - STARVAC\u00ae- Minceur et anti-\u00e2ge : les cl\u00e9s du succ\u00e8s<\/title>\n<meta name=\"robots\" content=\"noindex, nofollow\" \/>\n<meta property=\"og:locale\" content=\"es_ES\" \/>\n<meta property=\"og:type\" content=\"article\" \/>\n<meta property=\"og:title\" content=\"Contacte con - STARVAC\u00ae- Minceur et anti-\u00e2ge : les cl\u00e9s du succ\u00e8s\" \/>\n<meta property=\"og:description\" content=\"Env\u00edenos un mensaje Le responderemos lo antes posible.Un equipo din\u00e1mico que le escucha y trabaja cada d\u00eda para satisfacerle y para ofrecer a sus clientes los mejores productos de cuidado natural adaptados a todo tipo de pieles para obtener resultados duraderos. Calle Paule Raymondis, 2931200 ToulouseT :0034 932802828M: info@starvac.esDe lunes a viernes:9:00-21:00\u00a1S\u00edganos [&hellip;]\" \/>\n<meta property=\"og:url\" content=\"https:\/\/starvac-group.com\/es\/contacte-con\/\" \/>\n<meta property=\"og:site_name\" content=\"STARVAC\u00ae- Minceur et anti-\u00e2ge : les cl\u00e9s du succ\u00e8s\" \/>\n<meta property=\"article:publisher\" content=\"https:\/\/www.facebook.com\/Starvac\/\" \/>\n<meta property=\"article:modified_time\" content=\"2023-07-07T14:41:16+00:00\" \/>\n<meta name=\"twitter:card\" content=\"summary_large_image\" \/>\n<meta name=\"twitter:label1\" content=\"Tiempo de lectura\" \/>\n\t<meta name=\"twitter:data1\" content=\"3 minutos\" \/>\n<script type=\"application\/ld+json\" class=\"yoast-schema-graph\">{\"@context\":\"https:\/\/schema.org\",\"@graph\":[{\"@type\":\"WebPage\",\"@id\":\"https:\/\/starvac-group.com\/es\/contacte-con\/\",\"url\":\"https:\/\/starvac-group.com\/es\/contacte-con\/\",\"name\":\"Contacte con - STARVAC\u00ae- Minceur et anti-\u00e2ge : les cl\u00e9s du succ\u00e8s\",\"isPartOf\":{\"@id\":\"https:\/\/starvac-group.com\/es\/#website\"},\"datePublished\":\"2022-11-04T20:00:57+00:00\",\"dateModified\":\"2023-07-07T14:41:16+00:00\",\"breadcrumb\":{\"@id\":\"https:\/\/starvac-group.com\/es\/contacte-con\/#breadcrumb\"},\"inLanguage\":\"es\",\"potentialAction\":[{\"@type\":\"ReadAction\",\"target\":[\"https:\/\/starvac-group.com\/es\/contacte-con\/\"]}]},{\"@type\":\"BreadcrumbList\",\"@id\":\"https:\/\/starvac-group.com\/es\/contacte-con\/#breadcrumb\",\"itemListElement\":[{\"@type\":\"ListItem\",\"position\":1,\"name\":\"Accueil\",\"item\":\"https:\/\/starvac-group.com\/es\/\"},{\"@type\":\"ListItem\",\"position\":2,\"name\":\"Contacte con\"}]},{\"@type\":\"WebSite\",\"@id\":\"https:\/\/starvac-group.com\/es\/#website\",\"url\":\"https:\/\/starvac-group.com\/es\/\",\"name\":\"STARVAC\u00ae- Minceur et anti-\u00e2ge : les cl\u00e9s du succ\u00e8s\",\"description\":\"\",\"publisher\":{\"@id\":\"https:\/\/starvac-group.com\/es\/#organization\"},\"potentialAction\":[{\"@type\":\"SearchAction\",\"target\":{\"@type\":\"EntryPoint\",\"urlTemplate\":\"https:\/\/starvac-group.com\/es\/?s={search_term_string}\"},\"query-input\":{\"@type\":\"PropertyValueSpecification\",\"valueRequired\":true,\"valueName\":\"search_term_string\"}}],\"inLanguage\":\"es\"},{\"@type\":\"Organization\",\"@id\":\"https:\/\/starvac-group.com\/es\/#organization\",\"name\":\"Starvac Group\",\"alternateName\":\"Starvac\",\"url\":\"https:\/\/starvac-group.com\/es\/\",\"logo\":{\"@type\":\"ImageObject\",\"inLanguage\":\"es\",\"@id\":\"https:\/\/starvac-group.com\/es\/#\/schema\/logo\/image\/\",\"url\":\"https:\/\/starvac-group.com\/wp-content\/uploads\/2023\/11\/STARVAC-GROUP-CARRE.jpg\",\"contentUrl\":\"https:\/\/starvac-group.com\/wp-content\/uploads\/2023\/11\/STARVAC-GROUP-CARRE.jpg\",\"width\":283,\"height\":282,\"caption\":\"Starvac Group\"},\"image\":{\"@id\":\"https:\/\/starvac-group.com\/es\/#\/schema\/logo\/image\/\"},\"sameAs\":[\"https:\/\/www.facebook.com\/Starvac\/\",\"https:\/\/www.instagram.com\/starvac.beauty\/\"]}]}<\/script>\n<!-- \/ Yoast SEO plugin. -->","yoast_head_json":{"title":"Contacte con - STARVAC\u00ae- Minceur et anti-\u00e2ge : les cl\u00e9s du succ\u00e8s","robots":{"index":"noindex","follow":"nofollow"},"og_locale":"es_ES","og_type":"article","og_title":"Contacte con - STARVAC\u00ae- Minceur et anti-\u00e2ge : les cl\u00e9s du succ\u00e8s","og_description":"Env\u00edenos un mensaje Le responderemos lo antes posible.Un equipo din\u00e1mico que le escucha y trabaja cada d\u00eda para satisfacerle y para ofrecer a sus clientes los mejores productos de cuidado natural adaptados a todo tipo de pieles para obtener resultados duraderos. Calle Paule Raymondis, 2931200 ToulouseT :0034 932802828M: info@starvac.esDe lunes a viernes:9:00-21:00\u00a1S\u00edganos [&hellip;]","og_url":"https:\/\/starvac-group.com\/es\/contacte-con\/","og_site_name":"STARVAC\u00ae- Minceur et anti-\u00e2ge : les cl\u00e9s du succ\u00e8s","article_publisher":"https:\/\/www.facebook.com\/Starvac\/","article_modified_time":"2023-07-07T14:41:16+00:00","twitter_card":"summary_large_image","twitter_misc":{"Tiempo de lectura":"3 minutos"},"schema":{"@context":"https:\/\/schema.org","@graph":[{"@type":"WebPage","@id":"https:\/\/starvac-group.com\/es\/contacte-con\/","url":"https:\/\/starvac-group.com\/es\/contacte-con\/","name":"Contacte con - STARVAC\u00ae- Minceur et anti-\u00e2ge : les cl\u00e9s du succ\u00e8s","isPartOf":{"@id":"https:\/\/starvac-group.com\/es\/#website"},"datePublished":"2022-11-04T20:00:57+00:00","dateModified":"2023-07-07T14:41:16+00:00","breadcrumb":{"@id":"https:\/\/starvac-group.com\/es\/contacte-con\/#breadcrumb"},"inLanguage":"es","potentialAction":[{"@type":"ReadAction","target":["https:\/\/starvac-group.com\/es\/contacte-con\/"]}]},{"@type":"BreadcrumbList","@id":"https:\/\/starvac-group.com\/es\/contacte-con\/#breadcrumb","itemListElement":[{"@type":"ListItem","position":1,"name":"Accueil","item":"https:\/\/starvac-group.com\/es\/"},{"@type":"ListItem","position":2,"name":"Contacte con"}]},{"@type":"WebSite","@id":"https:\/\/starvac-group.com\/es\/#website","url":"https:\/\/starvac-group.com\/es\/","name":"STARVAC\u00ae- Minceur et anti-\u00e2ge : les cl\u00e9s du succ\u00e8s","description":"","publisher":{"@id":"https:\/\/starvac-group.com\/es\/#organization"},"potentialAction":[{"@type":"SearchAction","target":{"@type":"EntryPoint","urlTemplate":"https:\/\/starvac-group.com\/es\/?s={search_term_string}"},"query-input":{"@type":"PropertyValueSpecification","valueRequired":true,"valueName":"search_term_string"}}],"inLanguage":"es"},{"@type":"Organization","@id":"https:\/\/starvac-group.com\/es\/#organization","name":"Starvac Group","alternateName":"Starvac","url":"https:\/\/starvac-group.com\/es\/","logo":{"@type":"ImageObject","inLanguage":"es","@id":"https:\/\/starvac-group.com\/es\/#\/schema\/logo\/image\/","url":"https:\/\/starvac-group.com\/wp-content\/uploads\/2023\/11\/STARVAC-GROUP-CARRE.jpg","contentUrl":"https:\/\/starvac-group.com\/wp-content\/uploads\/2023\/11\/STARVAC-GROUP-CARRE.jpg","width":283,"height":282,"caption":"Starvac Group"},"image":{"@id":"https:\/\/starvac-group.com\/es\/#\/schema\/logo\/image\/"},"sameAs":["https:\/\/www.facebook.com\/Starvac\/","https:\/\/www.instagram.com\/starvac.beauty\/"]}]}},"_links":{"self":[{"href":"https:\/\/starvac-group.com\/es\/wp-json\/wp\/v2\/pages\/378047","targetHints":{"allow":["GET"]}}],"collection":[{"href":"https:\/\/starvac-group.com\/es\/wp-json\/wp\/v2\/pages"}],"about":[{"href":"https:\/\/starvac-group.com\/es\/wp-json\/wp\/v2\/types\/page"}],"author":[{"embeddable":true,"href":"https:\/\/starvac-group.com\/es\/wp-json\/wp\/v2\/users\/115"}],"replies":[{"embeddable":true,"href":"https:\/\/starvac-group.com\/es\/wp-json\/wp\/v2\/comments?post=378047"}],"version-history":[{"count":6,"href":"https:\/\/starvac-group.com\/es\/wp-json\/wp\/v2\/pages\/378047\/revisions"}],"predecessor-version":[{"id":397862,"href":"https:\/\/starvac-group.com\/es\/wp-json\/wp\/v2\/pages\/378047\/revisions\/397862"}],"wp:attachment":[{"href":"https:\/\/starvac-group.com\/es\/wp-json\/wp\/v2\/media?parent=378047"}],"curies":[{"name":"wp","href":"https:\/\/api.w.org\/{rel}","templated":true}]}}