{"id":377959,"date":"2022-11-04T19:59:16","date_gmt":"2022-11-04T19:59:16","guid":{"rendered":"https:\/\/starvac-group.com\/unisciti-a-noi\/"},"modified":"2023-03-01T10:42:14","modified_gmt":"2023-03-01T10:42:14","slug":"unisciti-a-noi","status":"publish","type":"page","link":"https:\/\/starvac-group.com\/it\/unisciti-a-noi\/","title":{"rendered":"Unisciti a noi"},"content":{"rendered":"<p>[et_pb_section fb_built=&#8221;1&#8243; fullwidth=&#8221;on&#8221; admin_label=&#8221;Hero&#8221; _builder_version=&#8221;4.19.4&#8243; background_image=&#8221;https:\/\/starvac.exo-corp.com\/wp-content\/uploads\/2023\/02\/Team-Starvac-scaled.jpg&#8221; parallax=&#8221;on&#8221; hover_enabled=&#8221;0&#8243; global_colors_info=&#8221;{}&#8221; title_text=&#8221;Team-Starvac&#8221; sticky_enabled=&#8221;0&#8243;][et_pb_fullwidth_header title=&#8221;Le nostre offerte di lavoro&#8221; button_one_url=&#8221;\/contact\/&#8221; button_two_url=&#8221;#infos&#8221; content_max_width=&#8221;800px&#8221; _builder_version=&#8221;4.19.4&#8243; title_font=&#8221;|700|||||||&#8221; title_font_size=&#8221;48px&#8221; title_line_height=&#8221;1.3em&#8221; content_font=&#8221;Nunito|600|||||||&#8221; content_font_size=&#8221;20px&#8221; subhead_font=&#8221;||||||||&#8221; subhead_font_size=&#8221;30px&#8221; subhead_line_height=&#8221;1.8em&#8221; background_color=&#8221;RGBA(255,255,255,0)&#8221; use_background_color_gradient=&#8221;on&#8221; background_color_gradient_direction=&#8221;220deg&#8221; background_color_gradient_stops=&#8221;rgba(77,107,147,0) 0%|#4d6b93 97%&#8221; background_color_gradient_overlays_image=&#8221;on&#8221; background_color_gradient_start=&#8221;rgba(53,80,160,0.27)&#8221; background_color_gradient_end=&#8221;  0%&#8221; custom_button_one=&#8221;on&#8221; button_one_text_size=&#8221;16px&#8221; button_one_text_color=&#8221;#4D6B93&#8243; button_one_bg_color=&#8221;#ffffff&#8221; button_one_border_width=&#8221;4px&#8221; button_one_border_color=&#8221;rgba(210,159,104,0)&#8221; button_one_border_radius=&#8221;100px&#8221; button_one_font=&#8221;||||||||&#8221; button_one_use_icon=&#8221;off&#8221; custom_button_two=&#8221;on&#8221; button_two_text_size=&#8221;16px&#8221; button_two_text_color=&#8221;#ffffff&#8221; button_two_bg_color=&#8221;rgba(255,255,255,0.15)&#8221; button_two_border_width=&#8221;4px&#8221; button_two_border_color=&#8221;rgba(210,159,104,0)&#8221; button_two_border_radius=&#8221;100px&#8221; button_two_font=&#8221;||||||||&#8221; button_two_use_icon=&#8221;off&#8221; custom_margin=&#8221;0px||||false|false&#8221; custom_padding=&#8221;13vw||4vw||false|false&#8221; custom_padding_tablet=&#8221;20vw||20vw||true&#8221; custom_padding_phone=&#8221;8vw||8vw||true|false&#8221; custom_padding_last_edited=&#8221;on|desktop&#8221; hover_enabled=&#8221;0&#8243; title_font_size_tablet=&#8221;50px&#8221; title_font_size_phone=&#8221;24px&#8221; title_font_size_last_edited=&#8221;on|tablet&#8221; button_one_text_color_hover=&#8221;#3550a0&#8243; button_two_text_color_hover=&#8221;#ffffff&#8221; button_one_bg_color_hover=&#8221;rgba(255,255,255,0.8)&#8221; button_two_bg_color_hover=&#8221;rgba(255,255,255,0.3)&#8221; global_colors_info=&#8221;{}&#8221; button_one_text_size__hover_enabled=&#8221;off&#8221; button_two_text_size__hover_enabled=&#8221;off&#8221; button_one_text_color__hover_enabled=&#8221;on&#8221; button_one_text_color__hover=&#8221;#4D6B93&#8243; button_two_text_color__hover_enabled=&#8221;on&#8221; button_two_text_color__hover=&#8221;#ffffff&#8221; button_one_border_width__hover_enabled=&#8221;off&#8221; button_two_border_width__hover_enabled=&#8221;off&#8221; button_one_border_color__hover_enabled=&#8221;on|hover&#8221; button_two_border_color__hover_enabled=&#8221;on|hover&#8221; button_one_border_radius__hover_enabled=&#8221;off&#8221; button_two_border_radius__hover_enabled=&#8221;off&#8221; button_one_letter_spacing__hover_enabled=&#8221;off&#8221; button_two_letter_spacing__hover_enabled=&#8221;off&#8221; button_one_bg_color__hover_enabled=&#8221;on|hover&#8221; button_two_bg_color__hover_enabled=&#8221;on|hover&#8221; button_two_bg_color__hover=&#8221;rgba(255,255,255,0.3)&#8221; button_one_border_color__hover=&#8221;rgba(255,255,255,0.7)&#8221; button_one_bg_enable_color__hover=&#8221;on&#8221; button_two_border_color__hover=&#8221;rgba(255,255,255,0.3)&#8221; button_one_bg_color__hover=&#8221;rgba(255,255,255,0.7)&#8221; sticky_enabled=&#8221;0&#8243;][\/et_pb_fullwidth_header][\/et_pb_section][et_pb_section fb_built=&#8221;1&#8243; _builder_version=&#8221;4.16&#8243; _module_preset=&#8221;default&#8221; global_colors_info=&#8221;{}&#8221;][et_pb_row disabled_on=&#8221;off|off|off&#8221; _builder_version=&#8221;4.16&#8243; _module_preset=&#8221;a2f5993a-2fa2-4480-a2fc-6a7725aa33c6&#8243; custom_margin=&#8221;|auto|-55px|auto||&#8221; global_colors_info=&#8221;{}&#8221;][et_pb_column type=&#8221;4_4&#8243; _builder_version=&#8221;4.16&#8243; _module_preset=&#8221;default&#8221; global_colors_info=&#8221;{}&#8221;][et_pb_text _builder_version=&#8221;4.19.4&#8243; _module_preset=&#8221;default&#8221; header_2_font=&#8221;Roboto||||||||&#8221; header_2_text_color=&#8221;#59585c&#8221; header_2_font_size=&#8221;40px&#8221; global_colors_info=&#8221;{}&#8221;][\/et_pb_text][et_pb_text _builder_version=&#8221;4.19.4&#8243; _module_preset=&#8221;default&#8221; header_2_font=&#8221;Roboto||||||||&#8221; header_2_text_color=&#8221;#59585c&#8221; header_2_font_size=&#8221;40px&#8221; global_colors_info=&#8221;{}&#8221;]<\/p>\n<h2>Direttore vendite &#8211; Regione Auvergne-Rh\u00f4ne-Alpes<\/h2>\n<p>[\/et_pb_text][et_pb_divider color=&#8221;#4d6b93&#8243; divider_weight=&#8221;6px&#8221; _builder_version=&#8221;4.16&#8243; _module_preset=&#8221;default&#8221; width=&#8221;15%&#8221; global_colors_info=&#8221;{}&#8221;][\/et_pb_divider][\/et_pb_column][\/et_pb_row][et_pb_row _builder_version=&#8221;4.16&#8243; _module_preset=&#8221;a2f5993a-2fa2-4480-a2fc-6a7725aa33c6&#8243; global_colors_info=&#8221;{}&#8221;][et_pb_column type=&#8221;4_4&#8243; _builder_version=&#8221;4.16&#8243; _module_preset=&#8221;default&#8221; global_colors_info=&#8221;{}&#8221;][et_pb_text _builder_version=&#8221;4.19.4&#8243; _module_preset=&#8221;default&#8221; global_colors_info=&#8221;{}&#8221;]<\/p>\n<p><span>STARVAC GROUP \u00e8 un&#8217;azienda francese con sede a Tolosa, fondata nel 1972.<br \/>Progetta, produce e commercializza apparecchiature per i settori medico, estetico e del benessere. \u00c8 un&#8217;azienda a conduzione familiare che conserva i suoi valori originali:  <\/span><span style=\"font-size: 14px;\">Produzione 100% francese e certificazione medica ISO. La ricerca e l&#8217;innovazione sono le sue priorit\u00e0 e hanno portato a un gran numero di brevetti depositati in <\/span><span>ad oggi. I suoi prodotti sono attualmente commercializzati in pi\u00f9 di 20 paesi in 5 continenti.<br aria-hidden=\"true\">Progettiamo, produciamo e commercializziamo apparecchiature elettromedicali ad alto valore aggiunto per i settori medico ed estetico. Il team di vendita di Starvac Group sta crescendo e cerca dirigenti di vendita.<\/span><span data-ogsc=\"black\"><\/span><\/p>\n<p><span data-ogsc=\"black\"><\/span><\/p>\n<p><span data-ogsc=\"black\">REGIONI :<\/span><\/p>\n<ul>\n<li>Regione Alvernia-Rodano-Alpi (dipartimenti: 69\/63\/42\/43\/01\/26\/07\/73\/74\/38).<span data-ogsc=\"black\"><\/span><\/li>\n<\/ul>\n<p><span data-ogsc=\"black\">MISSIONI :<\/span><\/p>\n<ul>\n<li><span data-ogsc=\"black\">Prospezione e conquista di nuovi clienti attraverso visite e appuntamenti nel settore: mercato estetico e fisioterapico<\/span><\/li>\n<li><span data-ogsc=\"black\">Identificare i potenziali obiettivi (campo, file, elenchi, reti professionali).<\/span><\/li>\n<li><span data-ogsc=\"black\">Sviluppare proposte commerciali e soluzioni di finanziamento adeguate.<\/span><\/li>\n<li><span data-ogsc=\"black\">Seguire gli affari e i clienti per fidelizzarli e sviluppare le loro attrezzature.<\/span><\/li>\n<\/ul>\n<p><span data-ogsc=\"black\">Competenze ed esperienze desiderate:<\/span><\/p>\n<ul>\n<li><span data-ogsc=\"black\">Almeno 5 anni di esperienza in un ruolo simile<\/span><\/li>\n<li>La conoscenza dei mercati della bellezza e della salute \u00e8 un plus.<\/li>\n<\/ul>\n<p><span data-ogsc=\"black\"><\/span><\/p>\n<p><span data-ogsc=\"black\">Tipo di lavoro: Tempo pieno, permanente<\/span><\/p>\n<p>Stato: esecutivo<span data-ogsc=\"black\"><\/span><\/p>\n<p>Stipendio: 26-60k all&#8217;anno.<\/p>\n<p>&nbsp;<\/p>\n<p>Benefici: ferie, lavoro a domicilio, auto aziendale.<\/p>\n<p>Tipo di bonus e gratifiche: commissioni, bonus e bonus trimestrali.<\/p>\n<p><span data-ogsc=\"black\">Contattateci a questo indirizzo con il vostro CV e la vostra lettera di presentazione:<br \/><a href=\"mailto:camille@starvac-group.com\" target=\"_blank\" rel=\"noopener noreferrer\" data-auth=\"NotApplicable\" data-linkindex=\"0\" data-ogsc=\"\">camille@starvac-group.com<\/a> <\/span><\/p>\n<p>[\/et_pb_text][\/et_pb_column][\/et_pb_row][\/et_pb_section]<\/p>\n","protected":false},"excerpt":{"rendered":"<p>Direttore vendite &#8211; Regione Auvergne-Rh\u00f4ne-AlpesSTARVAC GROUP \u00e8 un&#8217;azienda francese con sede a Tolosa, fondata nel 1972.Progetta, produce e commercializza apparecchiature per i settori medico, estetico e del benessere. \u00c8 un&#8217;azienda a conduzione familiare che conserva i suoi valori originali: Produzione 100% francese e certificazione medica ISO. La ricerca e l&#8217;innovazione sono le sue priorit\u00e0 e [&hellip;]<\/p>\n","protected":false},"author":115,"featured_media":0,"parent":0,"menu_order":0,"comment_status":"closed","ping_status":"closed","template":"","meta":{"_et_pb_use_builder":"on","_et_pb_old_content":"","_et_gb_content_width":"","content-type":"","footnotes":""},"class_list":["post-377959","page","type-page","status-publish","hentry"],"yoast_head":"<!-- This site is optimized with the Yoast SEO plugin v25.9 - https:\/\/yoast.com\/wordpress\/plugins\/seo\/ -->\n<title>Unirsi al gruppo STARVAC<\/title>\n<meta name=\"description\" content=\"Scoprite le offerte di lavoro del gruppo STARVAC ed entrate a far parte dei nostri team appassionati\" \/>\n<meta name=\"robots\" content=\"noindex, follow\" \/>\n<meta property=\"og:locale\" content=\"it_IT\" \/>\n<meta property=\"og:type\" content=\"article\" \/>\n<meta property=\"og:title\" content=\"Unirsi al gruppo STARVAC\" \/>\n<meta property=\"og:description\" content=\"Scoprite le offerte di lavoro del gruppo STARVAC ed entrate a far parte dei nostri team appassionati\" \/>\n<meta property=\"og:url\" content=\"https:\/\/starvac-group.com\/it\/unisciti-a-noi\/\" \/>\n<meta property=\"og:site_name\" content=\"STARVAC\u00ae- Minceur et anti-\u00e2ge : les cl\u00e9s du succ\u00e8s\" \/>\n<meta property=\"article:publisher\" content=\"https:\/\/www.facebook.com\/Starvac\/\" \/>\n<meta property=\"article:modified_time\" content=\"2023-03-01T10:42:14+00:00\" \/>\n<meta name=\"twitter:card\" content=\"summary_large_image\" \/>\n<meta name=\"twitter:label1\" content=\"Tempo di lettura stimato\" \/>\n\t<meta name=\"twitter:data1\" content=\"4 minuti\" \/>\n<script type=\"application\/ld+json\" class=\"yoast-schema-graph\">{\"@context\":\"https:\/\/schema.org\",\"@graph\":[{\"@type\":\"WebPage\",\"@id\":\"https:\/\/starvac-group.com\/it\/unisciti-a-noi\/\",\"url\":\"https:\/\/starvac-group.com\/it\/unisciti-a-noi\/\",\"name\":\"Unirsi al gruppo STARVAC\",\"isPartOf\":{\"@id\":\"https:\/\/starvac-group.com\/it\/#website\"},\"datePublished\":\"2022-11-04T19:59:16+00:00\",\"dateModified\":\"2023-03-01T10:42:14+00:00\",\"description\":\"Scoprite le offerte di lavoro del gruppo STARVAC ed entrate a far parte dei nostri team appassionati\",\"breadcrumb\":{\"@id\":\"https:\/\/starvac-group.com\/it\/unisciti-a-noi\/#breadcrumb\"},\"inLanguage\":\"it-IT\",\"potentialAction\":[{\"@type\":\"ReadAction\",\"target\":[\"https:\/\/starvac-group.com\/it\/unisciti-a-noi\/\"]}]},{\"@type\":\"BreadcrumbList\",\"@id\":\"https:\/\/starvac-group.com\/it\/unisciti-a-noi\/#breadcrumb\",\"itemListElement\":[{\"@type\":\"ListItem\",\"position\":1,\"name\":\"Accueil\",\"item\":\"https:\/\/starvac-group.com\/it\/\"},{\"@type\":\"ListItem\",\"position\":2,\"name\":\"Unisciti a noi\"}]},{\"@type\":\"WebSite\",\"@id\":\"https:\/\/starvac-group.com\/it\/#website\",\"url\":\"https:\/\/starvac-group.com\/it\/\",\"name\":\"STARVAC\u00ae- Minceur et anti-\u00e2ge : les cl\u00e9s du succ\u00e8s\",\"description\":\"\",\"publisher\":{\"@id\":\"https:\/\/starvac-group.com\/it\/#organization\"},\"potentialAction\":[{\"@type\":\"SearchAction\",\"target\":{\"@type\":\"EntryPoint\",\"urlTemplate\":\"https:\/\/starvac-group.com\/it\/?s={search_term_string}\"},\"query-input\":{\"@type\":\"PropertyValueSpecification\",\"valueRequired\":true,\"valueName\":\"search_term_string\"}}],\"inLanguage\":\"it-IT\"},{\"@type\":\"Organization\",\"@id\":\"https:\/\/starvac-group.com\/it\/#organization\",\"name\":\"Starvac Group\",\"alternateName\":\"Starvac\",\"url\":\"https:\/\/starvac-group.com\/it\/\",\"logo\":{\"@type\":\"ImageObject\",\"inLanguage\":\"it-IT\",\"@id\":\"https:\/\/starvac-group.com\/it\/#\/schema\/logo\/image\/\",\"url\":\"https:\/\/starvac-group.com\/wp-content\/uploads\/2023\/11\/STARVAC-GROUP-CARRE.jpg\",\"contentUrl\":\"https:\/\/starvac-group.com\/wp-content\/uploads\/2023\/11\/STARVAC-GROUP-CARRE.jpg\",\"width\":283,\"height\":282,\"caption\":\"Starvac Group\"},\"image\":{\"@id\":\"https:\/\/starvac-group.com\/it\/#\/schema\/logo\/image\/\"},\"sameAs\":[\"https:\/\/www.facebook.com\/Starvac\/\",\"https:\/\/www.instagram.com\/starvac.beauty\/\"]}]}<\/script>\n<!-- \/ Yoast SEO plugin. -->","yoast_head_json":{"title":"Unirsi al gruppo STARVAC","description":"Scoprite le offerte di lavoro del gruppo STARVAC ed entrate a far parte dei nostri team appassionati","robots":{"index":"noindex","follow":"follow"},"og_locale":"it_IT","og_type":"article","og_title":"Unirsi al gruppo STARVAC","og_description":"Scoprite le offerte di lavoro del gruppo STARVAC ed entrate a far parte dei nostri team appassionati","og_url":"https:\/\/starvac-group.com\/it\/unisciti-a-noi\/","og_site_name":"STARVAC\u00ae- Minceur et anti-\u00e2ge : les cl\u00e9s du succ\u00e8s","article_publisher":"https:\/\/www.facebook.com\/Starvac\/","article_modified_time":"2023-03-01T10:42:14+00:00","twitter_card":"summary_large_image","twitter_misc":{"Tempo di lettura stimato":"4 minuti"},"schema":{"@context":"https:\/\/schema.org","@graph":[{"@type":"WebPage","@id":"https:\/\/starvac-group.com\/it\/unisciti-a-noi\/","url":"https:\/\/starvac-group.com\/it\/unisciti-a-noi\/","name":"Unirsi al gruppo STARVAC","isPartOf":{"@id":"https:\/\/starvac-group.com\/it\/#website"},"datePublished":"2022-11-04T19:59:16+00:00","dateModified":"2023-03-01T10:42:14+00:00","description":"Scoprite le offerte di lavoro del gruppo STARVAC ed entrate a far parte dei nostri team appassionati","breadcrumb":{"@id":"https:\/\/starvac-group.com\/it\/unisciti-a-noi\/#breadcrumb"},"inLanguage":"it-IT","potentialAction":[{"@type":"ReadAction","target":["https:\/\/starvac-group.com\/it\/unisciti-a-noi\/"]}]},{"@type":"BreadcrumbList","@id":"https:\/\/starvac-group.com\/it\/unisciti-a-noi\/#breadcrumb","itemListElement":[{"@type":"ListItem","position":1,"name":"Accueil","item":"https:\/\/starvac-group.com\/it\/"},{"@type":"ListItem","position":2,"name":"Unisciti a noi"}]},{"@type":"WebSite","@id":"https:\/\/starvac-group.com\/it\/#website","url":"https:\/\/starvac-group.com\/it\/","name":"STARVAC\u00ae- Minceur et anti-\u00e2ge : les cl\u00e9s du succ\u00e8s","description":"","publisher":{"@id":"https:\/\/starvac-group.com\/it\/#organization"},"potentialAction":[{"@type":"SearchAction","target":{"@type":"EntryPoint","urlTemplate":"https:\/\/starvac-group.com\/it\/?s={search_term_string}"},"query-input":{"@type":"PropertyValueSpecification","valueRequired":true,"valueName":"search_term_string"}}],"inLanguage":"it-IT"},{"@type":"Organization","@id":"https:\/\/starvac-group.com\/it\/#organization","name":"Starvac Group","alternateName":"Starvac","url":"https:\/\/starvac-group.com\/it\/","logo":{"@type":"ImageObject","inLanguage":"it-IT","@id":"https:\/\/starvac-group.com\/it\/#\/schema\/logo\/image\/","url":"https:\/\/starvac-group.com\/wp-content\/uploads\/2023\/11\/STARVAC-GROUP-CARRE.jpg","contentUrl":"https:\/\/starvac-group.com\/wp-content\/uploads\/2023\/11\/STARVAC-GROUP-CARRE.jpg","width":283,"height":282,"caption":"Starvac Group"},"image":{"@id":"https:\/\/starvac-group.com\/it\/#\/schema\/logo\/image\/"},"sameAs":["https:\/\/www.facebook.com\/Starvac\/","https:\/\/www.instagram.com\/starvac.beauty\/"]}]}},"_links":{"self":[{"href":"https:\/\/starvac-group.com\/it\/wp-json\/wp\/v2\/pages\/377959","targetHints":{"allow":["GET"]}}],"collection":[{"href":"https:\/\/starvac-group.com\/it\/wp-json\/wp\/v2\/pages"}],"about":[{"href":"https:\/\/starvac-group.com\/it\/wp-json\/wp\/v2\/types\/page"}],"author":[{"embeddable":true,"href":"https:\/\/starvac-group.com\/it\/wp-json\/wp\/v2\/users\/115"}],"replies":[{"embeddable":true,"href":"https:\/\/starvac-group.com\/it\/wp-json\/wp\/v2\/comments?post=377959"}],"version-history":[{"count":1,"href":"https:\/\/starvac-group.com\/it\/wp-json\/wp\/v2\/pages\/377959\/revisions"}],"predecessor-version":[{"id":388539,"href":"https:\/\/starvac-group.com\/it\/wp-json\/wp\/v2\/pages\/377959\/revisions\/388539"}],"wp:attachment":[{"href":"https:\/\/starvac-group.com\/it\/wp-json\/wp\/v2\/media?parent=377959"}],"curies":[{"name":"wp","href":"https:\/\/api.w.org\/{rel}","templated":true}]}}