{"id":377961,"date":"2022-11-04T19:59:17","date_gmt":"2022-11-04T19:59:17","guid":{"rendered":"https:\/\/starvac-group.com\/informazioni-legali\/"},"modified":"2022-11-04T19:59:17","modified_gmt":"2022-11-04T19:59:17","slug":"informazioni-legali","status":"publish","type":"page","link":"https:\/\/starvac-group.com\/it\/informazioni-legali\/","title":{"rendered":"Informazioni legali"},"content":{"rendered":"<p>[et_pb_section fb_built=&#8221;1&#8243; theme_builder_area=&#8221;post_content&#8221; _builder_version=&#8221;4.18.0&#8243; _module_preset=&#8221;default&#8221; custom_margin=&#8221;80px||80px||true|false&#8221; hover_enabled=&#8221;0&#8243; sticky_enabled=&#8221;0&#8243;][et_pb_row _builder_version=&#8221;4.18.0&#8243; _module_preset=&#8221;default&#8221; theme_builder_area=&#8221;post_content&#8221;][et_pb_column _builder_version=&#8221;4.18.0&#8243; _module_preset=&#8221;default&#8221; type=&#8221;4_4&#8243; theme_builder_area=&#8221;post_content&#8221;][et_pb_text _builder_version=&#8221;4.18.0&#8243; _module_preset=&#8221;default&#8221; theme_builder_area=&#8221;post_content&#8221; hover_enabled=&#8221;0&#8243; sticky_enabled=&#8221;0&#8243;]<\/p>\n<h1 style=\"text-align: center;\">Note legali del GRUPPO STARVAC<\/h1>\n<p style=\"text-align: center;\"><strong>Versione del 12 ottobre 2022<\/strong><\/p>\n<p>In conformit\u00e0 alle disposizioni degli articoli 6-III e 19 della legge n. 2004-575 del 21 giugno 2004 per la fiducia nell&#8217;economia digitale, nota come L.C.E.N., gli utenti e i visitatori del sito www.starvac-group.com sono informati della presente nota legale.<\/p>\n<p>Le presenti condizioni generali determinano i termini e le condizioni d&#8217;uso del sito web di STARVAC che l&#8217;utente accetta per il solo fatto di consultare questo sito. Se non si accettano, si \u00e8 invitati a lasciare questo sito. Se siete minorenni, vi impegnate a consultare questo sito solo in presenza dei vostri genitori o di chi ne fa le veci, che avranno preventivamente accettato le presenti condizioni. L&#8217;uso e la consultazione del sito sono limitati a scopi personali e non commerciali.<br \/>Le presenti condizioni sono soggette alla legge francese e possono essere modificate in qualsiasi momento senza preavviso. In assenza di una soluzione amichevole, i tribunali francesi saranno competenti per risolvere qualsiasi controversia relativa al mancato rispetto dei presenti termini.<\/p>\n<p>Tali condizioni sono disponibili sul Sito alla voce &#8220;Informazioni legali&#8221;.<\/p>\n<h2>ARTICOLO 1 &#8211; L&#8217;EDITORE<\/h2>\n<p>La redazione e la direzione della pubblicazione del Sito \u00e8 assicurata da Daniel Frajdenrajch, Presidente della societ\u00e0 STARVAC GROUP e domiciliato presso ZAC de, 29 Rue Paule Raymondis, 31200 Tolosa, il cui numero di telefono \u00e8 0534250770 e l&#8217;indirizzo e-mail info@starvac-group.com.<\/p>\n<p>STARVAC GROUP, societ\u00e0 per azioni semplificata, registrata con il numero SIREN 412260150, iscritta al Registro del Commercio e delle Imprese con il numero Toulouse B 412 260 150, \u00e8 in attivit\u00e0 da 25 anni. Fondata a TOULOUSE (31200), \u00e8 specializzata nella produzione di apparecchiature medico-chirurgiche e ha un capitale sociale di 240.360,00 \u20ac.<\/p>\n<h2>ARTICOLO 2 &#8211; L&#8217;OSPITE<\/h2>\n<p>L&#8217;host del Sito \u00e8 la societ\u00e0 O2SWITCH, una societ\u00e0 per azioni semplificata, registrata con il numero SIREN 510909807, attiva da 13 anni. Situata a CLERMONT-FERRAND (63000), \u00e8 specializzata nel settore dell&#8217;elaborazione dati, dell&#8217;hosting e delle attivit\u00e0 connesse.<\/p>\n<h2>ARTICOLO 3 &#8211; LO SVILUPPATORE<\/h2>\n<p>Lo sviluppatore del Sito \u00e8 il collettivo EXOCORP, tramite MF CONSULTING, una societ\u00e0 autonoma, registrata con il numero SIREN 822 031 373, con sede a LIONE (69003), specializzata nella trasformazione digitale delle imprese.<\/p>\n<h2>ARTICOLO 4 &#8211; FINALIT\u00c0 DEL SITO<\/h2>\n<p>Questo sito \u00e8 stato creato per fornire informazioni sull&#8217;azienda, la sua organizzazione, la sua storia, i suoi prodotti e le loro affermazioni.<br \/>Poich\u00e9 la comunicazione relativa ai prodotti fabbricati, distribuiti e commercializzati da STARVAC \u00e8 soggetta a normative specifiche, il sito web \u00e8 separato in diverse parti distinte e chiaramente identificate per l&#8217;Utente: apparecchi con status di dispositivo medico, cosmetici e integratori alimentari.<br \/>Le informazioni contenute in questo sito non devono essere utilizzate per fornire consigli medici e non devono sostituire la consultazione di un professionista della salute, qualora le condizioni di salute lo richiedano.<br \/>Allo stesso modo, queste informazioni non devono essere interpretate come una raccomandazione per l&#8217;uso dei prodotti senza il consiglio di un professionista sanitario o di un esperto STARVAC.<\/p>\n<h2>ARTICOLO 5 &#8211; GARANZIE E RESPONSABILIT\u00c0<\/h2>\n<p>STARVAC GROUP si impegna a verificare che il contenuto di questo sito sia conforme alle disposizioni di legge in vigore. In particolare, si impegna a non diffondere dati che violino i diritti di terzi, che siano di natura violenta, pornografica o diffamatoria e a non diffondere contenuti illegali, in particolare razzisti, xenofobi, pedofili o comunque offensivi della dignit\u00e0 umana.<\/p>\n<p>STARVAC GROUP non garantisce tuttavia l&#8217;accuratezza, l&#8217;attualit\u00e0 e la completezza delle informazioni contenute in questo sito.<\/p>\n<p>STARVAC GROUP non pu\u00f2 essere ritenuta responsabile:<br \/>Danni derivanti direttamente o indirettamente dalla consultazione di questo sito o dall&#8217;utilizzo delle informazioni in esso disponibili;<br \/>Danni diretti o indiretti derivanti dall&#8217;utilizzo di questo sito web, in particolare perdite operative, finanziarie o commerciali o perdita di programmi o dati in qualsiasi sistema informativo, anche se STARVAC GROUP \u00e8 stata informata della possibilit\u00e0 di tali danni.<\/p>\n<p>STARVAC non si assume alcuna responsabilit\u00e0 per i link ad altri siti web, che sono forniti solo a scopo informativo.<br \/>STARVAC si riserva il diritto, a sua discrezione, di modificare, interrompere temporaneamente o permanentemente tutto o parte di questo sito web senza preavviso o risarcimento. STARVAC non sar\u00e0 responsabile nei confronti dell&#8217;utente o di terzi per qualsiasi modifica, interruzione o sospensione di questo sito web.<\/p>\n<h2>ARTICOLO 6- ACCESSO AL SITO<\/h2>\n<p>Il Sito \u00e8 accessibile in qualsiasi momento, 7 giorni su 7, 24 ore su 24, salvo in caso di forza maggiore, interruzione programmata o non programmata, e che pu\u00f2 derivare da una necessit\u00e0 di manutenzione.<\/p>\n<p>L&#8217;Editore non sar\u00e0 responsabile di alcuna modifica, interruzione o sospensione del Sito.<\/p>\n<h2>ARTICOLO 7 &#8211; DIRITTI DI PROPRIET\u00c0 INTELLETTUALE<\/h2>\n<p>Tutti i loghi, le immagini dei prodotti e i testi disponibili su questo sito web, tutti i nomi dei prodotti o i marchi commerciali citati sono di propriet\u00e0 esclusiva di STARVAC GROUP o sono concessi in licenza.<br \/>\u00c8 possibile scaricare, visualizzare o stampare le informazioni disponibili su questo sito solo per uso privato, per scopi non commerciali, senza modificare alcuna menzione, comprese quelle relative ai diritti di propriet\u00e0 intellettuale, e assicurandosi che su ogni copia effettuata venga riportata la seguente dicitura: &#8220;Questo documento proviene dal sito web di Starvac Group (Starvac-Group)&#8221;. Tutti i diritti riservati&#8221;.<br \/>Qualsiasi utilizzo, riproduzione, distribuzione, commercializzazione, modifica di tutto o parte del Sito, al di fuori di quanto sopra indicato, senza la preventiva autorizzazione scritta di STARVAC GROUP \u00e8 vietato e pu\u00f2 comportare azioni legali e giudiziarie come previsto in particolare dal Codice della Propriet\u00e0 Intellettuale e dal Codice Civile.<\/p>\n<h2>ARTICOLO 8 &#8211; RACCOLTA E PROTEZIONE DEI DATI PERSONALI<\/h2>\n<p>Il Sito garantisce che le informazioni personali dell&#8217;Utente siano raccolte e trattate nel rispetto della privacy, in conformit\u00e0 con la legge francese n\u00b078-17 del 6 gennaio 1978 relativa all&#8217;informatica, ai file e alle libert\u00e0.<\/p>\n<p>Ai sensi della legge francese sulla protezione dei dati del 6 gennaio 1978, l&#8217;Utente ha il diritto di accedere, rettificare, cancellare e opporsi ai propri dati personali. L&#8217;Utente pu\u00f2 esercitare tale diritto inviando un&#8217;e-mail al seguente indirizzo: info@starvac-group.com<\/p>\n<p>Per ulteriori informazioni, consultare la nostra politica sulla privacy al seguente indirizzo Dati personali | Starvac (starvac-group.com)<\/p>\n<h2>ARTICOLO 9 &#8211; POLITICA DEI COOKIE<\/h2>\n<p>Per maggiori informazioni sull&#8217;utilizzo dei cookie sul sito web, STARVAC GROUP invita gli Utenti a consultare la nostra politica sulla privacy al seguente indirizzo Dati personali | Starvac (starvac-group.com)<\/p>\n<p>[\/et_pb_text][\/et_pb_column][\/et_pb_row][\/et_pb_section]<\/p>\n","protected":false},"excerpt":{"rendered":"<p>Note legali del GRUPPO STARVAC Versione del 12 ottobre 2022 In conformit\u00e0 alle disposizioni degli articoli 6-III e 19 della legge n. 2004-575 del 21 giugno 2004 per la fiducia nell&#8217;economia digitale, nota come L.C.E.N., gli utenti e i visitatori del sito www.starvac-group.com sono informati della presente nota legale. Le presenti condizioni generali determinano i [&hellip;]<\/p>\n","protected":false},"author":115,"featured_media":0,"parent":0,"menu_order":0,"comment_status":"closed","ping_status":"closed","template":"","meta":{"_et_pb_use_builder":"on","_et_pb_old_content":"","_et_gb_content_width":"","content-type":"","footnotes":""},"class_list":["post-377961","page","type-page","status-publish","hentry"],"yoast_head":"<!-- This site is optimized with the Yoast SEO plugin v25.9 - https:\/\/yoast.com\/wordpress\/plugins\/seo\/ -->\n<title>Informazioni legali - STARVAC\u00ae- Minceur et anti-\u00e2ge : les cl\u00e9s du succ\u00e8s<\/title>\n<meta name=\"robots\" content=\"noindex, follow\" \/>\n<meta property=\"og:locale\" content=\"it_IT\" \/>\n<meta property=\"og:type\" content=\"article\" \/>\n<meta property=\"og:title\" content=\"Informazioni legali - STARVAC\u00ae- Minceur et anti-\u00e2ge : les cl\u00e9s du succ\u00e8s\" \/>\n<meta property=\"og:description\" content=\"Note legali del GRUPPO STARVAC Versione del 12 ottobre 2022 In conformit\u00e0 alle disposizioni degli articoli 6-III e 19 della legge n. 2004-575 del 21 giugno 2004 per la fiducia nell&#039;economia digitale, nota come L.C.E.N., gli utenti e i visitatori del sito www.starvac-group.com sono informati della presente nota legale. Le presenti condizioni generali determinano i [&hellip;]\" \/>\n<meta property=\"og:url\" content=\"https:\/\/starvac-group.com\/it\/informazioni-legali\/\" \/>\n<meta property=\"og:site_name\" content=\"STARVAC\u00ae- Minceur et anti-\u00e2ge : les cl\u00e9s du succ\u00e8s\" \/>\n<meta property=\"article:publisher\" content=\"https:\/\/www.facebook.com\/Starvac\/\" \/>\n<meta name=\"twitter:card\" content=\"summary_large_image\" \/>\n<meta name=\"twitter:label1\" content=\"Tempo di lettura stimato\" \/>\n\t<meta name=\"twitter:data1\" content=\"5 minuti\" \/>\n<script type=\"application\/ld+json\" class=\"yoast-schema-graph\">{\"@context\":\"https:\/\/schema.org\",\"@graph\":[{\"@type\":\"WebPage\",\"@id\":\"https:\/\/starvac-group.com\/it\/informazioni-legali\/\",\"url\":\"https:\/\/starvac-group.com\/it\/informazioni-legali\/\",\"name\":\"Informazioni legali - STARVAC\u00ae- Minceur et anti-\u00e2ge : les cl\u00e9s du succ\u00e8s\",\"isPartOf\":{\"@id\":\"https:\/\/starvac-group.com\/it\/#website\"},\"datePublished\":\"2022-11-04T19:59:17+00:00\",\"breadcrumb\":{\"@id\":\"https:\/\/starvac-group.com\/it\/informazioni-legali\/#breadcrumb\"},\"inLanguage\":\"it-IT\",\"potentialAction\":[{\"@type\":\"ReadAction\",\"target\":[\"https:\/\/starvac-group.com\/it\/informazioni-legali\/\"]}]},{\"@type\":\"BreadcrumbList\",\"@id\":\"https:\/\/starvac-group.com\/it\/informazioni-legali\/#breadcrumb\",\"itemListElement\":[{\"@type\":\"ListItem\",\"position\":1,\"name\":\"Accueil\",\"item\":\"https:\/\/starvac-group.com\/it\/\"},{\"@type\":\"ListItem\",\"position\":2,\"name\":\"Informazioni legali\"}]},{\"@type\":\"WebSite\",\"@id\":\"https:\/\/starvac-group.com\/it\/#website\",\"url\":\"https:\/\/starvac-group.com\/it\/\",\"name\":\"STARVAC\u00ae- Minceur et anti-\u00e2ge : les cl\u00e9s du succ\u00e8s\",\"description\":\"\",\"publisher\":{\"@id\":\"https:\/\/starvac-group.com\/it\/#organization\"},\"potentialAction\":[{\"@type\":\"SearchAction\",\"target\":{\"@type\":\"EntryPoint\",\"urlTemplate\":\"https:\/\/starvac-group.com\/it\/?s={search_term_string}\"},\"query-input\":{\"@type\":\"PropertyValueSpecification\",\"valueRequired\":true,\"valueName\":\"search_term_string\"}}],\"inLanguage\":\"it-IT\"},{\"@type\":\"Organization\",\"@id\":\"https:\/\/starvac-group.com\/it\/#organization\",\"name\":\"Starvac Group\",\"alternateName\":\"Starvac\",\"url\":\"https:\/\/starvac-group.com\/it\/\",\"logo\":{\"@type\":\"ImageObject\",\"inLanguage\":\"it-IT\",\"@id\":\"https:\/\/starvac-group.com\/it\/#\/schema\/logo\/image\/\",\"url\":\"https:\/\/starvac-group.com\/wp-content\/uploads\/2023\/11\/STARVAC-GROUP-CARRE.jpg\",\"contentUrl\":\"https:\/\/starvac-group.com\/wp-content\/uploads\/2023\/11\/STARVAC-GROUP-CARRE.jpg\",\"width\":283,\"height\":282,\"caption\":\"Starvac Group\"},\"image\":{\"@id\":\"https:\/\/starvac-group.com\/it\/#\/schema\/logo\/image\/\"},\"sameAs\":[\"https:\/\/www.facebook.com\/Starvac\/\",\"https:\/\/www.instagram.com\/starvac.beauty\/\"]}]}<\/script>\n<!-- \/ Yoast SEO plugin. -->","yoast_head_json":{"title":"Informazioni legali - STARVAC\u00ae- Minceur et anti-\u00e2ge : les cl\u00e9s du succ\u00e8s","robots":{"index":"noindex","follow":"follow"},"og_locale":"it_IT","og_type":"article","og_title":"Informazioni legali - STARVAC\u00ae- Minceur et anti-\u00e2ge : les cl\u00e9s du succ\u00e8s","og_description":"Note legali del GRUPPO STARVAC Versione del 12 ottobre 2022 In conformit\u00e0 alle disposizioni degli articoli 6-III e 19 della legge n. 2004-575 del 21 giugno 2004 per la fiducia nell'economia digitale, nota come L.C.E.N., gli utenti e i visitatori del sito www.starvac-group.com sono informati della presente nota legale. Le presenti condizioni generali determinano i [&hellip;]","og_url":"https:\/\/starvac-group.com\/it\/informazioni-legali\/","og_site_name":"STARVAC\u00ae- Minceur et anti-\u00e2ge : les cl\u00e9s du succ\u00e8s","article_publisher":"https:\/\/www.facebook.com\/Starvac\/","twitter_card":"summary_large_image","twitter_misc":{"Tempo di lettura stimato":"5 minuti"},"schema":{"@context":"https:\/\/schema.org","@graph":[{"@type":"WebPage","@id":"https:\/\/starvac-group.com\/it\/informazioni-legali\/","url":"https:\/\/starvac-group.com\/it\/informazioni-legali\/","name":"Informazioni legali - STARVAC\u00ae- Minceur et anti-\u00e2ge : les cl\u00e9s du succ\u00e8s","isPartOf":{"@id":"https:\/\/starvac-group.com\/it\/#website"},"datePublished":"2022-11-04T19:59:17+00:00","breadcrumb":{"@id":"https:\/\/starvac-group.com\/it\/informazioni-legali\/#breadcrumb"},"inLanguage":"it-IT","potentialAction":[{"@type":"ReadAction","target":["https:\/\/starvac-group.com\/it\/informazioni-legali\/"]}]},{"@type":"BreadcrumbList","@id":"https:\/\/starvac-group.com\/it\/informazioni-legali\/#breadcrumb","itemListElement":[{"@type":"ListItem","position":1,"name":"Accueil","item":"https:\/\/starvac-group.com\/it\/"},{"@type":"ListItem","position":2,"name":"Informazioni legali"}]},{"@type":"WebSite","@id":"https:\/\/starvac-group.com\/it\/#website","url":"https:\/\/starvac-group.com\/it\/","name":"STARVAC\u00ae- Minceur et anti-\u00e2ge : les cl\u00e9s du succ\u00e8s","description":"","publisher":{"@id":"https:\/\/starvac-group.com\/it\/#organization"},"potentialAction":[{"@type":"SearchAction","target":{"@type":"EntryPoint","urlTemplate":"https:\/\/starvac-group.com\/it\/?s={search_term_string}"},"query-input":{"@type":"PropertyValueSpecification","valueRequired":true,"valueName":"search_term_string"}}],"inLanguage":"it-IT"},{"@type":"Organization","@id":"https:\/\/starvac-group.com\/it\/#organization","name":"Starvac Group","alternateName":"Starvac","url":"https:\/\/starvac-group.com\/it\/","logo":{"@type":"ImageObject","inLanguage":"it-IT","@id":"https:\/\/starvac-group.com\/it\/#\/schema\/logo\/image\/","url":"https:\/\/starvac-group.com\/wp-content\/uploads\/2023\/11\/STARVAC-GROUP-CARRE.jpg","contentUrl":"https:\/\/starvac-group.com\/wp-content\/uploads\/2023\/11\/STARVAC-GROUP-CARRE.jpg","width":283,"height":282,"caption":"Starvac Group"},"image":{"@id":"https:\/\/starvac-group.com\/it\/#\/schema\/logo\/image\/"},"sameAs":["https:\/\/www.facebook.com\/Starvac\/","https:\/\/www.instagram.com\/starvac.beauty\/"]}]}},"_links":{"self":[{"href":"https:\/\/starvac-group.com\/it\/wp-json\/wp\/v2\/pages\/377961","targetHints":{"allow":["GET"]}}],"collection":[{"href":"https:\/\/starvac-group.com\/it\/wp-json\/wp\/v2\/pages"}],"about":[{"href":"https:\/\/starvac-group.com\/it\/wp-json\/wp\/v2\/types\/page"}],"author":[{"embeddable":true,"href":"https:\/\/starvac-group.com\/it\/wp-json\/wp\/v2\/users\/115"}],"replies":[{"embeddable":true,"href":"https:\/\/starvac-group.com\/it\/wp-json\/wp\/v2\/comments?post=377961"}],"version-history":[{"count":0,"href":"https:\/\/starvac-group.com\/it\/wp-json\/wp\/v2\/pages\/377961\/revisions"}],"wp:attachment":[{"href":"https:\/\/starvac-group.com\/it\/wp-json\/wp\/v2\/media?parent=377961"}],"curies":[{"name":"wp","href":"https:\/\/api.w.org\/{rel}","templated":true}]}}