{"id":377990,"date":"2022-11-04T20:00:48","date_gmt":"2022-11-04T20:00:48","guid":{"rendered":"https:\/\/starvac-group.com\/dati-personali\/"},"modified":"2022-11-04T20:00:48","modified_gmt":"2022-11-04T20:00:48","slug":"dati-personali","status":"publish","type":"page","link":"https:\/\/starvac-group.com\/it\/dati-personali\/","title":{"rendered":"Dati personali"},"content":{"rendered":"<h2 id=\"mentions\">Politica di raccolta dei dati personali<\/h2>\n<p>&#8211; <strong> Editore:<\/strong> STARVAC-GROUP, societ\u00e0 per azioni semplificata, con un capitale di 240 360\u20ac, iscritta al Registro del Commercio e delle Imprese di TOULOUSE.<\/p>\n<p>&#8211;<strong> Telefono<\/strong>: +33 (0) 534257288 Fax: +33 (0) 534250771 Indirizzo e-mail<span class=\"\">:info@starvac-group.com<\/span><br \/>\nPartita IVA intracomunitaria: FR04412260150<\/p>\n<p>&#8211; <strong> Direttore di pubblicazione e redattore<\/strong>:<br \/>\nSig. FRAJDENRAJCH Daniel<\/p>\n<p><strong>  &#8211; Nomina di un responsabile della protezione dei dati<\/strong><\/p>\n<p>Il responsabile della protezione dei dati (DPO) del sito web di STARVAC GROUP \u00e8 il sig. FRAJDENRAJCH Daniel. Potete contattarci via e-mail per tutte le questioni relative ai vostri dati personali: dpo@starvac-group.com.<\/p>\n<p><strong>  &#8211; Gestione dei dati personali<\/strong><\/p>\n<p>Conserviamo i vostri dati personali nel nostro database sicuro per tutto il tempo in cui sarete clienti registrati sul nostro sito. Se desiderate cancellare il vostro account, i vostri dati saranno eliminati dopo un massimo di 3 anni.<\/p>\n<p>Raccogliamo i seguenti dati personali per gestire il vostro spazio professionale:<\/p>\n<p>Cognome, Nome, Indirizzo e-mail, Indirizzo postale, Password (memorizzata in forma criptata nel nostro database), Settore di attivit\u00e0, Nome della struttura, Telefono.<\/p>\n<p><strong>  &#8211; Comunicazione dei dati personali<\/strong><\/p>\n<p>I vostri dati personali non saranno mai trasmessi a terzi senza il vostro esplicito consenso. Il nostro database viene sottoposto a backup giornaliero e conservato su un server sicuro di propriet\u00e0 di OVH in Francia. I vostri dati non usciranno mai dallo Spazio Economico Europeo senza il vostro esplicito consenso.<\/p>\n<p><strong>  &#8211; Trattamento dei dati personali<\/strong><\/p>\n<p>I vostri dati personali vengono registrati per una migliore esperienza del cliente: invio di richieste di preventivo &#8220;in un click&#8221;, migliore reattivit\u00e0 e follow-up del cliente.<\/p>\n<p><strong><em>Cookie di applicazioni di terzi integrate nel nostro sito<\/em><\/strong><\/p>\n<p>Sul nostro sito possono essere incluse applicazioni software di terze parti che consentono all&#8217;utente di condividere la propria opinione sui contenuti del nostro sito con altri utenti sui social network (ad esempio con i pulsanti di condivisione dei social network, come &#8220;Condividi&#8221;, &#8220;Mi piace&#8221;, ecc.)<\/p>\n<p>\u00c8 quindi possibile rifiutarli e disattivarli. La disattivazione non impedisce il normale funzionamento del nostro sito. Disabilitarli impedisce solo di interagire con i social network.<\/p>\n<p>Vi invitiamo a contattare i social network interessati o a consultare le loro pagine sulla privacy e sulla protezione dei dati, poich\u00e9 non abbiamo alcun controllo sui processi utilizzati dai social network per raccogliere le vostre informazioni e su come le utilizzano.<\/p>\n<p><strong><u>Per ulteriori informazioni sui cookie<\/u><\/strong><br \/>\nUlteriori informazioni sull&#8217;uso dei cookie sono disponibili sul sito web della CNIL: http: <a href=\"http:\/\/www.cnil.fr\/vos-droits\/vos-traces\/les-cookies\/\" target=\"_blank\" rel=\"noopener noreferrer\">\/\/www.cnil.fr\/vos-droits\/vos-traces\/les-cookies\/<\/a>.<\/p>\n","protected":false},"excerpt":{"rendered":"<p>Politica di raccolta dei dati personali &#8211; Editore: STARVAC-GROUP, societ\u00e0 per azioni semplificata, con un capitale di 240 360\u20ac, iscritta al Registro del Commercio e delle Imprese di TOULOUSE. &#8211; Telefono: +33 (0) 534257288 Fax: +33 (0) 534250771 Indirizzo e-mail:info@starvac-group.com Partita IVA intracomunitaria: FR04412260150 &#8211; Direttore di pubblicazione e redattore: Sig. FRAJDENRAJCH Daniel &#8211; Nomina [&hellip;]<\/p>\n","protected":false},"author":115,"featured_media":0,"parent":0,"menu_order":0,"comment_status":"closed","ping_status":"closed","template":"","meta":{"_et_pb_use_builder":"","_et_pb_old_content":"","_et_gb_content_width":"","content-type":"","footnotes":""},"class_list":["post-377990","page","type-page","status-publish","hentry"],"yoast_head":"<!-- This site is optimized with the Yoast SEO plugin v25.9 - https:\/\/yoast.com\/wordpress\/plugins\/seo\/ -->\n<title>Dati personali - STARVAC\u00ae- Minceur et anti-\u00e2ge : les cl\u00e9s du succ\u00e8s<\/title>\n<meta name=\"robots\" content=\"index, follow, max-snippet:-1, max-image-preview:large, max-video-preview:-1\" \/>\n<link rel=\"canonical\" href=\"https:\/\/starvac-group.com\/it\/dati-personali\/\" \/>\n<meta property=\"og:locale\" content=\"it_IT\" \/>\n<meta property=\"og:type\" content=\"article\" \/>\n<meta property=\"og:title\" content=\"Dati personali - STARVAC\u00ae- Minceur et anti-\u00e2ge : les cl\u00e9s du succ\u00e8s\" \/>\n<meta property=\"og:description\" content=\"Politica di raccolta dei dati personali &#8211; Editore: STARVAC-GROUP, societ\u00e0 per azioni semplificata, con un capitale di 240 360\u20ac, iscritta al Registro del Commercio e delle Imprese di TOULOUSE. &#8211; Telefono: +33 (0) 534257288 Fax: +33 (0) 534250771 Indirizzo e-mail:info@starvac-group.com Partita IVA intracomunitaria: FR04412260150 &#8211; Direttore di pubblicazione e redattore: Sig. FRAJDENRAJCH Daniel &#8211; Nomina [&hellip;]\" \/>\n<meta property=\"og:url\" content=\"https:\/\/starvac-group.com\/it\/dati-personali\/\" \/>\n<meta property=\"og:site_name\" content=\"STARVAC\u00ae- Minceur et anti-\u00e2ge : les cl\u00e9s du succ\u00e8s\" \/>\n<meta property=\"article:publisher\" content=\"https:\/\/www.facebook.com\/Starvac\/\" \/>\n<meta name=\"twitter:card\" content=\"summary_large_image\" \/>\n<meta name=\"twitter:label1\" content=\"Tempo di lettura stimato\" \/>\n\t<meta name=\"twitter:data1\" content=\"2 minuti\" \/>\n<script type=\"application\/ld+json\" class=\"yoast-schema-graph\">{\"@context\":\"https:\/\/schema.org\",\"@graph\":[{\"@type\":\"WebPage\",\"@id\":\"https:\/\/starvac-group.com\/it\/dati-personali\/\",\"url\":\"https:\/\/starvac-group.com\/it\/dati-personali\/\",\"name\":\"Dati personali - STARVAC\u00ae- Minceur et anti-\u00e2ge : les cl\u00e9s du succ\u00e8s\",\"isPartOf\":{\"@id\":\"https:\/\/starvac-group.com\/it\/#website\"},\"datePublished\":\"2022-11-04T20:00:48+00:00\",\"breadcrumb\":{\"@id\":\"https:\/\/starvac-group.com\/it\/dati-personali\/#breadcrumb\"},\"inLanguage\":\"it-IT\",\"potentialAction\":[{\"@type\":\"ReadAction\",\"target\":[\"https:\/\/starvac-group.com\/it\/dati-personali\/\"]}]},{\"@type\":\"BreadcrumbList\",\"@id\":\"https:\/\/starvac-group.com\/it\/dati-personali\/#breadcrumb\",\"itemListElement\":[{\"@type\":\"ListItem\",\"position\":1,\"name\":\"Accueil\",\"item\":\"https:\/\/starvac-group.com\/it\/\"},{\"@type\":\"ListItem\",\"position\":2,\"name\":\"Dati personali\"}]},{\"@type\":\"WebSite\",\"@id\":\"https:\/\/starvac-group.com\/it\/#website\",\"url\":\"https:\/\/starvac-group.com\/it\/\",\"name\":\"STARVAC\u00ae- Minceur et anti-\u00e2ge : les cl\u00e9s du succ\u00e8s\",\"description\":\"\",\"publisher\":{\"@id\":\"https:\/\/starvac-group.com\/it\/#organization\"},\"potentialAction\":[{\"@type\":\"SearchAction\",\"target\":{\"@type\":\"EntryPoint\",\"urlTemplate\":\"https:\/\/starvac-group.com\/it\/?s={search_term_string}\"},\"query-input\":{\"@type\":\"PropertyValueSpecification\",\"valueRequired\":true,\"valueName\":\"search_term_string\"}}],\"inLanguage\":\"it-IT\"},{\"@type\":\"Organization\",\"@id\":\"https:\/\/starvac-group.com\/it\/#organization\",\"name\":\"Starvac Group\",\"alternateName\":\"Starvac\",\"url\":\"https:\/\/starvac-group.com\/it\/\",\"logo\":{\"@type\":\"ImageObject\",\"inLanguage\":\"it-IT\",\"@id\":\"https:\/\/starvac-group.com\/it\/#\/schema\/logo\/image\/\",\"url\":\"https:\/\/starvac-group.com\/wp-content\/uploads\/2023\/11\/STARVAC-GROUP-CARRE.jpg\",\"contentUrl\":\"https:\/\/starvac-group.com\/wp-content\/uploads\/2023\/11\/STARVAC-GROUP-CARRE.jpg\",\"width\":283,\"height\":282,\"caption\":\"Starvac Group\"},\"image\":{\"@id\":\"https:\/\/starvac-group.com\/it\/#\/schema\/logo\/image\/\"},\"sameAs\":[\"https:\/\/www.facebook.com\/Starvac\/\",\"https:\/\/www.instagram.com\/starvac.beauty\/\"]}]}<\/script>\n<!-- \/ Yoast SEO plugin. -->","yoast_head_json":{"title":"Dati personali - STARVAC\u00ae- Minceur et anti-\u00e2ge : les cl\u00e9s du succ\u00e8s","robots":{"index":"index","follow":"follow","max-snippet":"max-snippet:-1","max-image-preview":"max-image-preview:large","max-video-preview":"max-video-preview:-1"},"canonical":"https:\/\/starvac-group.com\/it\/dati-personali\/","og_locale":"it_IT","og_type":"article","og_title":"Dati personali - STARVAC\u00ae- Minceur et anti-\u00e2ge : les cl\u00e9s du succ\u00e8s","og_description":"Politica di raccolta dei dati personali &#8211; Editore: STARVAC-GROUP, societ\u00e0 per azioni semplificata, con un capitale di 240 360\u20ac, iscritta al Registro del Commercio e delle Imprese di TOULOUSE. &#8211; Telefono: +33 (0) 534257288 Fax: +33 (0) 534250771 Indirizzo e-mail:info@starvac-group.com Partita IVA intracomunitaria: FR04412260150 &#8211; Direttore di pubblicazione e redattore: Sig. FRAJDENRAJCH Daniel &#8211; Nomina [&hellip;]","og_url":"https:\/\/starvac-group.com\/it\/dati-personali\/","og_site_name":"STARVAC\u00ae- Minceur et anti-\u00e2ge : les cl\u00e9s du succ\u00e8s","article_publisher":"https:\/\/www.facebook.com\/Starvac\/","twitter_card":"summary_large_image","twitter_misc":{"Tempo di lettura stimato":"2 minuti"},"schema":{"@context":"https:\/\/schema.org","@graph":[{"@type":"WebPage","@id":"https:\/\/starvac-group.com\/it\/dati-personali\/","url":"https:\/\/starvac-group.com\/it\/dati-personali\/","name":"Dati personali - STARVAC\u00ae- Minceur et anti-\u00e2ge : les cl\u00e9s du succ\u00e8s","isPartOf":{"@id":"https:\/\/starvac-group.com\/it\/#website"},"datePublished":"2022-11-04T20:00:48+00:00","breadcrumb":{"@id":"https:\/\/starvac-group.com\/it\/dati-personali\/#breadcrumb"},"inLanguage":"it-IT","potentialAction":[{"@type":"ReadAction","target":["https:\/\/starvac-group.com\/it\/dati-personali\/"]}]},{"@type":"BreadcrumbList","@id":"https:\/\/starvac-group.com\/it\/dati-personali\/#breadcrumb","itemListElement":[{"@type":"ListItem","position":1,"name":"Accueil","item":"https:\/\/starvac-group.com\/it\/"},{"@type":"ListItem","position":2,"name":"Dati personali"}]},{"@type":"WebSite","@id":"https:\/\/starvac-group.com\/it\/#website","url":"https:\/\/starvac-group.com\/it\/","name":"STARVAC\u00ae- Minceur et anti-\u00e2ge : les cl\u00e9s du succ\u00e8s","description":"","publisher":{"@id":"https:\/\/starvac-group.com\/it\/#organization"},"potentialAction":[{"@type":"SearchAction","target":{"@type":"EntryPoint","urlTemplate":"https:\/\/starvac-group.com\/it\/?s={search_term_string}"},"query-input":{"@type":"PropertyValueSpecification","valueRequired":true,"valueName":"search_term_string"}}],"inLanguage":"it-IT"},{"@type":"Organization","@id":"https:\/\/starvac-group.com\/it\/#organization","name":"Starvac Group","alternateName":"Starvac","url":"https:\/\/starvac-group.com\/it\/","logo":{"@type":"ImageObject","inLanguage":"it-IT","@id":"https:\/\/starvac-group.com\/it\/#\/schema\/logo\/image\/","url":"https:\/\/starvac-group.com\/wp-content\/uploads\/2023\/11\/STARVAC-GROUP-CARRE.jpg","contentUrl":"https:\/\/starvac-group.com\/wp-content\/uploads\/2023\/11\/STARVAC-GROUP-CARRE.jpg","width":283,"height":282,"caption":"Starvac Group"},"image":{"@id":"https:\/\/starvac-group.com\/it\/#\/schema\/logo\/image\/"},"sameAs":["https:\/\/www.facebook.com\/Starvac\/","https:\/\/www.instagram.com\/starvac.beauty\/"]}]}},"_links":{"self":[{"href":"https:\/\/starvac-group.com\/it\/wp-json\/wp\/v2\/pages\/377990","targetHints":{"allow":["GET"]}}],"collection":[{"href":"https:\/\/starvac-group.com\/it\/wp-json\/wp\/v2\/pages"}],"about":[{"href":"https:\/\/starvac-group.com\/it\/wp-json\/wp\/v2\/types\/page"}],"author":[{"embeddable":true,"href":"https:\/\/starvac-group.com\/it\/wp-json\/wp\/v2\/users\/115"}],"replies":[{"embeddable":true,"href":"https:\/\/starvac-group.com\/it\/wp-json\/wp\/v2\/comments?post=377990"}],"version-history":[{"count":0,"href":"https:\/\/starvac-group.com\/it\/wp-json\/wp\/v2\/pages\/377990\/revisions"}],"wp:attachment":[{"href":"https:\/\/starvac-group.com\/it\/wp-json\/wp\/v2\/media?parent=377990"}],"curies":[{"name":"wp","href":"https:\/\/api.w.org\/{rel}","templated":true}]}}