{"id":378042,"date":"2022-11-04T20:00:55","date_gmt":"2022-11-04T20:00:55","guid":{"rendered":"https:\/\/starvac-group.com\/contatto\/"},"modified":"2026-01-14T17:00:55","modified_gmt":"2026-01-14T17:00:55","slug":"contatto","status":"publish","type":"page","link":"https:\/\/starvac-group.com\/it\/contatto\/","title":{"rendered":"ContattI"},"content":{"rendered":"<p>[et_pb_section fb_built=&#8221;1&#8243; custom_padding_last_edited=&#8221;on|desktop&#8221; _builder_version=&#8221;4.16&#8243; custom_padding=&#8221;0px||30px|&#8221; custom_padding_tablet=&#8221;50px||30px|&#8221; custom_padding_phone=&#8221;&#8221; global_colors_info=&#8221;{}&#8221;][et_pb_row disabled_on=&#8221;on|off|off&#8221; _builder_version=&#8221;4.20.1&#8243; _module_preset=&#8221;default&#8221; custom_padding=&#8221;59px|||||&#8221; global_colors_info=&#8221;{}&#8221;][et_pb_column type=&#8221;4_4&#8243; _builder_version=&#8221;4.20.1&#8243; _module_preset=&#8221;default&#8221; global_colors_info=&#8221;{}&#8221;][et_pb_text disabled_on=&#8221;off|off|off&#8221; _builder_version=&#8221;4.27.4&#8243; _module_preset=&#8221;default&#8221; header_2_font=&#8221;Lulo Clean||||||||&#8221; header_2_text_color=&#8221;#454545&#8243; header_2_font_size=&#8221;31px&#8221; header_2_line_height=&#8221;110.5%&#8221; text_orientation=&#8221;center&#8221; header_2_font_size_tablet=&#8221;36px&#8221; header_2_font_size_phone=&#8221;25px&#8221; header_2_font_size_last_edited=&#8221;on|desktop&#8221; text_orientation_tablet=&#8221;&#8221; text_orientation_phone=&#8221;center&#8221; text_orientation_last_edited=&#8221;on|phone&#8221; border_color_all=&#8221;RGBA(255,255,255,0)&#8221; global_colors_info=&#8221;{}&#8221;]<\/p>\n<h2><span style=\"color: #e89e7d;\">Hai una domanda? Hai bisogno di ulteriori informazioni? <\/span><\/h2>\n<h2><span style=\"color: #000;\">Mettiti in contatto con noi!<\/span><\/h2>\n<p>[\/et_pb_text][\/et_pb_column][\/et_pb_row][et_pb_row column_structure=&#8221;1_2,1_2&#8243; _builder_version=&#8221;4.16&#8243; custom_padding=&#8221;0px|||||&#8221; global_colors_info=&#8221;{}&#8221;][et_pb_column type=&#8221;1_2&#8243; _builder_version=&#8221;4.16&#8243; custom_padding=&#8221;|||&#8221; global_colors_info=&#8221;{}&#8221; custom_padding__hover=&#8221;|||&#8221;][et_pb_code _builder_version=&#8221;4.27.4&#8243; _module_preset=&#8221;default&#8221; hover_enabled=&#8221;0&#8243; global_colors_info=&#8221;{}&#8221; sticky_enabled=&#8221;0&#8243;]<script src=\"https:\/\/js-eu1.hsforms.net\/forms\/embed\/26570125.js\" defer><\/script><!-- [et_pb_line_break_holder] --><\/p>\n<div class=\"hs-form-frame\" data-region=\"eu1\" data-form-id=\"bf450b5e-48cc-46f5-80fe-9acfa59e6846\" data-portal-id=\"26570125\"><\/div>\n<p>[\/et_pb_code][\/et_pb_column][et_pb_column type=&#8221;1_2&#8243; _builder_version=&#8221;4.16&#8243; custom_padding=&#8221;|||&#8221; global_colors_info=&#8221;{}&#8221; custom_padding__hover=&#8221;|||&#8221;][et_pb_text _builder_version=&#8221;4.27.4&#8243; text_font=&#8221;Poppins|300|||||||&#8221; text_text_color=&#8221;#000000&#8243; header_font=&#8221;Poppins||||||||&#8221; hover_enabled=&#8221;0&#8243; global_colors_info=&#8221;{}&#8221; sticky_enabled=&#8221;0&#8243;]<\/p>\n<h3 style=\"text-transform: uppercase; color: #e89e7d;\"><strong>SEI GI\u00c0 UN CLIENTE STARVAC?<\/strong><\/h3>\n<p><strong>Servizio clienti :<\/strong><a href=\"mailto:info@starvac-group.com\" style=\"color: #000; text-decoration: none;\"> <b><a href=\"mailto:info@starvac.it\" data-linkindex=\"0\" title=\"mailto:info@starvac.it\" data-olk-copy-source=\"MessageBody\">info@starvac.it<\/a><\/b><\/a><\/p>\n<p>[\/et_pb_text][et_pb_image src=&#8221;https:\/\/starvac-group.com\/wp-content\/uploads\/2025\/10\/Copie-de-NOUveaute.png&#8221; title_text=&#8221;Copie de NOUveaut\u00e9&#8221; align_tablet=&#8221;center&#8221; align_phone=&#8221;&#8221; align_last_edited=&#8221;on|desktop&#8221; _builder_version=&#8221;4.27.4&#8243; always_center_on_mobile=&#8221;on&#8221; global_colors_info=&#8221;{}&#8221;][\/et_pb_image][\/et_pb_column][\/et_pb_row][et_pb_row column_structure=&#8221;1_3,1_3,1_3&#8243; use_custom_gutter=&#8221;on&#8221; gutter_width=&#8221;1&#8243; make_equal=&#8221;on&#8221; custom_padding_last_edited=&#8221;on|phone&#8221; disabled_on=&#8221;on|on|on&#8221; module_class=&#8221;contact-blurbs-row&#8221; _builder_version=&#8221;4.20.1&#8243; custom_margin=&#8221;62px||0px||false|false&#8221; custom_padding=&#8221;0px||0px||false|false&#8221; custom_padding_tablet=&#8221;30px|||&#8221; custom_padding_phone=&#8221;&#8221; global_colors_info=&#8221;{}&#8221;][et_pb_column type=&#8221;1_3&#8243; _builder_version=&#8221;4.16&#8243; custom_padding=&#8221;|||&#8221; global_colors_info=&#8221;{}&#8221; custom_padding__hover=&#8221;|||&#8221;][et_pb_blurb title=&#8221;Sede centrale dell&#8217;azienda&#8221; use_icon=&#8221;on&#8221; font_icon=&#8221;&#xe01d;||divi||400&#8243; icon_placement=&#8221;left&#8221; admin_label=&#8221;Contact Blurb &#8211; Location&#8221; module_class=&#8221;contact-blurb&#8221; _builder_version=&#8221;4.27.4&#8243; global_colors_info=&#8221;{}&#8221;]<\/p>\n<p>29 rue Paule Raymondis<br \/>31200 Tolosa<\/p>\n<p>[\/et_pb_blurb][\/et_pb_column][et_pb_column type=&#8221;1_3&#8243; _builder_version=&#8221;4.16&#8243; custom_padding=&#8221;|||&#8221; global_colors_info=&#8221;{}&#8221; custom_padding__hover=&#8221;|||&#8221;][et_pb_blurb title=&#8221;i nostri contatti:&#8221; use_icon=&#8221;on&#8221; font_icon=&#8221;&#xe010;||divi||400&#8243; icon_placement=&#8221;left&#8221; admin_label=&#8221;Contact Blurb &#8211; Mail \/ Phone&#8221; module_class=&#8221;contact-blurb&#8221; _builder_version=&#8221;4.27.4&#8243; global_colors_info=&#8221;{}&#8221;]<\/p>\n<p><strong>T : <\/strong>05 34 25 07 70<br \/> M<strong>: <\/strong>info@starvac-group.com<\/p>\n<p>[\/et_pb_blurb][\/et_pb_column][et_pb_column type=&#8221;1_3&#8243; _builder_version=&#8221;4.16&#8243; custom_padding=&#8221;|||&#8221; global_colors_info=&#8221;{}&#8221; custom_padding__hover=&#8221;|||&#8221;][et_pb_blurb title=&#8221;Orari di apertura&#8221; use_icon=&#8221;on&#8221; font_icon=&#8221;&#x7d;||divi||400&#8243; icon_placement=&#8221;left&#8221; admin_label=&#8221;Contact Blurb &#8211; Working Hours&#8221; module_class=&#8221;contact-blurb&#8221; _builder_version=&#8221;4.27.4&#8243; global_colors_info=&#8221;{}&#8221;]<\/p>\n<p>Dal luned\u00ec al venerd\u00ec:<br \/>9.00-12.30, 14.00-17.30<\/p>\n<p>[\/et_pb_blurb][\/et_pb_column][\/et_pb_row][\/et_pb_section][et_pb_section fb_built=&#8221;1&#8243; disabled_on=&#8221;on|on|on&#8221; admin_label=&#8221;Section &#8211; Bottom Blurbs&#8221; module_class=&#8221;bottom-blurbs&#8221; _builder_version=&#8221;4.18.0&#8243; custom_margin=&#8221;10px||40px|&#8221; custom_padding=&#8221;0px||0px|&#8221; global_module=&#8221;2426&#8243; collapsed=&#8221;off&#8221; global_colors_info=&#8221;{}&#8221;][et_pb_row column_structure=&#8221;1_4,1_4,1_4,1_4&#8243; use_custom_gutter=&#8221;on&#8221; make_equal=&#8221;on&#8221; _builder_version=&#8221;4.17.4&#8243; custom_margin=&#8221;0px||0px|&#8221; custom_padding=&#8221;0px||0px|&#8221; global_colors_info=&#8221;{}&#8221;][et_pb_column type=&#8221;1_4&#8243; _builder_version=&#8221;4.16&#8243; custom_padding=&#8221;|||&#8221; global_colors_info=&#8221;{}&#8221; custom_padding__hover=&#8221;|||&#8221;][et_pb_blurb title=&#8221;Pagamento sicuro&#8221; use_icon=&#8221;on&#8221; font_icon=&#8221;&#xe014;||divi||400&#8243; icon_color=&#8221;#777777&#8243; icon_placement=&#8221;left&#8221; image_icon_width=&#8221;30px&#8221; admin_label=&#8221;Blurb &#8211; Secure Payment&#8221; _builder_version=&#8221;4.17.1&#8243; header_font=&#8221;|600||on|||||&#8221; header_text_color=&#8221;#111111&#8243; header_font_size=&#8221;16&#8243; body_font=&#8221;|300|||||||&#8221; body_line_height=&#8221;1.5&#8243; animation=&#8221;off&#8221; icon_font_size=&#8221;30px&#8221; global_colors_info=&#8221;{}&#8221;]<\/p>\n<p>Effettuare pagamenti in tutta tranquillit\u00e0<\/p>\n<p>[\/et_pb_blurb][\/et_pb_column][et_pb_column type=&#8221;1_4&#8243; _builder_version=&#8221;4.16&#8243; custom_padding=&#8221;|||&#8221; global_colors_info=&#8221;{}&#8221; custom_padding__hover=&#8221;|||&#8221;][et_pb_blurb title=&#8221;Consegna gratuita&#8221; use_icon=&#8221;on&#8221; font_icon=&#8221;&#xe015;||divi||400&#8243; icon_color=&#8221;#777777&#8243; icon_placement=&#8221;left&#8221; image_icon_width=&#8221;30px&#8221; admin_label=&#8221;Blurb &#8211; Free Shipping&#8221; _builder_version=&#8221;4.17.1&#8243; header_font=&#8221;|600||on|||||&#8221; header_text_color=&#8221;#111111&#8243; header_font_size=&#8221;16px&#8221; body_font=&#8221;|300|||||||&#8221; body_line_height=&#8221;1.5&#8243; icon_font_size=&#8221;30px&#8221; global_colors_info=&#8221;{}&#8221;]<\/p>\n<p>Per tutti gli ordini superiori a 50\u20ac<\/p>\n<p>[\/et_pb_blurb][\/et_pb_column][et_pb_column type=&#8221;1_4&#8243; _builder_version=&#8221;4.16&#8243; custom_padding=&#8221;|||&#8221; global_colors_info=&#8221;{}&#8221; custom_padding__hover=&#8221;|||&#8221;][et_pb_blurb title=&#8221;Garanzia&#8221; use_icon=&#8221;on&#8221; font_icon=&#8221;&#xf00c;||fa||900&#8243; icon_color=&#8221;#777777&#8243; icon_placement=&#8221;left&#8221; image_icon_width=&#8221;30px&#8221; admin_label=&#8221;Blurb &#8211; Money Guarantee&#8221; _builder_version=&#8221;4.17.1&#8243; header_font=&#8221;|600||on|||||&#8221; header_text_color=&#8221;#111111&#8243; header_font_size=&#8221;16&#8243; body_font=&#8221;|300|||||||&#8221; body_line_height=&#8221;1.5&#8243; animation=&#8221;off&#8221; icon_font_size=&#8221;30px&#8221; global_colors_info=&#8221;{}&#8221;]<\/p>\n<p>Soddisfatti o rimborsati<\/p>\n<p>[\/et_pb_blurb][\/et_pb_column][et_pb_column type=&#8221;1_4&#8243; _builder_version=&#8221;4.16&#8243; custom_padding=&#8221;|||&#8221; global_colors_info=&#8221;{}&#8221; custom_padding__hover=&#8221;|||&#8221;][et_pb_blurb title=&#8221;SERVIZIO POST VENDITA&#8221; use_icon=&#8221;on&#8221; font_icon=&#8221;&#xf590;||fa||900&#8243; icon_color=&#8221;#777777&#8243; icon_placement=&#8221;left&#8221; image_icon_width=&#8221;30px&#8221; disabled_on=&#8221;on|on|on&#8221; admin_label=&#8221;Blurb &#8211; Online Support&#8221; _builder_version=&#8221;4.17.4&#8243; header_font=&#8221;|600||on|||||&#8221; header_text_color=&#8221;#111111&#8243; header_font_size=&#8221;16&#8243; body_font=&#8221;|300|||||||&#8221; body_line_height=&#8221;1.5&#8243; animation=&#8221;off&#8221; icon_font_size=&#8221;30px&#8221; global_colors_info=&#8221;{}&#8221;]<\/p>\n<p>Rispondiamo a tutte le tu domande<\/p>\n<p>[\/et_pb_blurb][\/et_pb_column][\/et_pb_row][\/et_pb_section]<\/p>\n","protected":false},"excerpt":{"rendered":"<p>Hai una domanda? Hai bisogno di ulteriori informazioni? Mettiti in contatto con noi!SEI GI\u00c0 UN CLIENTE STARVAC? Servizio clienti : info@starvac.it29 rue Paule Raymondis31200 TolosaT : 05 34 25 07 70 M: info@starvac-group.comDal luned\u00ec al venerd\u00ec:9.00-12.30, 14.00-17.30Effettuare pagamenti in tutta tranquillit\u00e0Per tutti gli ordini superiori a 50\u20acSoddisfatti o rimborsatiRispondiamo a tutte le tu domande<\/p>\n","protected":false},"author":115,"featured_media":0,"parent":0,"menu_order":0,"comment_status":"closed","ping_status":"closed","template":"","meta":{"_et_pb_use_builder":"on","_et_pb_old_content":"","_et_gb_content_width":"","content-type":"","footnotes":""},"class_list":["post-378042","page","type-page","status-publish","hentry"],"yoast_head":"<!-- This site is optimized with the Yoast SEO plugin v25.9 - https:\/\/yoast.com\/wordpress\/plugins\/seo\/ -->\n<title>ContattI - STARVAC\u00ae- Minceur et anti-\u00e2ge : les cl\u00e9s du succ\u00e8s<\/title>\n<meta name=\"description\" content=\"Da oltre 55 anni STARVAC supporta i professionisti della bellezza e del benessere con soluzioni francesi per la stimolazione meccanica naturale, combinando efficacia, formazione e assistenza personalizzata.\" \/>\n<meta name=\"robots\" content=\"noindex, nofollow\" \/>\n<meta property=\"og:locale\" content=\"it_IT\" \/>\n<meta property=\"og:type\" content=\"article\" \/>\n<meta property=\"og:title\" content=\"ContattI - STARVAC\u00ae- Minceur et anti-\u00e2ge : les cl\u00e9s du succ\u00e8s\" \/>\n<meta property=\"og:description\" content=\"Da oltre 55 anni STARVAC supporta i professionisti della bellezza e del benessere con soluzioni francesi per la stimolazione meccanica naturale, combinando efficacia, formazione e assistenza personalizzata.\" \/>\n<meta property=\"og:url\" content=\"https:\/\/starvac-group.com\/it\/contatto\/\" \/>\n<meta property=\"og:site_name\" content=\"STARVAC\u00ae- Minceur et anti-\u00e2ge : les cl\u00e9s du succ\u00e8s\" \/>\n<meta property=\"article:publisher\" content=\"https:\/\/www.facebook.com\/Starvac\/\" \/>\n<meta property=\"article:modified_time\" content=\"2026-01-14T17:00:55+00:00\" \/>\n<meta name=\"twitter:card\" content=\"summary_large_image\" \/>\n<meta name=\"twitter:label1\" content=\"Tempo di lettura stimato\" \/>\n\t<meta name=\"twitter:data1\" content=\"3 minuti\" \/>\n<script type=\"application\/ld+json\" class=\"yoast-schema-graph\">{\"@context\":\"https:\/\/schema.org\",\"@graph\":[{\"@type\":\"WebPage\",\"@id\":\"https:\/\/starvac-group.com\/it\/contatto\/\",\"url\":\"https:\/\/starvac-group.com\/it\/contatto\/\",\"name\":\"ContattI - STARVAC\u00ae- Minceur et anti-\u00e2ge : les cl\u00e9s du succ\u00e8s\",\"isPartOf\":{\"@id\":\"https:\/\/starvac-group.com\/it\/#website\"},\"datePublished\":\"2022-11-04T20:00:55+00:00\",\"dateModified\":\"2026-01-14T17:00:55+00:00\",\"description\":\"Da oltre 55 anni STARVAC supporta i professionisti della bellezza e del benessere con soluzioni francesi per la stimolazione meccanica naturale, combinando efficacia, formazione e assistenza personalizzata.\",\"breadcrumb\":{\"@id\":\"https:\/\/starvac-group.com\/it\/contatto\/#breadcrumb\"},\"inLanguage\":\"it-IT\",\"potentialAction\":[{\"@type\":\"ReadAction\",\"target\":[\"https:\/\/starvac-group.com\/it\/contatto\/\"]}]},{\"@type\":\"BreadcrumbList\",\"@id\":\"https:\/\/starvac-group.com\/it\/contatto\/#breadcrumb\",\"itemListElement\":[{\"@type\":\"ListItem\",\"position\":1,\"name\":\"Accueil\",\"item\":\"https:\/\/starvac-group.com\/it\/\"},{\"@type\":\"ListItem\",\"position\":2,\"name\":\"ContattI\"}]},{\"@type\":\"WebSite\",\"@id\":\"https:\/\/starvac-group.com\/it\/#website\",\"url\":\"https:\/\/starvac-group.com\/it\/\",\"name\":\"STARVAC\u00ae- Minceur et anti-\u00e2ge : les cl\u00e9s du succ\u00e8s\",\"description\":\"\",\"publisher\":{\"@id\":\"https:\/\/starvac-group.com\/it\/#organization\"},\"potentialAction\":[{\"@type\":\"SearchAction\",\"target\":{\"@type\":\"EntryPoint\",\"urlTemplate\":\"https:\/\/starvac-group.com\/it\/?s={search_term_string}\"},\"query-input\":{\"@type\":\"PropertyValueSpecification\",\"valueRequired\":true,\"valueName\":\"search_term_string\"}}],\"inLanguage\":\"it-IT\"},{\"@type\":\"Organization\",\"@id\":\"https:\/\/starvac-group.com\/it\/#organization\",\"name\":\"Starvac Group\",\"alternateName\":\"Starvac\",\"url\":\"https:\/\/starvac-group.com\/it\/\",\"logo\":{\"@type\":\"ImageObject\",\"inLanguage\":\"it-IT\",\"@id\":\"https:\/\/starvac-group.com\/it\/#\/schema\/logo\/image\/\",\"url\":\"https:\/\/starvac-group.com\/wp-content\/uploads\/2023\/11\/STARVAC-GROUP-CARRE.jpg\",\"contentUrl\":\"https:\/\/starvac-group.com\/wp-content\/uploads\/2023\/11\/STARVAC-GROUP-CARRE.jpg\",\"width\":283,\"height\":282,\"caption\":\"Starvac Group\"},\"image\":{\"@id\":\"https:\/\/starvac-group.com\/it\/#\/schema\/logo\/image\/\"},\"sameAs\":[\"https:\/\/www.facebook.com\/Starvac\/\",\"https:\/\/www.instagram.com\/starvac.beauty\/\"]}]}<\/script>\n<!-- \/ Yoast SEO plugin. -->","yoast_head_json":{"title":"ContattI - STARVAC\u00ae- Minceur et anti-\u00e2ge : les cl\u00e9s du succ\u00e8s","description":"Da oltre 55 anni STARVAC supporta i professionisti della bellezza e del benessere con soluzioni francesi per la stimolazione meccanica naturale, combinando efficacia, formazione e assistenza personalizzata.","robots":{"index":"noindex","follow":"nofollow"},"og_locale":"it_IT","og_type":"article","og_title":"ContattI - STARVAC\u00ae- Minceur et anti-\u00e2ge : les cl\u00e9s du succ\u00e8s","og_description":"Da oltre 55 anni STARVAC supporta i professionisti della bellezza e del benessere con soluzioni francesi per la stimolazione meccanica naturale, combinando efficacia, formazione e assistenza personalizzata.","og_url":"https:\/\/starvac-group.com\/it\/contatto\/","og_site_name":"STARVAC\u00ae- Minceur et anti-\u00e2ge : les cl\u00e9s du succ\u00e8s","article_publisher":"https:\/\/www.facebook.com\/Starvac\/","article_modified_time":"2026-01-14T17:00:55+00:00","twitter_card":"summary_large_image","twitter_misc":{"Tempo di lettura stimato":"3 minuti"},"schema":{"@context":"https:\/\/schema.org","@graph":[{"@type":"WebPage","@id":"https:\/\/starvac-group.com\/it\/contatto\/","url":"https:\/\/starvac-group.com\/it\/contatto\/","name":"ContattI - STARVAC\u00ae- Minceur et anti-\u00e2ge : les cl\u00e9s du succ\u00e8s","isPartOf":{"@id":"https:\/\/starvac-group.com\/it\/#website"},"datePublished":"2022-11-04T20:00:55+00:00","dateModified":"2026-01-14T17:00:55+00:00","description":"Da oltre 55 anni STARVAC supporta i professionisti della bellezza e del benessere con soluzioni francesi per la stimolazione meccanica naturale, combinando efficacia, formazione e assistenza personalizzata.","breadcrumb":{"@id":"https:\/\/starvac-group.com\/it\/contatto\/#breadcrumb"},"inLanguage":"it-IT","potentialAction":[{"@type":"ReadAction","target":["https:\/\/starvac-group.com\/it\/contatto\/"]}]},{"@type":"BreadcrumbList","@id":"https:\/\/starvac-group.com\/it\/contatto\/#breadcrumb","itemListElement":[{"@type":"ListItem","position":1,"name":"Accueil","item":"https:\/\/starvac-group.com\/it\/"},{"@type":"ListItem","position":2,"name":"ContattI"}]},{"@type":"WebSite","@id":"https:\/\/starvac-group.com\/it\/#website","url":"https:\/\/starvac-group.com\/it\/","name":"STARVAC\u00ae- Minceur et anti-\u00e2ge : les cl\u00e9s du succ\u00e8s","description":"","publisher":{"@id":"https:\/\/starvac-group.com\/it\/#organization"},"potentialAction":[{"@type":"SearchAction","target":{"@type":"EntryPoint","urlTemplate":"https:\/\/starvac-group.com\/it\/?s={search_term_string}"},"query-input":{"@type":"PropertyValueSpecification","valueRequired":true,"valueName":"search_term_string"}}],"inLanguage":"it-IT"},{"@type":"Organization","@id":"https:\/\/starvac-group.com\/it\/#organization","name":"Starvac Group","alternateName":"Starvac","url":"https:\/\/starvac-group.com\/it\/","logo":{"@type":"ImageObject","inLanguage":"it-IT","@id":"https:\/\/starvac-group.com\/it\/#\/schema\/logo\/image\/","url":"https:\/\/starvac-group.com\/wp-content\/uploads\/2023\/11\/STARVAC-GROUP-CARRE.jpg","contentUrl":"https:\/\/starvac-group.com\/wp-content\/uploads\/2023\/11\/STARVAC-GROUP-CARRE.jpg","width":283,"height":282,"caption":"Starvac Group"},"image":{"@id":"https:\/\/starvac-group.com\/it\/#\/schema\/logo\/image\/"},"sameAs":["https:\/\/www.facebook.com\/Starvac\/","https:\/\/www.instagram.com\/starvac.beauty\/"]}]}},"_links":{"self":[{"href":"https:\/\/starvac-group.com\/it\/wp-json\/wp\/v2\/pages\/378042","targetHints":{"allow":["GET"]}}],"collection":[{"href":"https:\/\/starvac-group.com\/it\/wp-json\/wp\/v2\/pages"}],"about":[{"href":"https:\/\/starvac-group.com\/it\/wp-json\/wp\/v2\/types\/page"}],"author":[{"embeddable":true,"href":"https:\/\/starvac-group.com\/it\/wp-json\/wp\/v2\/users\/115"}],"replies":[{"embeddable":true,"href":"https:\/\/starvac-group.com\/it\/wp-json\/wp\/v2\/comments?post=378042"}],"version-history":[{"count":12,"href":"https:\/\/starvac-group.com\/it\/wp-json\/wp\/v2\/pages\/378042\/revisions"}],"predecessor-version":[{"id":403862,"href":"https:\/\/starvac-group.com\/it\/wp-json\/wp\/v2\/pages\/378042\/revisions\/403862"}],"wp:attachment":[{"href":"https:\/\/starvac-group.com\/it\/wp-json\/wp\/v2\/media?parent=378042"}],"curies":[{"name":"wp","href":"https:\/\/api.w.org\/{rel}","templated":true}]}}