{"id":392303,"date":"2023-03-01T10:47:10","date_gmt":"2023-03-01T10:47:10","guid":{"rendered":"https:\/\/starvac-group.com\/competenza-a-360\/"},"modified":"2023-03-01T10:53:17","modified_gmt":"2023-03-01T10:53:17","slug":"competenza-a-360","status":"publish","type":"page","link":"https:\/\/starvac-group.com\/it\/competenza-a-360\/","title":{"rendered":"Competenza a 360\u00b0"},"content":{"rendered":"<p>[et_pb_section fb_built=&#8221;1&#8243; _builder_version=&#8221;4.19.5&#8243; hover_enabled=&#8221;0&#8243; global_colors_info=&#8221;{}&#8221; title_text=&#8221;360\u00b0 SITE&#8221; background_image=&#8221;https:\/\/starvac.exo-corp.com\/wp-content\/uploads\/2023\/02\/360\u00b0-SITE-1.png&#8221; sticky_enabled=&#8221;0&#8243; background_size=&#8221;contain&#8221; background_position=&#8221;center_left&#8221; custom_margin=&#8221;15px||10px||false|false&#8221; background_horizontal_offset=&#8221;6%&#8221;][et_pb_row _builder_version=&#8221;4.19.5&#8243; _module_preset=&#8221;default&#8221; column_structure=&#8221;1_4,3_4&#8243; custom_padding=&#8221;|||0px|false|false&#8221; hover_enabled=&#8221;0&#8243; sticky_enabled=&#8221;0&#8243; transform_translate=&#8221;-35px|0px&#8221;][et_pb_column _builder_version=&#8221;4.19.5&#8243; _module_preset=&#8221;default&#8221; type=&#8221;1_4&#8243;][et_pb_image src=&#8221;https:\/\/starvac.exo-corp.com\/wp-content\/uploads\/2023\/02\/360%C2%B0-SITE-2.png&#8221; _builder_version=&#8221;4.19.5&#8243; _module_preset=&#8221;default&#8221; title_text=&#8221;360\u00b0 SITE 2&#8243; background_image=&#8221;https:\/\/starvac.exo-corp.com\/wp-content\/uploads\/2023\/02\/360\u00b0-SITE-1.png&#8221; hover_enabled=&#8221;0&#8243; sticky_enabled=&#8221;0&#8243; custom_margin=&#8221;||||false|false&#8221;][\/et_pb_image][\/et_pb_column][et_pb_column _builder_version=&#8221;4.19.5&#8243; _module_preset=&#8221;default&#8221; type=&#8221;3_4&#8243;][et_pb_text _builder_version=&#8221;4.19.5&#8243; _module_preset=&#8221;default&#8221; text_font_size=&#8221;50px&#8221; text_line_height=&#8221;1em&#8221; text_font=&#8221;Roboto|100||on|||||&#8221; hover_enabled=&#8221;0&#8243; sticky_enabled=&#8221;0&#8243; max_width=&#8221;100%&#8221; custom_margin=&#8221;100px|11px|||false|false&#8221; custom_padding=&#8221;|||0px|false|false&#8221; header_font=&#8221;Roboto|300|||||||&#8221; header_font_size=&#8221;50px&#8221; width=&#8221;100%&#8221; module_alignment=&#8221;center&#8221;]<\/p>\n<h1 style=\"text-align: right;\"><strong>un nuovo approccio <span style=\"color: #dec79b;\">a 360\u00b0<\/span><\/strong><\/h1>\n<h1 style=\"text-align: right;\">Dimagrante e antinvecchiamento<\/h1>\n<p>[\/et_pb_text][\/et_pb_column][\/et_pb_row][\/et_pb_section][et_pb_section fb_built=&#8221;1&#8243; theme_builder_area=&#8221;post_content&#8221; _builder_version=&#8221;4.19.5&#8243; _module_preset=&#8221;default&#8221; custom_margin=&#8221;-20px||||false|false&#8221; hover_enabled=&#8221;0&#8243; sticky_enabled=&#8221;0&#8243;][et_pb_row _builder_version=&#8221;4.19.5&#8243; _module_preset=&#8221;default&#8221; theme_builder_area=&#8221;post_content&#8221; custom_margin=&#8221;-20px||||false|false&#8221; hover_enabled=&#8221;0&#8243; sticky_enabled=&#8221;0&#8243;][et_pb_column _builder_version=&#8221;4.19.5&#8243; _module_preset=&#8221;default&#8221; type=&#8221;4_4&#8243; theme_builder_area=&#8221;post_content&#8221;][et_pb_text _builder_version=&#8221;4.19.5&#8243; _module_preset=&#8221;default&#8221; theme_builder_area=&#8221;post_content&#8221; hover_enabled=&#8221;0&#8243; sticky_enabled=&#8221;0&#8243; custom_padding=&#8221;||29px|||&#8221; text_font=&#8221;Lulo Clean||||||||&#8221; text_text_color=&#8221;#DEC79B&#8221; text_font_size=&#8221;20px&#8221;]<\/p>\n<p style=\"text-align: center;\"><strong>Una vera e propria risorsa per differenziarsi e  <\/strong><\/p>\n<p style=\"text-align: center;\"><strong>diventare un esperto di dimagrimento<br \/><\/strong><strong><\/strong><\/p>\n<p>[\/et_pb_text][et_pb_text _builder_version=&#8221;4.19.5&#8243; _module_preset=&#8221;default&#8221; theme_builder_area=&#8221;post_content&#8221; hover_enabled=&#8221;0&#8243; sticky_enabled=&#8221;0&#8243; text_font_size=&#8221;17px&#8221; text_text_color=&#8221;#454545&#8243; text_font=&#8221;Roboto|300|||||||&#8221;]<\/p>\n<p style=\"text-align: center;\">Lavorate serenamente e con fiducia per meglio indirizzare il numero di sedute e seguire i progressi dei vostri clienti anche al di fuori del vostro istituto!<br \/>Infine, offrire cure che sviluppino e fidelizzino la clientela.<br \/><strong><\/strong><\/p>\n<p style=\"text-align: center;\"><strong>Seguite la tendenza!<\/strong><\/p>\n<p>[\/et_pb_text][\/et_pb_column][\/et_pb_row][et_pb_row _builder_version=&#8221;4.19.5&#8243; _module_preset=&#8221;default&#8221; theme_builder_area=&#8221;post_content&#8221; column_structure=&#8221;1_2,1_2&#8243; title_text=&#8221;visuel-P1-sign-626&#215;551-beaute&#8221; background_image=&#8221;https:\/\/starvac.exo-corp.com\/wp-content\/uploads\/2022\/10\/visuel-P1-sign-626&#215;551-beaute.png&#8221; hover_enabled=&#8221;0&#8243; sticky_enabled=&#8221;0&#8243;][et_pb_column _builder_version=&#8221;4.19.5&#8243; _module_preset=&#8221;default&#8221; type=&#8221;1_2&#8243; theme_builder_area=&#8221;post_content&#8221;][et_pb_text _builder_version=&#8221;4.19.5&#8243; _module_preset=&#8221;default&#8221; theme_builder_area=&#8221;post_content&#8221; sticky_enabled=&#8221;0&#8243; text_font=&#8221;Lulo Clean||||||||&#8221; text_font_size=&#8221;19px&#8221; text_text_color=&#8221;#DEC79B&#8221; hover_enabled=&#8221;0&#8243;]<\/p>\n<p style=\"text-align: center;\">STARVAC DIAG<\/p>\n<p>[\/et_pb_text][et_pb_text _builder_version=&#8221;4.19.5&#8243; _module_preset=&#8221;default&#8221; theme_builder_area=&#8221;post_content&#8221; hover_enabled=&#8221;0&#8243; sticky_enabled=&#8221;0&#8243; text_font=&#8221;Roboto|300|||||||&#8221; text_text_color=&#8221;#454545&#8243; text_line_height=&#8221;1em&#8221;]<\/p>\n<p style=\"text-align: center;\">La nostra tecnologia diagnostica di bio-impedenza di grado medico.<\/p>\n<p style=\"text-align: center;\">Perch\u00e9 un risultato dipende sempre da una buona diagnosi.<\/p>\n<p>[\/et_pb_text][et_pb_blurb image=&#8221;https:\/\/starvac.exo-corp.com\/wp-content\/uploads\/2023\/02\/VISUEL-SITE.png&#8221; _builder_version=&#8221;4.19.5&#8243; _module_preset=&#8221;default&#8221; theme_builder_area=&#8221;post_content&#8221; hover_enabled=&#8221;0&#8243; sticky_enabled=&#8221;0&#8243; title_text=&#8221;STARVAC DIAG&#8221; custom_margin=&#8221;||30px||false|false&#8221;][\/et_pb_blurb][et_pb_text _builder_version=&#8221;4.19.5&#8243; _module_preset=&#8221;default&#8221; theme_builder_area=&#8221;post_content&#8221; sticky_enabled=&#8221;0&#8243; text_font=&#8221;Lulo Clean||||||||&#8221; text_font_size=&#8221;19px&#8221; text_text_color=&#8221;#DEC79B&#8221; hover_enabled=&#8221;0&#8243;]<\/p>\n<p style=\"text-align: center;\">Tecnologia Pressodynamie<\/p>\n<p>[\/et_pb_text][et_pb_text _builder_version=&#8221;4.19.5&#8243; _module_preset=&#8221;default&#8221; theme_builder_area=&#8221;post_content&#8221; hover_enabled=&#8221;0&#8243; sticky_enabled=&#8221;0&#8243; text_font=&#8221;Roboto|300|||||||&#8221; text_text_color=&#8221;#454545&#8243;]<\/p>\n<p style=\"text-align: center;\">Rigenera, ravviva e ottimizza la circolazione sanguigna e linfatica<\/p>\n<p>[\/et_pb_text][et_pb_blurb image=&#8221;https:\/\/starvac.exo-corp.com\/wp-content\/uploads\/2023\/02\/VISUEL-SITE-2-1.png&#8221; _builder_version=&#8221;4.19.5&#8243; _module_preset=&#8221;default&#8221; theme_builder_area=&#8221;post_content&#8221; hover_enabled=&#8221;0&#8243; sticky_enabled=&#8221;0&#8243; title_text=&#8221;PSX SANS FOND&#8221;][\/et_pb_blurb][\/et_pb_column][et_pb_column _builder_version=&#8221;4.19.5&#8243; _module_preset=&#8221;default&#8221; type=&#8221;1_2&#8243; theme_builder_area=&#8221;post_content&#8221;][et_pb_text _builder_version=&#8221;4.19.5&#8243; _module_preset=&#8221;default&#8221; theme_builder_area=&#8221;post_content&#8221; sticky_enabled=&#8221;0&#8243; text_font=&#8221;Lulo Clean||||||||&#8221; text_font_size=&#8221;19px&#8221; text_text_color=&#8221;#DEC79B&#8221; hover_enabled=&#8221;0&#8243;]<\/p>\n<p style=\"text-align: center;\">Stretching <span>cellulare\u00ae<\/span> (CTS)<\/p>\n<p>[\/et_pb_text][et_pb_text _builder_version=&#8221;4.19.5&#8243; _module_preset=&#8221;default&#8221; theme_builder_area=&#8221;post_content&#8221; hover_enabled=&#8221;0&#8243; sticky_enabled=&#8221;0&#8243; text_font=&#8221;Roboto|300|||||||&#8221; text_text_color=&#8221;#454545&#8243; text_line_height=&#8221;1em&#8221;]<\/p>\n<p style=\"text-align: center;\">La nostra tecnologia diagnostica di bio-impedenza di grado medico.<\/p>\n<p style=\"text-align: center;\">Perch\u00e9 un risultato dipende sempre da una buona diagnosi.<\/p>\n<p>[\/et_pb_text][et_pb_blurb image=&#8221;https:\/\/starvac.exo-corp.com\/wp-content\/uploads\/2023\/02\/VISUEL-SITE-3.png&#8221; _builder_version=&#8221;4.19.5&#8243; _module_preset=&#8221;default&#8221; theme_builder_area=&#8221;post_content&#8221; hover_enabled=&#8221;0&#8243; sticky_enabled=&#8221;0&#8243; title_text=&#8221;DX TWIN SANS OND&#8221; custom_padding=&#8221;0px||0px||false|false&#8221; custom_margin=&#8221;||32px||false|false&#8221;][\/et_pb_blurb][et_pb_text _builder_version=&#8221;4.19.5&#8243; _module_preset=&#8221;default&#8221; theme_builder_area=&#8221;post_content&#8221; sticky_enabled=&#8221;0&#8243; text_font=&#8221;Lulo Clean||||||||&#8221; text_font_size=&#8221;19px&#8221; text_text_color=&#8221;#DEC79B&#8221; hover_enabled=&#8221;0&#8243;]<\/p>\n<p style=\"text-align: center;\">Alimentazione Starvac<\/p>\n<p>[\/et_pb_text][et_pb_text _builder_version=&#8221;4.19.5&#8243; _module_preset=&#8221;default&#8221; theme_builder_area=&#8221;post_content&#8221; hover_enabled=&#8221;0&#8243; sticky_enabled=&#8221;0&#8243; text_font=&#8221;Roboto|300|||||||&#8221; text_text_color=&#8221;#454545&#8243;]<\/p>\n<p style=\"text-align: center;\">L&#8217;applicazione web associata a Stravac Diag consente un follow-up nutrizionale personalizzato.<\/p>\n<p>[\/et_pb_text][et_pb_blurb image=&#8221;https:\/\/starvac.exo-corp.com\/wp-content\/uploads\/2023\/02\/VISUEL-SITE-1.png&#8221; _builder_version=&#8221;4.19.5&#8243; _module_preset=&#8221;default&#8221; theme_builder_area=&#8221;post_content&#8221; hover_enabled=&#8221;0&#8243; sticky_enabled=&#8221;0&#8243; title_text=&#8221;STARVAC NUTRITION&#8221;][\/et_pb_blurb][\/et_pb_column][\/et_pb_row][\/et_pb_section][et_pb_section fb_built=&#8221;1&#8243; theme_builder_area=&#8221;post_content&#8221; _builder_version=&#8221;4.19.5&#8243; _module_preset=&#8221;default&#8221;][\/et_pb_section]<\/p>\n","protected":false},"excerpt":{"rendered":"<p>un nuovo approccio a 360\u00b0 Dimagrante e antinvecchiamentoUna vera e propria risorsa per differenziarsi e diventare un esperto di dimagrimentoLavorate serenamente e con fiducia per meglio indirizzare il numero di sedute e seguire i progressi dei vostri clienti anche al di fuori del vostro istituto!Infine, offrire cure che sviluppino e fidelizzino la clientela. Seguite la [&hellip;]<\/p>\n","protected":false},"author":118,"featured_media":0,"parent":0,"menu_order":0,"comment_status":"closed","ping_status":"closed","template":"","meta":{"_et_pb_use_builder":"on","_et_pb_old_content":"","_et_gb_content_width":"","content-type":"","footnotes":""},"class_list":["post-392303","page","type-page","status-publish","hentry"],"yoast_head":"<!-- This site is optimized with the Yoast SEO plugin v25.9 - https:\/\/yoast.com\/wordpress\/plugins\/seo\/ -->\n<title>Competenza a 360\u00b0 - STARVAC\u00ae- Minceur et anti-\u00e2ge : les cl\u00e9s du succ\u00e8s<\/title>\n<meta name=\"robots\" content=\"index, follow, max-snippet:-1, max-image-preview:large, max-video-preview:-1\" \/>\n<link rel=\"canonical\" href=\"https:\/\/starvac-group.com\/it\/competenza-a-360\/\" \/>\n<meta property=\"og:locale\" content=\"it_IT\" \/>\n<meta property=\"og:type\" content=\"article\" \/>\n<meta property=\"og:title\" content=\"Competenza a 360\u00b0 - STARVAC\u00ae- Minceur et anti-\u00e2ge : les cl\u00e9s du succ\u00e8s\" \/>\n<meta property=\"og:description\" content=\"un nuovo approccio a 360\u00b0 Dimagrante e antinvecchiamentoUna vera e propria risorsa per differenziarsi e diventare un esperto di dimagrimentoLavorate serenamente e con fiducia per meglio indirizzare il numero di sedute e seguire i progressi dei vostri clienti anche al di fuori del vostro istituto!Infine, offrire cure che sviluppino e fidelizzino la clientela. Seguite la [&hellip;]\" \/>\n<meta property=\"og:url\" content=\"https:\/\/starvac-group.com\/it\/competenza-a-360\/\" \/>\n<meta property=\"og:site_name\" content=\"STARVAC\u00ae- Minceur et anti-\u00e2ge : les cl\u00e9s du succ\u00e8s\" \/>\n<meta property=\"article:publisher\" content=\"https:\/\/www.facebook.com\/Starvac\/\" \/>\n<meta property=\"article:modified_time\" content=\"2023-03-01T10:53:17+00:00\" \/>\n<meta name=\"twitter:card\" content=\"summary_large_image\" \/>\n<meta name=\"twitter:label1\" content=\"Tempo di lettura stimato\" \/>\n\t<meta name=\"twitter:data1\" content=\"5 minuti\" \/>\n<script type=\"application\/ld+json\" class=\"yoast-schema-graph\">{\"@context\":\"https:\/\/schema.org\",\"@graph\":[{\"@type\":\"WebPage\",\"@id\":\"https:\/\/starvac-group.com\/it\/competenza-a-360\/\",\"url\":\"https:\/\/starvac-group.com\/it\/competenza-a-360\/\",\"name\":\"Competenza a 360\u00b0 - STARVAC\u00ae- Minceur et anti-\u00e2ge : les cl\u00e9s du succ\u00e8s\",\"isPartOf\":{\"@id\":\"https:\/\/starvac-group.com\/it\/#website\"},\"datePublished\":\"2023-03-01T10:47:10+00:00\",\"dateModified\":\"2023-03-01T10:53:17+00:00\",\"breadcrumb\":{\"@id\":\"https:\/\/starvac-group.com\/it\/competenza-a-360\/#breadcrumb\"},\"inLanguage\":\"it-IT\",\"potentialAction\":[{\"@type\":\"ReadAction\",\"target\":[\"https:\/\/starvac-group.com\/it\/competenza-a-360\/\"]}]},{\"@type\":\"BreadcrumbList\",\"@id\":\"https:\/\/starvac-group.com\/it\/competenza-a-360\/#breadcrumb\",\"itemListElement\":[{\"@type\":\"ListItem\",\"position\":1,\"name\":\"Accueil\",\"item\":\"https:\/\/starvac-group.com\/it\/\"},{\"@type\":\"ListItem\",\"position\":2,\"name\":\"Competenza a 360\u00b0\"}]},{\"@type\":\"WebSite\",\"@id\":\"https:\/\/starvac-group.com\/it\/#website\",\"url\":\"https:\/\/starvac-group.com\/it\/\",\"name\":\"STARVAC\u00ae- Minceur et anti-\u00e2ge : les cl\u00e9s du succ\u00e8s\",\"description\":\"\",\"publisher\":{\"@id\":\"https:\/\/starvac-group.com\/it\/#organization\"},\"potentialAction\":[{\"@type\":\"SearchAction\",\"target\":{\"@type\":\"EntryPoint\",\"urlTemplate\":\"https:\/\/starvac-group.com\/it\/?s={search_term_string}\"},\"query-input\":{\"@type\":\"PropertyValueSpecification\",\"valueRequired\":true,\"valueName\":\"search_term_string\"}}],\"inLanguage\":\"it-IT\"},{\"@type\":\"Organization\",\"@id\":\"https:\/\/starvac-group.com\/it\/#organization\",\"name\":\"Starvac Group\",\"alternateName\":\"Starvac\",\"url\":\"https:\/\/starvac-group.com\/it\/\",\"logo\":{\"@type\":\"ImageObject\",\"inLanguage\":\"it-IT\",\"@id\":\"https:\/\/starvac-group.com\/it\/#\/schema\/logo\/image\/\",\"url\":\"https:\/\/starvac-group.com\/wp-content\/uploads\/2023\/11\/STARVAC-GROUP-CARRE.jpg\",\"contentUrl\":\"https:\/\/starvac-group.com\/wp-content\/uploads\/2023\/11\/STARVAC-GROUP-CARRE.jpg\",\"width\":283,\"height\":282,\"caption\":\"Starvac Group\"},\"image\":{\"@id\":\"https:\/\/starvac-group.com\/it\/#\/schema\/logo\/image\/\"},\"sameAs\":[\"https:\/\/www.facebook.com\/Starvac\/\",\"https:\/\/www.instagram.com\/starvac.beauty\/\"]}]}<\/script>\n<!-- \/ Yoast SEO plugin. -->","yoast_head_json":{"title":"Competenza a 360\u00b0 - STARVAC\u00ae- Minceur et anti-\u00e2ge : les cl\u00e9s du succ\u00e8s","robots":{"index":"index","follow":"follow","max-snippet":"max-snippet:-1","max-image-preview":"max-image-preview:large","max-video-preview":"max-video-preview:-1"},"canonical":"https:\/\/starvac-group.com\/it\/competenza-a-360\/","og_locale":"it_IT","og_type":"article","og_title":"Competenza a 360\u00b0 - STARVAC\u00ae- Minceur et anti-\u00e2ge : les cl\u00e9s du succ\u00e8s","og_description":"un nuovo approccio a 360\u00b0 Dimagrante e antinvecchiamentoUna vera e propria risorsa per differenziarsi e diventare un esperto di dimagrimentoLavorate serenamente e con fiducia per meglio indirizzare il numero di sedute e seguire i progressi dei vostri clienti anche al di fuori del vostro istituto!Infine, offrire cure che sviluppino e fidelizzino la clientela. Seguite la [&hellip;]","og_url":"https:\/\/starvac-group.com\/it\/competenza-a-360\/","og_site_name":"STARVAC\u00ae- Minceur et anti-\u00e2ge : les cl\u00e9s du succ\u00e8s","article_publisher":"https:\/\/www.facebook.com\/Starvac\/","article_modified_time":"2023-03-01T10:53:17+00:00","twitter_card":"summary_large_image","twitter_misc":{"Tempo di lettura stimato":"5 minuti"},"schema":{"@context":"https:\/\/schema.org","@graph":[{"@type":"WebPage","@id":"https:\/\/starvac-group.com\/it\/competenza-a-360\/","url":"https:\/\/starvac-group.com\/it\/competenza-a-360\/","name":"Competenza a 360\u00b0 - STARVAC\u00ae- Minceur et anti-\u00e2ge : les cl\u00e9s du succ\u00e8s","isPartOf":{"@id":"https:\/\/starvac-group.com\/it\/#website"},"datePublished":"2023-03-01T10:47:10+00:00","dateModified":"2023-03-01T10:53:17+00:00","breadcrumb":{"@id":"https:\/\/starvac-group.com\/it\/competenza-a-360\/#breadcrumb"},"inLanguage":"it-IT","potentialAction":[{"@type":"ReadAction","target":["https:\/\/starvac-group.com\/it\/competenza-a-360\/"]}]},{"@type":"BreadcrumbList","@id":"https:\/\/starvac-group.com\/it\/competenza-a-360\/#breadcrumb","itemListElement":[{"@type":"ListItem","position":1,"name":"Accueil","item":"https:\/\/starvac-group.com\/it\/"},{"@type":"ListItem","position":2,"name":"Competenza a 360\u00b0"}]},{"@type":"WebSite","@id":"https:\/\/starvac-group.com\/it\/#website","url":"https:\/\/starvac-group.com\/it\/","name":"STARVAC\u00ae- Minceur et anti-\u00e2ge : les cl\u00e9s du succ\u00e8s","description":"","publisher":{"@id":"https:\/\/starvac-group.com\/it\/#organization"},"potentialAction":[{"@type":"SearchAction","target":{"@type":"EntryPoint","urlTemplate":"https:\/\/starvac-group.com\/it\/?s={search_term_string}"},"query-input":{"@type":"PropertyValueSpecification","valueRequired":true,"valueName":"search_term_string"}}],"inLanguage":"it-IT"},{"@type":"Organization","@id":"https:\/\/starvac-group.com\/it\/#organization","name":"Starvac Group","alternateName":"Starvac","url":"https:\/\/starvac-group.com\/it\/","logo":{"@type":"ImageObject","inLanguage":"it-IT","@id":"https:\/\/starvac-group.com\/it\/#\/schema\/logo\/image\/","url":"https:\/\/starvac-group.com\/wp-content\/uploads\/2023\/11\/STARVAC-GROUP-CARRE.jpg","contentUrl":"https:\/\/starvac-group.com\/wp-content\/uploads\/2023\/11\/STARVAC-GROUP-CARRE.jpg","width":283,"height":282,"caption":"Starvac Group"},"image":{"@id":"https:\/\/starvac-group.com\/it\/#\/schema\/logo\/image\/"},"sameAs":["https:\/\/www.facebook.com\/Starvac\/","https:\/\/www.instagram.com\/starvac.beauty\/"]}]}},"_links":{"self":[{"href":"https:\/\/starvac-group.com\/it\/wp-json\/wp\/v2\/pages\/392303","targetHints":{"allow":["GET"]}}],"collection":[{"href":"https:\/\/starvac-group.com\/it\/wp-json\/wp\/v2\/pages"}],"about":[{"href":"https:\/\/starvac-group.com\/it\/wp-json\/wp\/v2\/types\/page"}],"author":[{"embeddable":true,"href":"https:\/\/starvac-group.com\/it\/wp-json\/wp\/v2\/users\/118"}],"replies":[{"embeddable":true,"href":"https:\/\/starvac-group.com\/it\/wp-json\/wp\/v2\/comments?post=392303"}],"version-history":[{"count":1,"href":"https:\/\/starvac-group.com\/it\/wp-json\/wp\/v2\/pages\/392303\/revisions"}],"predecessor-version":[{"id":392809,"href":"https:\/\/starvac-group.com\/it\/wp-json\/wp\/v2\/pages\/392303\/revisions\/392809"}],"wp:attachment":[{"href":"https:\/\/starvac-group.com\/it\/wp-json\/wp\/v2\/media?parent=392303"}],"curies":[{"name":"wp","href":"https:\/\/api.w.org\/{rel}","templated":true}]}}