{"id":377954,"date":"2022-11-04T19:59:16","date_gmt":"2022-11-04T19:59:16","guid":{"rendered":"https:\/\/starvac-group.com\/%e6%b3%95%e5%be%8b%e5%a3%b0%e6%98%8e\/"},"modified":"2022-11-04T19:59:16","modified_gmt":"2022-11-04T19:59:16","slug":"%e6%b3%95%e5%be%8b%e5%a3%b0%e6%98%8e","status":"publish","type":"page","link":"https:\/\/starvac-group.com\/zh-hans\/%e6%b3%95%e5%be%8b%e5%a3%b0%e6%98%8e\/","title":{"rendered":"\u6cd5\u5f8b\u58f0\u660e"},"content":{"rendered":"<p>[et_pb_section fb_built=&#8221;1&#8243; theme_builder_area=&#8221;post_content&#8221; _builder_version=&#8221;4.18.0&#8243; _module_preset=&#8221;default&#8221; custom_margin=&#8221;80px||80px||true|false&#8221; hover_enabled=&#8221;0&#8243; sticky_enabled=&#8221;0&#8243;][et_pb_row _builder_version=&#8221;4.18.0&#8243; _module_preset=&#8221;default&#8221; theme_builder_area=&#8221;post_content&#8221;][et_pb_column _builder_version=&#8221;4.18.0&#8243; _module_preset=&#8221;default&#8221; type=&#8221;4_4&#8243; theme_builder_area=&#8221;post_content&#8221;][et_pb_text _builder_version=&#8221;4.18.0&#8243; _module_preset=&#8221;default&#8221; theme_builder_area=&#8221;post_content&#8221; hover_enabled=&#8221;0&#8243; sticky_enabled=&#8221;0&#8243;]<\/p>\n<h1 style=\"text-align: center;\">STARVAC GROUP \u6cd5\u5f8b\u58f0\u660e<\/h1>\n<p style=\"text-align: center;\"><strong>2022 \u5e74 10 \u6708 12 \u65e5\u7248\u672c<\/strong><\/p>\n<p>\u6839\u636e 2004 \u5e74 6 \u6708 21 \u65e5\u7b2c 2004-575 \u53f7\u6cd5\u5f8b\u7b2c 6-III \u6761\u548c\u7b2c 19 \u6761\u7684\u89c4\u5b9a\uff0c\u5173\u4e8e\u6570\u5b57\u7ecf\u6d4e\u7684\u4fe1\u5fc3\uff0c\u5373 LCEN\uff0c\u7f51\u7ad9 www.starvac -group.com \u7684\u7528\u6237\u548c\u8bbf\u95ee\u8005\u8fd9\u4e9b\u5408\u6cd5\u901a\u77e5\u3002<\/p>\n<p>\u8fd9\u4e9b\u4e00\u822c\u6761\u4ef6\u51b3\u5b9a\u4e86\u60a8\u4ec5\u901a\u8fc7\u54a8\u8be2\u672c\u7f51\u7ad9\u5c31\u63a5\u53d7\u7684 STARVAC \u7f51\u7ad9\u7684\u4f7f\u7528\u6761\u4ef6\u3002 \u5982\u679c\u60a8\u4e0d\u63a5\u53d7\uff0c\u6211\u4eec\u8981\u6c42\u60a8\u79bb\u5f00\u672c\u7f51\u7ad9\u3002 \u5982\u679c\u60a8\u662f\u672a\u6210\u5e74\u4eba\uff0c\u5219\u60a8\u540c\u610f\u4ec5\u5728\u60a8\u7684\u7236\u6bcd\u6216\u76d1\u62a4\u4eba\u5728\u573a\u7684\u60c5\u51b5\u4e0b\u8bbf\u95ee\u672c\u7f51\u7ad9\uff0c\u4ed6\u4eec\u4e4b\u524d\u5df2\u63a5\u53d7\u8fd9\u4e9b\u6761\u4ef6\u3002 \u672c\u7f51\u7ad9\u7684\u4f7f\u7528\u548c\u54a8\u8be2\u4ec5\u9650\u4e8e\u4e2a\u4eba\u548c\u975e\u5546\u4e1a\u76ee\u7684\u3002<br \/>\u8fd9\u4e9b\u6761\u4ef6\u53d7\u6cd5\u56fd\u6cd5\u5f8b\u7ea6\u675f\uff0c\u53ef\u968f\u65f6\u4fee\u6539\uff0c\u6055\u4e0d\u53e6\u884c\u901a\u77e5\u3002 \u5728\u6ca1\u6709\u53cb\u597d\u89e3\u51b3\u7684\u60c5\u51b5\u4e0b\uff0c\u6cd5\u56fd\u6cd5\u9662\u5c06\u6709\u6743\u89e3\u51b3\u4e0e\u4e0d\u9075\u5b88\u8fd9\u4e9b\u6761\u4ef6\u6709\u5173\u7684\u4efb\u4f55\u4e89\u8bae\u3002<\/p>\n<p>\u8fd9\u4e9b\u6761\u4ef6\u53ef\u5728\u7f51\u7ad9\u4e0a\u7684\u201c\u6cd5\u5f8b\u58f0\u660e\u201d\u6807\u9898\u4e0b\u8bbf\u95ee\u3002<\/p>\n<h2>\u7b2c 1 \u6761 &#8211; \u51fa\u7248\u5546<\/h2>\n<p>\u672c\u7f51\u7ad9\u53d1\u5e03\u7684\u7f16\u8f91\u548c\u7ba1\u7406\u7531 STARVAC GROUP \u516c\u53f8\u603b\u88c1 Daniel Frajdenrajch \u63d0\u4f9b\uff0c\u4ed6\u7684\u4f4f\u6240\u4f4d\u4e8e ZAC de, 29 Rue Paule Raymondis, 31200 Toulouse\uff0c\u7535\u8bdd\u53f7\u7801\u4e3a 0534250770\uff0c\u7535\u5b50\u90ae\u4ef6 info@starvac- group.com\u3002<\/p>\n<p>STARVAC GROUP\u662f\u4e00\u5bb6\u7b80\u5316\u7684\u80a1\u4efd\u5236\u516c\u53f8\uff0c\u6ce8\u518c\u53f7\u4e3aSIREN 412260150\uff0c\u8d38\u6613\u516c\u53f8\u6ce8\u518c\u53f7\u4e3aToulouse B 412 260 150\uff0c\u5df2\u7ecf\u842525\u5e74\u3002 \u5b83\u6210\u7acb\u4e8e\u56fe\u5362\u5179 (31200)\uff0c\u4e13\u95e8\u4ece\u4e8b\u533b\u7597\u5916\u79d1\u548c\u7259\u79d1\u8bbe\u5907\u5236\u9020\u6d3b\u52a8\uff0c\u80a1\u672c\u4e3a 240,360.00 \u6b27\u5143\u3002<\/p>\n<h2>\u7b2c 2 \u6761 &#8211; \u4e1c\u9053\u4e3b<\/h2>\n<p>\u672c\u7ad9\u4e3b\u529e\u65b9\u4e3aO2SWITCH\u516c\u53f8\uff0c\u662f\u4e00\u5bb6\u7b80\u5316\u7684\u80a1\u4efd\u5236\u516c\u53f8\uff0c\u6ce8\u518c\u53f7\u4e3aSIREN 510909807\uff0c\u5df2\u8fd0\u842513\u5e74\u3002 \u603b\u90e8\u4f4d\u4e8e CLERMONT-FERRAND (63000)\uff0c\u4e13\u6ce8\u4e8e\u6570\u636e\u5904\u7406\u3001\u6258\u7ba1\u548c\u76f8\u5173\u6d3b\u52a8\u7684\u4e1a\u52a1\u90e8\u95e8<\/p>\n<h2>\u7b2c 3 \u6761 \u2013 \u5f00\u53d1\u5546<\/h2>\n<p>\u8be5\u7f51\u7ad9\u7684\u5f00\u53d1\u8005\u662f EXOCORP \u96c6\u4f53\uff0c\u901a\u8fc7 MF CONSULTING\uff0c\u4e00\u5bb6\u4e2a\u4f53\u7ecf\u8425\u516c\u53f8\uff0c\u6ce8\u518c\u53f7\u4e3a SIREN 822 031 373\uff0c\u4f4d\u4e8e\u91cc\u6602 (69003)\uff0c\u4e13\u95e8\u4ece\u4e8b\u516c\u53f8\u7684\u6570\u5b57\u5316\u8f6c\u578b\u3002<\/p>\n<h2>\u7b2c 4 \u6761 &#8211; \u672c\u7f51\u7ad9\u7684\u76ee\u7684<\/h2>\n<p>\u672c\u7f51\u7ad9\u65e8\u5728\u4e3a\u60a8\u63d0\u4f9b\u6709\u5173\u516c\u53f8\u3001\u7ec4\u7ec7\u3001\u5386\u53f2\u3001\u4ea7\u54c1\u53ca\u5176\u58f0\u660e\u7684\u4fe1\u606f\u3002<br \/>\u4e0e STARVAC \u5236\u9020\u3001\u5206\u9500\u548c\u8425\u9500\u7684\u4ea7\u54c1\u76f8\u5173\u7684\u901a\u4fe1\u53d7\u7279\u5b9a\u6cd5\u89c4\u7684\u7ea6\u675f\uff0c\u8be5\u7f51\u7ad9\u5206\u4e3a\u51e0\u4e2a\u4e0d\u540c\u7684\u90e8\u5206\uff0c\u5e76\u4ee5\u6e05\u6670\u6613\u8bfb\u7684\u65b9\u5f0f\u4e3a\u7528\u6237\u6807\u8bc6\uff1a\u5177\u6709\u533b\u7597\u8bbe\u5907\u72b6\u6001\u7684\u8bbe\u5907\u3001\u5316\u5986\u54c1\u548c\u98df\u54c1\u8865\u5145\u5242\u3002<br \/>\u5982\u679c\u60a8\u7684\u5065\u5eb7\u72b6\u51b5\u9700\u8981\uff0c\u60a8\u5c06\u5728\u672c\u7f51\u7ad9\u4e0a\u627e\u5230\u7684\u4fe1\u606f\u4e0d\u5e94\u7528\u4e8e\u63d0\u4f9b\u533b\u7597\u5efa\u8bae\u548c\u66ff\u4ee3\u4e0e\u5065\u5eb7\u4e13\u4e1a\u4eba\u58eb\u7684\u54a8\u8be2\u3002<br \/>\u540c\u6837\uff0c\u6b64\u4fe1\u606f\u4e0d\u5e94\u88ab\u89e3\u91ca\u4e3a\u5728\u6ca1\u6709\u533b\u7597\u4fdd\u5065\u4e13\u4e1a\u4eba\u5458\u6216 STARVAC \u4e13\u5bb6\u5efa\u8bae\u7684\u60c5\u51b5\u4e0b\u4f7f\u7528\u4ea7\u54c1\u7684\u5efa\u8bae\u3002<\/p>\n<h2>\u7b2c 5 \u6761 &#8211; \u4fdd\u8bc1\u548c\u8d23\u4efb<\/h2>\n<p>STARVAC GROUP \u627f\u8bfa\u9a8c\u8bc1\u672c\u7f51\u7ad9\u7684\u5185\u5bb9\u662f\u5426\u7b26\u5408\u73b0\u884c\u6cd5\u5f8b\u89c4\u5b9a\u3002 \u7279\u522b\u662f\uff0c\u4ed6\u627f\u8bfa\u4e0d\u4f20\u64ad\u4fb5\u72af\u7b2c\u4e09\u65b9\u6743\u5229\u3001\u66b4\u529b\u3001\u8272\u60c5\u6216\u8bfd\u8c24\u6027\u8d28\u7684\u6570\u636e\uff0c\u4e5f\u4e0d\u4f20\u64ad\u975e\u6cd5\u5185\u5bb9\uff0c\u7279\u522b\u662f\u79cd\u65cf\u4e3b\u4e49\u3001\u4ec7\u5916\u5fc3\u7406\u3001\u604b\u7ae5\u7656\u6216\u5176\u4ed6\u4fb5\u72af\u4eba\u7c7b\u5c0a\u4e25\u7684\u5185\u5bb9\u3002 .<\/p>\n<p>\u4f46\u662f\uff0cSTARVAC GROUP \u4e0d\u4fdd\u8bc1\u672c\u7f51\u7ad9\u6240\u542b\u4fe1\u606f\u7684\u51c6\u786e\u6027\u3001\u66f4\u65b0\u6027\u548c\u5b8c\u6574\u6027\u3002<\/p>\n<p>STARVAC GROUP \u4e0d\u5bf9\u4ee5\u4e0b\u60c5\u51b5\u8d1f\u8d23\uff1a<br \/>\u56e0\u54a8\u8be2\u672c\u7f51\u7ad9\u6216\u4f7f\u7528\u672c\u7f51\u7ad9\u63d0\u4f9b\u7684\u4fe1\u606f\u800c\u76f4\u63a5\u6216\u95f4\u63a5\u9020\u6210\u7684\u635f\u5bb3\uff1b<br \/>\u4f7f\u7528\u672c\u7f51\u7ad9\u9020\u6210\u7684\u76f4\u63a5\u6216\u95f4\u63a5\u635f\u5bb3\uff0c\u7279\u522b\u662f\u4efb\u4f55\u4fe1\u606f\u7cfb\u7edf\u4e2d\u7684\u4efb\u4f55\u64cd\u4f5c\u3001\u8d22\u52a1\u6216\u5546\u4e1a\u635f\u5931\u6216\u7a0b\u5e8f\u6216\u6570\u636e\u4e22\u5931\uff0c\u5373\u4f7f STARVAC GROUP \u5df2\u88ab\u544a\u77e5\u6b64\u7c7b\u635f\u5bb3\u7684\u53ef\u80fd\u6027\u3002<\/p>\n<p>STARVAC \u5bf9\u5176\u4ed6\u7f51\u7ad9\u7684\u94fe\u63a5\u4e0d\u627f\u62c5\u4efb\u4f55\u8d23\u4efb\uff0c\u8fd9\u4e9b\u94fe\u63a5\u5728\u9002\u5f53\u7684\u60c5\u51b5\u4e0b\u4ec5\u4f9b\u53c2\u8003\u3002<br \/>STARVAC \u4fdd\u7559\u5728\u5176\u5e0c\u671b\u65f6\u4fee\u6539\u3001\u6682\u65f6\u6216\u6c38\u4e45\u4e2d\u65ad\u672c\u7f51\u7ad9\u7684\u5168\u90e8\u6216\u90e8\u5206\u5185\u5bb9\u7684\u6743\u5229\uff0c\u6055\u4e0d\u53e6\u884c\u901a\u77e5\u6216\u4f5c\u51fa\u4efb\u4f55\u8865\u507f\u3002 STARVAC \u5728\u4efb\u4f55\u60c5\u51b5\u4e0b\u5747\u4e0d\u5bf9\u60a8\u6216\u7b2c\u4e09\u65b9\u5bf9\u672c\u7f51\u7ad9\u7684\u4efb\u4f55\u4fee\u6539\u3001\u4e2d\u65ad\u6216\u6682\u505c\u8d1f\u8d23\u3002<\/p>\n<h2>\u7b2c 6 \u6761- \u8bbf\u95ee\u7f51\u7ad9<\/h2>\n<p>\u672c\u7f51\u7ad9\u6bcf\u5468 7 \u5929\u3001\u6bcf\u5929 24 \u5c0f\u65f6\u5747\u53ef\u8bbf\u95ee\uff0c\u9664\u975e\u53d1\u751f\u4e0d\u53ef\u6297\u529b\u3001\u8ba1\u5212\u6216\u8ba1\u5212\u5916\u4e2d\u65ad\u4ee5\u53ca\u53ef\u80fd\u56e0\u9700\u8981\u7ef4\u62a4\u800c\u5bfc\u81f4\u7684\u60c5\u51b5\u3002<\/p>\n<p>\u5982\u679c\u672c\u7f51\u7ad9\u53d1\u751f\u4fee\u6539\u3001\u4e2d\u65ad\u6216\u6682\u505c\uff0c\u53d1\u5e03\u8005\u6982\u4e0d\u8d1f\u8d23\u3002<\/p>\n<h2>\u7b2c 7 \u6761 \u2013 \u77e5\u8bc6\u4ea7\u6743<\/h2>\n<p>\u672c\u7f51\u7ad9\u4e0a\u63d0\u4f9b\u7684\u6240\u6709\u5fbd\u6807\u3001\u6240\u6709\u4ea7\u54c1\u89c6\u89c9\u6548\u679c\u548c\u6240\u6709\u6587\u672c\u3001\u63d0\u53ca\u7684\u6240\u6709\u4ea7\u54c1\u540d\u79f0\u6216\u54c1\u724c\u5747\u4e3a STARVAC GROUP \u7684\u4e13\u6709\u8d22\u4ea7\u6216\u5df2\u83b7\u5f97\u8bb8\u53ef\u3002<br \/>\u60a8\u53ef\u4ee5\u4e0b\u8f7d\u3001\u663e\u793a\u6216\u6253\u5370\u672c\u7f51\u7ad9\u4e0a\u63d0\u4f9b\u7684\u4fe1\u606f\uff0c\u4ec5\u4f9b\u79c1\u4eba\u4f7f\u7528\uff0c\u7528\u4e8e\u975e\u5546\u4e1a\u76ee\u7684\uff0c\u65e0\u9700\u4fee\u6539\u4efb\u4f55\u63d0\u53ca\uff0c\u5305\u62ec\u4e0e\u77e5\u8bc6\u4ea7\u6743\u76f8\u5173\u7684\u63d0\u53ca\uff0c\u5e76\u786e\u4fdd\u5728\u5c06\u5236\u4f5c\u7684\u6bcf\u4efd\u526f\u672c\u4e0a\u8fdb\u884c\u590d\u5236\u4e0b\u9762\u63d0\u5230\u201c\u672c\u6587\u6863\u6765\u81ea Starvac \u96c6\u56e2\u7f51\u7ad9 (Starvac-Group)\u3002\u7248\u6743\u6240\u6709 \u201d\u3002<br \/>\u7981\u6b62\u5bf9\u672c\u7f51\u7ad9\u7684\u5168\u90e8\u6216\u90e8\u5206\u5185\u5bb9\u8fdb\u884c\u4efb\u4f55\u4f7f\u7528\u3001\u590d\u5236\u3001\u5206\u53d1\u3001\u8425\u9500\u3001\u4fee\u6539\uff0c\u9664\u4e0a\u8ff0\u5185\u5bb9\u5916\uff0c\u672a\u7ecf STARVAC GROUP \u4e8b\u5148\u4e66\u9762\u6388\u6743\uff0c\u5e76\u53ef\u80fd\u5bfc\u81f4\u6cd5\u5f8b\u8bc9\u8bbc\u548c\u8d77\u8bc9\uff0c\u7279\u522b\u662f\u300a\u5b88\u5219\u300b\u7684\u89c4\u5b9a\u3002\u77e5\u8bc6\u4ea7\u6743\u548c\u6c11\u6cd5\u5178\u3002<\/p>\n<h2>\u7b2c 8 \u6761 &#8211; \u6570\u636e\u6536\u96c6\u548c\u4e2a\u4eba\u6570\u636e\u4fdd\u62a4<\/h2>\n<p>\u672c\u7f51\u7ad9\u6839\u636e 1978 \u5e74 1 \u6708 6 \u65e5\u5173\u4e8e\u6570\u636e\u5904\u7406\u3001\u6587\u4ef6\u548c\u81ea\u7531\u7684\u7b2c 78-17 \u53f7\u6cd5\u5f8b\uff0c\u5728\u5c0a\u91cd\u9690\u79c1\u7684\u60c5\u51b5\u4e0b\u4e3a\u7528\u6237\u63d0\u4f9b\u4e2a\u4eba\u4fe1\u606f\u7684\u6536\u96c6\u548c\u5904\u7406\u3002<\/p>\n<p>\u6839\u636e 1978 \u5e74 1 \u6708 6 \u65e5\u9881\u5e03\u7684\u300a\u6570\u636e\u4fdd\u62a4\u6cd5\u300b\uff0c\u7528\u6237\u6709\u6743\u8bbf\u95ee\u3001\u66f4\u6b63\u3001\u5220\u9664\u548c\u53cd\u5bf9\u5176\u4e2a\u4eba\u6570\u636e\u3002 \u7528\u6237\u901a\u8fc7\u7535\u5b50\u90ae\u4ef6\u5411\u4ee5\u4e0b\u7535\u5b50\u90ae\u4ef6\u5730\u5740\u884c\u4f7f\u6b64\u6743\u5229\uff1ainfo@starvac-group.com<\/p>\n<p>\u6709\u5173\u66f4\u591a\u4fe1\u606f\uff0c\u8bf7\u53c2\u9605\u6211\u4eec\u7684\u9690\u79c1\u653f\u7b56\uff1a\u4e2a\u4eba\u6570\u636e | Starvac (starvac-group.com)<\/p>\n<h2>\u7b2c 9 \u6761 \u2013 Cookie \u653f\u7b56<\/h2>\n<p>\u6709\u5173\u5728\u7f51\u7ad9\u4e0a\u4f7f\u7528 cookie \u7684\u66f4\u591a\u4fe1\u606f\uff0cSTARVAC GROUP \u9080\u8bf7\u7528\u6237\u5728\u4ee5\u4e0b\u5730\u5740\u67e5\u9605\u6211\u4eec\u7684\u9690\u79c1\u653f\u7b56\uff1a\u4e2a\u4eba\u6570\u636e | Starvac (starvac-group.com)<\/p>\n<p>[\/et_pb_text][\/et_pb_column][\/et_pb_row][\/et_pb_section]<\/p>\n","protected":false},"excerpt":{"rendered":"<p>STARVAC GROUP \u6cd5\u5f8b\u58f0\u660e 2022 \u5e74 10 \u6708 12 \u65e5\u7248\u672c \u6839\u636e 2004 \u5e74 6 \u6708 21  [&hellip;]<\/p>\n","protected":false},"author":115,"featured_media":0,"parent":0,"menu_order":0,"comment_status":"closed","ping_status":"closed","template":"","meta":{"_et_pb_use_builder":"on","_et_pb_old_content":"","_et_gb_content_width":"","content-type":"","footnotes":""},"class_list":["post-377954","page","type-page","status-publish","hentry"],"yoast_head":"<!-- This site is optimized with the Yoast SEO plugin v25.9 - https:\/\/yoast.com\/wordpress\/plugins\/seo\/ -->\n<title>\u6cd5\u5f8b\u58f0\u660e - STARVAC\u00ae- Minceur et anti-\u00e2ge : les cl\u00e9s du succ\u00e8s<\/title>\n<meta name=\"robots\" content=\"noindex, follow\" \/>\n<meta property=\"og:locale\" content=\"zh_CN\" \/>\n<meta property=\"og:type\" content=\"article\" \/>\n<meta property=\"og:title\" content=\"\u6cd5\u5f8b\u58f0\u660e - STARVAC\u00ae- Minceur et anti-\u00e2ge : les cl\u00e9s du succ\u00e8s\" \/>\n<meta property=\"og:description\" content=\"STARVAC GROUP \u6cd5\u5f8b\u58f0\u660e 2022 \u5e74 10 \u6708 12 \u65e5\u7248\u672c \u6839\u636e 2004 \u5e74 6 \u6708 21 [&hellip;]\" \/>\n<meta property=\"og:url\" content=\"https:\/\/starvac-group.com\/zh-hans\/%e6%b3%95%e5%be%8b%e5%a3%b0%e6%98%8e\/\" \/>\n<meta property=\"og:site_name\" content=\"STARVAC\u00ae- Minceur et anti-\u00e2ge : les cl\u00e9s du succ\u00e8s\" \/>\n<meta property=\"article:publisher\" content=\"https:\/\/www.facebook.com\/Starvac\/\" \/>\n<meta name=\"twitter:card\" content=\"summary_large_image\" \/>\n<meta name=\"twitter:label1\" content=\"\u9884\u8ba1\u9605\u8bfb\u65f6\u95f4\" \/>\n\t<meta name=\"twitter:data1\" content=\"1 \u5206\" \/>\n<script type=\"application\/ld+json\" class=\"yoast-schema-graph\">{\"@context\":\"https:\/\/schema.org\",\"@graph\":[{\"@type\":\"WebPage\",\"@id\":\"https:\/\/starvac-group.com\/zh-hans\/%e6%b3%95%e5%be%8b%e5%a3%b0%e6%98%8e\/\",\"url\":\"https:\/\/starvac-group.com\/zh-hans\/%e6%b3%95%e5%be%8b%e5%a3%b0%e6%98%8e\/\",\"name\":\"\u6cd5\u5f8b\u58f0\u660e - STARVAC\u00ae- Minceur et anti-\u00e2ge : les cl\u00e9s du succ\u00e8s\",\"isPartOf\":{\"@id\":\"https:\/\/starvac-group.com\/zh-hans\/#website\"},\"datePublished\":\"2022-11-04T19:59:16+00:00\",\"breadcrumb\":{\"@id\":\"https:\/\/starvac-group.com\/zh-hans\/%e6%b3%95%e5%be%8b%e5%a3%b0%e6%98%8e\/#breadcrumb\"},\"inLanguage\":\"zh-Hans\",\"potentialAction\":[{\"@type\":\"ReadAction\",\"target\":[\"https:\/\/starvac-group.com\/zh-hans\/%e6%b3%95%e5%be%8b%e5%a3%b0%e6%98%8e\/\"]}]},{\"@type\":\"BreadcrumbList\",\"@id\":\"https:\/\/starvac-group.com\/zh-hans\/%e6%b3%95%e5%be%8b%e5%a3%b0%e6%98%8e\/#breadcrumb\",\"itemListElement\":[{\"@type\":\"ListItem\",\"position\":1,\"name\":\"Accueil\",\"item\":\"https:\/\/starvac-group.com\/zh-hans\/\"},{\"@type\":\"ListItem\",\"position\":2,\"name\":\"\u6cd5\u5f8b\u58f0\u660e\"}]},{\"@type\":\"WebSite\",\"@id\":\"https:\/\/starvac-group.com\/zh-hans\/#website\",\"url\":\"https:\/\/starvac-group.com\/zh-hans\/\",\"name\":\"STARVAC\u00ae- Minceur et anti-\u00e2ge : les cl\u00e9s du succ\u00e8s\",\"description\":\"\",\"publisher\":{\"@id\":\"https:\/\/starvac-group.com\/zh-hans\/#organization\"},\"potentialAction\":[{\"@type\":\"SearchAction\",\"target\":{\"@type\":\"EntryPoint\",\"urlTemplate\":\"https:\/\/starvac-group.com\/zh-hans\/?s={search_term_string}\"},\"query-input\":{\"@type\":\"PropertyValueSpecification\",\"valueRequired\":true,\"valueName\":\"search_term_string\"}}],\"inLanguage\":\"zh-Hans\"},{\"@type\":\"Organization\",\"@id\":\"https:\/\/starvac-group.com\/zh-hans\/#organization\",\"name\":\"Starvac Group\",\"alternateName\":\"Starvac\",\"url\":\"https:\/\/starvac-group.com\/zh-hans\/\",\"logo\":{\"@type\":\"ImageObject\",\"inLanguage\":\"zh-Hans\",\"@id\":\"https:\/\/starvac-group.com\/zh-hans\/#\/schema\/logo\/image\/\",\"url\":\"https:\/\/starvac-group.com\/wp-content\/uploads\/2023\/11\/STARVAC-GROUP-CARRE.jpg\",\"contentUrl\":\"https:\/\/starvac-group.com\/wp-content\/uploads\/2023\/11\/STARVAC-GROUP-CARRE.jpg\",\"width\":283,\"height\":282,\"caption\":\"Starvac Group\"},\"image\":{\"@id\":\"https:\/\/starvac-group.com\/zh-hans\/#\/schema\/logo\/image\/\"},\"sameAs\":[\"https:\/\/www.facebook.com\/Starvac\/\",\"https:\/\/www.instagram.com\/starvac.beauty\/\"]}]}<\/script>\n<!-- \/ Yoast SEO plugin. -->","yoast_head_json":{"title":"\u6cd5\u5f8b\u58f0\u660e - STARVAC\u00ae- Minceur et anti-\u00e2ge : les cl\u00e9s du succ\u00e8s","robots":{"index":"noindex","follow":"follow"},"og_locale":"zh_CN","og_type":"article","og_title":"\u6cd5\u5f8b\u58f0\u660e - STARVAC\u00ae- Minceur et anti-\u00e2ge : les cl\u00e9s du succ\u00e8s","og_description":"STARVAC GROUP \u6cd5\u5f8b\u58f0\u660e 2022 \u5e74 10 \u6708 12 \u65e5\u7248\u672c \u6839\u636e 2004 \u5e74 6 \u6708 21 [&hellip;]","og_url":"https:\/\/starvac-group.com\/zh-hans\/%e6%b3%95%e5%be%8b%e5%a3%b0%e6%98%8e\/","og_site_name":"STARVAC\u00ae- Minceur et anti-\u00e2ge : les cl\u00e9s du succ\u00e8s","article_publisher":"https:\/\/www.facebook.com\/Starvac\/","twitter_card":"summary_large_image","twitter_misc":{"\u9884\u8ba1\u9605\u8bfb\u65f6\u95f4":"1 \u5206"},"schema":{"@context":"https:\/\/schema.org","@graph":[{"@type":"WebPage","@id":"https:\/\/starvac-group.com\/zh-hans\/%e6%b3%95%e5%be%8b%e5%a3%b0%e6%98%8e\/","url":"https:\/\/starvac-group.com\/zh-hans\/%e6%b3%95%e5%be%8b%e5%a3%b0%e6%98%8e\/","name":"\u6cd5\u5f8b\u58f0\u660e - STARVAC\u00ae- Minceur et anti-\u00e2ge : les cl\u00e9s du succ\u00e8s","isPartOf":{"@id":"https:\/\/starvac-group.com\/zh-hans\/#website"},"datePublished":"2022-11-04T19:59:16+00:00","breadcrumb":{"@id":"https:\/\/starvac-group.com\/zh-hans\/%e6%b3%95%e5%be%8b%e5%a3%b0%e6%98%8e\/#breadcrumb"},"inLanguage":"zh-Hans","potentialAction":[{"@type":"ReadAction","target":["https:\/\/starvac-group.com\/zh-hans\/%e6%b3%95%e5%be%8b%e5%a3%b0%e6%98%8e\/"]}]},{"@type":"BreadcrumbList","@id":"https:\/\/starvac-group.com\/zh-hans\/%e6%b3%95%e5%be%8b%e5%a3%b0%e6%98%8e\/#breadcrumb","itemListElement":[{"@type":"ListItem","position":1,"name":"Accueil","item":"https:\/\/starvac-group.com\/zh-hans\/"},{"@type":"ListItem","position":2,"name":"\u6cd5\u5f8b\u58f0\u660e"}]},{"@type":"WebSite","@id":"https:\/\/starvac-group.com\/zh-hans\/#website","url":"https:\/\/starvac-group.com\/zh-hans\/","name":"STARVAC\u00ae- Minceur et anti-\u00e2ge : les cl\u00e9s du succ\u00e8s","description":"","publisher":{"@id":"https:\/\/starvac-group.com\/zh-hans\/#organization"},"potentialAction":[{"@type":"SearchAction","target":{"@type":"EntryPoint","urlTemplate":"https:\/\/starvac-group.com\/zh-hans\/?s={search_term_string}"},"query-input":{"@type":"PropertyValueSpecification","valueRequired":true,"valueName":"search_term_string"}}],"inLanguage":"zh-Hans"},{"@type":"Organization","@id":"https:\/\/starvac-group.com\/zh-hans\/#organization","name":"Starvac Group","alternateName":"Starvac","url":"https:\/\/starvac-group.com\/zh-hans\/","logo":{"@type":"ImageObject","inLanguage":"zh-Hans","@id":"https:\/\/starvac-group.com\/zh-hans\/#\/schema\/logo\/image\/","url":"https:\/\/starvac-group.com\/wp-content\/uploads\/2023\/11\/STARVAC-GROUP-CARRE.jpg","contentUrl":"https:\/\/starvac-group.com\/wp-content\/uploads\/2023\/11\/STARVAC-GROUP-CARRE.jpg","width":283,"height":282,"caption":"Starvac Group"},"image":{"@id":"https:\/\/starvac-group.com\/zh-hans\/#\/schema\/logo\/image\/"},"sameAs":["https:\/\/www.facebook.com\/Starvac\/","https:\/\/www.instagram.com\/starvac.beauty\/"]}]}},"_links":{"self":[{"href":"https:\/\/starvac-group.com\/zh-hans\/wp-json\/wp\/v2\/pages\/377954","targetHints":{"allow":["GET"]}}],"collection":[{"href":"https:\/\/starvac-group.com\/zh-hans\/wp-json\/wp\/v2\/pages"}],"about":[{"href":"https:\/\/starvac-group.com\/zh-hans\/wp-json\/wp\/v2\/types\/page"}],"author":[{"embeddable":true,"href":"https:\/\/starvac-group.com\/zh-hans\/wp-json\/wp\/v2\/users\/115"}],"replies":[{"embeddable":true,"href":"https:\/\/starvac-group.com\/zh-hans\/wp-json\/wp\/v2\/comments?post=377954"}],"version-history":[{"count":0,"href":"https:\/\/starvac-group.com\/zh-hans\/wp-json\/wp\/v2\/pages\/377954\/revisions"}],"wp:attachment":[{"href":"https:\/\/starvac-group.com\/zh-hans\/wp-json\/wp\/v2\/media?parent=377954"}],"curies":[{"name":"wp","href":"https:\/\/api.w.org\/{rel}","templated":true}]}}