{"id":377977,"date":"2022-11-04T19:59:18","date_gmt":"2022-11-04T19:59:18","guid":{"rendered":"https:\/\/starvac-group.com\/%e6%8c%87%e5%8d%97\/"},"modified":"2023-06-20T21:10:24","modified_gmt":"2023-06-20T21:10:24","slug":"%e6%8c%87%e5%8d%97","status":"publish","type":"page","link":"https:\/\/starvac-group.com\/zh-hans\/%e6%8c%87%e5%8d%97\/","title":{"rendered":"\u6307\u5357"},"content":{"rendered":"<p>[et_pb_section fb_built=&#8221;1&#8243; fullwidth=&#8221;on&#8221; admin_label=&#8221;Hero&#8221; _builder_version=&#8221;4.18.1&#8243; background_image=&#8221;https:\/\/starvac.exo-corp.com\/wp-content\/uploads\/2022\/12\/header-guides2.jpg&#8221; parallax=&#8221;on&#8221; global_colors_info=&#8221;{}&#8221;][et_pb_fullwidth_header title=&#8221;\u6211\u4eec\u7684\u5bfc\u6e38&#8221; button_one_url=&#8221;\/contact\/&#8221; button_two_url=&#8221;#infos&#8221; content_max_width=&#8221;800px&#8221; _builder_version=&#8221;4.18.0&#8243; title_font=&#8221;|700|||||||&#8221; title_font_size=&#8221;48px&#8221; title_line_height=&#8221;1.3em&#8221; content_font=&#8221;Nunito|600|||||||&#8221; content_font_size=&#8221;20px&#8221; subhead_font=&#8221;||||||||&#8221; subhead_font_size=&#8221;30px&#8221; subhead_line_height=&#8221;1.8em&#8221; background_color=&#8221;rgba(0,0,0,0)&#8221; custom_button_one=&#8221;on&#8221; button_one_text_size=&#8221;16px&#8221; button_one_text_color=&#8221;#4D6B93&#8243; button_one_bg_color=&#8221;#ffffff&#8221; button_one_border_width=&#8221;4px&#8221; button_one_border_color=&#8221;rgba(210,159,104,0)&#8221; button_one_border_radius=&#8221;100px&#8221; button_one_font=&#8221;||||||||&#8221; button_one_use_icon=&#8221;off&#8221; custom_button_two=&#8221;on&#8221; button_two_text_size=&#8221;16px&#8221; button_two_text_color=&#8221;#ffffff&#8221; button_two_bg_color=&#8221;rgba(255,255,255,0.15)&#8221; button_two_border_width=&#8221;4px&#8221; button_two_border_color=&#8221;rgba(210,159,104,0)&#8221; button_two_border_radius=&#8221;100px&#8221; button_two_font=&#8221;||||||||&#8221; button_two_use_icon=&#8221;off&#8221; custom_margin=&#8221;|||&#8221; custom_padding=&#8221;10vw||4vw||false|&#8221; custom_padding_tablet=&#8221;20vw||20vw||true&#8221; custom_padding_phone=&#8221;8vw||8vw||true|false&#8221; custom_padding_last_edited=&#8221;on|desktop&#8221; title_font_size_tablet=&#8221;50px&#8221; title_font_size_phone=&#8221;24px&#8221; title_font_size_last_edited=&#8221;on|tablet&#8221; title_text_shadow_style=&#8221;preset3&#8243; button_one_text_color_hover=&#8221;#3550a0&#8243; button_two_text_color_hover=&#8221;#ffffff&#8221; button_one_bg_color_hover=&#8221;rgba(255,255,255,0.8)&#8221; button_two_bg_color_hover=&#8221;rgba(255,255,255,0.3)&#8221; global_colors_info=&#8221;{}&#8221; button_one_text_size__hover_enabled=&#8221;off&#8221; button_two_text_size__hover_enabled=&#8221;off&#8221; button_one_text_color__hover_enabled=&#8221;on&#8221; button_one_text_color__hover=&#8221;#4D6B93&#8243; button_two_text_color__hover_enabled=&#8221;on&#8221; button_two_text_color__hover=&#8221;#ffffff&#8221; button_one_border_width__hover_enabled=&#8221;off&#8221; button_two_border_width__hover_enabled=&#8221;off&#8221; button_one_border_color__hover_enabled=&#8221;on|hover&#8221; button_two_border_color__hover_enabled=&#8221;on|hover&#8221; button_one_border_radius__hover_enabled=&#8221;off&#8221; button_two_border_radius__hover_enabled=&#8221;off&#8221; button_one_letter_spacing__hover_enabled=&#8221;off&#8221; button_two_letter_spacing__hover_enabled=&#8221;off&#8221; button_one_bg_color__hover_enabled=&#8221;on|hover&#8221; button_two_bg_color__hover_enabled=&#8221;on|hover&#8221; button_two_bg_color__hover=&#8221;rgba(255,255,255,0.3)&#8221; button_one_border_color__hover=&#8221;rgba(255,255,255,0.7)&#8221; button_one_bg_enable_color__hover=&#8221;on&#8221; button_two_border_color__hover=&#8221;rgba(255,255,255,0.3)&#8221; button_one_bg_color__hover=&#8221;rgba(255,255,255,0.7)&#8221;][\/et_pb_fullwidth_header][\/et_pb_section][et_pb_section fb_built=&#8221;1&#8243; disabled_on=&#8221;off|off|off&#8221; _builder_version=&#8221;4.20.1&#8243; custom_margin=&#8221;-50px||||false|false&#8221; custom_padding=&#8221;0px||3px||false|false&#8221; global_module=&#8221;375924&#8243; global_colors_info=&#8221;{}&#8221;][et_pb_row _builder_version=&#8221;4.17.4&#8243; custom_padding=&#8221;0px||0px|||&#8221; global_colors_info=&#8221;{}&#8221;][et_pb_column type=&#8221;4_4&#8243; _builder_version=&#8221;4.16&#8243; global_colors_info=&#8221;{}&#8221;][et_pb_dmb_breadcrumbs font_icon=&#8221;%%36%%&#8221; use_home_icon=&#8221;off&#8221; _builder_version=&#8221;4.19.5&#8243; body_text_color=&#8221;#666666&#8243; body_font_size=&#8221;16px&#8221; separator_text_color=&#8221;#666666&#8243; link_text_color=&#8221;#DEC79B&#8221; global_colors_info=&#8221;{}&#8221;][\/et_pb_dmb_breadcrumbs][\/et_pb_column][\/et_pb_row][\/et_pb_section][et_pb_section fb_built=&#8221;1&#8243; custom_padding_last_edited=&#8221;on|phone&#8221; admin_label=&#8221;Straighten Blurbs &#8211; Grace&#8221; module_id=&#8221;straighten&#8221; module_class=&#8221;grace_blurbs_straighten&#8221; _builder_version=&#8221;4.20.0&#8243; custom_padding=&#8221;30px||60px||false|false&#8221; custom_padding_tablet=&#8221;30px||30px||true|false&#8221; custom_padding_phone=&#8221;30px||30px||true|false&#8221; custom_css_main_element=&#8221;     counter-reset: section;&#8221; saved_tabs=&#8221;all&#8221; locked=&#8221;off&#8221; collapsed=&#8221;off&#8221; global_colors_info=&#8221;{}&#8221;][et_pb_row column_structure=&#8221;1_3,1_3,1_3&#8243; use_custom_gutter=&#8221;on&#8221; admin_label=&#8221;Straighten Blurbs &#8211; Grace &#8211; Row&#8221; _builder_version=&#8221;4.16&#8243; max_width=&#8221;1175px&#8221; custom_padding=&#8221;||10px||false|false&#8221; use_custom_width=&#8221;on&#8221; custom_width_px=&#8221;1175px&#8221; saved_tabs=&#8221;all&#8221; global_colors_info=&#8221;{}&#8221;][et_pb_column type=&#8221;1_3&#8243; _builder_version=&#8221;4.16&#8243; custom_padding=&#8221;|||&#8221; global_colors_info=&#8221;{}&#8221; custom_padding__hover=&#8221;|||&#8221;][et_pb_blurb title=&#8221;\u6dcb\u5df4\u5f15\u6d41&#8221; url=&#8221;\/zh-hans\/\u6307\u5357\/\u7f8e\u5b66\u6216\u6cbb\u7597\uff1astarvac-\u91cd\u5851\u6dcb\u5df4\u5f15\u6d41\/&#8221; image=&#8221;https:\/\/starvac.exo-corp.com\/wp-content\/uploads\/2022\/11\/kinesitherapeute-drainage-lymphatique.jpg&#8221; content_max_width=&#8221;100%&#8221; admin_label=&#8221;Straighten Blurbs &#8211; Grace &#8211; Massages &#8211; Image size:558x330px&#8221; _builder_version=&#8221;4.20.1&#8243; header_font=&#8221;||||||||&#8221; header_text_color=&#8221;#000000&#8243; header_font_size=&#8221;24px&#8221; header_line_height=&#8221;120%&#8221; body_font=&#8221;||||||||&#8221; body_text_color=&#8221;#b7b7b7&#8243; body_font_size=&#8221;16px&#8221; body_line_height=&#8221;180%&#8221; animation=&#8221;off&#8221; link_option_url=&#8221;\/zh-hans\/\u6307\u5357\/\u7f8e\u5b66\u6216\u6cbb\u7597\uff1astarvac-\u91cd\u5851\u6dcb\u5df4\u5f15\u6d41\/&#8221; hover_enabled=&#8221;0&#8243; header_font_size_tablet=&#8221;22px&#8221; header_font_size_phone=&#8221;20px&#8221; header_font_size_last_edited=&#8221;on|phone&#8221; custom_css_main_element=&#8221;font-weight: 400;&#8221; custom_css_blurb_image=&#8221;  margin-bottom: 41px;||position: relative;&#8221; custom_css_blurb_title=&#8221;font-weight: 400;||padding-bottom: 12px;&#8221; custom_css_blurb_content=&#8221;font-weight:400 !important;&#8221; global_colors_info=&#8221;{}&#8221; sticky_enabled=&#8221;0&#8243;]<\/p>\n<p>\u7f8e\u5b66\u6216\u6cbb\u7597\uff1aStarvac \u91cd\u5851\u6dcb\u5df4\u5f15\u6d41<\/p>\n<p>[\/et_pb_blurb][\/et_pb_column][et_pb_column type=&#8221;1_3&#8243; _builder_version=&#8221;4.16&#8243; custom_padding=&#8221;|||&#8221; global_colors_info=&#8221;{}&#8221; custom_padding__hover=&#8221;|||&#8221;][et_pb_blurb title=&#8221;\u7ea2\u8272\u598a\u5a20\u7eb9&#8221; url=&#8221;\/zh-hans\/\u6307\u5357\/\u7ea2\u8272\u598a\u5a20\u7eb9\uff1astarvac-\u6e29\u548c\u6709\u6548\u7684\u89e3\u51b3\u65b9\u6848\/&#8221; image=&#8221;https:\/\/starvac.exo-corp.com\/wp-content\/uploads\/2023\/02\/vergetures-rouges.jpg&#8221; content_max_width=&#8221;100%&#8221; admin_label=&#8221;Straighten Blurbs &#8211; Grace &#8211; Body treatments &#8211; Image size:558x330px&#8221; _builder_version=&#8221;4.20.1&#8243; header_font=&#8221;||||||||&#8221; header_text_color=&#8221;#000000&#8243; header_font_size=&#8221;24px&#8221; header_line_height=&#8221;120%&#8221; body_font=&#8221;||||||||&#8221; body_text_color=&#8221;#b7b7b7&#8243; body_font_size=&#8221;16px&#8221; body_line_height=&#8221;180%&#8221; animation=&#8221;off&#8221; link_option_url=&#8221;\/zh-hans\/\u6307\u5357\/\u7ea2\u8272\u598a\u5a20\u7eb9\uff1astarvac-\u6e29\u548c\u6709\u6548\u7684\u89e3\u51b3\u65b9\u6848\/&#8221; hover_enabled=&#8221;0&#8243; header_font_size_tablet=&#8221;22px&#8221; header_font_size_phone=&#8221;20px&#8221; header_font_size_last_edited=&#8221;on|phone&#8221; custom_css_main_element=&#8221;font-weight: 400;&#8221; custom_css_blurb_image=&#8221;  margin-bottom: 41px;||position: relative;&#8221; custom_css_blurb_title=&#8221;font-weight: 400;||padding-bottom: 12px;&#8221; custom_css_blurb_content=&#8221;font-weight:400 !important;&#8221; global_colors_info=&#8221;{}&#8221; sticky_enabled=&#8221;0&#8243;]<\/p>\n<p>\u4f7f\u7528Starvac\u7684\u6e29\u548c\u800c\u6709\u6548\u7684\u89e3\u51b3\u65b9\u6848<\/p>\n<p>[\/et_pb_blurb][\/et_pb_column][et_pb_column type=&#8221;1_3&#8243; _builder_version=&#8221;4.16&#8243; custom_padding=&#8221;|||&#8221; global_colors_info=&#8221;{}&#8221; custom_padding__hover=&#8221;|||&#8221;][et_pb_blurb title=&#8221;\u9897\u7c92\u72b6\u7684\u76ae\u80a4&#8221; url=&#8221;\/zh-hans\/\u6307\u5357\/\u9897\u7c92\u72b6\u76ae\u80a4\uff1acellular-stretching\uff0c\u591a\u5408\u4e00\u6cbb\u7597\/&#8221; image=&#8221;https:\/\/starvac.exo-corp.com\/wp-content\/uploads\/2022\/11\/peau-granuleuse.jpg&#8221; content_max_width=&#8221;100%&#8221; admin_label=&#8221;Straighten Blurbs &#8211; Grace &#8211; Facial Treatments &#8211; Image size:558x330px&#8221; _builder_version=&#8221;4.20.1&#8243; header_font=&#8221;||||||||&#8221; header_text_color=&#8221;#000000&#8243; header_font_size=&#8221;24px&#8221; header_line_height=&#8221;120%&#8221; body_font=&#8221;||||||||&#8221; body_text_color=&#8221;#b7b7b7&#8243; body_font_size=&#8221;16px&#8221; body_line_height=&#8221;180%&#8221; animation=&#8221;off&#8221; link_option_url=&#8221;\/zh-hans\/\u6307\u5357\/\u9897\u7c92\u72b6\u76ae\u80a4\uff1acellular-stretching\uff0c\u591a\u5408\u4e00\u6cbb\u7597\/&#8221; hover_enabled=&#8221;0&#8243; header_font_size_tablet=&#8221;22px&#8221; header_font_size_phone=&#8221;20px&#8221; header_font_size_last_edited=&#8221;on|phone&#8221; custom_css_main_element=&#8221;font-weight: 400;&#8221; custom_css_blurb_image=&#8221;  margin-bottom: 41px;||position: relative;&#8221; custom_css_blurb_title=&#8221;font-weight: 400;||padding-bottom: 12px;&#8221; custom_css_blurb_content=&#8221;font-weight:400 !important;&#8221; global_colors_info=&#8221;{}&#8221; sticky_enabled=&#8221;0&#8243;]<\/p>\n<p>\u7ec6\u80de\u62c9\u4f38\u00ae\uff0c\u4e00\u79cd\u591a\u5408\u4e00\u7684\u6cbb\u7597\u65b9\u6cd5<\/p>\n<p>[\/et_pb_blurb][\/et_pb_column][\/et_pb_row][et_pb_row column_structure=&#8221;1_3,1_3,1_3&#8243; use_custom_gutter=&#8221;on&#8221; admin_label=&#8221;Straighten Blurbs &#8211; Grace &#8211; Row&#8221; _builder_version=&#8221;4.20.0&#8243; max_width=&#8221;1175px&#8221; use_custom_width=&#8221;on&#8221; custom_width_px=&#8221;1175px&#8221; saved_tabs=&#8221;all&#8221; global_colors_info=&#8221;{}&#8221;][et_pb_column type=&#8221;1_3&#8243; _builder_version=&#8221;4.16&#8243; custom_padding=&#8221;|||&#8221; global_colors_info=&#8221;{}&#8221; custom_padding__hover=&#8221;|||&#8221;][et_pb_blurb title=&#8221;\u5e3d\u4e1a&#8221; url=&#8221;\/zh-hans\/\u6307\u5357\/capitons\uff1a\u4e3a\u60a8\u7684\u5ba2\u6237\u63d0\u4f9b\u6709\u6548\u7684\u62a4\u7406\/&#8221; image=&#8221;https:\/\/starvac.exo-corp.com\/wp-content\/uploads\/2022\/11\/capitons.jpg&#8221; content_max_width=&#8221;100%&#8221; admin_label=&#8221;Straighten Blurbs &#8211; Grace &#8211; Treatments for men &#8211; Image size:558x330px&#8221; _builder_version=&#8221;4.20.1&#8243; header_font=&#8221;||||||||&#8221; header_text_color=&#8221;#000000&#8243; header_font_size=&#8221;24px&#8221; header_line_height=&#8221;120%&#8221; body_font=&#8221;||||||||&#8221; body_text_color=&#8221;#b7b7b7&#8243; body_font_size=&#8221;16px&#8221; body_line_height=&#8221;180%&#8221; animation=&#8221;off&#8221; link_option_url=&#8221;\/zh-hans\/\u6307\u5357\/capitons\uff1a\u4e3a\u60a8\u7684\u5ba2\u6237\u63d0\u4f9b\u6709\u6548\u7684\u62a4\u7406\/&#8221; hover_enabled=&#8221;0&#8243; header_font_size_tablet=&#8221;22px&#8221; header_font_size_phone=&#8221;20px&#8221; header_font_size_last_edited=&#8221;on|phone&#8221; custom_css_main_element=&#8221;font-weight: 400;&#8221; custom_css_blurb_image=&#8221;  margin-bottom: 41px;||position: relative;&#8221; custom_css_blurb_title=&#8221;font-weight: 400;||padding-bottom: 12px;&#8221; custom_css_blurb_content=&#8221;font-weight:400 !important;&#8221; global_colors_info=&#8221;{}&#8221; sticky_enabled=&#8221;0&#8243;]<\/p>\n<p>\u4e3a\u60a8\u7684\u5ba2\u6237\u63d0\u4f9b\u6709\u6548\u7684\u62a4\u7406<\/p>\n<p>[\/et_pb_blurb][\/et_pb_column][et_pb_column type=&#8221;1_3&#8243; _builder_version=&#8221;4.16&#8243; custom_padding=&#8221;|||&#8221; global_colors_info=&#8221;{}&#8221; custom_padding__hover=&#8221;|||&#8221;][et_pb_blurb title=&#8221;\u81c0\u90e8\u63a8\u4e3e&#8221; url=&#8221;\/zh-hans\/\u6307\u5357\/\u7f8e\u5b66\uff1a\u5982\u679c\u60a8\u63d0\u4f9b\u771f\u6b63\u7684\u81c0\u90e8\u4fef\u5367\u6491\u6cbb\u7597\u4f1a\u600e\u6837\uff1f\/&#8221; image=&#8221;https:\/\/starvac.exo-corp.com\/wp-content\/uploads\/2022\/11\/push-up.jpg&#8221; content_max_width=&#8221;100%&#8221; admin_label=&#8221;Straighten Blurbs &#8211; Grace &#8211; Hands and feet &#8211; Image size:558x330px&#8221; _builder_version=&#8221;4.20.1&#8243; header_font=&#8221;||||||||&#8221; header_text_color=&#8221;#000000&#8243; header_font_size=&#8221;24px&#8221; header_line_height=&#8221;120%&#8221; body_font=&#8221;||||||||&#8221; body_text_color=&#8221;#b7b7b7&#8243; body_font_size=&#8221;16px&#8221; body_line_height=&#8221;180%&#8221; animation=&#8221;off&#8221; link_option_url=&#8221;\/zh-hans\/\u6307\u5357\/\u7f8e\u5b66\uff1a\u5982\u679c\u60a8\u63d0\u4f9b\u771f\u6b63\u7684\u81c0\u90e8\u4fef\u5367\u6491\u6cbb\u7597\u4f1a\u600e\u6837\uff1f\/&#8221; hover_enabled=&#8221;0&#8243; header_font_size_tablet=&#8221;22px&#8221; header_font_size_phone=&#8221;20px&#8221; header_font_size_last_edited=&#8221;on|phone&#8221; custom_css_main_element=&#8221;font-weight: 400;&#8221; custom_css_blurb_image=&#8221;  margin-bottom: 41px;||position: relative;&#8221; custom_css_blurb_title=&#8221;font-weight: 400;||padding-bottom: 12px;&#8221; custom_css_blurb_content=&#8221;font-weight:400 !important;&#8221; global_colors_info=&#8221;{}&#8221; sticky_enabled=&#8221;0&#8243;]<\/p>\n<p>\u7f8e\u5b66\uff1a\u5982\u679c\u60a8\u63d0\u4f9b\u771f\u6b63\u7684\u81c0\u90e8\u4fef\u5367\u6491\u6cbb\u7597\u4f1a\u600e\u6837\uff1f<\/p>\n<p>[\/et_pb_blurb][\/et_pb_column][et_pb_column type=&#8221;1_3&#8243; _builder_version=&#8221;4.16&#8243; custom_padding=&#8221;|||&#8221; global_colors_info=&#8221;{}&#8221; custom_padding__hover=&#8221;|||&#8221;][\/et_pb_column][\/et_pb_row][\/et_pb_section]<\/p>\n","protected":false},"excerpt":{"rendered":"<p>\u7f8e\u5b66\u6216\u6cbb\u7597\uff1aStarvac \u91cd\u5851\u6dcb\u5df4\u5f15\u6d41\u4f7f\u7528Starvac\u7684\u6e29\u548c\u800c\u6709\u6548\u7684\u89e3\u51b3\u65b9\u6848\u7ec6\u80de\u62c9\u4f38\u00ae\uff0c\u4e00\u79cd\u591a\u5408\u4e00\u7684\u6cbb\u7597\u65b9 [&hellip;]<\/p>\n","protected":false},"author":115,"featured_media":0,"parent":0,"menu_order":0,"comment_status":"closed","ping_status":"closed","template":"","meta":{"_et_pb_use_builder":"on","_et_pb_old_content":"","_et_gb_content_width":"","content-type":"","footnotes":""},"class_list":["post-377977","page","type-page","status-publish","hentry"],"yoast_head":"<!-- This site is optimized with the Yoast SEO plugin v25.9 - https:\/\/yoast.com\/wordpress\/plugins\/seo\/ -->\n<title>STARVAC\u4e13\u4e1a\u4eba\u5458\u7684\u5065\u5eb7\u6307\u5357<\/title>\n<meta name=\"description\" content=\"\u901a\u8fc7STARVAC\u6307\u5357\uff0c\u60a8\u53ef\u4ee5\u8fdb\u4e00\u6b65\u4e86\u89e3STARVAC\u8bbe\u5907\u53ef\u4ee5\u5e2e\u52a9\u60a8\u7684\u4e0d\u540c\u4e3b\u9898\" \/>\n<meta name=\"robots\" content=\"index, follow, max-snippet:-1, max-image-preview:large, max-video-preview:-1\" \/>\n<link rel=\"canonical\" href=\"https:\/\/starvac-group.com\/zh-hans\/%e6%8c%87%e5%8d%97\/\" \/>\n<meta property=\"og:locale\" content=\"zh_CN\" \/>\n<meta property=\"og:type\" content=\"article\" \/>\n<meta property=\"og:title\" content=\"STARVAC\u4e13\u4e1a\u4eba\u5458\u7684\u5065\u5eb7\u6307\u5357\" \/>\n<meta property=\"og:description\" content=\"\u901a\u8fc7STARVAC\u6307\u5357\uff0c\u60a8\u53ef\u4ee5\u8fdb\u4e00\u6b65\u4e86\u89e3STARVAC\u8bbe\u5907\u53ef\u4ee5\u5e2e\u52a9\u60a8\u7684\u4e0d\u540c\u4e3b\u9898\" \/>\n<meta property=\"og:url\" content=\"https:\/\/starvac-group.com\/zh-hans\/%e6%8c%87%e5%8d%97\/\" \/>\n<meta property=\"og:site_name\" content=\"STARVAC\u00ae- Minceur et anti-\u00e2ge : les cl\u00e9s du succ\u00e8s\" \/>\n<meta property=\"article:publisher\" content=\"https:\/\/www.facebook.com\/Starvac\/\" \/>\n<meta property=\"article:modified_time\" content=\"2023-06-20T21:10:24+00:00\" \/>\n<meta name=\"twitter:card\" content=\"summary_large_image\" \/>\n<meta name=\"twitter:label1\" content=\"\u9884\u8ba1\u9605\u8bfb\u65f6\u95f4\" \/>\n\t<meta name=\"twitter:data1\" content=\"7 \u5206\" \/>\n<script type=\"application\/ld+json\" class=\"yoast-schema-graph\">{\"@context\":\"https:\/\/schema.org\",\"@graph\":[{\"@type\":\"WebPage\",\"@id\":\"https:\/\/starvac-group.com\/zh-hans\/%e6%8c%87%e5%8d%97\/\",\"url\":\"https:\/\/starvac-group.com\/zh-hans\/%e6%8c%87%e5%8d%97\/\",\"name\":\"STARVAC\u4e13\u4e1a\u4eba\u5458\u7684\u5065\u5eb7\u6307\u5357\",\"isPartOf\":{\"@id\":\"https:\/\/starvac-group.com\/zh-hans\/#website\"},\"datePublished\":\"2022-11-04T19:59:18+00:00\",\"dateModified\":\"2023-06-20T21:10:24+00:00\",\"description\":\"\u901a\u8fc7STARVAC\u6307\u5357\uff0c\u60a8\u53ef\u4ee5\u8fdb\u4e00\u6b65\u4e86\u89e3STARVAC\u8bbe\u5907\u53ef\u4ee5\u5e2e\u52a9\u60a8\u7684\u4e0d\u540c\u4e3b\u9898\",\"breadcrumb\":{\"@id\":\"https:\/\/starvac-group.com\/zh-hans\/%e6%8c%87%e5%8d%97\/#breadcrumb\"},\"inLanguage\":\"zh-Hans\",\"potentialAction\":[{\"@type\":\"ReadAction\",\"target\":[\"https:\/\/starvac-group.com\/zh-hans\/%e6%8c%87%e5%8d%97\/\"]}]},{\"@type\":\"BreadcrumbList\",\"@id\":\"https:\/\/starvac-group.com\/zh-hans\/%e6%8c%87%e5%8d%97\/#breadcrumb\",\"itemListElement\":[{\"@type\":\"ListItem\",\"position\":1,\"name\":\"Accueil\",\"item\":\"https:\/\/starvac-group.com\/zh-hans\/\"},{\"@type\":\"ListItem\",\"position\":2,\"name\":\"\u6307\u5357\"}]},{\"@type\":\"WebSite\",\"@id\":\"https:\/\/starvac-group.com\/zh-hans\/#website\",\"url\":\"https:\/\/starvac-group.com\/zh-hans\/\",\"name\":\"STARVAC\u00ae- Minceur et anti-\u00e2ge : les cl\u00e9s du succ\u00e8s\",\"description\":\"\",\"publisher\":{\"@id\":\"https:\/\/starvac-group.com\/zh-hans\/#organization\"},\"potentialAction\":[{\"@type\":\"SearchAction\",\"target\":{\"@type\":\"EntryPoint\",\"urlTemplate\":\"https:\/\/starvac-group.com\/zh-hans\/?s={search_term_string}\"},\"query-input\":{\"@type\":\"PropertyValueSpecification\",\"valueRequired\":true,\"valueName\":\"search_term_string\"}}],\"inLanguage\":\"zh-Hans\"},{\"@type\":\"Organization\",\"@id\":\"https:\/\/starvac-group.com\/zh-hans\/#organization\",\"name\":\"Starvac Group\",\"alternateName\":\"Starvac\",\"url\":\"https:\/\/starvac-group.com\/zh-hans\/\",\"logo\":{\"@type\":\"ImageObject\",\"inLanguage\":\"zh-Hans\",\"@id\":\"https:\/\/starvac-group.com\/zh-hans\/#\/schema\/logo\/image\/\",\"url\":\"https:\/\/starvac-group.com\/wp-content\/uploads\/2023\/11\/STARVAC-GROUP-CARRE.jpg\",\"contentUrl\":\"https:\/\/starvac-group.com\/wp-content\/uploads\/2023\/11\/STARVAC-GROUP-CARRE.jpg\",\"width\":283,\"height\":282,\"caption\":\"Starvac Group\"},\"image\":{\"@id\":\"https:\/\/starvac-group.com\/zh-hans\/#\/schema\/logo\/image\/\"},\"sameAs\":[\"https:\/\/www.facebook.com\/Starvac\/\",\"https:\/\/www.instagram.com\/starvac.beauty\/\"]}]}<\/script>\n<!-- \/ Yoast SEO plugin. -->","yoast_head_json":{"title":"STARVAC\u4e13\u4e1a\u4eba\u5458\u7684\u5065\u5eb7\u6307\u5357","description":"\u901a\u8fc7STARVAC\u6307\u5357\uff0c\u60a8\u53ef\u4ee5\u8fdb\u4e00\u6b65\u4e86\u89e3STARVAC\u8bbe\u5907\u53ef\u4ee5\u5e2e\u52a9\u60a8\u7684\u4e0d\u540c\u4e3b\u9898","robots":{"index":"index","follow":"follow","max-snippet":"max-snippet:-1","max-image-preview":"max-image-preview:large","max-video-preview":"max-video-preview:-1"},"canonical":"https:\/\/starvac-group.com\/zh-hans\/%e6%8c%87%e5%8d%97\/","og_locale":"zh_CN","og_type":"article","og_title":"STARVAC\u4e13\u4e1a\u4eba\u5458\u7684\u5065\u5eb7\u6307\u5357","og_description":"\u901a\u8fc7STARVAC\u6307\u5357\uff0c\u60a8\u53ef\u4ee5\u8fdb\u4e00\u6b65\u4e86\u89e3STARVAC\u8bbe\u5907\u53ef\u4ee5\u5e2e\u52a9\u60a8\u7684\u4e0d\u540c\u4e3b\u9898","og_url":"https:\/\/starvac-group.com\/zh-hans\/%e6%8c%87%e5%8d%97\/","og_site_name":"STARVAC\u00ae- Minceur et anti-\u00e2ge : les cl\u00e9s du succ\u00e8s","article_publisher":"https:\/\/www.facebook.com\/Starvac\/","article_modified_time":"2023-06-20T21:10:24+00:00","twitter_card":"summary_large_image","twitter_misc":{"\u9884\u8ba1\u9605\u8bfb\u65f6\u95f4":"7 \u5206"},"schema":{"@context":"https:\/\/schema.org","@graph":[{"@type":"WebPage","@id":"https:\/\/starvac-group.com\/zh-hans\/%e6%8c%87%e5%8d%97\/","url":"https:\/\/starvac-group.com\/zh-hans\/%e6%8c%87%e5%8d%97\/","name":"STARVAC\u4e13\u4e1a\u4eba\u5458\u7684\u5065\u5eb7\u6307\u5357","isPartOf":{"@id":"https:\/\/starvac-group.com\/zh-hans\/#website"},"datePublished":"2022-11-04T19:59:18+00:00","dateModified":"2023-06-20T21:10:24+00:00","description":"\u901a\u8fc7STARVAC\u6307\u5357\uff0c\u60a8\u53ef\u4ee5\u8fdb\u4e00\u6b65\u4e86\u89e3STARVAC\u8bbe\u5907\u53ef\u4ee5\u5e2e\u52a9\u60a8\u7684\u4e0d\u540c\u4e3b\u9898","breadcrumb":{"@id":"https:\/\/starvac-group.com\/zh-hans\/%e6%8c%87%e5%8d%97\/#breadcrumb"},"inLanguage":"zh-Hans","potentialAction":[{"@type":"ReadAction","target":["https:\/\/starvac-group.com\/zh-hans\/%e6%8c%87%e5%8d%97\/"]}]},{"@type":"BreadcrumbList","@id":"https:\/\/starvac-group.com\/zh-hans\/%e6%8c%87%e5%8d%97\/#breadcrumb","itemListElement":[{"@type":"ListItem","position":1,"name":"Accueil","item":"https:\/\/starvac-group.com\/zh-hans\/"},{"@type":"ListItem","position":2,"name":"\u6307\u5357"}]},{"@type":"WebSite","@id":"https:\/\/starvac-group.com\/zh-hans\/#website","url":"https:\/\/starvac-group.com\/zh-hans\/","name":"STARVAC\u00ae- Minceur et anti-\u00e2ge : les cl\u00e9s du succ\u00e8s","description":"","publisher":{"@id":"https:\/\/starvac-group.com\/zh-hans\/#organization"},"potentialAction":[{"@type":"SearchAction","target":{"@type":"EntryPoint","urlTemplate":"https:\/\/starvac-group.com\/zh-hans\/?s={search_term_string}"},"query-input":{"@type":"PropertyValueSpecification","valueRequired":true,"valueName":"search_term_string"}}],"inLanguage":"zh-Hans"},{"@type":"Organization","@id":"https:\/\/starvac-group.com\/zh-hans\/#organization","name":"Starvac Group","alternateName":"Starvac","url":"https:\/\/starvac-group.com\/zh-hans\/","logo":{"@type":"ImageObject","inLanguage":"zh-Hans","@id":"https:\/\/starvac-group.com\/zh-hans\/#\/schema\/logo\/image\/","url":"https:\/\/starvac-group.com\/wp-content\/uploads\/2023\/11\/STARVAC-GROUP-CARRE.jpg","contentUrl":"https:\/\/starvac-group.com\/wp-content\/uploads\/2023\/11\/STARVAC-GROUP-CARRE.jpg","width":283,"height":282,"caption":"Starvac Group"},"image":{"@id":"https:\/\/starvac-group.com\/zh-hans\/#\/schema\/logo\/image\/"},"sameAs":["https:\/\/www.facebook.com\/Starvac\/","https:\/\/www.instagram.com\/starvac.beauty\/"]}]}},"_links":{"self":[{"href":"https:\/\/starvac-group.com\/zh-hans\/wp-json\/wp\/v2\/pages\/377977","targetHints":{"allow":["GET"]}}],"collection":[{"href":"https:\/\/starvac-group.com\/zh-hans\/wp-json\/wp\/v2\/pages"}],"about":[{"href":"https:\/\/starvac-group.com\/zh-hans\/wp-json\/wp\/v2\/types\/page"}],"author":[{"embeddable":true,"href":"https:\/\/starvac-group.com\/zh-hans\/wp-json\/wp\/v2\/users\/115"}],"replies":[{"embeddable":true,"href":"https:\/\/starvac-group.com\/zh-hans\/wp-json\/wp\/v2\/comments?post=377977"}],"version-history":[{"count":2,"href":"https:\/\/starvac-group.com\/zh-hans\/wp-json\/wp\/v2\/pages\/377977\/revisions"}],"predecessor-version":[{"id":397405,"href":"https:\/\/starvac-group.com\/zh-hans\/wp-json\/wp\/v2\/pages\/377977\/revisions\/397405"}],"wp:attachment":[{"href":"https:\/\/starvac-group.com\/zh-hans\/wp-json\/wp\/v2\/media?parent=377977"}],"curies":[{"name":"wp","href":"https:\/\/api.w.org\/{rel}","templated":true}]}}