{"id":377983,"date":"2022-11-04T19:59:19","date_gmt":"2022-11-04T19:59:19","guid":{"rendered":"https:\/\/starvac-group.com\/%e5%8a%a0%e5%85%a5%e6%88%91%e4%bb%ac\/"},"modified":"2023-03-01T10:42:17","modified_gmt":"2023-03-01T10:42:17","slug":"%e5%8a%a0%e5%85%a5%e6%88%91%e4%bb%ac","status":"publish","type":"page","link":"https:\/\/starvac-group.com\/zh-hans\/%e5%8a%a0%e5%85%a5%e6%88%91%e4%bb%ac\/","title":{"rendered":"\u52a0\u5165\u6211\u4eec"},"content":{"rendered":"<p>[et_pb_section fb_built=&#8221;1&#8243; fullwidth=&#8221;on&#8221; admin_label=&#8221;Hero&#8221; _builder_version=&#8221;4.19.4&#8243; background_image=&#8221;https:\/\/starvac.exo-corp.com\/wp-content\/uploads\/2023\/02\/Team-Starvac-scaled.jpg&#8221; parallax=&#8221;on&#8221; hover_enabled=&#8221;0&#8243; global_colors_info=&#8221;{}&#8221; title_text=&#8221;Team-Starvac&#8221; sticky_enabled=&#8221;0&#8243;][et_pb_fullwidth_header title=&#8221;\u6211\u4eec\u7684\u5de5\u4f5c\u673a\u4f1a&#8221; button_one_url=&#8221;\/contact\/&#8221; button_two_url=&#8221;#infos&#8221; content_max_width=&#8221;800px&#8221; _builder_version=&#8221;4.19.4&#8243; title_font=&#8221;|700|||||||&#8221; title_font_size=&#8221;48px&#8221; title_line_height=&#8221;1.3em&#8221; content_font=&#8221;Nunito|600|||||||&#8221; content_font_size=&#8221;20px&#8221; subhead_font=&#8221;||||||||&#8221; subhead_font_size=&#8221;30px&#8221; subhead_line_height=&#8221;1.8em&#8221; background_color=&#8221;RGBA(255,255,255,0)&#8221; use_background_color_gradient=&#8221;on&#8221; background_color_gradient_direction=&#8221;220deg&#8221; background_color_gradient_stops=&#8221;rgba(77,107,147,0) 0%|#4d6b93 97%&#8221; background_color_gradient_overlays_image=&#8221;on&#8221; background_color_gradient_start=&#8221;rgba(53,80,160,0.27)&#8221; background_color_gradient_end=&#8221;  0%&#8221; custom_button_one=&#8221;on&#8221; button_one_text_size=&#8221;16px&#8221; button_one_text_color=&#8221;#4D6B93&#8243; button_one_bg_color=&#8221;#ffffff&#8221; button_one_border_width=&#8221;4px&#8221; button_one_border_color=&#8221;rgba(210,159,104,0)&#8221; button_one_border_radius=&#8221;100px&#8221; button_one_font=&#8221;||||||||&#8221; button_one_use_icon=&#8221;off&#8221; custom_button_two=&#8221;on&#8221; button_two_text_size=&#8221;16px&#8221; button_two_text_color=&#8221;#ffffff&#8221; button_two_bg_color=&#8221;rgba(255,255,255,0.15)&#8221; button_two_border_width=&#8221;4px&#8221; button_two_border_color=&#8221;rgba(210,159,104,0)&#8221; button_two_border_radius=&#8221;100px&#8221; button_two_font=&#8221;||||||||&#8221; button_two_use_icon=&#8221;off&#8221; custom_margin=&#8221;0px||||false|false&#8221; custom_padding=&#8221;13vw||4vw||false|false&#8221; custom_padding_tablet=&#8221;20vw||20vw||true&#8221; custom_padding_phone=&#8221;8vw||8vw||true|false&#8221; custom_padding_last_edited=&#8221;on|desktop&#8221; hover_enabled=&#8221;0&#8243; title_font_size_tablet=&#8221;50px&#8221; title_font_size_phone=&#8221;24px&#8221; title_font_size_last_edited=&#8221;on|tablet&#8221; button_one_text_color_hover=&#8221;#3550a0&#8243; button_two_text_color_hover=&#8221;#ffffff&#8221; button_one_bg_color_hover=&#8221;rgba(255,255,255,0.8)&#8221; button_two_bg_color_hover=&#8221;rgba(255,255,255,0.3)&#8221; global_colors_info=&#8221;{}&#8221; button_one_text_size__hover_enabled=&#8221;off&#8221; button_two_text_size__hover_enabled=&#8221;off&#8221; button_one_text_color__hover_enabled=&#8221;on&#8221; button_one_text_color__hover=&#8221;#4D6B93&#8243; button_two_text_color__hover_enabled=&#8221;on&#8221; button_two_text_color__hover=&#8221;#ffffff&#8221; button_one_border_width__hover_enabled=&#8221;off&#8221; button_two_border_width__hover_enabled=&#8221;off&#8221; button_one_border_color__hover_enabled=&#8221;on|hover&#8221; button_two_border_color__hover_enabled=&#8221;on|hover&#8221; button_one_border_radius__hover_enabled=&#8221;off&#8221; button_two_border_radius__hover_enabled=&#8221;off&#8221; button_one_letter_spacing__hover_enabled=&#8221;off&#8221; button_two_letter_spacing__hover_enabled=&#8221;off&#8221; button_one_bg_color__hover_enabled=&#8221;on|hover&#8221; button_two_bg_color__hover_enabled=&#8221;on|hover&#8221; button_two_bg_color__hover=&#8221;rgba(255,255,255,0.3)&#8221; button_one_border_color__hover=&#8221;rgba(255,255,255,0.7)&#8221; button_one_bg_enable_color__hover=&#8221;on&#8221; button_two_border_color__hover=&#8221;rgba(255,255,255,0.3)&#8221; button_one_bg_color__hover=&#8221;rgba(255,255,255,0.7)&#8221; sticky_enabled=&#8221;0&#8243;][\/et_pb_fullwidth_header][\/et_pb_section][et_pb_section fb_built=&#8221;1&#8243; _builder_version=&#8221;4.16&#8243; _module_preset=&#8221;default&#8221; global_colors_info=&#8221;{}&#8221;][et_pb_row disabled_on=&#8221;off|off|off&#8221; _builder_version=&#8221;4.16&#8243; _module_preset=&#8221;a2f5993a-2fa2-4480-a2fc-6a7725aa33c6&#8243; custom_margin=&#8221;|auto|-55px|auto||&#8221; global_colors_info=&#8221;{}&#8221;][et_pb_column type=&#8221;4_4&#8243; _builder_version=&#8221;4.16&#8243; _module_preset=&#8221;default&#8221; global_colors_info=&#8221;{}&#8221;][et_pb_text _builder_version=&#8221;4.19.4&#8243; _module_preset=&#8221;default&#8221; header_2_font=&#8221;Roboto||||||||&#8221; header_2_text_color=&#8221;#59585c&#8221; header_2_font_size=&#8221;40px&#8221; global_colors_info=&#8221;{}&#8221;][\/et_pb_text][et_pb_text _builder_version=&#8221;4.19.4&#8243; _module_preset=&#8221;default&#8221; header_2_font=&#8221;Roboto||||||||&#8221; header_2_text_color=&#8221;#59585c&#8221; header_2_font_size=&#8221;40px&#8221; global_colors_info=&#8221;{}&#8221;]<\/p>\n<h2>\u9500\u552e\u4e3b\u7ba1 &#8211; \u5965\u5f17\u6d85-\u7f57\u7eb3-\u963f\u5c14\u5351\u65af\u5927\u533a<\/h2>\n<p>[\/et_pb_text][et_pb_divider color=&#8221;#4d6b93&#8243; divider_weight=&#8221;6px&#8221; _builder_version=&#8221;4.16&#8243; _module_preset=&#8221;default&#8221; width=&#8221;15%&#8221; global_colors_info=&#8221;{}&#8221;][\/et_pb_divider][\/et_pb_column][\/et_pb_row][et_pb_row _builder_version=&#8221;4.16&#8243; _module_preset=&#8221;a2f5993a-2fa2-4480-a2fc-6a7725aa33c6&#8243; global_colors_info=&#8221;{}&#8221;][et_pb_column type=&#8221;4_4&#8243; _builder_version=&#8221;4.16&#8243; _module_preset=&#8221;default&#8221; global_colors_info=&#8221;{}&#8221;][et_pb_text _builder_version=&#8221;4.19.4&#8243; _module_preset=&#8221;default&#8221; global_colors_info=&#8221;{}&#8221;]<\/p>\n<p><span>STARVAC\u96c6\u56e2\u662f\u4e00\u5bb6\u4f4d\u4e8e\u56fe\u5362\u5179\u7684\u6cd5\u56fd\u516c\u53f8\uff0c\u6210\u7acb\u4e8e1972\u5e74\u3002<br \/>\u5b83\u4e3a\u533b\u7597\u3001\u7f8e\u5bb9\u548c\u798f\u7949\u9886\u57df\u8bbe\u8ba1\u3001\u5236\u9020\u548c\u9500\u552e\u8bbe\u5907\u3002 \u5b83\u662f\u4e00\u4e2a\u4fdd\u7559\u4e86\u5176\u539f\u59cb\u4ef7\u503c\u7684\u5bb6\u65cf\u4f01\u4e1a\u3002  <\/span><span style=\"font-size: 14px;\">100%\u6cd5\u56fd\u5236\u9020\u548cISO\u533b\u7597\u8ba4\u8bc1\u3002 \u7814\u7a76\u548c\u521b\u65b0\u662f\u5176\u4f18\u5148\u4e8b\u9879\uff0c\u5e76\u4e3a\u5176\u7533\u8bf7\u4e86\u5927\u91cf\u4e13\u5229 <\/span><span>\u8fd9\u5929\u3002 \u5176\u4ea7\u54c1\u76ee\u524d\u57285\u5927\u6d32\u768420\u591a\u4e2a\u56fd\u5bb6\u8fdb\u884c\u9500\u552e\u3002<br aria-hidden=\"true\">\u6211\u4eec\u8bbe\u8ba1\u3001\u5236\u9020\u548c\u9500\u552e\u5177\u6709\u9ad8\u9644\u52a0\u503c\u7684\u533b\u7597\u548c\u7f8e\u5b66\u7535\u5b50\u533b\u7597\u8bbe\u5907\u3002 Starvac \u96c6\u56e2\u9500\u552e\u56e2\u961f\u6b63\u5728\u6210\u957f\u5e76\u6b63\u5728\u5bfb\u627e\u9500\u552e\u4e3b\u7ba1\u3002<\/span><span data-ogsc=\"black\"><\/span><\/p>\n<p><span data-ogsc=\"black\"><\/span><\/p>\n<p><span data-ogsc=\"black\">\u5730\u533a\uff1a<\/span><\/p>\n<ul>\n<li>\u5965\u5f17\u6d85-\u7f57\u7eb3-\u963f\u5c14\u5351\u65af\u5927\u533a\uff08\u7701\uff1a69\/63\/42\/43\/01\/26\/07\/73\/74\/38\uff09\u3002<span data-ogsc=\"black\"><\/span><\/li>\n<\/ul>\n<p><span data-ogsc=\"black\">\u4f5c\u4e1a\uff1a<\/span><\/p>\n<ul>\n<li><span data-ogsc=\"black\">\u901a\u8fc7\u5b9e\u5730\u53c2\u89c2\u548c\u4f1a\u8bae\u5f00\u62d3\u5e76\u8d62\u5f97\u65b0\u5ba2\u6237\uff1a\u7f8e\u5bb9\u548c\u7406\u7597\u5e02\u573a<\/span><\/li>\n<li><span data-ogsc=\"black\">\u8bc6\u522b\u6f5c\u5728\u76ee\u6807\uff08\u9886\u57df\u3001\u6587\u4ef6\u3001\u76ee\u5f55\u3001\u4e13\u4e1a\u7f51\u7edc\uff09<\/span><\/li>\n<li><span data-ogsc=\"black\">\u5236\u5b9a\u5546\u4e1a\u5efa\u8bae\u548c\u9002\u5e94\u7684\u878d\u8d44\u65b9\u6848\u3002<\/span><\/li>\n<li><span data-ogsc=\"black\">\u786e\u4fdd\u4e1a\u52a1\u548c\u5ba2\u6237\u7684\u8ddf\u8fdb\uff0c\u4ee5\u7559\u4f4f\u4ed6\u4eec\uff0c\u5e76\u4f7f\u4ed6\u4eec\u5728\u8bbe\u5907\u4e0a\u4e0d\u65ad\u53d1\u5c55\u3002<\/span><\/li>\n<\/ul>\n<p><span data-ogsc=\"black\">\u6240\u9700\u7684\u6280\u80fd\u548c\u7ecf\u9a8c\uff1a<\/span><\/p>\n<ul>\n<li><span data-ogsc=\"black\">\u81f3\u5c11 5 \u5e74\u7c7b\u4f3c\u804c\u4f4d\u7684\u5de5\u4f5c\u7ecf\u9a8c<\/span><\/li>\n<li>\u4e86\u89e3\u7f8e\u5bb9\/\u5065\u5eb7\u5e02\u573a\u662f\u4e00\u4e2a\u52a0\u5206\u9879<\/li>\n<\/ul>\n<p><span data-ogsc=\"black\"><\/span><\/p>\n<p><span data-ogsc=\"black\">\u5c31\u4e1a\u7c7b\u578b\uff1a\u5168\u804c\uff0cCDI<\/span><\/p>\n<p>\u8eab\u4efd : \u884c\u653f\u4eba\u5458<span data-ogsc=\"black\"><\/span><\/p>\n<p>\u5de5\u8d44\uff1a\u5e74\u85aa26-60\u4e07\u3002<\/p>\n<p>&nbsp;<\/p>\n<p>\u798f\u5229\uff1a\u4f11\u606f\u65f6\u95f4\uff0c\u5728\u5bb6\u5de5\u4f5c\uff0c\u516c\u53f8\u6c7d\u8f66\u3002<\/p>\n<p>\u5956\u91d1\u548c\u916c\u52b3\u7684\u7c7b\u578b\uff1a\u4f63\u91d1\u3001\u5956\u91d1\u548c\u5b63\u5ea6\u5956\u91d1\u3002<\/p>\n<p><span data-ogsc=\"black\">\u8bf7\u5e26\u7740\u60a8\u7684\u7b80\u5386\u548c\u6c42\u804c\u4fe1\u6309\u6b64\u5730\u5740\u4e0e\u6211\u4eec\u8054\u7cfb\u3002<br \/><a href=\"mailto:camille@starvac-group.com\" target=\"_blank\" rel=\"noopener noreferrer\" data-auth=\"NotApplicable\" data-linkindex=\"0\" data-ogsc=\"\">camille@starvac-group.com<\/a> <\/span><\/p>\n<p>[\/et_pb_text][\/et_pb_column][\/et_pb_row][\/et_pb_section]<\/p>\n","protected":false},"excerpt":{"rendered":"<p>\u9500\u552e\u4e3b\u7ba1 &#8211; \u5965\u5f17\u6d85-\u7f57\u7eb3-\u963f\u5c14\u5351\u65af\u5927\u533aSTARVAC\u96c6\u56e2\u662f\u4e00\u5bb6\u4f4d\u4e8e\u56fe\u5362\u5179\u7684\u6cd5\u56fd\u516c\u53f8\uff0c\u6210\u7acb\u4e8e1972\u5e74\u3002\u5b83\u4e3a\u533b [&hellip;]<\/p>\n","protected":false},"author":115,"featured_media":0,"parent":0,"menu_order":0,"comment_status":"closed","ping_status":"closed","template":"","meta":{"_et_pb_use_builder":"on","_et_pb_old_content":"","_et_gb_content_width":"","content-type":"","footnotes":""},"class_list":["post-377983","page","type-page","status-publish","hentry"],"yoast_head":"<!-- This site is optimized with the Yoast SEO plugin v25.9 - https:\/\/yoast.com\/wordpress\/plugins\/seo\/ -->\n<title>\u52a0\u5165STARVAC\u5c0f\u7ec4<\/title>\n<meta name=\"description\" content=\"\u4e86\u89e3STARVAC\u96c6\u56e2\u7684\u5de5\u4f5c\u673a\u4f1a\uff0c\u52a0\u5165\u6211\u4eec\u5145\u6ee1\u6fc0\u60c5\u7684\u56e2\u961f\u3002\" \/>\n<meta name=\"robots\" content=\"noindex, follow\" \/>\n<meta property=\"og:locale\" content=\"zh_CN\" \/>\n<meta property=\"og:type\" content=\"article\" \/>\n<meta property=\"og:title\" content=\"\u52a0\u5165STARVAC\u5c0f\u7ec4\" \/>\n<meta property=\"og:description\" content=\"\u4e86\u89e3STARVAC\u96c6\u56e2\u7684\u5de5\u4f5c\u673a\u4f1a\uff0c\u52a0\u5165\u6211\u4eec\u5145\u6ee1\u6fc0\u60c5\u7684\u56e2\u961f\u3002\" \/>\n<meta property=\"og:url\" content=\"https:\/\/starvac-group.com\/zh-hans\/%e5%8a%a0%e5%85%a5%e6%88%91%e4%bb%ac\/\" \/>\n<meta property=\"og:site_name\" content=\"STARVAC\u00ae- Minceur et anti-\u00e2ge : les cl\u00e9s du succ\u00e8s\" \/>\n<meta property=\"article:publisher\" content=\"https:\/\/www.facebook.com\/Starvac\/\" \/>\n<meta property=\"article:modified_time\" content=\"2023-03-01T10:42:17+00:00\" \/>\n<meta name=\"twitter:card\" content=\"summary_large_image\" \/>\n<meta name=\"twitter:label1\" content=\"\u9884\u8ba1\u9605\u8bfb\u65f6\u95f4\" \/>\n\t<meta name=\"twitter:data1\" content=\"3 \u5206\" \/>\n<script type=\"application\/ld+json\" class=\"yoast-schema-graph\">{\"@context\":\"https:\/\/schema.org\",\"@graph\":[{\"@type\":\"WebPage\",\"@id\":\"https:\/\/starvac-group.com\/zh-hans\/%e5%8a%a0%e5%85%a5%e6%88%91%e4%bb%ac\/\",\"url\":\"https:\/\/starvac-group.com\/zh-hans\/%e5%8a%a0%e5%85%a5%e6%88%91%e4%bb%ac\/\",\"name\":\"\u52a0\u5165STARVAC\u5c0f\u7ec4\",\"isPartOf\":{\"@id\":\"https:\/\/starvac-group.com\/zh-hans\/#website\"},\"datePublished\":\"2022-11-04T19:59:19+00:00\",\"dateModified\":\"2023-03-01T10:42:17+00:00\",\"description\":\"\u4e86\u89e3STARVAC\u96c6\u56e2\u7684\u5de5\u4f5c\u673a\u4f1a\uff0c\u52a0\u5165\u6211\u4eec\u5145\u6ee1\u6fc0\u60c5\u7684\u56e2\u961f\u3002\",\"breadcrumb\":{\"@id\":\"https:\/\/starvac-group.com\/zh-hans\/%e5%8a%a0%e5%85%a5%e6%88%91%e4%bb%ac\/#breadcrumb\"},\"inLanguage\":\"zh-Hans\",\"potentialAction\":[{\"@type\":\"ReadAction\",\"target\":[\"https:\/\/starvac-group.com\/zh-hans\/%e5%8a%a0%e5%85%a5%e6%88%91%e4%bb%ac\/\"]}]},{\"@type\":\"BreadcrumbList\",\"@id\":\"https:\/\/starvac-group.com\/zh-hans\/%e5%8a%a0%e5%85%a5%e6%88%91%e4%bb%ac\/#breadcrumb\",\"itemListElement\":[{\"@type\":\"ListItem\",\"position\":1,\"name\":\"Accueil\",\"item\":\"https:\/\/starvac-group.com\/zh-hans\/\"},{\"@type\":\"ListItem\",\"position\":2,\"name\":\"\u52a0\u5165\u6211\u4eec\"}]},{\"@type\":\"WebSite\",\"@id\":\"https:\/\/starvac-group.com\/zh-hans\/#website\",\"url\":\"https:\/\/starvac-group.com\/zh-hans\/\",\"name\":\"STARVAC\u00ae- Minceur et anti-\u00e2ge : les cl\u00e9s du succ\u00e8s\",\"description\":\"\",\"publisher\":{\"@id\":\"https:\/\/starvac-group.com\/zh-hans\/#organization\"},\"potentialAction\":[{\"@type\":\"SearchAction\",\"target\":{\"@type\":\"EntryPoint\",\"urlTemplate\":\"https:\/\/starvac-group.com\/zh-hans\/?s={search_term_string}\"},\"query-input\":{\"@type\":\"PropertyValueSpecification\",\"valueRequired\":true,\"valueName\":\"search_term_string\"}}],\"inLanguage\":\"zh-Hans\"},{\"@type\":\"Organization\",\"@id\":\"https:\/\/starvac-group.com\/zh-hans\/#organization\",\"name\":\"Starvac Group\",\"alternateName\":\"Starvac\",\"url\":\"https:\/\/starvac-group.com\/zh-hans\/\",\"logo\":{\"@type\":\"ImageObject\",\"inLanguage\":\"zh-Hans\",\"@id\":\"https:\/\/starvac-group.com\/zh-hans\/#\/schema\/logo\/image\/\",\"url\":\"https:\/\/starvac-group.com\/wp-content\/uploads\/2023\/11\/STARVAC-GROUP-CARRE.jpg\",\"contentUrl\":\"https:\/\/starvac-group.com\/wp-content\/uploads\/2023\/11\/STARVAC-GROUP-CARRE.jpg\",\"width\":283,\"height\":282,\"caption\":\"Starvac Group\"},\"image\":{\"@id\":\"https:\/\/starvac-group.com\/zh-hans\/#\/schema\/logo\/image\/\"},\"sameAs\":[\"https:\/\/www.facebook.com\/Starvac\/\",\"https:\/\/www.instagram.com\/starvac.beauty\/\"]}]}<\/script>\n<!-- \/ Yoast SEO plugin. -->","yoast_head_json":{"title":"\u52a0\u5165STARVAC\u5c0f\u7ec4","description":"\u4e86\u89e3STARVAC\u96c6\u56e2\u7684\u5de5\u4f5c\u673a\u4f1a\uff0c\u52a0\u5165\u6211\u4eec\u5145\u6ee1\u6fc0\u60c5\u7684\u56e2\u961f\u3002","robots":{"index":"noindex","follow":"follow"},"og_locale":"zh_CN","og_type":"article","og_title":"\u52a0\u5165STARVAC\u5c0f\u7ec4","og_description":"\u4e86\u89e3STARVAC\u96c6\u56e2\u7684\u5de5\u4f5c\u673a\u4f1a\uff0c\u52a0\u5165\u6211\u4eec\u5145\u6ee1\u6fc0\u60c5\u7684\u56e2\u961f\u3002","og_url":"https:\/\/starvac-group.com\/zh-hans\/%e5%8a%a0%e5%85%a5%e6%88%91%e4%bb%ac\/","og_site_name":"STARVAC\u00ae- Minceur et anti-\u00e2ge : les cl\u00e9s du succ\u00e8s","article_publisher":"https:\/\/www.facebook.com\/Starvac\/","article_modified_time":"2023-03-01T10:42:17+00:00","twitter_card":"summary_large_image","twitter_misc":{"\u9884\u8ba1\u9605\u8bfb\u65f6\u95f4":"3 \u5206"},"schema":{"@context":"https:\/\/schema.org","@graph":[{"@type":"WebPage","@id":"https:\/\/starvac-group.com\/zh-hans\/%e5%8a%a0%e5%85%a5%e6%88%91%e4%bb%ac\/","url":"https:\/\/starvac-group.com\/zh-hans\/%e5%8a%a0%e5%85%a5%e6%88%91%e4%bb%ac\/","name":"\u52a0\u5165STARVAC\u5c0f\u7ec4","isPartOf":{"@id":"https:\/\/starvac-group.com\/zh-hans\/#website"},"datePublished":"2022-11-04T19:59:19+00:00","dateModified":"2023-03-01T10:42:17+00:00","description":"\u4e86\u89e3STARVAC\u96c6\u56e2\u7684\u5de5\u4f5c\u673a\u4f1a\uff0c\u52a0\u5165\u6211\u4eec\u5145\u6ee1\u6fc0\u60c5\u7684\u56e2\u961f\u3002","breadcrumb":{"@id":"https:\/\/starvac-group.com\/zh-hans\/%e5%8a%a0%e5%85%a5%e6%88%91%e4%bb%ac\/#breadcrumb"},"inLanguage":"zh-Hans","potentialAction":[{"@type":"ReadAction","target":["https:\/\/starvac-group.com\/zh-hans\/%e5%8a%a0%e5%85%a5%e6%88%91%e4%bb%ac\/"]}]},{"@type":"BreadcrumbList","@id":"https:\/\/starvac-group.com\/zh-hans\/%e5%8a%a0%e5%85%a5%e6%88%91%e4%bb%ac\/#breadcrumb","itemListElement":[{"@type":"ListItem","position":1,"name":"Accueil","item":"https:\/\/starvac-group.com\/zh-hans\/"},{"@type":"ListItem","position":2,"name":"\u52a0\u5165\u6211\u4eec"}]},{"@type":"WebSite","@id":"https:\/\/starvac-group.com\/zh-hans\/#website","url":"https:\/\/starvac-group.com\/zh-hans\/","name":"STARVAC\u00ae- Minceur et anti-\u00e2ge : les cl\u00e9s du succ\u00e8s","description":"","publisher":{"@id":"https:\/\/starvac-group.com\/zh-hans\/#organization"},"potentialAction":[{"@type":"SearchAction","target":{"@type":"EntryPoint","urlTemplate":"https:\/\/starvac-group.com\/zh-hans\/?s={search_term_string}"},"query-input":{"@type":"PropertyValueSpecification","valueRequired":true,"valueName":"search_term_string"}}],"inLanguage":"zh-Hans"},{"@type":"Organization","@id":"https:\/\/starvac-group.com\/zh-hans\/#organization","name":"Starvac Group","alternateName":"Starvac","url":"https:\/\/starvac-group.com\/zh-hans\/","logo":{"@type":"ImageObject","inLanguage":"zh-Hans","@id":"https:\/\/starvac-group.com\/zh-hans\/#\/schema\/logo\/image\/","url":"https:\/\/starvac-group.com\/wp-content\/uploads\/2023\/11\/STARVAC-GROUP-CARRE.jpg","contentUrl":"https:\/\/starvac-group.com\/wp-content\/uploads\/2023\/11\/STARVAC-GROUP-CARRE.jpg","width":283,"height":282,"caption":"Starvac Group"},"image":{"@id":"https:\/\/starvac-group.com\/zh-hans\/#\/schema\/logo\/image\/"},"sameAs":["https:\/\/www.facebook.com\/Starvac\/","https:\/\/www.instagram.com\/starvac.beauty\/"]}]}},"_links":{"self":[{"href":"https:\/\/starvac-group.com\/zh-hans\/wp-json\/wp\/v2\/pages\/377983","targetHints":{"allow":["GET"]}}],"collection":[{"href":"https:\/\/starvac-group.com\/zh-hans\/wp-json\/wp\/v2\/pages"}],"about":[{"href":"https:\/\/starvac-group.com\/zh-hans\/wp-json\/wp\/v2\/types\/page"}],"author":[{"embeddable":true,"href":"https:\/\/starvac-group.com\/zh-hans\/wp-json\/wp\/v2\/users\/115"}],"replies":[{"embeddable":true,"href":"https:\/\/starvac-group.com\/zh-hans\/wp-json\/wp\/v2\/comments?post=377983"}],"version-history":[{"count":1,"href":"https:\/\/starvac-group.com\/zh-hans\/wp-json\/wp\/v2\/pages\/377983\/revisions"}],"predecessor-version":[{"id":388553,"href":"https:\/\/starvac-group.com\/zh-hans\/wp-json\/wp\/v2\/pages\/377983\/revisions\/388553"}],"wp:attachment":[{"href":"https:\/\/starvac-group.com\/zh-hans\/wp-json\/wp\/v2\/media?parent=377983"}],"curies":[{"name":"wp","href":"https:\/\/api.w.org\/{rel}","templated":true}]}}