{"id":378038,"date":"2022-11-04T20:00:55","date_gmt":"2022-11-04T20:00:55","guid":{"rendered":"https:\/\/starvac-group.com\/%e6%8e%a5%e8%a7%a6\/"},"modified":"2023-07-07T14:37:44","modified_gmt":"2023-07-07T14:37:44","slug":"%e6%8e%a5%e8%a7%a6","status":"publish","type":"page","link":"https:\/\/starvac-group.com\/zh-hans\/%e6%8e%a5%e8%a7%a6\/","title":{"rendered":"\u63a5\u89e6"},"content":{"rendered":"<p>[et_pb_section fb_built=&#8221;1&#8243; custom_padding_last_edited=&#8221;on|desktop&#8221; _builder_version=&#8221;4.20.1&#8243; custom_padding=&#8221;0px||30px|&#8221; custom_padding_tablet=&#8221;50px||30px|&#8221; custom_padding_phone=&#8221;&#8221; hover_enabled=&#8221;0&#8243; global_colors_info=&#8221;{}&#8221; custom_margin=&#8221;90px||||false|false&#8221; sticky_enabled=&#8221;0&#8243;][et_pb_row _builder_version=&#8221;4.16&#8243; custom_padding=&#8221;||10px|&#8221; global_colors_info=&#8221;{}&#8221;][et_pb_column type=&#8221;4_4&#8243; _builder_version=&#8221;4.16&#8243; custom_padding=&#8221;|||&#8221; global_colors_info=&#8221;{}&#8221; custom_padding__hover=&#8221;|||&#8221;][et_pb_text admin_label=&#8221;Default Header&#8221; module_class=&#8221;default-header&#8221; _builder_version=&#8221;4.17.4&#8243; module_alignment=&#8221;right&#8221; global_colors_info=&#8221;{}&#8221;]<\/p>\n<h1>\u7ed9\u6211\u4eec\u53d1\u4fe1\u606f<\/h1>\n<p>\u6211\u4eec\u4f1a\u5c3d\u5feb\u56de\u590d\u3002<\/p>\n<p>[\/et_pb_text][\/et_pb_column][\/et_pb_row][et_pb_row column_structure=&#8221;1_2,1_2&#8243; _builder_version=&#8221;4.16&#8243; global_colors_info=&#8221;{}&#8221;][et_pb_column type=&#8221;1_2&#8243; _builder_version=&#8221;4.16&#8243; custom_padding=&#8221;|||&#8221; global_colors_info=&#8221;{}&#8221; custom_padding__hover=&#8221;|||&#8221;][et_pb_code _builder_version=&#8221;4.20.1&#8243; _module_preset=&#8221;default&#8221; global_colors_info=&#8221;{}&#8221;]\n\t\t\t\t\t\t<script>\n\t\t\t\t\t\t\twindow.hsFormsOnReady = window.hsFormsOnReady || [];\n\t\t\t\t\t\t\twindow.hsFormsOnReady.push(()=>{\n\t\t\t\t\t\t\t\thbspt.forms.create({\n\t\t\t\t\t\t\t\t\tportalId: 26570125,\n\t\t\t\t\t\t\t\t\tformId: \"305e90c5-b616-4495-a391-1f02903053f4\",\n\t\t\t\t\t\t\t\t\ttarget: \"#hbspt-form-1777555708000-0346438456\",\n\t\t\t\t\t\t\t\t\tregion: \"eu1\",\n\t\t\t\t\t\t\t\t\t\n\t\t\t\t\t\t\t})});\n\t\t\t\t\t\t<\/script>\n\t\t\t\t\t\t<div class=\"hbspt-form\" id=\"hbspt-form-1777555708000-0346438456\"><\/div>[\/et_pb_code][\/et_pb_column][et_pb_column type=&#8221;1_2&#8243; _builder_version=&#8221;4.16&#8243; custom_padding=&#8221;|||&#8221; global_colors_info=&#8221;{}&#8221; custom_padding__hover=&#8221;|||&#8221;][et_pb_image src=&#8221;https:\/\/starvac.exo-corp.com\/wp-content\/uploads\/2022\/08\/contact.jpg&#8221; title_text=&#8221;contact&#8221; align_tablet=&#8221;center&#8221; align_phone=&#8221;&#8221; align_last_edited=&#8221;on|desktop&#8221; _builder_version=&#8221;4.17.4&#8243; always_center_on_mobile=&#8221;on&#8221; global_colors_info=&#8221;{}&#8221;][\/et_pb_image][et_pb_text _builder_version=&#8221;4.18.0&#8243; global_colors_info=&#8221;{}&#8221;]<\/p>\n<p>\u4e00\u4e2a\u5145\u6ee1\u6d3b\u529b\u7684\u56e2\u961f\u4e3a\u60a8\u670d\u52a1\uff0c\u6bcf\u5929\u5de5\u4f5c\uff0c\u4ee5\u6ee1\u8db3\u60a8\u7684\u9700\u6c42\uff0c\u5e76\u4e3a\u60a8\u7684\u5ba2\u6237\u63d0\u4f9b\u9002\u5408\u6240\u6709\u76ae\u80a4\u7c7b\u578b\u7684\u6700\u4f73\u5929\u7136\u62a4\u80a4\u4ea7\u54c1\uff0c\u4ee5\u83b7\u5f97\u6301\u4e45\u548c\u6301\u4e45\u7684\u6548\u679c\u3002 <\/p>\n<p>[\/et_pb_text][\/et_pb_column][\/et_pb_row][et_pb_row column_structure=&#8221;1_3,1_3,1_3&#8243; use_custom_gutter=&#8221;on&#8221; gutter_width=&#8221;1&#8243; make_equal=&#8221;on&#8221; custom_padding_last_edited=&#8221;on|phone&#8221; module_class=&#8221;contact-blurbs-row&#8221; _builder_version=&#8221;4.16&#8243; custom_padding=&#8221;0px|||&#8221; custom_padding_tablet=&#8221;30px|||&#8221; custom_padding_phone=&#8221;&#8221; global_colors_info=&#8221;{}&#8221;][et_pb_column type=&#8221;1_3&#8243; _builder_version=&#8221;4.16&#8243; custom_padding=&#8221;|||&#8221; global_colors_info=&#8221;{}&#8221; custom_padding__hover=&#8221;|||&#8221;][et_pb_blurb title=&#8221;\u516c\u53f8\u603b\u90e8&#8221; use_icon=&#8221;on&#8221; font_icon=&#8221;&#xe01d;||divi||400&#8243; icon_color=&#8221;#DEC79B&#8221; icon_placement=&#8221;left&#8221; admin_label=&#8221;Contact Blurb &#8211; Location&#8221; module_class=&#8221;contact-blurb&#8221; _builder_version=&#8221;4.20.1&#8243; hover_enabled=&#8221;0&#8243; global_colors_info=&#8221;{}&#8221; sticky_enabled=&#8221;0&#8243;]<\/p>\n<p>29 rue Paule Raymondis<br \/>31200 \u56fe\u5362\u5179<\/p>\n<p>[\/et_pb_blurb][\/et_pb_column][et_pb_column type=&#8221;1_3&#8243; _builder_version=&#8221;4.16&#8243; custom_padding=&#8221;|||&#8221; global_colors_info=&#8221;{}&#8221; custom_padding__hover=&#8221;|||&#8221;][et_pb_blurb title=&#8221;\u8054\u7cfb\u6211\u4eec&#8221; use_icon=&#8221;on&#8221; font_icon=&#8221;&#xe010;||divi||400&#8243; icon_color=&#8221;#DEC79B&#8221; icon_placement=&#8221;left&#8221; admin_label=&#8221;Contact Blurb &#8211; Mail \/ Phone&#8221; module_class=&#8221;contact-blurb&#8221; _builder_version=&#8221;4.20.1&#8243; hover_enabled=&#8221;0&#8243; global_colors_info=&#8221;{}&#8221; sticky_enabled=&#8221;0&#8243;]<\/p>\n<p><strong>\u7535\u8bdd\uff1a<\/strong> 05 34 25 07 70<br \/>\u7537<strong>\uff1a<\/strong> info@starvac-group.com<\/p>\n<p>[\/et_pb_blurb][\/et_pb_column][et_pb_column type=&#8221;1_3&#8243; _builder_version=&#8221;4.16&#8243; custom_padding=&#8221;|||&#8221; global_colors_info=&#8221;{}&#8221; custom_padding__hover=&#8221;|||&#8221;][et_pb_blurb title=&#8221;\u8425\u4e1a\u65f6\u95f4&#8221; use_icon=&#8221;on&#8221; font_icon=&#8221;&#x7d;||divi||400&#8243; icon_color=&#8221;#DEC79B&#8221; icon_placement=&#8221;left&#8221; admin_label=&#8221;Contact Blurb &#8211; Working Hours&#8221; module_class=&#8221;contact-blurb&#8221; _builder_version=&#8221;4.20.1&#8243; hover_enabled=&#8221;0&#8243; global_colors_info=&#8221;{}&#8221; sticky_enabled=&#8221;0&#8243;]<\/p>\n<p>\u4ece\u5468\u4e00\u5230\u5468\u4e94 \uff1a<br \/>\u4e0a\u5348 9 \u70b9\u81f3\u4e0b\u5348 12.30\uff0c\u4e0b\u5348 2 \u70b9\u81f3\u4e0b\u5348 5.30<\/p>\n<p>[\/et_pb_blurb][\/et_pb_column][\/et_pb_row][\/et_pb_section][et_pb_section fb_built=&#8221;1&#8243; admin_label=&#8221;Section &#8211; Insta feed&#8221; _builder_version=&#8221;4.16&#8243; custom_padding=&#8221;0px||0px|&#8221; global_module=&#8221;286078&#8243; saved_tabs=&#8221;all&#8221; global_colors_info=&#8221;{}&#8221;][et_pb_row admin_label=&#8221;Lifetime Blurbs &#8211; Tina &#8211; Row&#8221; _builder_version=&#8221;4.16&#8243; width=&#8221;90%&#8221; custom_padding=&#8221;||17px||false|false&#8221; global_colors_info=&#8221;{}&#8221;][et_pb_column type=&#8221;4_4&#8243; _builder_version=&#8221;4.16&#8243; global_colors_info=&#8221;{}&#8221;][et_pb_cta title=&#8221;STARVAC \u793e\u533a&#8221; admin_label=&#8221;Lifetime Blurbs &#8211; Tina &#8211; Call To Action&#8221; _builder_version=&#8221;4.18.0&#8243; header_font=&#8221;Roboto|||on|||||&#8221; header_text_color=&#8221;#dec79b&#8221; header_font_size=&#8221;16px&#8221; header_line_height=&#8221;120%&#8221; body_font=&#8221;||||||||&#8221; body_text_color=&#8221;#1b1a1a&#8221; body_font_size=&#8221;44px&#8221; body_line_height=&#8221;138%&#8221; use_background_color=&#8221;off&#8221; max_width=&#8221;910px&#8221; module_alignment=&#8221;center&#8221; body_font_size_tablet=&#8221;36px&#8221; body_font_size_phone=&#8221;26px&#8221; body_font_size_last_edited=&#8221;on|phone&#8221; custom_css_promo_description=&#8221;     padding-bottom: 0 !important;&#8221; custom_css_promo_title=&#8221;font-weight: 400;||    padding-bottom: 12px;&#8221; global_colors_info=&#8221;{}&#8221;]<\/p>\n<p>\u5728 Instagram \u4e0a\u5173\u6ce8\u6211\u4eec\uff01<\/p>\n<p>[\/et_pb_cta][\/et_pb_column][\/et_pb_row][et_pb_row use_custom_gutter=&#8221;on&#8221; gutter_width=&#8221;1&#8243; module_class=&#8221;  et_pb_row_fullwidth&#8221; _builder_version=&#8221;4.17.4&#8243; width=&#8221;100%&#8221; width_tablet=&#8221;100%&#8221; width_phone=&#8221;&#8221; width_last_edited=&#8221;on|desktop&#8221; max_width=&#8221;100%&#8221; max_width_tablet=&#8221;100%&#8221; max_width_phone=&#8221;&#8221; max_width_last_edited=&#8221;on|desktop&#8221; custom_padding=&#8221;15px||40px||false|false&#8221; make_fullwidth=&#8221;on&#8221; global_colors_info=&#8221;{}&#8221;][et_pb_column type=&#8221;4_4&#8243; _builder_version=&#8221;4.16&#8243; custom_padding=&#8221;|||&#8221; global_colors_info=&#8221;{}&#8221; custom_padding__hover=&#8221;|||&#8221;][et_pb_code admin_label=&#8221;Instagram feed shortcode&#8221; _builder_version=&#8221;4.16&#8243; global_colors_info=&#8221;{}&#8221;][instagram-feed][\/et_pb_code][\/et_pb_column][\/et_pb_row][\/et_pb_section][et_pb_section fb_built=&#8221;1&#8243; disabled_on=&#8221;on|on|on&#8221; admin_label=&#8221;Section &#8211; Bottom Blurbs&#8221; module_class=&#8221;bottom-blurbs&#8221; _builder_version=&#8221;4.18.0&#8243; custom_margin=&#8221;10px||40px|&#8221; custom_padding=&#8221;0px||0px|&#8221; global_module=&#8221;2426&#8243; collapsed=&#8221;off&#8221; global_colors_info=&#8221;{}&#8221;][et_pb_row column_structure=&#8221;1_4,1_4,1_4,1_4&#8243; use_custom_gutter=&#8221;on&#8221; make_equal=&#8221;on&#8221; _builder_version=&#8221;4.17.4&#8243; custom_margin=&#8221;0px||0px|&#8221; custom_padding=&#8221;0px||0px|&#8221; global_colors_info=&#8221;{}&#8221;][et_pb_column type=&#8221;1_4&#8243; _builder_version=&#8221;4.16&#8243; custom_padding=&#8221;|||&#8221; global_colors_info=&#8221;{}&#8221; custom_padding__hover=&#8221;|||&#8221;][et_pb_blurb title=&#8221;\u5b89\u5168\u652f\u4ed8&#8221; use_icon=&#8221;on&#8221; font_icon=&#8221;&#xe014;||divi||400&#8243; icon_color=&#8221;#777777&#8243; icon_placement=&#8221;left&#8221; image_icon_width=&#8221;30px&#8221; admin_label=&#8221;Blurb &#8211; Secure Payment&#8221; _builder_version=&#8221;4.17.1&#8243; header_font=&#8221;|600||on|||||&#8221; header_text_color=&#8221;#111111&#8243; header_font_size=&#8221;16&#8243; body_font=&#8221;|300|||||||&#8221; body_line_height=&#8221;1.5&#8243; animation=&#8221;off&#8221; icon_font_size=&#8221;30px&#8221; global_colors_info=&#8221;{}&#8221;]<\/p>\n<p>\u653e\u5fc3\u652f\u4ed8<\/p>\n<p>[\/et_pb_blurb][\/et_pb_column][et_pb_column type=&#8221;1_4&#8243; _builder_version=&#8221;4.16&#8243; custom_padding=&#8221;|||&#8221; global_colors_info=&#8221;{}&#8221; custom_padding__hover=&#8221;|||&#8221;][et_pb_blurb title=&#8221;\u514d\u8d39\u9001\u8d27&#8221; use_icon=&#8221;on&#8221; font_icon=&#8221;&#xe015;||divi||400&#8243; icon_color=&#8221;#777777&#8243; icon_placement=&#8221;left&#8221; image_icon_width=&#8221;30px&#8221; admin_label=&#8221;Blurb &#8211; Free Shipping&#8221; _builder_version=&#8221;4.17.1&#8243; header_font=&#8221;|600||on|||||&#8221; header_text_color=&#8221;#111111&#8243; header_font_size=&#8221;16px&#8221; body_font=&#8221;|300|||||||&#8221; body_line_height=&#8221;1.5&#8243; icon_font_size=&#8221;30px&#8221; global_colors_info=&#8221;{}&#8221;]<\/p>\n<p>\u5bf9\u4e8e\u6240\u6709\u8d85\u8fc7 50 \u6b27\u5143\u7684\u8ba2\u5355<\/p>\n<p>[\/et_pb_blurb][\/et_pb_column][et_pb_column type=&#8221;1_4&#8243; _builder_version=&#8221;4.16&#8243; custom_padding=&#8221;|||&#8221; global_colors_info=&#8221;{}&#8221; custom_padding__hover=&#8221;|||&#8221;][et_pb_blurb title=&#8221;\u4fdd\u8bc1&#8221; use_icon=&#8221;on&#8221; font_icon=&#8221;&#xf00c;||fa||900&#8243; icon_color=&#8221;#777777&#8243; icon_placement=&#8221;left&#8221; image_icon_width=&#8221;30px&#8221; admin_label=&#8221;Blurb &#8211; Money Guarantee&#8221; _builder_version=&#8221;4.17.1&#8243; header_font=&#8221;|600||on|||||&#8221; header_text_color=&#8221;#111111&#8243; header_font_size=&#8221;16&#8243; body_font=&#8221;|300|||||||&#8221; body_line_height=&#8221;1.5&#8243; animation=&#8221;off&#8221; icon_font_size=&#8221;30px&#8221; global_colors_info=&#8221;{}&#8221;]<\/p>\n<p>\u6ee1\u610f\u6216\u9000\u6b3e<\/p>\n<p>[\/et_pb_blurb][\/et_pb_column][et_pb_column type=&#8221;1_4&#8243; _builder_version=&#8221;4.16&#8243; custom_padding=&#8221;|||&#8221; global_colors_info=&#8221;{}&#8221; custom_padding__hover=&#8221;|||&#8221;][et_pb_blurb title=&#8221;\u552e\u540e\u670d\u52a1&#8221; use_icon=&#8221;on&#8221; font_icon=&#8221;&#xf590;||fa||900&#8243; icon_color=&#8221;#777777&#8243; icon_placement=&#8221;left&#8221; image_icon_width=&#8221;30px&#8221; disabled_on=&#8221;on|on|on&#8221; admin_label=&#8221;Blurb &#8211; Online Support&#8221; _builder_version=&#8221;4.17.4&#8243; header_font=&#8221;|600||on|||||&#8221; header_text_color=&#8221;#111111&#8243; header_font_size=&#8221;16&#8243; body_font=&#8221;|300|||||||&#8221; body_line_height=&#8221;1.5&#8243; animation=&#8221;off&#8221; icon_font_size=&#8221;30px&#8221; global_colors_info=&#8221;{}&#8221;]<\/p>\n<p>\u6211\u4eec\u56de\u7b54\u60a8\u7684\u6240\u6709\u95ee\u9898<\/p>\n<p>[\/et_pb_blurb][\/et_pb_column][\/et_pb_row][\/et_pb_section]<\/p>\n","protected":false},"excerpt":{"rendered":"<p>\u7ed9\u6211\u4eec\u53d1\u4fe1\u606f \u6211\u4eec\u4f1a\u5c3d\u5feb\u56de\u590d\u3002<\/p>\n","protected":false},"author":115,"featured_media":0,"parent":0,"menu_order":0,"comment_status":"closed","ping_status":"closed","template":"","meta":{"_et_pb_use_builder":"on","_et_pb_old_content":"","_et_gb_content_width":"","content-type":"","footnotes":""},"class_list":["post-378038","page","type-page","status-publish","hentry"],"yoast_head":"<!-- This site is optimized with the Yoast SEO plugin v25.9 - https:\/\/yoast.com\/wordpress\/plugins\/seo\/ -->\n<title>\u63a5\u89e6 - STARVAC\u00ae- Minceur et anti-\u00e2ge : les cl\u00e9s du succ\u00e8s<\/title>\n<meta name=\"robots\" content=\"noindex, nofollow\" \/>\n<meta property=\"og:locale\" content=\"zh_CN\" \/>\n<meta property=\"og:type\" content=\"article\" \/>\n<meta property=\"og:title\" content=\"\u63a5\u89e6 - STARVAC\u00ae- Minceur et anti-\u00e2ge : les cl\u00e9s du succ\u00e8s\" \/>\n<meta property=\"og:description\" content=\"\u7ed9\u6211\u4eec\u53d1\u4fe1\u606f \u6211\u4eec\u4f1a\u5c3d\u5feb\u56de\u590d\u3002\" \/>\n<meta property=\"og:url\" content=\"https:\/\/starvac-group.com\/zh-hans\/%e6%8e%a5%e8%a7%a6\/\" \/>\n<meta property=\"og:site_name\" content=\"STARVAC\u00ae- Minceur et anti-\u00e2ge : les cl\u00e9s du succ\u00e8s\" \/>\n<meta property=\"article:publisher\" content=\"https:\/\/www.facebook.com\/Starvac\/\" \/>\n<meta property=\"article:modified_time\" content=\"2023-07-07T14:37:44+00:00\" \/>\n<meta name=\"twitter:card\" content=\"summary_large_image\" \/>\n<meta name=\"twitter:label1\" content=\"\u9884\u8ba1\u9605\u8bfb\u65f6\u95f4\" \/>\n\t<meta name=\"twitter:data1\" content=\"2 \u5206\" \/>\n<script type=\"application\/ld+json\" class=\"yoast-schema-graph\">{\"@context\":\"https:\/\/schema.org\",\"@graph\":[{\"@type\":\"WebPage\",\"@id\":\"https:\/\/starvac-group.com\/zh-hans\/%e6%8e%a5%e8%a7%a6\/\",\"url\":\"https:\/\/starvac-group.com\/zh-hans\/%e6%8e%a5%e8%a7%a6\/\",\"name\":\"\u63a5\u89e6 - STARVAC\u00ae- Minceur et anti-\u00e2ge : les cl\u00e9s du succ\u00e8s\",\"isPartOf\":{\"@id\":\"https:\/\/starvac-group.com\/zh-hans\/#website\"},\"datePublished\":\"2022-11-04T20:00:55+00:00\",\"dateModified\":\"2023-07-07T14:37:44+00:00\",\"breadcrumb\":{\"@id\":\"https:\/\/starvac-group.com\/zh-hans\/%e6%8e%a5%e8%a7%a6\/#breadcrumb\"},\"inLanguage\":\"zh-Hans\",\"potentialAction\":[{\"@type\":\"ReadAction\",\"target\":[\"https:\/\/starvac-group.com\/zh-hans\/%e6%8e%a5%e8%a7%a6\/\"]}]},{\"@type\":\"BreadcrumbList\",\"@id\":\"https:\/\/starvac-group.com\/zh-hans\/%e6%8e%a5%e8%a7%a6\/#breadcrumb\",\"itemListElement\":[{\"@type\":\"ListItem\",\"position\":1,\"name\":\"Accueil\",\"item\":\"https:\/\/starvac-group.com\/zh-hans\/\"},{\"@type\":\"ListItem\",\"position\":2,\"name\":\"\u63a5\u89e6\"}]},{\"@type\":\"WebSite\",\"@id\":\"https:\/\/starvac-group.com\/zh-hans\/#website\",\"url\":\"https:\/\/starvac-group.com\/zh-hans\/\",\"name\":\"STARVAC\u00ae- Minceur et anti-\u00e2ge : les cl\u00e9s du succ\u00e8s\",\"description\":\"\",\"publisher\":{\"@id\":\"https:\/\/starvac-group.com\/zh-hans\/#organization\"},\"potentialAction\":[{\"@type\":\"SearchAction\",\"target\":{\"@type\":\"EntryPoint\",\"urlTemplate\":\"https:\/\/starvac-group.com\/zh-hans\/?s={search_term_string}\"},\"query-input\":{\"@type\":\"PropertyValueSpecification\",\"valueRequired\":true,\"valueName\":\"search_term_string\"}}],\"inLanguage\":\"zh-Hans\"},{\"@type\":\"Organization\",\"@id\":\"https:\/\/starvac-group.com\/zh-hans\/#organization\",\"name\":\"Starvac Group\",\"alternateName\":\"Starvac\",\"url\":\"https:\/\/starvac-group.com\/zh-hans\/\",\"logo\":{\"@type\":\"ImageObject\",\"inLanguage\":\"zh-Hans\",\"@id\":\"https:\/\/starvac-group.com\/zh-hans\/#\/schema\/logo\/image\/\",\"url\":\"https:\/\/starvac-group.com\/wp-content\/uploads\/2023\/11\/STARVAC-GROUP-CARRE.jpg\",\"contentUrl\":\"https:\/\/starvac-group.com\/wp-content\/uploads\/2023\/11\/STARVAC-GROUP-CARRE.jpg\",\"width\":283,\"height\":282,\"caption\":\"Starvac Group\"},\"image\":{\"@id\":\"https:\/\/starvac-group.com\/zh-hans\/#\/schema\/logo\/image\/\"},\"sameAs\":[\"https:\/\/www.facebook.com\/Starvac\/\",\"https:\/\/www.instagram.com\/starvac.beauty\/\"]}]}<\/script>\n<!-- \/ Yoast SEO plugin. -->","yoast_head_json":{"title":"\u63a5\u89e6 - STARVAC\u00ae- Minceur et anti-\u00e2ge : les cl\u00e9s du succ\u00e8s","robots":{"index":"noindex","follow":"nofollow"},"og_locale":"zh_CN","og_type":"article","og_title":"\u63a5\u89e6 - STARVAC\u00ae- Minceur et anti-\u00e2ge : les cl\u00e9s du succ\u00e8s","og_description":"\u7ed9\u6211\u4eec\u53d1\u4fe1\u606f \u6211\u4eec\u4f1a\u5c3d\u5feb\u56de\u590d\u3002","og_url":"https:\/\/starvac-group.com\/zh-hans\/%e6%8e%a5%e8%a7%a6\/","og_site_name":"STARVAC\u00ae- Minceur et anti-\u00e2ge : les cl\u00e9s du succ\u00e8s","article_publisher":"https:\/\/www.facebook.com\/Starvac\/","article_modified_time":"2023-07-07T14:37:44+00:00","twitter_card":"summary_large_image","twitter_misc":{"\u9884\u8ba1\u9605\u8bfb\u65f6\u95f4":"2 \u5206"},"schema":{"@context":"https:\/\/schema.org","@graph":[{"@type":"WebPage","@id":"https:\/\/starvac-group.com\/zh-hans\/%e6%8e%a5%e8%a7%a6\/","url":"https:\/\/starvac-group.com\/zh-hans\/%e6%8e%a5%e8%a7%a6\/","name":"\u63a5\u89e6 - STARVAC\u00ae- Minceur et anti-\u00e2ge : les cl\u00e9s du succ\u00e8s","isPartOf":{"@id":"https:\/\/starvac-group.com\/zh-hans\/#website"},"datePublished":"2022-11-04T20:00:55+00:00","dateModified":"2023-07-07T14:37:44+00:00","breadcrumb":{"@id":"https:\/\/starvac-group.com\/zh-hans\/%e6%8e%a5%e8%a7%a6\/#breadcrumb"},"inLanguage":"zh-Hans","potentialAction":[{"@type":"ReadAction","target":["https:\/\/starvac-group.com\/zh-hans\/%e6%8e%a5%e8%a7%a6\/"]}]},{"@type":"BreadcrumbList","@id":"https:\/\/starvac-group.com\/zh-hans\/%e6%8e%a5%e8%a7%a6\/#breadcrumb","itemListElement":[{"@type":"ListItem","position":1,"name":"Accueil","item":"https:\/\/starvac-group.com\/zh-hans\/"},{"@type":"ListItem","position":2,"name":"\u63a5\u89e6"}]},{"@type":"WebSite","@id":"https:\/\/starvac-group.com\/zh-hans\/#website","url":"https:\/\/starvac-group.com\/zh-hans\/","name":"STARVAC\u00ae- Minceur et anti-\u00e2ge : les cl\u00e9s du succ\u00e8s","description":"","publisher":{"@id":"https:\/\/starvac-group.com\/zh-hans\/#organization"},"potentialAction":[{"@type":"SearchAction","target":{"@type":"EntryPoint","urlTemplate":"https:\/\/starvac-group.com\/zh-hans\/?s={search_term_string}"},"query-input":{"@type":"PropertyValueSpecification","valueRequired":true,"valueName":"search_term_string"}}],"inLanguage":"zh-Hans"},{"@type":"Organization","@id":"https:\/\/starvac-group.com\/zh-hans\/#organization","name":"Starvac Group","alternateName":"Starvac","url":"https:\/\/starvac-group.com\/zh-hans\/","logo":{"@type":"ImageObject","inLanguage":"zh-Hans","@id":"https:\/\/starvac-group.com\/zh-hans\/#\/schema\/logo\/image\/","url":"https:\/\/starvac-group.com\/wp-content\/uploads\/2023\/11\/STARVAC-GROUP-CARRE.jpg","contentUrl":"https:\/\/starvac-group.com\/wp-content\/uploads\/2023\/11\/STARVAC-GROUP-CARRE.jpg","width":283,"height":282,"caption":"Starvac Group"},"image":{"@id":"https:\/\/starvac-group.com\/zh-hans\/#\/schema\/logo\/image\/"},"sameAs":["https:\/\/www.facebook.com\/Starvac\/","https:\/\/www.instagram.com\/starvac.beauty\/"]}]}},"_links":{"self":[{"href":"https:\/\/starvac-group.com\/zh-hans\/wp-json\/wp\/v2\/pages\/378038","targetHints":{"allow":["GET"]}}],"collection":[{"href":"https:\/\/starvac-group.com\/zh-hans\/wp-json\/wp\/v2\/pages"}],"about":[{"href":"https:\/\/starvac-group.com\/zh-hans\/wp-json\/wp\/v2\/types\/page"}],"author":[{"embeddable":true,"href":"https:\/\/starvac-group.com\/zh-hans\/wp-json\/wp\/v2\/users\/115"}],"replies":[{"embeddable":true,"href":"https:\/\/starvac-group.com\/zh-hans\/wp-json\/wp\/v2\/comments?post=378038"}],"version-history":[{"count":4,"href":"https:\/\/starvac-group.com\/zh-hans\/wp-json\/wp\/v2\/pages\/378038\/revisions"}],"predecessor-version":[{"id":397859,"href":"https:\/\/starvac-group.com\/zh-hans\/wp-json\/wp\/v2\/pages\/378038\/revisions\/397859"}],"wp:attachment":[{"href":"https:\/\/starvac-group.com\/zh-hans\/wp-json\/wp\/v2\/media?parent=378038"}],"curies":[{"name":"wp","href":"https:\/\/api.w.org\/{rel}","templated":true}]}}